{"id":904,"date":"2024-05-31T11:58:25","date_gmt":"2024-05-31T14:58:25","guid":{"rendered":"http:\/\/www.tirito.com.ar\/webwp\/?post_type=product&#038;p=904"},"modified":"2026-02-23T15:25:01","modified_gmt":"2026-02-23T18:25:01","slug":"aerosol-boro-bench-rest-solvente-de-cobre-azul","status":"publish","type":"product","link":"https:\/\/www.tirito.com.ar\/webwp\/producto\/aerosol-boro-bench-rest-solvente-de-cobre-azul\/","title":{"rendered":"Aerosol Boro &#8220;Bench Rest, Solvente de Cobre&#8221; (Azul)"},"content":{"rendered":"","protected":false},"excerpt":{"rendered":"<p>El mejor de la linea para desencobrar y desemplomar ca\u00f1os. Indicado para la limpieza de armas largas que disparan proyectiles de elevada velocidad.<\/p>\n<ul>\n<li>Elimina totalmente los residuos de cobre.<\/li>\n<li>Remueve cobre, plomo, pl\u00e1stico, carb\u00f3n y polvora.<\/li>\n<li>Combate y elimina la corrosi\u00f3n.<\/li>\n<li>R\u00e1pido y f\u00e1cil uso.<\/li>\n<\/ul>\n<div class=\"woocommerce-product-details__short-description\">\n<p><em>Contenido Neto: 150g\/200cm3<\/em><\/p>\n<\/div>\n","protected":false},"featured_media":902,"template":"","meta":{"_ti_tpc_template_sync":false,"_ti_tpc_template_id":""},"product_cat":[24],"product_tag":[],"yoast_head":"<!-- This site is optimized with the Yoast SEO plugin v19.8 - https:\/\/yoast.com\/wordpress\/plugins\/seo\/ -->\n<title>Aerosol Boro &quot;Bench Rest, Solvente de Cobre&quot; (Azul) - Tirito<\/title>\n<meta name=\"robots\" content=\"index, follow, max-snippet:-1, max-image-preview:large, max-video-preview:-1\" \/>\n<link rel=\"canonical\" href=\"https:\/\/www.tirito.com.ar\/webwp\/producto\/aerosol-boro-bench-rest-solvente-de-cobre-azul\/\" \/>\n<meta property=\"og:locale\" content=\"es_ES\" \/>\n<meta property=\"og:type\" content=\"article\" \/>\n<meta property=\"og:title\" content=\"Aerosol Boro &quot;Bench Rest, Solvente de Cobre&quot; (Azul) - Tirito\" \/>\n<meta property=\"og:description\" content=\"El mejor de la linea para desencobrar y desemplomar ca\u00f1os. Indicado para la limpieza de armas largas que disparan proyectiles de elevada velocidad.   Elimina totalmente los residuos de cobre.  Remueve cobre, plomo, pl\u00e1stico, carb\u00f3n y polvora.  Combate y elimina la corrosi\u00f3n.  R\u00e1pido y f\u00e1cil uso.    Contenido Neto: 150g\/200cm3\" \/>\n<meta property=\"og:url\" content=\"https:\/\/www.tirito.com.ar\/webwp\/producto\/aerosol-boro-bench-rest-solvente-de-cobre-azul\/\" \/>\n<meta property=\"og:site_name\" content=\"Tirito\" \/>\n<meta property=\"article:modified_time\" content=\"2026-02-23T18:25:01+00:00\" \/>\n<meta property=\"og:image\" content=\"http:\/\/www.tirito.com.ar\/webwp\/wp-content\/uploads\/2021\/03\/Boro-Azul.jpg\" \/>\n\t<meta property=\"og:image:width\" content=\"535\" \/>\n\t<meta property=\"og:image:height\" content=\"535\" \/>\n\t<meta property=\"og:image:type\" content=\"image\/jpeg\" \/>\n<meta name=\"twitter:card\" content=\"summary_large_image\" \/>\n<script type=\"application\/ld+json\" class=\"yoast-schema-graph\">{\"@context\":\"https:\/\/schema.org\",\"@graph\":[{\"@type\":\"WebPage\",\"@id\":\"https:\/\/www.tirito.com.ar\/webwp\/producto\/aerosol-boro-bench-rest-solvente-de-cobre-azul\/\",\"url\":\"https:\/\/www.tirito.com.ar\/webwp\/producto\/aerosol-boro-bench-rest-solvente-de-cobre-azul\/\",\"name\":\"Aerosol Boro \\\"Bench Rest, Solvente de Cobre\\\" (Azul) - Tirito\",\"isPartOf\":{\"@id\":\"https:\/\/www.tirito.com.ar\/webwp\/#website\"},\"datePublished\":\"2024-05-31T14:58:25+00:00\",\"dateModified\":\"2026-02-23T18:25:01+00:00\",\"breadcrumb\":{\"@id\":\"https:\/\/www.tirito.com.ar\/webwp\/producto\/aerosol-boro-bench-rest-solvente-de-cobre-azul\/#breadcrumb\"},\"inLanguage\":\"es-AR\",\"potentialAction\":[{\"@type\":\"ReadAction\",\"target\":[\"https:\/\/www.tirito.com.ar\/webwp\/producto\/aerosol-boro-bench-rest-solvente-de-cobre-azul\/\"]}]},{\"@type\":\"BreadcrumbList\",\"@id\":\"https:\/\/www.tirito.com.ar\/webwp\/producto\/aerosol-boro-bench-rest-solvente-de-cobre-azul\/#breadcrumb\",\"itemListElement\":[{\"@type\":\"ListItem\",\"position\":1,\"name\":\"Inicio\",\"item\":\"https:\/\/www.tirito.com.ar\/webwp\/\"},{\"@type\":\"ListItem\",\"position\":2,\"name\":\"Tienda\",\"item\":\"https:\/\/www.tirito.com.ar\/webwp\/tienda\/\"},{\"@type\":\"ListItem\",\"position\":3,\"name\":\"Aerosol Boro &#8220;Bench Rest, Solvente de Cobre&#8221; (Azul)\"}]},{\"@type\":\"WebSite\",\"@id\":\"https:\/\/www.tirito.com.ar\/webwp\/#website\",\"url\":\"https:\/\/www.tirito.com.ar\/webwp\/\",\"name\":\"Tirito\",\"description\":\"Armeria\",\"publisher\":{\"@id\":\"https:\/\/www.tirito.com.ar\/webwp\/#organization\"},\"potentialAction\":[{\"@type\":\"SearchAction\",\"target\":{\"@type\":\"EntryPoint\",\"urlTemplate\":\"https:\/\/www.tirito.com.ar\/webwp\/?s={search_term_string}\"},\"query-input\":\"required name=search_term_string\"}],\"inLanguage\":\"es-AR\"},{\"@type\":\"Organization\",\"@id\":\"https:\/\/www.tirito.com.ar\/webwp\/#organization\",\"name\":\"Tirito\",\"url\":\"https:\/\/www.tirito.com.ar\/webwp\/\",\"sameAs\":[],\"logo\":{\"@type\":\"ImageObject\",\"inLanguage\":\"es-AR\",\"@id\":\"https:\/\/www.tirito.com.ar\/webwp\/#\/schema\/logo\/image\/\",\"url\":\"http:\/\/www.tirito.com.ar\/webwp\/wp-content\/uploads\/2022\/10\/tirilogo3.png\",\"contentUrl\":\"http:\/\/www.tirito.com.ar\/webwp\/wp-content\/uploads\/2022\/10\/tirilogo3.png\",\"width\":200,\"height\":200,\"caption\":\"Tirito\"},\"image\":{\"@id\":\"https:\/\/www.tirito.com.ar\/webwp\/#\/schema\/logo\/image\/\"}}]}<\/script>\n<!-- \/ Yoast SEO plugin. -->","yoast_head_json":{"title":"Aerosol Boro \"Bench Rest, Solvente de Cobre\" (Azul) - Tirito","robots":{"index":"index","follow":"follow","max-snippet":"max-snippet:-1","max-image-preview":"max-image-preview:large","max-video-preview":"max-video-preview:-1"},"canonical":"https:\/\/www.tirito.com.ar\/webwp\/producto\/aerosol-boro-bench-rest-solvente-de-cobre-azul\/","og_locale":"es_ES","og_type":"article","og_title":"Aerosol Boro \"Bench Rest, Solvente de Cobre\" (Azul) - Tirito","og_description":"El mejor de la linea para desencobrar y desemplomar ca\u00f1os. Indicado para la limpieza de armas largas que disparan proyectiles de elevada velocidad.   Elimina totalmente los residuos de cobre.  Remueve cobre, plomo, pl\u00e1stico, carb\u00f3n y polvora.  Combate y elimina la corrosi\u00f3n.  R\u00e1pido y f\u00e1cil uso.    Contenido Neto: 150g\/200cm3","og_url":"https:\/\/www.tirito.com.ar\/webwp\/producto\/aerosol-boro-bench-rest-solvente-de-cobre-azul\/","og_site_name":"Tirito","article_modified_time":"2026-02-23T18:25:01+00:00","og_image":[{"width":535,"height":535,"url":"http:\/\/www.tirito.com.ar\/webwp\/wp-content\/uploads\/2021\/03\/Boro-Azul.jpg","type":"image\/jpeg"}],"twitter_card":"summary_large_image","schema":{"@context":"https:\/\/schema.org","@graph":[{"@type":"WebPage","@id":"https:\/\/www.tirito.com.ar\/webwp\/producto\/aerosol-boro-bench-rest-solvente-de-cobre-azul\/","url":"https:\/\/www.tirito.com.ar\/webwp\/producto\/aerosol-boro-bench-rest-solvente-de-cobre-azul\/","name":"Aerosol Boro \"Bench Rest, Solvente de Cobre\" (Azul) - Tirito","isPartOf":{"@id":"https:\/\/www.tirito.com.ar\/webwp\/#website"},"datePublished":"2024-05-31T14:58:25+00:00","dateModified":"2026-02-23T18:25:01+00:00","breadcrumb":{"@id":"https:\/\/www.tirito.com.ar\/webwp\/producto\/aerosol-boro-bench-rest-solvente-de-cobre-azul\/#breadcrumb"},"inLanguage":"es-AR","potentialAction":[{"@type":"ReadAction","target":["https:\/\/www.tirito.com.ar\/webwp\/producto\/aerosol-boro-bench-rest-solvente-de-cobre-azul\/"]}]},{"@type":"BreadcrumbList","@id":"https:\/\/www.tirito.com.ar\/webwp\/producto\/aerosol-boro-bench-rest-solvente-de-cobre-azul\/#breadcrumb","itemListElement":[{"@type":"ListItem","position":1,"name":"Inicio","item":"https:\/\/www.tirito.com.ar\/webwp\/"},{"@type":"ListItem","position":2,"name":"Tienda","item":"https:\/\/www.tirito.com.ar\/webwp\/tienda\/"},{"@type":"ListItem","position":3,"name":"Aerosol Boro &#8220;Bench Rest, Solvente de Cobre&#8221; (Azul)"}]},{"@type":"WebSite","@id":"https:\/\/www.tirito.com.ar\/webwp\/#website","url":"https:\/\/www.tirito.com.ar\/webwp\/","name":"Tirito","description":"Armeria","publisher":{"@id":"https:\/\/www.tirito.com.ar\/webwp\/#organization"},"potentialAction":[{"@type":"SearchAction","target":{"@type":"EntryPoint","urlTemplate":"https:\/\/www.tirito.com.ar\/webwp\/?s={search_term_string}"},"query-input":"required name=search_term_string"}],"inLanguage":"es-AR"},{"@type":"Organization","@id":"https:\/\/www.tirito.com.ar\/webwp\/#organization","name":"Tirito","url":"https:\/\/www.tirito.com.ar\/webwp\/","sameAs":[],"logo":{"@type":"ImageObject","inLanguage":"es-AR","@id":"https:\/\/www.tirito.com.ar\/webwp\/#\/schema\/logo\/image\/","url":"http:\/\/www.tirito.com.ar\/webwp\/wp-content\/uploads\/2022\/10\/tirilogo3.png","contentUrl":"http:\/\/www.tirito.com.ar\/webwp\/wp-content\/uploads\/2022\/10\/tirilogo3.png","width":200,"height":200,"caption":"Tirito"},"image":{"@id":"https:\/\/www.tirito.com.ar\/webwp\/#\/schema\/logo\/image\/"}}]}},"_links":{"self":[{"href":"https:\/\/www.tirito.com.ar\/webwp\/wp-json\/wp\/v2\/product\/904"}],"collection":[{"href":"https:\/\/www.tirito.com.ar\/webwp\/wp-json\/wp\/v2\/product"}],"about":[{"href":"https:\/\/www.tirito.com.ar\/webwp\/wp-json\/wp\/v2\/types\/product"}],"wp:featuredmedia":[{"embeddable":true,"href":"https:\/\/www.tirito.com.ar\/webwp\/wp-json\/wp\/v2\/media\/902"}],"wp:attachment":[{"href":"https:\/\/www.tirito.com.ar\/webwp\/wp-json\/wp\/v2\/media?parent=904"}],"wp:term":[{"taxonomy":"product_cat","embeddable":true,"href":"https:\/\/www.tirito.com.ar\/webwp\/wp-json\/wp\/v2\/product_cat?post=904"},{"taxonomy":"product_tag","embeddable":true,"href":"https:\/\/www.tirito.com.ar\/webwp\/wp-json\/wp\/v2\/product_tag?post=904"}],"curies":[{"name":"wp","href":"https:\/\/api.w.org\/{rel}","templated":true}]}}