{"id":794,"date":"2021-02-23T15:30:26","date_gmt":"2021-02-23T18:30:26","guid":{"rendered":"http:\/\/www.tirito.com.ar\/webwp\/?post_type=product&#038;p=794"},"modified":"2026-01-13T16:37:48","modified_gmt":"2026-01-13T19:37:48","slug":"cepillos-motriz-de-algodon-para-baqueta","status":"publish","type":"product","link":"https:\/\/www.tirito.com.ar\/webwp\/producto\/cepillos-motriz-de-algodon-para-baqueta\/","title":{"rendered":"Cepillos Motriz de Algod\u00f3n para Baqueta"},"content":{"rendered":"","protected":false},"excerpt":{"rendered":"<p>Cepillo motriz de algod\u00f3n con rosca para colocar en la baqueta.<\/p>\n<ul>\n<li>Indicado para lubricar el ca\u00f1on de una manera homog\u00e9nea.<\/li>\n<li>Construido con fibras de algod\u00f3n de alta absorci\u00f3n.<\/li>\n<li>Favorecen una distribuci\u00f3n efectiva del lubricante en el ca\u00f1\u00f3n.<\/li>\n<li>Punta con bucles para proteger la boca, la rec\u00e1mara y el estriado.<\/li>\n<\/ul>\n<p><span style=\"color: #ff0000;\"><strong>NOTA: Para verificar stock seleccione una opci\u00f3n abajo.<br \/>\nSi se encuentra Agotado aparecer\u00e1 un texto indic\u00e1ndolo.<\/strong><\/span><\/p>\n","protected":false},"featured_media":815,"template":"","meta":{"_ti_tpc_template_sync":false,"_ti_tpc_template_id":""},"product_cat":[24],"product_tag":[58,69],"yoast_head":"<!-- This site is optimized with the Yoast SEO plugin v19.8 - https:\/\/yoast.com\/wordpress\/plugins\/seo\/ -->\n<title>Cepillos Motriz de Algod\u00f3n para Baqueta - Tirito<\/title>\n<meta name=\"robots\" content=\"index, follow, max-snippet:-1, max-image-preview:large, max-video-preview:-1\" \/>\n<link rel=\"canonical\" href=\"https:\/\/www.tirito.com.ar\/webwp\/producto\/cepillos-motriz-de-algodon-para-baqueta\/\" \/>\n<meta property=\"og:locale\" content=\"es_ES\" \/>\n<meta property=\"og:type\" content=\"article\" \/>\n<meta property=\"og:title\" content=\"Cepillos Motriz de Algod\u00f3n para Baqueta - Tirito\" \/>\n<meta property=\"og:description\" content=\"Cepillo motriz de algod\u00f3n con rosca para colocar en la baqueta.   Indicado para lubricar el ca\u00f1on de una manera homog\u00e9nea.  Construido con fibras de algod\u00f3n de alta absorci\u00f3n.  Favorecen una distribuci\u00f3n efectiva del lubricante en el ca\u00f1\u00f3n.  Punta con bucles para proteger la boca, la rec\u00e1mara y el estriado.  NOTA: Para verificar stock seleccione una opci\u00f3n abajo. Si se encuentra Agotado aparecer\u00e1 un texto indic\u00e1ndolo.\" \/>\n<meta property=\"og:url\" content=\"https:\/\/www.tirito.com.ar\/webwp\/producto\/cepillos-motriz-de-algodon-para-baqueta\/\" \/>\n<meta property=\"og:site_name\" content=\"Tirito\" \/>\n<meta property=\"article:modified_time\" content=\"2026-01-13T19:37:48+00:00\" \/>\n<meta property=\"og:image\" content=\"http:\/\/www.tirito.com.ar\/webwp\/wp-content\/uploads\/2021\/02\/Cepillos_Algodon.jpg\" \/>\n\t<meta property=\"og:image:width\" content=\"600\" \/>\n\t<meta property=\"og:image:height\" content=\"600\" \/>\n\t<meta property=\"og:image:type\" content=\"image\/jpeg\" \/>\n<meta name=\"twitter:card\" content=\"summary_large_image\" \/>\n<script type=\"application\/ld+json\" class=\"yoast-schema-graph\">{\"@context\":\"https:\/\/schema.org\",\"@graph\":[{\"@type\":\"WebPage\",\"@id\":\"https:\/\/www.tirito.com.ar\/webwp\/producto\/cepillos-motriz-de-algodon-para-baqueta\/\",\"url\":\"https:\/\/www.tirito.com.ar\/webwp\/producto\/cepillos-motriz-de-algodon-para-baqueta\/\",\"name\":\"Cepillos Motriz de Algod\u00f3n para Baqueta - Tirito\",\"isPartOf\":{\"@id\":\"https:\/\/www.tirito.com.ar\/webwp\/#website\"},\"datePublished\":\"2021-02-23T18:30:26+00:00\",\"dateModified\":\"2026-01-13T19:37:48+00:00\",\"breadcrumb\":{\"@id\":\"https:\/\/www.tirito.com.ar\/webwp\/producto\/cepillos-motriz-de-algodon-para-baqueta\/#breadcrumb\"},\"inLanguage\":\"es-AR\",\"potentialAction\":[{\"@type\":\"ReadAction\",\"target\":[\"https:\/\/www.tirito.com.ar\/webwp\/producto\/cepillos-motriz-de-algodon-para-baqueta\/\"]}]},{\"@type\":\"BreadcrumbList\",\"@id\":\"https:\/\/www.tirito.com.ar\/webwp\/producto\/cepillos-motriz-de-algodon-para-baqueta\/#breadcrumb\",\"itemListElement\":[{\"@type\":\"ListItem\",\"position\":1,\"name\":\"Inicio\",\"item\":\"https:\/\/www.tirito.com.ar\/webwp\/\"},{\"@type\":\"ListItem\",\"position\":2,\"name\":\"Tienda\",\"item\":\"https:\/\/www.tirito.com.ar\/webwp\/tienda\/\"},{\"@type\":\"ListItem\",\"position\":3,\"name\":\"Cepillos Motriz de Algod\u00f3n para Baqueta\"}]},{\"@type\":\"WebSite\",\"@id\":\"https:\/\/www.tirito.com.ar\/webwp\/#website\",\"url\":\"https:\/\/www.tirito.com.ar\/webwp\/\",\"name\":\"Tirito\",\"description\":\"Armeria\",\"publisher\":{\"@id\":\"https:\/\/www.tirito.com.ar\/webwp\/#organization\"},\"potentialAction\":[{\"@type\":\"SearchAction\",\"target\":{\"@type\":\"EntryPoint\",\"urlTemplate\":\"https:\/\/www.tirito.com.ar\/webwp\/?s={search_term_string}\"},\"query-input\":\"required name=search_term_string\"}],\"inLanguage\":\"es-AR\"},{\"@type\":\"Organization\",\"@id\":\"https:\/\/www.tirito.com.ar\/webwp\/#organization\",\"name\":\"Tirito\",\"url\":\"https:\/\/www.tirito.com.ar\/webwp\/\",\"sameAs\":[],\"logo\":{\"@type\":\"ImageObject\",\"inLanguage\":\"es-AR\",\"@id\":\"https:\/\/www.tirito.com.ar\/webwp\/#\/schema\/logo\/image\/\",\"url\":\"http:\/\/www.tirito.com.ar\/webwp\/wp-content\/uploads\/2022\/10\/tirilogo3.png\",\"contentUrl\":\"http:\/\/www.tirito.com.ar\/webwp\/wp-content\/uploads\/2022\/10\/tirilogo3.png\",\"width\":200,\"height\":200,\"caption\":\"Tirito\"},\"image\":{\"@id\":\"https:\/\/www.tirito.com.ar\/webwp\/#\/schema\/logo\/image\/\"}}]}<\/script>\n<!-- \/ Yoast SEO plugin. -->","yoast_head_json":{"title":"Cepillos Motriz de Algod\u00f3n para Baqueta - Tirito","robots":{"index":"index","follow":"follow","max-snippet":"max-snippet:-1","max-image-preview":"max-image-preview:large","max-video-preview":"max-video-preview:-1"},"canonical":"https:\/\/www.tirito.com.ar\/webwp\/producto\/cepillos-motriz-de-algodon-para-baqueta\/","og_locale":"es_ES","og_type":"article","og_title":"Cepillos Motriz de Algod\u00f3n para Baqueta - Tirito","og_description":"Cepillo motriz de algod\u00f3n con rosca para colocar en la baqueta.   Indicado para lubricar el ca\u00f1on de una manera homog\u00e9nea.  Construido con fibras de algod\u00f3n de alta absorci\u00f3n.  Favorecen una distribuci\u00f3n efectiva del lubricante en el ca\u00f1\u00f3n.  Punta con bucles para proteger la boca, la rec\u00e1mara y el estriado.  NOTA: Para verificar stock seleccione una opci\u00f3n abajo. Si se encuentra Agotado aparecer\u00e1 un texto indic\u00e1ndolo.","og_url":"https:\/\/www.tirito.com.ar\/webwp\/producto\/cepillos-motriz-de-algodon-para-baqueta\/","og_site_name":"Tirito","article_modified_time":"2026-01-13T19:37:48+00:00","og_image":[{"width":600,"height":600,"url":"http:\/\/www.tirito.com.ar\/webwp\/wp-content\/uploads\/2021\/02\/Cepillos_Algodon.jpg","type":"image\/jpeg"}],"twitter_card":"summary_large_image","schema":{"@context":"https:\/\/schema.org","@graph":[{"@type":"WebPage","@id":"https:\/\/www.tirito.com.ar\/webwp\/producto\/cepillos-motriz-de-algodon-para-baqueta\/","url":"https:\/\/www.tirito.com.ar\/webwp\/producto\/cepillos-motriz-de-algodon-para-baqueta\/","name":"Cepillos Motriz de Algod\u00f3n para Baqueta - Tirito","isPartOf":{"@id":"https:\/\/www.tirito.com.ar\/webwp\/#website"},"datePublished":"2021-02-23T18:30:26+00:00","dateModified":"2026-01-13T19:37:48+00:00","breadcrumb":{"@id":"https:\/\/www.tirito.com.ar\/webwp\/producto\/cepillos-motriz-de-algodon-para-baqueta\/#breadcrumb"},"inLanguage":"es-AR","potentialAction":[{"@type":"ReadAction","target":["https:\/\/www.tirito.com.ar\/webwp\/producto\/cepillos-motriz-de-algodon-para-baqueta\/"]}]},{"@type":"BreadcrumbList","@id":"https:\/\/www.tirito.com.ar\/webwp\/producto\/cepillos-motriz-de-algodon-para-baqueta\/#breadcrumb","itemListElement":[{"@type":"ListItem","position":1,"name":"Inicio","item":"https:\/\/www.tirito.com.ar\/webwp\/"},{"@type":"ListItem","position":2,"name":"Tienda","item":"https:\/\/www.tirito.com.ar\/webwp\/tienda\/"},{"@type":"ListItem","position":3,"name":"Cepillos Motriz de Algod\u00f3n para Baqueta"}]},{"@type":"WebSite","@id":"https:\/\/www.tirito.com.ar\/webwp\/#website","url":"https:\/\/www.tirito.com.ar\/webwp\/","name":"Tirito","description":"Armeria","publisher":{"@id":"https:\/\/www.tirito.com.ar\/webwp\/#organization"},"potentialAction":[{"@type":"SearchAction","target":{"@type":"EntryPoint","urlTemplate":"https:\/\/www.tirito.com.ar\/webwp\/?s={search_term_string}"},"query-input":"required name=search_term_string"}],"inLanguage":"es-AR"},{"@type":"Organization","@id":"https:\/\/www.tirito.com.ar\/webwp\/#organization","name":"Tirito","url":"https:\/\/www.tirito.com.ar\/webwp\/","sameAs":[],"logo":{"@type":"ImageObject","inLanguage":"es-AR","@id":"https:\/\/www.tirito.com.ar\/webwp\/#\/schema\/logo\/image\/","url":"http:\/\/www.tirito.com.ar\/webwp\/wp-content\/uploads\/2022\/10\/tirilogo3.png","contentUrl":"http:\/\/www.tirito.com.ar\/webwp\/wp-content\/uploads\/2022\/10\/tirilogo3.png","width":200,"height":200,"caption":"Tirito"},"image":{"@id":"https:\/\/www.tirito.com.ar\/webwp\/#\/schema\/logo\/image\/"}}]}},"_links":{"self":[{"href":"https:\/\/www.tirito.com.ar\/webwp\/wp-json\/wp\/v2\/product\/794"}],"collection":[{"href":"https:\/\/www.tirito.com.ar\/webwp\/wp-json\/wp\/v2\/product"}],"about":[{"href":"https:\/\/www.tirito.com.ar\/webwp\/wp-json\/wp\/v2\/types\/product"}],"wp:featuredmedia":[{"embeddable":true,"href":"https:\/\/www.tirito.com.ar\/webwp\/wp-json\/wp\/v2\/media\/815"}],"wp:attachment":[{"href":"https:\/\/www.tirito.com.ar\/webwp\/wp-json\/wp\/v2\/media?parent=794"}],"wp:term":[{"taxonomy":"product_cat","embeddable":true,"href":"https:\/\/www.tirito.com.ar\/webwp\/wp-json\/wp\/v2\/product_cat?post=794"},{"taxonomy":"product_tag","embeddable":true,"href":"https:\/\/www.tirito.com.ar\/webwp\/wp-json\/wp\/v2\/product_tag?post=794"}],"curies":[{"name":"wp","href":"https:\/\/api.w.org\/{rel}","templated":true}]}}