{"id":7451,"date":"2023-08-07T12:41:58","date_gmt":"2023-08-07T15:41:58","guid":{"rendered":"http:\/\/www.tirito.com.ar\/webwp\/?post_type=product&#038;p=7451"},"modified":"2025-01-20T18:31:25","modified_gmt":"2025-01-20T21:31:25","slug":"pistola-bersa-tpr9-xt-con-mira-casi-sin-uso-excelente-estado","status":"publish","type":"product","link":"https:\/\/www.tirito.com.ar\/webwp\/producto\/pistola-bersa-tpr9-xt-con-mira-casi-sin-uso-excelente-estado\/","title":{"rendered":"Pistola Bersa TPR9 XT con Mira &#8211; CASI SIN USO, EN EXCELENTE ESTADO"},"content":{"rendered":"","protected":false},"excerpt":{"rendered":"<p><strong>\u2013 CASI SIN USO, EN EXCELENTE ESTADO \u2013<br \/>\nPistola Bersa TPR9 XT con Mira<br \/>\n<\/strong><\/p>\n<p>Calibre: 9mm<br \/>\nPav\u00f3n: 9.9<br \/>\nCa\u00f1\u00f3n: 9.9<br \/>\nDetalles: La pistola se entrega en su caja, con 5 cargadores &#8220;Made in Italy&#8221;, tiene colocada una mira UTG &#8220;Reflex Micro Dot&#8221; (punto rojo, de 4 MOA) y reten de cargador extendido (conserva el original aparte).<\/p>\n<p>&nbsp;<\/p>\n<p>&nbsp;<\/p>\n","protected":false},"featured_media":7460,"template":"","meta":{"_ti_tpc_template_sync":false,"_ti_tpc_template_id":""},"product_cat":[688],"product_tag":[],"yoast_head":"<!-- This site is optimized with the Yoast SEO plugin v19.8 - https:\/\/yoast.com\/wordpress\/plugins\/seo\/ -->\n<title>Pistola Bersa TPR9 XT con Mira - CASI SIN USO, EN EXCELENTE ESTADO - Tirito<\/title>\n<meta name=\"robots\" content=\"index, follow, max-snippet:-1, max-image-preview:large, max-video-preview:-1\" \/>\n<link rel=\"canonical\" href=\"https:\/\/www.tirito.com.ar\/webwp\/producto\/pistola-bersa-tpr9-xt-con-mira-casi-sin-uso-excelente-estado\/\" \/>\n<meta property=\"og:locale\" content=\"es_ES\" \/>\n<meta property=\"og:type\" content=\"article\" \/>\n<meta property=\"og:title\" content=\"Pistola Bersa TPR9 XT con Mira - CASI SIN USO, EN EXCELENTE ESTADO - Tirito\" \/>\n<meta property=\"og:description\" content=\"\u2013 CASI SIN USO, EN EXCELENTE ESTADO \u2013 Pistola Bersa TPR9 XT con Mira   Calibre: 9mm Pav\u00f3n: 9.9 Ca\u00f1\u00f3n: 9.9 Detalles: La pistola se entrega en su caja, con 5 cargadores &quot;Made in Italy&quot;, tiene colocada una mira UTG &quot;Reflex Micro Dot&quot; (punto rojo, de 4 MOA) y reten de cargador extendido (conserva el original aparte).  &nbsp;  &nbsp;\" \/>\n<meta property=\"og:url\" content=\"https:\/\/www.tirito.com.ar\/webwp\/producto\/pistola-bersa-tpr9-xt-con-mira-casi-sin-uso-excelente-estado\/\" \/>\n<meta property=\"og:site_name\" content=\"Tirito\" \/>\n<meta property=\"article:modified_time\" content=\"2025-01-20T21:31:25+00:00\" \/>\n<meta property=\"og:image\" content=\"https:\/\/www.tirito.com.ar\/webwp\/wp-content\/uploads\/2023\/08\/TPR9-XT_GA_1.jpg\" \/>\n\t<meta property=\"og:image:width\" content=\"2000\" \/>\n\t<meta property=\"og:image:height\" content=\"2000\" \/>\n\t<meta property=\"og:image:type\" content=\"image\/jpeg\" \/>\n<meta name=\"twitter:card\" content=\"summary_large_image\" \/>\n<script type=\"application\/ld+json\" class=\"yoast-schema-graph\">{\"@context\":\"https:\/\/schema.org\",\"@graph\":[{\"@type\":\"WebPage\",\"@id\":\"https:\/\/www.tirito.com.ar\/webwp\/producto\/pistola-bersa-tpr9-xt-con-mira-casi-sin-uso-excelente-estado\/\",\"url\":\"https:\/\/www.tirito.com.ar\/webwp\/producto\/pistola-bersa-tpr9-xt-con-mira-casi-sin-uso-excelente-estado\/\",\"name\":\"Pistola Bersa TPR9 XT con Mira - CASI SIN USO, EN EXCELENTE ESTADO - Tirito\",\"isPartOf\":{\"@id\":\"https:\/\/www.tirito.com.ar\/webwp\/#website\"},\"datePublished\":\"2023-08-07T15:41:58+00:00\",\"dateModified\":\"2025-01-20T21:31:25+00:00\",\"breadcrumb\":{\"@id\":\"https:\/\/www.tirito.com.ar\/webwp\/producto\/pistola-bersa-tpr9-xt-con-mira-casi-sin-uso-excelente-estado\/#breadcrumb\"},\"inLanguage\":\"es-AR\",\"potentialAction\":[{\"@type\":\"ReadAction\",\"target\":[\"https:\/\/www.tirito.com.ar\/webwp\/producto\/pistola-bersa-tpr9-xt-con-mira-casi-sin-uso-excelente-estado\/\"]}]},{\"@type\":\"BreadcrumbList\",\"@id\":\"https:\/\/www.tirito.com.ar\/webwp\/producto\/pistola-bersa-tpr9-xt-con-mira-casi-sin-uso-excelente-estado\/#breadcrumb\",\"itemListElement\":[{\"@type\":\"ListItem\",\"position\":1,\"name\":\"Inicio\",\"item\":\"https:\/\/www.tirito.com.ar\/webwp\/\"},{\"@type\":\"ListItem\",\"position\":2,\"name\":\"Tienda\",\"item\":\"https:\/\/www.tirito.com.ar\/webwp\/tienda\/\"},{\"@type\":\"ListItem\",\"position\":3,\"name\":\"Pistola Bersa TPR9 XT con Mira &#8211; CASI SIN USO, EN EXCELENTE ESTADO\"}]},{\"@type\":\"WebSite\",\"@id\":\"https:\/\/www.tirito.com.ar\/webwp\/#website\",\"url\":\"https:\/\/www.tirito.com.ar\/webwp\/\",\"name\":\"Tirito\",\"description\":\"Armeria\",\"publisher\":{\"@id\":\"https:\/\/www.tirito.com.ar\/webwp\/#organization\"},\"potentialAction\":[{\"@type\":\"SearchAction\",\"target\":{\"@type\":\"EntryPoint\",\"urlTemplate\":\"https:\/\/www.tirito.com.ar\/webwp\/?s={search_term_string}\"},\"query-input\":\"required name=search_term_string\"}],\"inLanguage\":\"es-AR\"},{\"@type\":\"Organization\",\"@id\":\"https:\/\/www.tirito.com.ar\/webwp\/#organization\",\"name\":\"Tirito\",\"url\":\"https:\/\/www.tirito.com.ar\/webwp\/\",\"sameAs\":[],\"logo\":{\"@type\":\"ImageObject\",\"inLanguage\":\"es-AR\",\"@id\":\"https:\/\/www.tirito.com.ar\/webwp\/#\/schema\/logo\/image\/\",\"url\":\"http:\/\/www.tirito.com.ar\/webwp\/wp-content\/uploads\/2022\/10\/tirilogo3.png\",\"contentUrl\":\"http:\/\/www.tirito.com.ar\/webwp\/wp-content\/uploads\/2022\/10\/tirilogo3.png\",\"width\":200,\"height\":200,\"caption\":\"Tirito\"},\"image\":{\"@id\":\"https:\/\/www.tirito.com.ar\/webwp\/#\/schema\/logo\/image\/\"}}]}<\/script>\n<!-- \/ Yoast SEO plugin. -->","yoast_head_json":{"title":"Pistola Bersa TPR9 XT con Mira - CASI SIN USO, EN EXCELENTE ESTADO - Tirito","robots":{"index":"index","follow":"follow","max-snippet":"max-snippet:-1","max-image-preview":"max-image-preview:large","max-video-preview":"max-video-preview:-1"},"canonical":"https:\/\/www.tirito.com.ar\/webwp\/producto\/pistola-bersa-tpr9-xt-con-mira-casi-sin-uso-excelente-estado\/","og_locale":"es_ES","og_type":"article","og_title":"Pistola Bersa TPR9 XT con Mira - CASI SIN USO, EN EXCELENTE ESTADO - Tirito","og_description":"\u2013 CASI SIN USO, EN EXCELENTE ESTADO \u2013 Pistola Bersa TPR9 XT con Mira   Calibre: 9mm Pav\u00f3n: 9.9 Ca\u00f1\u00f3n: 9.9 Detalles: La pistola se entrega en su caja, con 5 cargadores \"Made in Italy\", tiene colocada una mira UTG \"Reflex Micro Dot\" (punto rojo, de 4 MOA) y reten de cargador extendido (conserva el original aparte).  &nbsp;  &nbsp;","og_url":"https:\/\/www.tirito.com.ar\/webwp\/producto\/pistola-bersa-tpr9-xt-con-mira-casi-sin-uso-excelente-estado\/","og_site_name":"Tirito","article_modified_time":"2025-01-20T21:31:25+00:00","og_image":[{"width":2000,"height":2000,"url":"https:\/\/www.tirito.com.ar\/webwp\/wp-content\/uploads\/2023\/08\/TPR9-XT_GA_1.jpg","type":"image\/jpeg"}],"twitter_card":"summary_large_image","schema":{"@context":"https:\/\/schema.org","@graph":[{"@type":"WebPage","@id":"https:\/\/www.tirito.com.ar\/webwp\/producto\/pistola-bersa-tpr9-xt-con-mira-casi-sin-uso-excelente-estado\/","url":"https:\/\/www.tirito.com.ar\/webwp\/producto\/pistola-bersa-tpr9-xt-con-mira-casi-sin-uso-excelente-estado\/","name":"Pistola Bersa TPR9 XT con Mira - CASI SIN USO, EN EXCELENTE ESTADO - Tirito","isPartOf":{"@id":"https:\/\/www.tirito.com.ar\/webwp\/#website"},"datePublished":"2023-08-07T15:41:58+00:00","dateModified":"2025-01-20T21:31:25+00:00","breadcrumb":{"@id":"https:\/\/www.tirito.com.ar\/webwp\/producto\/pistola-bersa-tpr9-xt-con-mira-casi-sin-uso-excelente-estado\/#breadcrumb"},"inLanguage":"es-AR","potentialAction":[{"@type":"ReadAction","target":["https:\/\/www.tirito.com.ar\/webwp\/producto\/pistola-bersa-tpr9-xt-con-mira-casi-sin-uso-excelente-estado\/"]}]},{"@type":"BreadcrumbList","@id":"https:\/\/www.tirito.com.ar\/webwp\/producto\/pistola-bersa-tpr9-xt-con-mira-casi-sin-uso-excelente-estado\/#breadcrumb","itemListElement":[{"@type":"ListItem","position":1,"name":"Inicio","item":"https:\/\/www.tirito.com.ar\/webwp\/"},{"@type":"ListItem","position":2,"name":"Tienda","item":"https:\/\/www.tirito.com.ar\/webwp\/tienda\/"},{"@type":"ListItem","position":3,"name":"Pistola Bersa TPR9 XT con Mira &#8211; CASI SIN USO, EN EXCELENTE ESTADO"}]},{"@type":"WebSite","@id":"https:\/\/www.tirito.com.ar\/webwp\/#website","url":"https:\/\/www.tirito.com.ar\/webwp\/","name":"Tirito","description":"Armeria","publisher":{"@id":"https:\/\/www.tirito.com.ar\/webwp\/#organization"},"potentialAction":[{"@type":"SearchAction","target":{"@type":"EntryPoint","urlTemplate":"https:\/\/www.tirito.com.ar\/webwp\/?s={search_term_string}"},"query-input":"required name=search_term_string"}],"inLanguage":"es-AR"},{"@type":"Organization","@id":"https:\/\/www.tirito.com.ar\/webwp\/#organization","name":"Tirito","url":"https:\/\/www.tirito.com.ar\/webwp\/","sameAs":[],"logo":{"@type":"ImageObject","inLanguage":"es-AR","@id":"https:\/\/www.tirito.com.ar\/webwp\/#\/schema\/logo\/image\/","url":"http:\/\/www.tirito.com.ar\/webwp\/wp-content\/uploads\/2022\/10\/tirilogo3.png","contentUrl":"http:\/\/www.tirito.com.ar\/webwp\/wp-content\/uploads\/2022\/10\/tirilogo3.png","width":200,"height":200,"caption":"Tirito"},"image":{"@id":"https:\/\/www.tirito.com.ar\/webwp\/#\/schema\/logo\/image\/"}}]}},"_links":{"self":[{"href":"https:\/\/www.tirito.com.ar\/webwp\/wp-json\/wp\/v2\/product\/7451"}],"collection":[{"href":"https:\/\/www.tirito.com.ar\/webwp\/wp-json\/wp\/v2\/product"}],"about":[{"href":"https:\/\/www.tirito.com.ar\/webwp\/wp-json\/wp\/v2\/types\/product"}],"wp:featuredmedia":[{"embeddable":true,"href":"https:\/\/www.tirito.com.ar\/webwp\/wp-json\/wp\/v2\/media\/7460"}],"wp:attachment":[{"href":"https:\/\/www.tirito.com.ar\/webwp\/wp-json\/wp\/v2\/media?parent=7451"}],"wp:term":[{"taxonomy":"product_cat","embeddable":true,"href":"https:\/\/www.tirito.com.ar\/webwp\/wp-json\/wp\/v2\/product_cat?post=7451"},{"taxonomy":"product_tag","embeddable":true,"href":"https:\/\/www.tirito.com.ar\/webwp\/wp-json\/wp\/v2\/product_tag?post=7451"}],"curies":[{"name":"wp","href":"https:\/\/api.w.org\/{rel}","templated":true}]}}