{"id":7180,"date":"2023-03-20T11:04:38","date_gmt":"2023-03-20T14:04:38","guid":{"rendered":"http:\/\/www.tirito.com.ar\/webwp\/?post_type=product&#038;p=7180"},"modified":"2025-01-20T18:32:23","modified_gmt":"2025-01-20T21:32:23","slug":"revolver-fn-astra-cal-38-sw-special-usado","status":"publish","type":"product","link":"https:\/\/www.tirito.com.ar\/webwp\/producto\/revolver-fn-astra-cal-38-sw-special-usado\/","title":{"rendered":"Revolver FN Astra Cal. 38 S&#038;W Special &#8211; Usado"},"content":{"rendered":"","protected":false},"excerpt":{"rendered":"<p><strong>&#8211; USADO &#8211;<br \/>\nRevolver FN Astra<\/strong><\/p>\n<p>Calibre: 38 S&amp;W Special<br \/>\nPav\u00f3n:\u00a0 9,5<br \/>\nCa\u00f1\u00f3n: 9,9<br \/>\nDetalles: Ca\u00f1o de 2&#8243;, tambor de 5 tiros. Por lo que se puede apreciar tanto en la parte posterior del tambor como en el espald\u00f3n, el revolver se encuentra casi 0km, seguramente le habr\u00e1n hecho algunos pocos disparos de prueba.<\/p>\n","protected":false},"featured_media":7181,"template":"","meta":{"_ti_tpc_template_sync":false,"_ti_tpc_template_id":""},"product_cat":[688],"product_tag":[],"yoast_head":"<!-- This site is optimized with the Yoast SEO plugin v19.8 - https:\/\/yoast.com\/wordpress\/plugins\/seo\/ -->\n<title>Revolver FN Astra Cal. 38 S&amp;W Special - Usado - Tirito<\/title>\n<meta name=\"robots\" content=\"index, follow, max-snippet:-1, max-image-preview:large, max-video-preview:-1\" \/>\n<link rel=\"canonical\" href=\"https:\/\/www.tirito.com.ar\/webwp\/producto\/revolver-fn-astra-cal-38-sw-special-usado\/\" \/>\n<meta property=\"og:locale\" content=\"es_ES\" \/>\n<meta property=\"og:type\" content=\"article\" \/>\n<meta property=\"og:title\" content=\"Revolver FN Astra Cal. 38 S&amp;W Special - Usado - Tirito\" \/>\n<meta property=\"og:description\" content=\"- USADO - Revolver FN Astra  Calibre: 38 S&amp;W Special Pav\u00f3n:\u00a0 9,5 Ca\u00f1\u00f3n: 9,9 Detalles: Ca\u00f1o de 2&quot;, tambor de 5 tiros. Por lo que se puede apreciar tanto en la parte posterior del tambor como en el espald\u00f3n, el revolver se encuentra casi 0km, seguramente le habr\u00e1n hecho algunos pocos disparos de prueba.\" \/>\n<meta property=\"og:url\" content=\"https:\/\/www.tirito.com.ar\/webwp\/producto\/revolver-fn-astra-cal-38-sw-special-usado\/\" \/>\n<meta property=\"og:site_name\" content=\"Tirito\" \/>\n<meta property=\"article:modified_time\" content=\"2025-01-20T21:32:23+00:00\" \/>\n<meta property=\"og:image\" content=\"https:\/\/www.tirito.com.ar\/webwp\/wp-content\/uploads\/2023\/03\/FN-Astra_C282_2.jpg\" \/>\n\t<meta property=\"og:image:width\" content=\"1800\" \/>\n\t<meta property=\"og:image:height\" content=\"1800\" \/>\n\t<meta property=\"og:image:type\" content=\"image\/jpeg\" \/>\n<meta name=\"twitter:card\" content=\"summary_large_image\" \/>\n<script type=\"application\/ld+json\" class=\"yoast-schema-graph\">{\"@context\":\"https:\/\/schema.org\",\"@graph\":[{\"@type\":\"WebPage\",\"@id\":\"https:\/\/www.tirito.com.ar\/webwp\/producto\/revolver-fn-astra-cal-38-sw-special-usado\/\",\"url\":\"https:\/\/www.tirito.com.ar\/webwp\/producto\/revolver-fn-astra-cal-38-sw-special-usado\/\",\"name\":\"Revolver FN Astra Cal. 38 S&W Special - Usado - Tirito\",\"isPartOf\":{\"@id\":\"https:\/\/www.tirito.com.ar\/webwp\/#website\"},\"datePublished\":\"2023-03-20T14:04:38+00:00\",\"dateModified\":\"2025-01-20T21:32:23+00:00\",\"breadcrumb\":{\"@id\":\"https:\/\/www.tirito.com.ar\/webwp\/producto\/revolver-fn-astra-cal-38-sw-special-usado\/#breadcrumb\"},\"inLanguage\":\"es-AR\",\"potentialAction\":[{\"@type\":\"ReadAction\",\"target\":[\"https:\/\/www.tirito.com.ar\/webwp\/producto\/revolver-fn-astra-cal-38-sw-special-usado\/\"]}]},{\"@type\":\"BreadcrumbList\",\"@id\":\"https:\/\/www.tirito.com.ar\/webwp\/producto\/revolver-fn-astra-cal-38-sw-special-usado\/#breadcrumb\",\"itemListElement\":[{\"@type\":\"ListItem\",\"position\":1,\"name\":\"Inicio\",\"item\":\"https:\/\/www.tirito.com.ar\/webwp\/\"},{\"@type\":\"ListItem\",\"position\":2,\"name\":\"Tienda\",\"item\":\"https:\/\/www.tirito.com.ar\/webwp\/tienda\/\"},{\"@type\":\"ListItem\",\"position\":3,\"name\":\"Revolver FN Astra Cal. 38 S&#038;W Special &#8211; Usado\"}]},{\"@type\":\"WebSite\",\"@id\":\"https:\/\/www.tirito.com.ar\/webwp\/#website\",\"url\":\"https:\/\/www.tirito.com.ar\/webwp\/\",\"name\":\"Tirito\",\"description\":\"Armeria\",\"publisher\":{\"@id\":\"https:\/\/www.tirito.com.ar\/webwp\/#organization\"},\"potentialAction\":[{\"@type\":\"SearchAction\",\"target\":{\"@type\":\"EntryPoint\",\"urlTemplate\":\"https:\/\/www.tirito.com.ar\/webwp\/?s={search_term_string}\"},\"query-input\":\"required name=search_term_string\"}],\"inLanguage\":\"es-AR\"},{\"@type\":\"Organization\",\"@id\":\"https:\/\/www.tirito.com.ar\/webwp\/#organization\",\"name\":\"Tirito\",\"url\":\"https:\/\/www.tirito.com.ar\/webwp\/\",\"sameAs\":[],\"logo\":{\"@type\":\"ImageObject\",\"inLanguage\":\"es-AR\",\"@id\":\"https:\/\/www.tirito.com.ar\/webwp\/#\/schema\/logo\/image\/\",\"url\":\"http:\/\/www.tirito.com.ar\/webwp\/wp-content\/uploads\/2022\/10\/tirilogo3.png\",\"contentUrl\":\"http:\/\/www.tirito.com.ar\/webwp\/wp-content\/uploads\/2022\/10\/tirilogo3.png\",\"width\":200,\"height\":200,\"caption\":\"Tirito\"},\"image\":{\"@id\":\"https:\/\/www.tirito.com.ar\/webwp\/#\/schema\/logo\/image\/\"}}]}<\/script>\n<!-- \/ Yoast SEO plugin. -->","yoast_head_json":{"title":"Revolver FN Astra Cal. 38 S&W Special - Usado - Tirito","robots":{"index":"index","follow":"follow","max-snippet":"max-snippet:-1","max-image-preview":"max-image-preview:large","max-video-preview":"max-video-preview:-1"},"canonical":"https:\/\/www.tirito.com.ar\/webwp\/producto\/revolver-fn-astra-cal-38-sw-special-usado\/","og_locale":"es_ES","og_type":"article","og_title":"Revolver FN Astra Cal. 38 S&W Special - Usado - Tirito","og_description":"- USADO - Revolver FN Astra  Calibre: 38 S&amp;W Special Pav\u00f3n:\u00a0 9,5 Ca\u00f1\u00f3n: 9,9 Detalles: Ca\u00f1o de 2\", tambor de 5 tiros. Por lo que se puede apreciar tanto en la parte posterior del tambor como en el espald\u00f3n, el revolver se encuentra casi 0km, seguramente le habr\u00e1n hecho algunos pocos disparos de prueba.","og_url":"https:\/\/www.tirito.com.ar\/webwp\/producto\/revolver-fn-astra-cal-38-sw-special-usado\/","og_site_name":"Tirito","article_modified_time":"2025-01-20T21:32:23+00:00","og_image":[{"width":1800,"height":1800,"url":"https:\/\/www.tirito.com.ar\/webwp\/wp-content\/uploads\/2023\/03\/FN-Astra_C282_2.jpg","type":"image\/jpeg"}],"twitter_card":"summary_large_image","schema":{"@context":"https:\/\/schema.org","@graph":[{"@type":"WebPage","@id":"https:\/\/www.tirito.com.ar\/webwp\/producto\/revolver-fn-astra-cal-38-sw-special-usado\/","url":"https:\/\/www.tirito.com.ar\/webwp\/producto\/revolver-fn-astra-cal-38-sw-special-usado\/","name":"Revolver FN Astra Cal. 38 S&W Special - Usado - Tirito","isPartOf":{"@id":"https:\/\/www.tirito.com.ar\/webwp\/#website"},"datePublished":"2023-03-20T14:04:38+00:00","dateModified":"2025-01-20T21:32:23+00:00","breadcrumb":{"@id":"https:\/\/www.tirito.com.ar\/webwp\/producto\/revolver-fn-astra-cal-38-sw-special-usado\/#breadcrumb"},"inLanguage":"es-AR","potentialAction":[{"@type":"ReadAction","target":["https:\/\/www.tirito.com.ar\/webwp\/producto\/revolver-fn-astra-cal-38-sw-special-usado\/"]}]},{"@type":"BreadcrumbList","@id":"https:\/\/www.tirito.com.ar\/webwp\/producto\/revolver-fn-astra-cal-38-sw-special-usado\/#breadcrumb","itemListElement":[{"@type":"ListItem","position":1,"name":"Inicio","item":"https:\/\/www.tirito.com.ar\/webwp\/"},{"@type":"ListItem","position":2,"name":"Tienda","item":"https:\/\/www.tirito.com.ar\/webwp\/tienda\/"},{"@type":"ListItem","position":3,"name":"Revolver FN Astra Cal. 38 S&#038;W Special &#8211; Usado"}]},{"@type":"WebSite","@id":"https:\/\/www.tirito.com.ar\/webwp\/#website","url":"https:\/\/www.tirito.com.ar\/webwp\/","name":"Tirito","description":"Armeria","publisher":{"@id":"https:\/\/www.tirito.com.ar\/webwp\/#organization"},"potentialAction":[{"@type":"SearchAction","target":{"@type":"EntryPoint","urlTemplate":"https:\/\/www.tirito.com.ar\/webwp\/?s={search_term_string}"},"query-input":"required name=search_term_string"}],"inLanguage":"es-AR"},{"@type":"Organization","@id":"https:\/\/www.tirito.com.ar\/webwp\/#organization","name":"Tirito","url":"https:\/\/www.tirito.com.ar\/webwp\/","sameAs":[],"logo":{"@type":"ImageObject","inLanguage":"es-AR","@id":"https:\/\/www.tirito.com.ar\/webwp\/#\/schema\/logo\/image\/","url":"http:\/\/www.tirito.com.ar\/webwp\/wp-content\/uploads\/2022\/10\/tirilogo3.png","contentUrl":"http:\/\/www.tirito.com.ar\/webwp\/wp-content\/uploads\/2022\/10\/tirilogo3.png","width":200,"height":200,"caption":"Tirito"},"image":{"@id":"https:\/\/www.tirito.com.ar\/webwp\/#\/schema\/logo\/image\/"}}]}},"_links":{"self":[{"href":"https:\/\/www.tirito.com.ar\/webwp\/wp-json\/wp\/v2\/product\/7180"}],"collection":[{"href":"https:\/\/www.tirito.com.ar\/webwp\/wp-json\/wp\/v2\/product"}],"about":[{"href":"https:\/\/www.tirito.com.ar\/webwp\/wp-json\/wp\/v2\/types\/product"}],"wp:featuredmedia":[{"embeddable":true,"href":"https:\/\/www.tirito.com.ar\/webwp\/wp-json\/wp\/v2\/media\/7181"}],"wp:attachment":[{"href":"https:\/\/www.tirito.com.ar\/webwp\/wp-json\/wp\/v2\/media?parent=7180"}],"wp:term":[{"taxonomy":"product_cat","embeddable":true,"href":"https:\/\/www.tirito.com.ar\/webwp\/wp-json\/wp\/v2\/product_cat?post=7180"},{"taxonomy":"product_tag","embeddable":true,"href":"https:\/\/www.tirito.com.ar\/webwp\/wp-json\/wp\/v2\/product_tag?post=7180"}],"curies":[{"name":"wp","href":"https:\/\/api.w.org\/{rel}","templated":true}]}}