{"id":7141,"date":"2025-06-22T13:00:28","date_gmt":"2025-06-22T16:00:28","guid":{"rendered":"http:\/\/www.tirito.com.ar\/webwp\/?post_type=product&#038;p=7141"},"modified":"2026-04-20T23:52:14","modified_gmt":"2026-04-21T02:52:14","slug":"promo-tiri-bolso-6-cajas-portamunicion-9mm","status":"publish","type":"product","link":"https:\/\/www.tirito.com.ar\/webwp\/producto\/promo-tiri-bolso-6-cajas-portamunicion-9mm\/","title":{"rendered":"PROMO Tiri-Bolso + 6 Cajas Portamuniciones 9mm"},"content":{"rendered":"","protected":false},"excerpt":{"rendered":"<p>Fabricado con cordura Made In USA, cierres de primera calidad, laterales y base r\u00edgidas y patas de apoyo de goma.<br \/>\nPara 400, 600 u 800 municiones, seg\u00fan la disposici\u00f3n que se use.<\/p>\n<p>Con bolsillo desmontable para engrampadora de blancos.<br \/>\nMedidas: 27cm x 18cm x 18cm<\/p>\n<p><strong>SUPER PROMO<br \/>\nTiri-Bolso + 6 Cajas Porta Munici\u00f3n 9 mm<\/strong><\/p>\n<p>TIRI-Bolso = $ 65.000.-<br \/>\n6 Cajas Porta-muni = $ 36.000.-<br \/>\n<strong>TOTAL =<\/strong> <del>$ 101.000.-<\/del><strong> $ 95.000.- !!!<\/strong><\/p>\n<p><strong>Consulte por mayores descuentos en el local!<\/strong><\/p>\n<p>&nbsp;<\/p>\n","protected":false},"featured_media":9129,"template":"","meta":{"_ti_tpc_template_sync":false,"_ti_tpc_template_id":""},"product_cat":[25,22],"product_tag":[285,407,288,34],"yoast_head":"<!-- This site is optimized with the Yoast SEO plugin v19.8 - https:\/\/yoast.com\/wordpress\/plugins\/seo\/ -->\n<title>PROMO Tiri-Bolso + 6 Cajas Portamuniciones 9mm - Tirito<\/title>\n<meta name=\"robots\" content=\"index, follow, max-snippet:-1, max-image-preview:large, max-video-preview:-1\" \/>\n<link rel=\"canonical\" href=\"https:\/\/www.tirito.com.ar\/webwp\/producto\/promo-tiri-bolso-6-cajas-portamunicion-9mm\/\" \/>\n<meta property=\"og:locale\" content=\"es_ES\" \/>\n<meta property=\"og:type\" content=\"article\" \/>\n<meta property=\"og:title\" content=\"PROMO Tiri-Bolso + 6 Cajas Portamuniciones 9mm - Tirito\" \/>\n<meta property=\"og:description\" content=\"Fabricado con cordura Made In USA, cierres de primera calidad, laterales y base r\u00edgidas y patas de apoyo de goma. Para 400, 600 u 800 municiones, seg\u00fan la disposici\u00f3n que se use.  Con bolsillo desmontable para engrampadora de blancos. Medidas: 27cm x 18cm x 18cm  SUPER PROMO Tiri-Bolso + 6 Cajas Porta Munici\u00f3n 9 mm  TIRI-Bolso = $ 65.000.- 6 Cajas Porta-muni = $ 36.000.- TOTAL = $ 101.000.- $ 95.000.- !!!  Consulte por mayores descuentos en el local!  &nbsp;\" \/>\n<meta property=\"og:url\" content=\"https:\/\/www.tirito.com.ar\/webwp\/producto\/promo-tiri-bolso-6-cajas-portamunicion-9mm\/\" \/>\n<meta property=\"og:site_name\" content=\"Tirito\" \/>\n<meta property=\"article:modified_time\" content=\"2026-04-21T02:52:14+00:00\" \/>\n<meta property=\"og:image\" content=\"http:\/\/www.tirito.com.ar\/webwp\/wp-content\/uploads\/2023\/03\/20240706_164729-Photoroom-tile.jpg\" \/>\n\t<meta property=\"og:image:width\" content=\"2000\" \/>\n\t<meta property=\"og:image:height\" content=\"2000\" \/>\n\t<meta property=\"og:image:type\" content=\"image\/jpeg\" \/>\n<meta name=\"twitter:card\" content=\"summary_large_image\" \/>\n<script type=\"application\/ld+json\" class=\"yoast-schema-graph\">{\"@context\":\"https:\/\/schema.org\",\"@graph\":[{\"@type\":\"WebPage\",\"@id\":\"https:\/\/www.tirito.com.ar\/webwp\/producto\/promo-tiri-bolso-6-cajas-portamunicion-9mm\/\",\"url\":\"https:\/\/www.tirito.com.ar\/webwp\/producto\/promo-tiri-bolso-6-cajas-portamunicion-9mm\/\",\"name\":\"PROMO Tiri-Bolso + 6 Cajas Portamuniciones 9mm - Tirito\",\"isPartOf\":{\"@id\":\"https:\/\/www.tirito.com.ar\/webwp\/#website\"},\"datePublished\":\"2025-06-22T16:00:28+00:00\",\"dateModified\":\"2026-04-21T02:52:14+00:00\",\"breadcrumb\":{\"@id\":\"https:\/\/www.tirito.com.ar\/webwp\/producto\/promo-tiri-bolso-6-cajas-portamunicion-9mm\/#breadcrumb\"},\"inLanguage\":\"es-AR\",\"potentialAction\":[{\"@type\":\"ReadAction\",\"target\":[\"https:\/\/www.tirito.com.ar\/webwp\/producto\/promo-tiri-bolso-6-cajas-portamunicion-9mm\/\"]}]},{\"@type\":\"BreadcrumbList\",\"@id\":\"https:\/\/www.tirito.com.ar\/webwp\/producto\/promo-tiri-bolso-6-cajas-portamunicion-9mm\/#breadcrumb\",\"itemListElement\":[{\"@type\":\"ListItem\",\"position\":1,\"name\":\"Inicio\",\"item\":\"https:\/\/www.tirito.com.ar\/webwp\/\"},{\"@type\":\"ListItem\",\"position\":2,\"name\":\"Tienda\",\"item\":\"https:\/\/www.tirito.com.ar\/webwp\/tienda\/\"},{\"@type\":\"ListItem\",\"position\":3,\"name\":\"PROMO Tiri-Bolso + 6 Cajas Portamuniciones 9mm\"}]},{\"@type\":\"WebSite\",\"@id\":\"https:\/\/www.tirito.com.ar\/webwp\/#website\",\"url\":\"https:\/\/www.tirito.com.ar\/webwp\/\",\"name\":\"Tirito\",\"description\":\"Armeria\",\"publisher\":{\"@id\":\"https:\/\/www.tirito.com.ar\/webwp\/#organization\"},\"potentialAction\":[{\"@type\":\"SearchAction\",\"target\":{\"@type\":\"EntryPoint\",\"urlTemplate\":\"https:\/\/www.tirito.com.ar\/webwp\/?s={search_term_string}\"},\"query-input\":\"required name=search_term_string\"}],\"inLanguage\":\"es-AR\"},{\"@type\":\"Organization\",\"@id\":\"https:\/\/www.tirito.com.ar\/webwp\/#organization\",\"name\":\"Tirito\",\"url\":\"https:\/\/www.tirito.com.ar\/webwp\/\",\"sameAs\":[],\"logo\":{\"@type\":\"ImageObject\",\"inLanguage\":\"es-AR\",\"@id\":\"https:\/\/www.tirito.com.ar\/webwp\/#\/schema\/logo\/image\/\",\"url\":\"http:\/\/www.tirito.com.ar\/webwp\/wp-content\/uploads\/2022\/10\/tirilogo3.png\",\"contentUrl\":\"http:\/\/www.tirito.com.ar\/webwp\/wp-content\/uploads\/2022\/10\/tirilogo3.png\",\"width\":200,\"height\":200,\"caption\":\"Tirito\"},\"image\":{\"@id\":\"https:\/\/www.tirito.com.ar\/webwp\/#\/schema\/logo\/image\/\"}}]}<\/script>\n<!-- \/ Yoast SEO plugin. -->","yoast_head_json":{"title":"PROMO Tiri-Bolso + 6 Cajas Portamuniciones 9mm - Tirito","robots":{"index":"index","follow":"follow","max-snippet":"max-snippet:-1","max-image-preview":"max-image-preview:large","max-video-preview":"max-video-preview:-1"},"canonical":"https:\/\/www.tirito.com.ar\/webwp\/producto\/promo-tiri-bolso-6-cajas-portamunicion-9mm\/","og_locale":"es_ES","og_type":"article","og_title":"PROMO Tiri-Bolso + 6 Cajas Portamuniciones 9mm - Tirito","og_description":"Fabricado con cordura Made In USA, cierres de primera calidad, laterales y base r\u00edgidas y patas de apoyo de goma. Para 400, 600 u 800 municiones, seg\u00fan la disposici\u00f3n que se use.  Con bolsillo desmontable para engrampadora de blancos. Medidas: 27cm x 18cm x 18cm  SUPER PROMO Tiri-Bolso + 6 Cajas Porta Munici\u00f3n 9 mm  TIRI-Bolso = $ 65.000.- 6 Cajas Porta-muni = $ 36.000.- TOTAL = $ 101.000.- $ 95.000.- !!!  Consulte por mayores descuentos en el local!  &nbsp;","og_url":"https:\/\/www.tirito.com.ar\/webwp\/producto\/promo-tiri-bolso-6-cajas-portamunicion-9mm\/","og_site_name":"Tirito","article_modified_time":"2026-04-21T02:52:14+00:00","og_image":[{"width":2000,"height":2000,"url":"http:\/\/www.tirito.com.ar\/webwp\/wp-content\/uploads\/2023\/03\/20240706_164729-Photoroom-tile.jpg","type":"image\/jpeg"}],"twitter_card":"summary_large_image","schema":{"@context":"https:\/\/schema.org","@graph":[{"@type":"WebPage","@id":"https:\/\/www.tirito.com.ar\/webwp\/producto\/promo-tiri-bolso-6-cajas-portamunicion-9mm\/","url":"https:\/\/www.tirito.com.ar\/webwp\/producto\/promo-tiri-bolso-6-cajas-portamunicion-9mm\/","name":"PROMO Tiri-Bolso + 6 Cajas Portamuniciones 9mm - Tirito","isPartOf":{"@id":"https:\/\/www.tirito.com.ar\/webwp\/#website"},"datePublished":"2025-06-22T16:00:28+00:00","dateModified":"2026-04-21T02:52:14+00:00","breadcrumb":{"@id":"https:\/\/www.tirito.com.ar\/webwp\/producto\/promo-tiri-bolso-6-cajas-portamunicion-9mm\/#breadcrumb"},"inLanguage":"es-AR","potentialAction":[{"@type":"ReadAction","target":["https:\/\/www.tirito.com.ar\/webwp\/producto\/promo-tiri-bolso-6-cajas-portamunicion-9mm\/"]}]},{"@type":"BreadcrumbList","@id":"https:\/\/www.tirito.com.ar\/webwp\/producto\/promo-tiri-bolso-6-cajas-portamunicion-9mm\/#breadcrumb","itemListElement":[{"@type":"ListItem","position":1,"name":"Inicio","item":"https:\/\/www.tirito.com.ar\/webwp\/"},{"@type":"ListItem","position":2,"name":"Tienda","item":"https:\/\/www.tirito.com.ar\/webwp\/tienda\/"},{"@type":"ListItem","position":3,"name":"PROMO Tiri-Bolso + 6 Cajas Portamuniciones 9mm"}]},{"@type":"WebSite","@id":"https:\/\/www.tirito.com.ar\/webwp\/#website","url":"https:\/\/www.tirito.com.ar\/webwp\/","name":"Tirito","description":"Armeria","publisher":{"@id":"https:\/\/www.tirito.com.ar\/webwp\/#organization"},"potentialAction":[{"@type":"SearchAction","target":{"@type":"EntryPoint","urlTemplate":"https:\/\/www.tirito.com.ar\/webwp\/?s={search_term_string}"},"query-input":"required name=search_term_string"}],"inLanguage":"es-AR"},{"@type":"Organization","@id":"https:\/\/www.tirito.com.ar\/webwp\/#organization","name":"Tirito","url":"https:\/\/www.tirito.com.ar\/webwp\/","sameAs":[],"logo":{"@type":"ImageObject","inLanguage":"es-AR","@id":"https:\/\/www.tirito.com.ar\/webwp\/#\/schema\/logo\/image\/","url":"http:\/\/www.tirito.com.ar\/webwp\/wp-content\/uploads\/2022\/10\/tirilogo3.png","contentUrl":"http:\/\/www.tirito.com.ar\/webwp\/wp-content\/uploads\/2022\/10\/tirilogo3.png","width":200,"height":200,"caption":"Tirito"},"image":{"@id":"https:\/\/www.tirito.com.ar\/webwp\/#\/schema\/logo\/image\/"}}]}},"_links":{"self":[{"href":"https:\/\/www.tirito.com.ar\/webwp\/wp-json\/wp\/v2\/product\/7141"}],"collection":[{"href":"https:\/\/www.tirito.com.ar\/webwp\/wp-json\/wp\/v2\/product"}],"about":[{"href":"https:\/\/www.tirito.com.ar\/webwp\/wp-json\/wp\/v2\/types\/product"}],"wp:featuredmedia":[{"embeddable":true,"href":"https:\/\/www.tirito.com.ar\/webwp\/wp-json\/wp\/v2\/media\/9129"}],"wp:attachment":[{"href":"https:\/\/www.tirito.com.ar\/webwp\/wp-json\/wp\/v2\/media?parent=7141"}],"wp:term":[{"taxonomy":"product_cat","embeddable":true,"href":"https:\/\/www.tirito.com.ar\/webwp\/wp-json\/wp\/v2\/product_cat?post=7141"},{"taxonomy":"product_tag","embeddable":true,"href":"https:\/\/www.tirito.com.ar\/webwp\/wp-json\/wp\/v2\/product_tag?post=7141"}],"curies":[{"name":"wp","href":"https:\/\/api.w.org\/{rel}","templated":true}]}}