{"id":7121,"date":"2023-02-23T14:55:43","date_gmt":"2023-02-23T17:55:43","guid":{"rendered":"http:\/\/www.tirito.com.ar\/webwp\/?post_type=product&#038;p=7121"},"modified":"2025-01-20T18:32:34","modified_gmt":"2025-01-20T21:32:34","slug":"pistola-dgfm-sistema-colt-cal-45-acp-usada","status":"publish","type":"product","link":"https:\/\/www.tirito.com.ar\/webwp\/producto\/pistola-dgfm-sistema-colt-cal-45-acp-usada\/","title":{"rendered":"Pistola DGFM Sistema Colt Cal. 45 ACP &#8211; Usada"},"content":{"rendered":"","protected":false},"excerpt":{"rendered":"<p><strong>&#8211; USADA &#8211;<br \/>\nPistola DGFM Sistema Colt<\/strong><\/p>\n<p>Calibre: 45 ACP<br \/>\nPav\u00f3n: Original (Ver Fotos)<br \/>\nCa\u00f1\u00f3n: 8 (Original)<br \/>\nDetalles: La pistola conserva su numeraci\u00f3n original en corredera, frame y ca\u00f1on. Se entrega con funda rigida, su cargador original y adem\u00e1s un cargador marca Wilson Combat y cachas Hogue americanas colocadas.<br \/>\n<strong>Adem\u00e1s de lo mencionado, la pistola tiene colocados los siguientes repuestos&#8230;<\/strong><br \/>\n<strong>&#8211;<\/strong> Alza Regulable y Guion Target<br \/>\n<strong>&#8211;<\/strong> Varilla extendida inoxidable Ed Brown<br \/>\n<strong>&#8211;<\/strong> Resorte progresivo Wolf<br \/>\n<strong>&#8211; Marca Wilson Combat:<\/strong> Gatillo, Reten de Corredera Extendido, Martillo, Beavertail y Tornillos de Cachas con Cabeza Hexagonal Inoxidables.<br \/>\n<strong>&#8211; &#8220;Artesanal TIRITO&#8221;:<\/strong> Seguro de Martillo con Espejo, Boton Extensor de Reten de Cargador y Estuche Recto Segrinado.<\/p>\n","protected":false},"featured_media":7123,"template":"","meta":{"_ti_tpc_template_sync":false,"_ti_tpc_template_id":""},"product_cat":[688],"product_tag":[],"yoast_head":"<!-- This site is optimized with the Yoast SEO plugin v19.8 - https:\/\/yoast.com\/wordpress\/plugins\/seo\/ -->\n<title>Pistola DGFM Sistema Colt Cal. 45 ACP - Usada - Tirito<\/title>\n<meta name=\"robots\" content=\"index, follow, max-snippet:-1, max-image-preview:large, max-video-preview:-1\" \/>\n<link rel=\"canonical\" href=\"https:\/\/www.tirito.com.ar\/webwp\/producto\/pistola-dgfm-sistema-colt-cal-45-acp-usada\/\" \/>\n<meta property=\"og:locale\" content=\"es_ES\" \/>\n<meta property=\"og:type\" content=\"article\" \/>\n<meta property=\"og:title\" content=\"Pistola DGFM Sistema Colt Cal. 45 ACP - Usada - Tirito\" \/>\n<meta property=\"og:description\" content=\"- USADA - Pistola DGFM Sistema Colt  Calibre: 45 ACP Pav\u00f3n: Original (Ver Fotos) Ca\u00f1\u00f3n: 8 (Original) Detalles: La pistola conserva su numeraci\u00f3n original en corredera, frame y ca\u00f1on. Se entrega con funda rigida, su cargador original y adem\u00e1s un cargador marca Wilson Combat y cachas Hogue americanas colocadas. Adem\u00e1s de lo mencionado, la pistola tiene colocados los siguientes repuestos... - Alza Regulable y Guion Target - Varilla extendida inoxidable Ed Brown - Resorte progresivo Wolf - Marca Wilson Combat: Gatillo, Reten de Corredera Extendido, Martillo, Beavertail y Tornillos de Cachas con Cabeza Hexagonal Inoxidables. - &quot;Artesanal TIRITO&quot;: Seguro de Martillo con Espejo, Boton Extensor de Reten de Cargador y Estuche Recto Segrinado.\" \/>\n<meta property=\"og:url\" content=\"https:\/\/www.tirito.com.ar\/webwp\/producto\/pistola-dgfm-sistema-colt-cal-45-acp-usada\/\" \/>\n<meta property=\"og:site_name\" content=\"Tirito\" \/>\n<meta property=\"article:modified_time\" content=\"2025-01-20T21:32:34+00:00\" \/>\n<meta property=\"og:image\" content=\"https:\/\/www.tirito.com.ar\/webwp\/wp-content\/uploads\/2023\/02\/DGFM-45_Tiri_1-scaled.jpg\" \/>\n\t<meta property=\"og:image:width\" content=\"2560\" \/>\n\t<meta property=\"og:image:height\" content=\"2560\" \/>\n\t<meta property=\"og:image:type\" content=\"image\/jpeg\" \/>\n<meta name=\"twitter:card\" content=\"summary_large_image\" \/>\n<script type=\"application\/ld+json\" class=\"yoast-schema-graph\">{\"@context\":\"https:\/\/schema.org\",\"@graph\":[{\"@type\":\"WebPage\",\"@id\":\"https:\/\/www.tirito.com.ar\/webwp\/producto\/pistola-dgfm-sistema-colt-cal-45-acp-usada\/\",\"url\":\"https:\/\/www.tirito.com.ar\/webwp\/producto\/pistola-dgfm-sistema-colt-cal-45-acp-usada\/\",\"name\":\"Pistola DGFM Sistema Colt Cal. 45 ACP - Usada - Tirito\",\"isPartOf\":{\"@id\":\"https:\/\/www.tirito.com.ar\/webwp\/#website\"},\"datePublished\":\"2023-02-23T17:55:43+00:00\",\"dateModified\":\"2025-01-20T21:32:34+00:00\",\"breadcrumb\":{\"@id\":\"https:\/\/www.tirito.com.ar\/webwp\/producto\/pistola-dgfm-sistema-colt-cal-45-acp-usada\/#breadcrumb\"},\"inLanguage\":\"es-AR\",\"potentialAction\":[{\"@type\":\"ReadAction\",\"target\":[\"https:\/\/www.tirito.com.ar\/webwp\/producto\/pistola-dgfm-sistema-colt-cal-45-acp-usada\/\"]}]},{\"@type\":\"BreadcrumbList\",\"@id\":\"https:\/\/www.tirito.com.ar\/webwp\/producto\/pistola-dgfm-sistema-colt-cal-45-acp-usada\/#breadcrumb\",\"itemListElement\":[{\"@type\":\"ListItem\",\"position\":1,\"name\":\"Inicio\",\"item\":\"https:\/\/www.tirito.com.ar\/webwp\/\"},{\"@type\":\"ListItem\",\"position\":2,\"name\":\"Tienda\",\"item\":\"https:\/\/www.tirito.com.ar\/webwp\/tienda\/\"},{\"@type\":\"ListItem\",\"position\":3,\"name\":\"Pistola DGFM Sistema Colt Cal. 45 ACP &#8211; Usada\"}]},{\"@type\":\"WebSite\",\"@id\":\"https:\/\/www.tirito.com.ar\/webwp\/#website\",\"url\":\"https:\/\/www.tirito.com.ar\/webwp\/\",\"name\":\"Tirito\",\"description\":\"Armeria\",\"publisher\":{\"@id\":\"https:\/\/www.tirito.com.ar\/webwp\/#organization\"},\"potentialAction\":[{\"@type\":\"SearchAction\",\"target\":{\"@type\":\"EntryPoint\",\"urlTemplate\":\"https:\/\/www.tirito.com.ar\/webwp\/?s={search_term_string}\"},\"query-input\":\"required name=search_term_string\"}],\"inLanguage\":\"es-AR\"},{\"@type\":\"Organization\",\"@id\":\"https:\/\/www.tirito.com.ar\/webwp\/#organization\",\"name\":\"Tirito\",\"url\":\"https:\/\/www.tirito.com.ar\/webwp\/\",\"sameAs\":[],\"logo\":{\"@type\":\"ImageObject\",\"inLanguage\":\"es-AR\",\"@id\":\"https:\/\/www.tirito.com.ar\/webwp\/#\/schema\/logo\/image\/\",\"url\":\"http:\/\/www.tirito.com.ar\/webwp\/wp-content\/uploads\/2022\/10\/tirilogo3.png\",\"contentUrl\":\"http:\/\/www.tirito.com.ar\/webwp\/wp-content\/uploads\/2022\/10\/tirilogo3.png\",\"width\":200,\"height\":200,\"caption\":\"Tirito\"},\"image\":{\"@id\":\"https:\/\/www.tirito.com.ar\/webwp\/#\/schema\/logo\/image\/\"}}]}<\/script>\n<!-- \/ Yoast SEO plugin. -->","yoast_head_json":{"title":"Pistola DGFM Sistema Colt Cal. 45 ACP - Usada - Tirito","robots":{"index":"index","follow":"follow","max-snippet":"max-snippet:-1","max-image-preview":"max-image-preview:large","max-video-preview":"max-video-preview:-1"},"canonical":"https:\/\/www.tirito.com.ar\/webwp\/producto\/pistola-dgfm-sistema-colt-cal-45-acp-usada\/","og_locale":"es_ES","og_type":"article","og_title":"Pistola DGFM Sistema Colt Cal. 45 ACP - Usada - Tirito","og_description":"- USADA - Pistola DGFM Sistema Colt  Calibre: 45 ACP Pav\u00f3n: Original (Ver Fotos) Ca\u00f1\u00f3n: 8 (Original) Detalles: La pistola conserva su numeraci\u00f3n original en corredera, frame y ca\u00f1on. Se entrega con funda rigida, su cargador original y adem\u00e1s un cargador marca Wilson Combat y cachas Hogue americanas colocadas. Adem\u00e1s de lo mencionado, la pistola tiene colocados los siguientes repuestos... - Alza Regulable y Guion Target - Varilla extendida inoxidable Ed Brown - Resorte progresivo Wolf - Marca Wilson Combat: Gatillo, Reten de Corredera Extendido, Martillo, Beavertail y Tornillos de Cachas con Cabeza Hexagonal Inoxidables. - \"Artesanal TIRITO\": Seguro de Martillo con Espejo, Boton Extensor de Reten de Cargador y Estuche Recto Segrinado.","og_url":"https:\/\/www.tirito.com.ar\/webwp\/producto\/pistola-dgfm-sistema-colt-cal-45-acp-usada\/","og_site_name":"Tirito","article_modified_time":"2025-01-20T21:32:34+00:00","og_image":[{"width":2560,"height":2560,"url":"https:\/\/www.tirito.com.ar\/webwp\/wp-content\/uploads\/2023\/02\/DGFM-45_Tiri_1-scaled.jpg","type":"image\/jpeg"}],"twitter_card":"summary_large_image","schema":{"@context":"https:\/\/schema.org","@graph":[{"@type":"WebPage","@id":"https:\/\/www.tirito.com.ar\/webwp\/producto\/pistola-dgfm-sistema-colt-cal-45-acp-usada\/","url":"https:\/\/www.tirito.com.ar\/webwp\/producto\/pistola-dgfm-sistema-colt-cal-45-acp-usada\/","name":"Pistola DGFM Sistema Colt Cal. 45 ACP - Usada - Tirito","isPartOf":{"@id":"https:\/\/www.tirito.com.ar\/webwp\/#website"},"datePublished":"2023-02-23T17:55:43+00:00","dateModified":"2025-01-20T21:32:34+00:00","breadcrumb":{"@id":"https:\/\/www.tirito.com.ar\/webwp\/producto\/pistola-dgfm-sistema-colt-cal-45-acp-usada\/#breadcrumb"},"inLanguage":"es-AR","potentialAction":[{"@type":"ReadAction","target":["https:\/\/www.tirito.com.ar\/webwp\/producto\/pistola-dgfm-sistema-colt-cal-45-acp-usada\/"]}]},{"@type":"BreadcrumbList","@id":"https:\/\/www.tirito.com.ar\/webwp\/producto\/pistola-dgfm-sistema-colt-cal-45-acp-usada\/#breadcrumb","itemListElement":[{"@type":"ListItem","position":1,"name":"Inicio","item":"https:\/\/www.tirito.com.ar\/webwp\/"},{"@type":"ListItem","position":2,"name":"Tienda","item":"https:\/\/www.tirito.com.ar\/webwp\/tienda\/"},{"@type":"ListItem","position":3,"name":"Pistola DGFM Sistema Colt Cal. 45 ACP &#8211; Usada"}]},{"@type":"WebSite","@id":"https:\/\/www.tirito.com.ar\/webwp\/#website","url":"https:\/\/www.tirito.com.ar\/webwp\/","name":"Tirito","description":"Armeria","publisher":{"@id":"https:\/\/www.tirito.com.ar\/webwp\/#organization"},"potentialAction":[{"@type":"SearchAction","target":{"@type":"EntryPoint","urlTemplate":"https:\/\/www.tirito.com.ar\/webwp\/?s={search_term_string}"},"query-input":"required name=search_term_string"}],"inLanguage":"es-AR"},{"@type":"Organization","@id":"https:\/\/www.tirito.com.ar\/webwp\/#organization","name":"Tirito","url":"https:\/\/www.tirito.com.ar\/webwp\/","sameAs":[],"logo":{"@type":"ImageObject","inLanguage":"es-AR","@id":"https:\/\/www.tirito.com.ar\/webwp\/#\/schema\/logo\/image\/","url":"http:\/\/www.tirito.com.ar\/webwp\/wp-content\/uploads\/2022\/10\/tirilogo3.png","contentUrl":"http:\/\/www.tirito.com.ar\/webwp\/wp-content\/uploads\/2022\/10\/tirilogo3.png","width":200,"height":200,"caption":"Tirito"},"image":{"@id":"https:\/\/www.tirito.com.ar\/webwp\/#\/schema\/logo\/image\/"}}]}},"_links":{"self":[{"href":"https:\/\/www.tirito.com.ar\/webwp\/wp-json\/wp\/v2\/product\/7121"}],"collection":[{"href":"https:\/\/www.tirito.com.ar\/webwp\/wp-json\/wp\/v2\/product"}],"about":[{"href":"https:\/\/www.tirito.com.ar\/webwp\/wp-json\/wp\/v2\/types\/product"}],"wp:featuredmedia":[{"embeddable":true,"href":"https:\/\/www.tirito.com.ar\/webwp\/wp-json\/wp\/v2\/media\/7123"}],"wp:attachment":[{"href":"https:\/\/www.tirito.com.ar\/webwp\/wp-json\/wp\/v2\/media?parent=7121"}],"wp:term":[{"taxonomy":"product_cat","embeddable":true,"href":"https:\/\/www.tirito.com.ar\/webwp\/wp-json\/wp\/v2\/product_cat?post=7121"},{"taxonomy":"product_tag","embeddable":true,"href":"https:\/\/www.tirito.com.ar\/webwp\/wp-json\/wp\/v2\/product_tag?post=7121"}],"curies":[{"name":"wp","href":"https:\/\/api.w.org\/{rel}","templated":true}]}}