{"id":7056,"date":"2023-02-23T10:39:55","date_gmt":"2023-02-23T13:39:55","guid":{"rendered":"http:\/\/www.tirito.com.ar\/webwp\/?post_type=product&#038;p=7056"},"modified":"2025-01-20T18:32:57","modified_gmt":"2025-01-20T21:32:57","slug":"pistola-tala-m-87-cal-22lr-usada","status":"publish","type":"product","link":"https:\/\/www.tirito.com.ar\/webwp\/producto\/pistola-tala-m-87-cal-22lr-usada\/","title":{"rendered":"Pistola Tala M-87 Woodmaster Cal. 22LR"},"content":{"rendered":"","protected":false},"excerpt":{"rendered":"<p><strong>Pistola Tala M-87 Woodmaster<br \/>\n<\/strong><\/p>\n<p>Calibre: 22LR<br \/>\nCa\u00f1\u00f3n: 9.9<br \/>\nDetalles: Se trata de la afamada pistola Argentina Tala, pero hecha para importaci\u00f3n en el a\u00f1o &#8217;87 (como se puede apreciar en el marcaje de su corredera). Como se puede ver en las fotos esta pistola fue MIA&#8230; Personal, y con ella tir\u00e9 varias disciplinas deportivas de competici\u00f3n. Le confeccion\u00e9 cachas anat\u00f3micas de madera, un contrapeso de bronce, un gui\u00f3n y le coloque un alza Millet&#8230; Todo esto, hecho por mi con &#8220;voluntad&#8221; pero, como se podr\u00e1 ver, sin la capacidad necesaria&#8230; Jajaja<\/p>\n","protected":false},"featured_media":7070,"template":"","meta":{"_ti_tpc_template_sync":false,"_ti_tpc_template_id":""},"product_cat":[688],"product_tag":[],"yoast_head":"<!-- This site is optimized with the Yoast SEO plugin v19.8 - https:\/\/yoast.com\/wordpress\/plugins\/seo\/ -->\n<title>Pistola Tala M-87 Woodmaster Cal. 22LR - Tirito<\/title>\n<meta name=\"robots\" content=\"index, follow, max-snippet:-1, max-image-preview:large, max-video-preview:-1\" \/>\n<link rel=\"canonical\" href=\"https:\/\/www.tirito.com.ar\/webwp\/producto\/pistola-tala-m-87-cal-22lr-usada\/\" \/>\n<meta property=\"og:locale\" content=\"es_ES\" \/>\n<meta property=\"og:type\" content=\"article\" \/>\n<meta property=\"og:title\" content=\"Pistola Tala M-87 Woodmaster Cal. 22LR - Tirito\" \/>\n<meta property=\"og:description\" content=\"Pistola Tala M-87 Woodmaster   Calibre: 22LR Ca\u00f1\u00f3n: 9.9 Detalles: Se trata de la afamada pistola Argentina Tala, pero hecha para importaci\u00f3n en el a\u00f1o &#039;87 (como se puede apreciar en el marcaje de su corredera). Como se puede ver en las fotos esta pistola fue MIA... Personal, y con ella tir\u00e9 varias disciplinas deportivas de competici\u00f3n. Le confeccion\u00e9 cachas anat\u00f3micas de madera, un contrapeso de bronce, un gui\u00f3n y le coloque un alza Millet... Todo esto, hecho por mi con &quot;voluntad&quot; pero, como se podr\u00e1 ver, sin la capacidad necesaria... Jajaja\" \/>\n<meta property=\"og:url\" content=\"https:\/\/www.tirito.com.ar\/webwp\/producto\/pistola-tala-m-87-cal-22lr-usada\/\" \/>\n<meta property=\"og:site_name\" content=\"Tirito\" \/>\n<meta property=\"article:modified_time\" content=\"2025-01-20T21:32:57+00:00\" \/>\n<meta property=\"og:image\" content=\"https:\/\/www.tirito.com.ar\/webwp\/wp-content\/uploads\/2023\/02\/Tala-22-T_2.jpg\" \/>\n\t<meta property=\"og:image:width\" content=\"2000\" \/>\n\t<meta property=\"og:image:height\" content=\"2000\" \/>\n\t<meta property=\"og:image:type\" content=\"image\/jpeg\" \/>\n<meta name=\"twitter:card\" content=\"summary_large_image\" \/>\n<script type=\"application\/ld+json\" class=\"yoast-schema-graph\">{\"@context\":\"https:\/\/schema.org\",\"@graph\":[{\"@type\":\"WebPage\",\"@id\":\"https:\/\/www.tirito.com.ar\/webwp\/producto\/pistola-tala-m-87-cal-22lr-usada\/\",\"url\":\"https:\/\/www.tirito.com.ar\/webwp\/producto\/pistola-tala-m-87-cal-22lr-usada\/\",\"name\":\"Pistola Tala M-87 Woodmaster Cal. 22LR - Tirito\",\"isPartOf\":{\"@id\":\"https:\/\/www.tirito.com.ar\/webwp\/#website\"},\"datePublished\":\"2023-02-23T13:39:55+00:00\",\"dateModified\":\"2025-01-20T21:32:57+00:00\",\"breadcrumb\":{\"@id\":\"https:\/\/www.tirito.com.ar\/webwp\/producto\/pistola-tala-m-87-cal-22lr-usada\/#breadcrumb\"},\"inLanguage\":\"es-AR\",\"potentialAction\":[{\"@type\":\"ReadAction\",\"target\":[\"https:\/\/www.tirito.com.ar\/webwp\/producto\/pistola-tala-m-87-cal-22lr-usada\/\"]}]},{\"@type\":\"BreadcrumbList\",\"@id\":\"https:\/\/www.tirito.com.ar\/webwp\/producto\/pistola-tala-m-87-cal-22lr-usada\/#breadcrumb\",\"itemListElement\":[{\"@type\":\"ListItem\",\"position\":1,\"name\":\"Inicio\",\"item\":\"https:\/\/www.tirito.com.ar\/webwp\/\"},{\"@type\":\"ListItem\",\"position\":2,\"name\":\"Tienda\",\"item\":\"https:\/\/www.tirito.com.ar\/webwp\/tienda\/\"},{\"@type\":\"ListItem\",\"position\":3,\"name\":\"Pistola Tala M-87 Woodmaster Cal. 22LR\"}]},{\"@type\":\"WebSite\",\"@id\":\"https:\/\/www.tirito.com.ar\/webwp\/#website\",\"url\":\"https:\/\/www.tirito.com.ar\/webwp\/\",\"name\":\"Tirito\",\"description\":\"Armeria\",\"publisher\":{\"@id\":\"https:\/\/www.tirito.com.ar\/webwp\/#organization\"},\"potentialAction\":[{\"@type\":\"SearchAction\",\"target\":{\"@type\":\"EntryPoint\",\"urlTemplate\":\"https:\/\/www.tirito.com.ar\/webwp\/?s={search_term_string}\"},\"query-input\":\"required name=search_term_string\"}],\"inLanguage\":\"es-AR\"},{\"@type\":\"Organization\",\"@id\":\"https:\/\/www.tirito.com.ar\/webwp\/#organization\",\"name\":\"Tirito\",\"url\":\"https:\/\/www.tirito.com.ar\/webwp\/\",\"sameAs\":[],\"logo\":{\"@type\":\"ImageObject\",\"inLanguage\":\"es-AR\",\"@id\":\"https:\/\/www.tirito.com.ar\/webwp\/#\/schema\/logo\/image\/\",\"url\":\"http:\/\/www.tirito.com.ar\/webwp\/wp-content\/uploads\/2022\/10\/tirilogo3.png\",\"contentUrl\":\"http:\/\/www.tirito.com.ar\/webwp\/wp-content\/uploads\/2022\/10\/tirilogo3.png\",\"width\":200,\"height\":200,\"caption\":\"Tirito\"},\"image\":{\"@id\":\"https:\/\/www.tirito.com.ar\/webwp\/#\/schema\/logo\/image\/\"}}]}<\/script>\n<!-- \/ Yoast SEO plugin. -->","yoast_head_json":{"title":"Pistola Tala M-87 Woodmaster Cal. 22LR - Tirito","robots":{"index":"index","follow":"follow","max-snippet":"max-snippet:-1","max-image-preview":"max-image-preview:large","max-video-preview":"max-video-preview:-1"},"canonical":"https:\/\/www.tirito.com.ar\/webwp\/producto\/pistola-tala-m-87-cal-22lr-usada\/","og_locale":"es_ES","og_type":"article","og_title":"Pistola Tala M-87 Woodmaster Cal. 22LR - Tirito","og_description":"Pistola Tala M-87 Woodmaster   Calibre: 22LR Ca\u00f1\u00f3n: 9.9 Detalles: Se trata de la afamada pistola Argentina Tala, pero hecha para importaci\u00f3n en el a\u00f1o '87 (como se puede apreciar en el marcaje de su corredera). Como se puede ver en las fotos esta pistola fue MIA... Personal, y con ella tir\u00e9 varias disciplinas deportivas de competici\u00f3n. Le confeccion\u00e9 cachas anat\u00f3micas de madera, un contrapeso de bronce, un gui\u00f3n y le coloque un alza Millet... Todo esto, hecho por mi con \"voluntad\" pero, como se podr\u00e1 ver, sin la capacidad necesaria... Jajaja","og_url":"https:\/\/www.tirito.com.ar\/webwp\/producto\/pistola-tala-m-87-cal-22lr-usada\/","og_site_name":"Tirito","article_modified_time":"2025-01-20T21:32:57+00:00","og_image":[{"width":2000,"height":2000,"url":"https:\/\/www.tirito.com.ar\/webwp\/wp-content\/uploads\/2023\/02\/Tala-22-T_2.jpg","type":"image\/jpeg"}],"twitter_card":"summary_large_image","schema":{"@context":"https:\/\/schema.org","@graph":[{"@type":"WebPage","@id":"https:\/\/www.tirito.com.ar\/webwp\/producto\/pistola-tala-m-87-cal-22lr-usada\/","url":"https:\/\/www.tirito.com.ar\/webwp\/producto\/pistola-tala-m-87-cal-22lr-usada\/","name":"Pistola Tala M-87 Woodmaster Cal. 22LR - Tirito","isPartOf":{"@id":"https:\/\/www.tirito.com.ar\/webwp\/#website"},"datePublished":"2023-02-23T13:39:55+00:00","dateModified":"2025-01-20T21:32:57+00:00","breadcrumb":{"@id":"https:\/\/www.tirito.com.ar\/webwp\/producto\/pistola-tala-m-87-cal-22lr-usada\/#breadcrumb"},"inLanguage":"es-AR","potentialAction":[{"@type":"ReadAction","target":["https:\/\/www.tirito.com.ar\/webwp\/producto\/pistola-tala-m-87-cal-22lr-usada\/"]}]},{"@type":"BreadcrumbList","@id":"https:\/\/www.tirito.com.ar\/webwp\/producto\/pistola-tala-m-87-cal-22lr-usada\/#breadcrumb","itemListElement":[{"@type":"ListItem","position":1,"name":"Inicio","item":"https:\/\/www.tirito.com.ar\/webwp\/"},{"@type":"ListItem","position":2,"name":"Tienda","item":"https:\/\/www.tirito.com.ar\/webwp\/tienda\/"},{"@type":"ListItem","position":3,"name":"Pistola Tala M-87 Woodmaster Cal. 22LR"}]},{"@type":"WebSite","@id":"https:\/\/www.tirito.com.ar\/webwp\/#website","url":"https:\/\/www.tirito.com.ar\/webwp\/","name":"Tirito","description":"Armeria","publisher":{"@id":"https:\/\/www.tirito.com.ar\/webwp\/#organization"},"potentialAction":[{"@type":"SearchAction","target":{"@type":"EntryPoint","urlTemplate":"https:\/\/www.tirito.com.ar\/webwp\/?s={search_term_string}"},"query-input":"required name=search_term_string"}],"inLanguage":"es-AR"},{"@type":"Organization","@id":"https:\/\/www.tirito.com.ar\/webwp\/#organization","name":"Tirito","url":"https:\/\/www.tirito.com.ar\/webwp\/","sameAs":[],"logo":{"@type":"ImageObject","inLanguage":"es-AR","@id":"https:\/\/www.tirito.com.ar\/webwp\/#\/schema\/logo\/image\/","url":"http:\/\/www.tirito.com.ar\/webwp\/wp-content\/uploads\/2022\/10\/tirilogo3.png","contentUrl":"http:\/\/www.tirito.com.ar\/webwp\/wp-content\/uploads\/2022\/10\/tirilogo3.png","width":200,"height":200,"caption":"Tirito"},"image":{"@id":"https:\/\/www.tirito.com.ar\/webwp\/#\/schema\/logo\/image\/"}}]}},"_links":{"self":[{"href":"https:\/\/www.tirito.com.ar\/webwp\/wp-json\/wp\/v2\/product\/7056"}],"collection":[{"href":"https:\/\/www.tirito.com.ar\/webwp\/wp-json\/wp\/v2\/product"}],"about":[{"href":"https:\/\/www.tirito.com.ar\/webwp\/wp-json\/wp\/v2\/types\/product"}],"wp:featuredmedia":[{"embeddable":true,"href":"https:\/\/www.tirito.com.ar\/webwp\/wp-json\/wp\/v2\/media\/7070"}],"wp:attachment":[{"href":"https:\/\/www.tirito.com.ar\/webwp\/wp-json\/wp\/v2\/media?parent=7056"}],"wp:term":[{"taxonomy":"product_cat","embeddable":true,"href":"https:\/\/www.tirito.com.ar\/webwp\/wp-json\/wp\/v2\/product_cat?post=7056"},{"taxonomy":"product_tag","embeddable":true,"href":"https:\/\/www.tirito.com.ar\/webwp\/wp-json\/wp\/v2\/product_tag?post=7056"}],"curies":[{"name":"wp","href":"https:\/\/api.w.org\/{rel}","templated":true}]}}