{"id":6648,"date":"2024-12-12T09:36:45","date_gmt":"2024-12-12T12:36:45","guid":{"rendered":"http:\/\/www.tirito.com.ar\/webwp\/?post_type=product&#038;p=6648"},"modified":"2025-05-16T23:56:04","modified_gmt":"2025-05-17T02:56:04","slug":"pistola-bersa-thunder-22-fde-nueva-0km","status":"publish","type":"product","link":"https:\/\/www.tirito.com.ar\/webwp\/producto\/pistola-bersa-thunder-22-fde-nueva-0km\/","title":{"rendered":"Pistola Bersa Thunder 22 FDE &#8211; Nueva 0km"},"content":{"rendered":"","protected":false},"excerpt":{"rendered":"<p><strong>Pistola Bersa Thunder 22 FDE &#8211; Nueva 0km<\/strong><\/p>\n<p>Calibre: 22 LR<br \/>\nCapacidad: 10 tiros<br \/>\nLargo de Ca\u00f1o: 90cm<br \/>\nDetalles: Doble acci\u00f2n, ca\u00f1o estriado, decocker. Con ba\u00f1o de p\u00ecntura cerakote Flat Dark Earth (FDE). Se entrega en su caja plastica original, con manual y 2 cargadores.<\/p>\n<h6 style=\"text-align: left;\"><img decoding=\"async\" loading=\"lazy\" class=\"alignnone size-full wp-image-6470\" src=\"http:\/\/www.tirito.com.ar\/webwp\/wp-content\/uploads\/2022\/06\/MejorValor-e1667396339493.jpg\" alt=\"\" width=\"400\" height=\"200\" srcset=\"https:\/\/www.tirito.com.ar\/webwp\/wp-content\/uploads\/2022\/06\/MejorValor-e1667396339493.jpg 400w, https:\/\/www.tirito.com.ar\/webwp\/wp-content\/uploads\/2022\/06\/MejorValor-e1667396339493-300x150.jpg 300w, https:\/\/www.tirito.com.ar\/webwp\/wp-content\/uploads\/2022\/06\/MejorValor-e1667396339493-64x32.jpg 64w\" sizes=\"(max-width: 400px) 100vw, 400px\" \/><\/h6>\n","protected":false},"featured_media":13357,"template":"","meta":{"_ti_tpc_template_sync":false,"_ti_tpc_template_id":""},"product_cat":[43],"product_tag":[682,39,1289,41,199],"yoast_head":"<!-- This site is optimized with the Yoast SEO plugin v19.8 - https:\/\/yoast.com\/wordpress\/plugins\/seo\/ -->\n<title>Pistola Bersa Thunder 22 FDE - Nueva 0km - Tirito<\/title>\n<meta name=\"robots\" content=\"index, follow, max-snippet:-1, max-image-preview:large, max-video-preview:-1\" \/>\n<link rel=\"canonical\" href=\"https:\/\/www.tirito.com.ar\/webwp\/producto\/pistola-bersa-thunder-22-fde-nueva-0km\/\" \/>\n<meta property=\"og:locale\" content=\"es_ES\" \/>\n<meta property=\"og:type\" content=\"article\" \/>\n<meta property=\"og:title\" content=\"Pistola Bersa Thunder 22 FDE - Nueva 0km - Tirito\" \/>\n<meta property=\"og:description\" content=\"Pistola Bersa Thunder 22 FDE - Nueva 0km  Calibre: 22 LR Capacidad: 10 tiros Largo de Ca\u00f1o: 90cm Detalles: Doble acci\u00f2n, ca\u00f1o estriado, decocker. Con ba\u00f1o de p\u00ecntura cerakote Flat Dark Earth (FDE). Se entrega en su caja plastica original, con manual y 2 cargadores.\" \/>\n<meta property=\"og:url\" content=\"https:\/\/www.tirito.com.ar\/webwp\/producto\/pistola-bersa-thunder-22-fde-nueva-0km\/\" \/>\n<meta property=\"og:site_name\" content=\"Tirito\" \/>\n<meta property=\"article:modified_time\" content=\"2025-05-17T02:56:04+00:00\" \/>\n<meta property=\"og:image\" content=\"https:\/\/www.tirito.com.ar\/webwp\/wp-content\/uploads\/2022\/11\/20241212_140026-Photoroom-1-tile.jpg\" \/>\n\t<meta property=\"og:image:width\" content=\"2000\" \/>\n\t<meta property=\"og:image:height\" content=\"2000\" \/>\n\t<meta property=\"og:image:type\" content=\"image\/jpeg\" \/>\n<meta name=\"twitter:card\" content=\"summary_large_image\" \/>\n<script type=\"application\/ld+json\" class=\"yoast-schema-graph\">{\"@context\":\"https:\/\/schema.org\",\"@graph\":[{\"@type\":\"WebPage\",\"@id\":\"https:\/\/www.tirito.com.ar\/webwp\/producto\/pistola-bersa-thunder-22-fde-nueva-0km\/\",\"url\":\"https:\/\/www.tirito.com.ar\/webwp\/producto\/pistola-bersa-thunder-22-fde-nueva-0km\/\",\"name\":\"Pistola Bersa Thunder 22 FDE - Nueva 0km - Tirito\",\"isPartOf\":{\"@id\":\"https:\/\/www.tirito.com.ar\/webwp\/#website\"},\"datePublished\":\"2024-12-12T12:36:45+00:00\",\"dateModified\":\"2025-05-17T02:56:04+00:00\",\"breadcrumb\":{\"@id\":\"https:\/\/www.tirito.com.ar\/webwp\/producto\/pistola-bersa-thunder-22-fde-nueva-0km\/#breadcrumb\"},\"inLanguage\":\"es-AR\",\"potentialAction\":[{\"@type\":\"ReadAction\",\"target\":[\"https:\/\/www.tirito.com.ar\/webwp\/producto\/pistola-bersa-thunder-22-fde-nueva-0km\/\"]}]},{\"@type\":\"BreadcrumbList\",\"@id\":\"https:\/\/www.tirito.com.ar\/webwp\/producto\/pistola-bersa-thunder-22-fde-nueva-0km\/#breadcrumb\",\"itemListElement\":[{\"@type\":\"ListItem\",\"position\":1,\"name\":\"Inicio\",\"item\":\"https:\/\/www.tirito.com.ar\/webwp\/\"},{\"@type\":\"ListItem\",\"position\":2,\"name\":\"Tienda\",\"item\":\"https:\/\/www.tirito.com.ar\/webwp\/tienda\/\"},{\"@type\":\"ListItem\",\"position\":3,\"name\":\"Pistola Bersa Thunder 22 FDE &#8211; Nueva 0km\"}]},{\"@type\":\"WebSite\",\"@id\":\"https:\/\/www.tirito.com.ar\/webwp\/#website\",\"url\":\"https:\/\/www.tirito.com.ar\/webwp\/\",\"name\":\"Tirito\",\"description\":\"Armeria\",\"publisher\":{\"@id\":\"https:\/\/www.tirito.com.ar\/webwp\/#organization\"},\"potentialAction\":[{\"@type\":\"SearchAction\",\"target\":{\"@type\":\"EntryPoint\",\"urlTemplate\":\"https:\/\/www.tirito.com.ar\/webwp\/?s={search_term_string}\"},\"query-input\":\"required name=search_term_string\"}],\"inLanguage\":\"es-AR\"},{\"@type\":\"Organization\",\"@id\":\"https:\/\/www.tirito.com.ar\/webwp\/#organization\",\"name\":\"Tirito\",\"url\":\"https:\/\/www.tirito.com.ar\/webwp\/\",\"sameAs\":[],\"logo\":{\"@type\":\"ImageObject\",\"inLanguage\":\"es-AR\",\"@id\":\"https:\/\/www.tirito.com.ar\/webwp\/#\/schema\/logo\/image\/\",\"url\":\"http:\/\/www.tirito.com.ar\/webwp\/wp-content\/uploads\/2022\/10\/tirilogo3.png\",\"contentUrl\":\"http:\/\/www.tirito.com.ar\/webwp\/wp-content\/uploads\/2022\/10\/tirilogo3.png\",\"width\":200,\"height\":200,\"caption\":\"Tirito\"},\"image\":{\"@id\":\"https:\/\/www.tirito.com.ar\/webwp\/#\/schema\/logo\/image\/\"}}]}<\/script>\n<!-- \/ Yoast SEO plugin. -->","yoast_head_json":{"title":"Pistola Bersa Thunder 22 FDE - Nueva 0km - Tirito","robots":{"index":"index","follow":"follow","max-snippet":"max-snippet:-1","max-image-preview":"max-image-preview:large","max-video-preview":"max-video-preview:-1"},"canonical":"https:\/\/www.tirito.com.ar\/webwp\/producto\/pistola-bersa-thunder-22-fde-nueva-0km\/","og_locale":"es_ES","og_type":"article","og_title":"Pistola Bersa Thunder 22 FDE - Nueva 0km - Tirito","og_description":"Pistola Bersa Thunder 22 FDE - Nueva 0km  Calibre: 22 LR Capacidad: 10 tiros Largo de Ca\u00f1o: 90cm Detalles: Doble acci\u00f2n, ca\u00f1o estriado, decocker. Con ba\u00f1o de p\u00ecntura cerakote Flat Dark Earth (FDE). Se entrega en su caja plastica original, con manual y 2 cargadores.","og_url":"https:\/\/www.tirito.com.ar\/webwp\/producto\/pistola-bersa-thunder-22-fde-nueva-0km\/","og_site_name":"Tirito","article_modified_time":"2025-05-17T02:56:04+00:00","og_image":[{"width":2000,"height":2000,"url":"https:\/\/www.tirito.com.ar\/webwp\/wp-content\/uploads\/2022\/11\/20241212_140026-Photoroom-1-tile.jpg","type":"image\/jpeg"}],"twitter_card":"summary_large_image","schema":{"@context":"https:\/\/schema.org","@graph":[{"@type":"WebPage","@id":"https:\/\/www.tirito.com.ar\/webwp\/producto\/pistola-bersa-thunder-22-fde-nueva-0km\/","url":"https:\/\/www.tirito.com.ar\/webwp\/producto\/pistola-bersa-thunder-22-fde-nueva-0km\/","name":"Pistola Bersa Thunder 22 FDE - Nueva 0km - Tirito","isPartOf":{"@id":"https:\/\/www.tirito.com.ar\/webwp\/#website"},"datePublished":"2024-12-12T12:36:45+00:00","dateModified":"2025-05-17T02:56:04+00:00","breadcrumb":{"@id":"https:\/\/www.tirito.com.ar\/webwp\/producto\/pistola-bersa-thunder-22-fde-nueva-0km\/#breadcrumb"},"inLanguage":"es-AR","potentialAction":[{"@type":"ReadAction","target":["https:\/\/www.tirito.com.ar\/webwp\/producto\/pistola-bersa-thunder-22-fde-nueva-0km\/"]}]},{"@type":"BreadcrumbList","@id":"https:\/\/www.tirito.com.ar\/webwp\/producto\/pistola-bersa-thunder-22-fde-nueva-0km\/#breadcrumb","itemListElement":[{"@type":"ListItem","position":1,"name":"Inicio","item":"https:\/\/www.tirito.com.ar\/webwp\/"},{"@type":"ListItem","position":2,"name":"Tienda","item":"https:\/\/www.tirito.com.ar\/webwp\/tienda\/"},{"@type":"ListItem","position":3,"name":"Pistola Bersa Thunder 22 FDE &#8211; Nueva 0km"}]},{"@type":"WebSite","@id":"https:\/\/www.tirito.com.ar\/webwp\/#website","url":"https:\/\/www.tirito.com.ar\/webwp\/","name":"Tirito","description":"Armeria","publisher":{"@id":"https:\/\/www.tirito.com.ar\/webwp\/#organization"},"potentialAction":[{"@type":"SearchAction","target":{"@type":"EntryPoint","urlTemplate":"https:\/\/www.tirito.com.ar\/webwp\/?s={search_term_string}"},"query-input":"required name=search_term_string"}],"inLanguage":"es-AR"},{"@type":"Organization","@id":"https:\/\/www.tirito.com.ar\/webwp\/#organization","name":"Tirito","url":"https:\/\/www.tirito.com.ar\/webwp\/","sameAs":[],"logo":{"@type":"ImageObject","inLanguage":"es-AR","@id":"https:\/\/www.tirito.com.ar\/webwp\/#\/schema\/logo\/image\/","url":"http:\/\/www.tirito.com.ar\/webwp\/wp-content\/uploads\/2022\/10\/tirilogo3.png","contentUrl":"http:\/\/www.tirito.com.ar\/webwp\/wp-content\/uploads\/2022\/10\/tirilogo3.png","width":200,"height":200,"caption":"Tirito"},"image":{"@id":"https:\/\/www.tirito.com.ar\/webwp\/#\/schema\/logo\/image\/"}}]}},"_links":{"self":[{"href":"https:\/\/www.tirito.com.ar\/webwp\/wp-json\/wp\/v2\/product\/6648"}],"collection":[{"href":"https:\/\/www.tirito.com.ar\/webwp\/wp-json\/wp\/v2\/product"}],"about":[{"href":"https:\/\/www.tirito.com.ar\/webwp\/wp-json\/wp\/v2\/types\/product"}],"wp:featuredmedia":[{"embeddable":true,"href":"https:\/\/www.tirito.com.ar\/webwp\/wp-json\/wp\/v2\/media\/13357"}],"wp:attachment":[{"href":"https:\/\/www.tirito.com.ar\/webwp\/wp-json\/wp\/v2\/media?parent=6648"}],"wp:term":[{"taxonomy":"product_cat","embeddable":true,"href":"https:\/\/www.tirito.com.ar\/webwp\/wp-json\/wp\/v2\/product_cat?post=6648"},{"taxonomy":"product_tag","embeddable":true,"href":"https:\/\/www.tirito.com.ar\/webwp\/wp-json\/wp\/v2\/product_tag?post=6648"}],"curies":[{"name":"wp","href":"https:\/\/api.w.org\/{rel}","templated":true}]}}