{"id":6554,"date":"2022-11-04T15:44:31","date_gmt":"2022-11-04T18:44:31","guid":{"rendered":"http:\/\/www.tirito.com.ar\/webwp\/?post_type=product&#038;p=6554"},"modified":"2023-06-08T09:49:25","modified_gmt":"2023-06-08T12:49:25","slug":"escopeta-akkar-churchill-206-trap","status":"publish","type":"product","link":"https:\/\/www.tirito.com.ar\/webwp\/producto\/escopeta-akkar-churchill-206-trap\/","title":{"rendered":"6752 &#8211; Escopeta Akkar Churchill 206 Trap"},"content":{"rendered":"<p>La culata es de fino Nogal seleccionado ajustable. Rec\u00e1mara de 3&#8243; (76 mm). Su b\u00e1scula es de acero. Terminaci\u00f3n de los ca\u00f1ones en pav\u00f3n brillante. Extractores autom\u00e1ticos. Incluye 5 chokes extendidos intercambiables. Mira de fibra \u00f3ptica colocada. El ca\u00f1\u00f3n es de 76cm (30&#8243;), con un largo total de 121cm y un peso de 3.60Kg.<\/p>\n<p><img decoding=\"async\" loading=\"lazy\" class=\"size-full wp-image-6470 aligncenter\" src=\"http:\/\/www.tirito.com.ar\/webwp\/wp-content\/uploads\/2022\/06\/MejorValor-e1667396339493.jpg\" alt=\"\" width=\"400\" height=\"200\" srcset=\"https:\/\/www.tirito.com.ar\/webwp\/wp-content\/uploads\/2022\/06\/MejorValor-e1667396339493.jpg 400w, https:\/\/www.tirito.com.ar\/webwp\/wp-content\/uploads\/2022\/06\/MejorValor-e1667396339493-300x150.jpg 300w, https:\/\/www.tirito.com.ar\/webwp\/wp-content\/uploads\/2022\/06\/MejorValor-e1667396339493-64x32.jpg 64w\" sizes=\"(max-width: 400px) 100vw, 400px\" \/><\/p>\n","protected":false},"excerpt":{"rendered":"<p><strong>Escopeta Akkar Churchill 206 Trap<\/strong><br \/>\nCalibre: 12 UAB<br \/>\nCulata de Nogal Seleccionado (carrillera regulable)<br \/>\nTerminaci\u00f3n pav\u00f3n brillante.<br \/>\n<em>(Leer abajo para mas informaci\u00f3n)<\/em><\/p>\n<p><strong>Codigo: 6752<\/strong><\/p>\n<p><img decoding=\"async\" loading=\"lazy\" class=\"alignnone size-full wp-image-6470\" src=\"http:\/\/www.tirito.com.ar\/webwp\/wp-content\/uploads\/2022\/06\/MejorValor-e1667396339493.jpg\" alt=\"\" width=\"400\" height=\"200\" srcset=\"https:\/\/www.tirito.com.ar\/webwp\/wp-content\/uploads\/2022\/06\/MejorValor-e1667396339493.jpg 400w, https:\/\/www.tirito.com.ar\/webwp\/wp-content\/uploads\/2022\/06\/MejorValor-e1667396339493-300x150.jpg 300w, https:\/\/www.tirito.com.ar\/webwp\/wp-content\/uploads\/2022\/06\/MejorValor-e1667396339493-64x32.jpg 64w\" sizes=\"(max-width: 400px) 100vw, 400px\" \/><\/p>\n","protected":false},"featured_media":6557,"template":"","meta":{"_ti_tpc_template_sync":false,"_ti_tpc_template_id":""},"product_cat":[518],"product_tag":[526,790,792,791],"yoast_head":"<!-- This site is optimized with the Yoast SEO plugin v19.8 - https:\/\/yoast.com\/wordpress\/plugins\/seo\/ -->\n<title>6752 - Escopeta Akkar Churchill 206 Trap - Tirito<\/title>\n<meta name=\"robots\" content=\"index, follow, max-snippet:-1, max-image-preview:large, max-video-preview:-1\" \/>\n<link rel=\"canonical\" href=\"https:\/\/www.tirito.com.ar\/webwp\/producto\/escopeta-akkar-churchill-206-trap\/\" \/>\n<meta property=\"og:locale\" content=\"es_ES\" \/>\n<meta property=\"og:type\" content=\"article\" \/>\n<meta property=\"og:title\" content=\"6752 - Escopeta Akkar Churchill 206 Trap - Tirito\" \/>\n<meta property=\"og:description\" content=\"Escopeta Akkar Churchill 206 Trap Calibre: 12 UAB Culata de Nogal Seleccionado (carrillera regulable) Terminaci\u00f3n pav\u00f3n brillante. (Leer abajo para mas informaci\u00f3n)  Codigo: 6752\" \/>\n<meta property=\"og:url\" content=\"https:\/\/www.tirito.com.ar\/webwp\/producto\/escopeta-akkar-churchill-206-trap\/\" \/>\n<meta property=\"og:site_name\" content=\"Tirito\" \/>\n<meta property=\"article:modified_time\" content=\"2023-06-08T12:49:25+00:00\" \/>\n<meta property=\"og:image\" content=\"https:\/\/www.tirito.com.ar\/webwp\/wp-content\/uploads\/2022\/11\/Akkar-Churchill-206_1_6752.jpg\" \/>\n\t<meta property=\"og:image:width\" content=\"2500\" \/>\n\t<meta property=\"og:image:height\" content=\"2500\" \/>\n\t<meta property=\"og:image:type\" content=\"image\/jpeg\" \/>\n<meta name=\"twitter:card\" content=\"summary_large_image\" \/>\n<meta name=\"twitter:label1\" content=\"Tiempo de lectura\" \/>\n\t<meta name=\"twitter:data1\" content=\"1 minuto\" \/>\n<script type=\"application\/ld+json\" class=\"yoast-schema-graph\">{\"@context\":\"https:\/\/schema.org\",\"@graph\":[{\"@type\":\"WebPage\",\"@id\":\"https:\/\/www.tirito.com.ar\/webwp\/producto\/escopeta-akkar-churchill-206-trap\/\",\"url\":\"https:\/\/www.tirito.com.ar\/webwp\/producto\/escopeta-akkar-churchill-206-trap\/\",\"name\":\"6752 - Escopeta Akkar Churchill 206 Trap - Tirito\",\"isPartOf\":{\"@id\":\"https:\/\/www.tirito.com.ar\/webwp\/#website\"},\"datePublished\":\"2022-11-04T18:44:31+00:00\",\"dateModified\":\"2023-06-08T12:49:25+00:00\",\"breadcrumb\":{\"@id\":\"https:\/\/www.tirito.com.ar\/webwp\/producto\/escopeta-akkar-churchill-206-trap\/#breadcrumb\"},\"inLanguage\":\"es-AR\",\"potentialAction\":[{\"@type\":\"ReadAction\",\"target\":[\"https:\/\/www.tirito.com.ar\/webwp\/producto\/escopeta-akkar-churchill-206-trap\/\"]}]},{\"@type\":\"BreadcrumbList\",\"@id\":\"https:\/\/www.tirito.com.ar\/webwp\/producto\/escopeta-akkar-churchill-206-trap\/#breadcrumb\",\"itemListElement\":[{\"@type\":\"ListItem\",\"position\":1,\"name\":\"Inicio\",\"item\":\"https:\/\/www.tirito.com.ar\/webwp\/\"},{\"@type\":\"ListItem\",\"position\":2,\"name\":\"Tienda\",\"item\":\"https:\/\/www.tirito.com.ar\/webwp\/tienda\/\"},{\"@type\":\"ListItem\",\"position\":3,\"name\":\"6752 &#8211; Escopeta Akkar Churchill 206 Trap\"}]},{\"@type\":\"WebSite\",\"@id\":\"https:\/\/www.tirito.com.ar\/webwp\/#website\",\"url\":\"https:\/\/www.tirito.com.ar\/webwp\/\",\"name\":\"Tirito\",\"description\":\"Armeria\",\"publisher\":{\"@id\":\"https:\/\/www.tirito.com.ar\/webwp\/#organization\"},\"potentialAction\":[{\"@type\":\"SearchAction\",\"target\":{\"@type\":\"EntryPoint\",\"urlTemplate\":\"https:\/\/www.tirito.com.ar\/webwp\/?s={search_term_string}\"},\"query-input\":\"required name=search_term_string\"}],\"inLanguage\":\"es-AR\"},{\"@type\":\"Organization\",\"@id\":\"https:\/\/www.tirito.com.ar\/webwp\/#organization\",\"name\":\"Tirito\",\"url\":\"https:\/\/www.tirito.com.ar\/webwp\/\",\"sameAs\":[],\"logo\":{\"@type\":\"ImageObject\",\"inLanguage\":\"es-AR\",\"@id\":\"https:\/\/www.tirito.com.ar\/webwp\/#\/schema\/logo\/image\/\",\"url\":\"http:\/\/www.tirito.com.ar\/webwp\/wp-content\/uploads\/2022\/10\/tirilogo3.png\",\"contentUrl\":\"http:\/\/www.tirito.com.ar\/webwp\/wp-content\/uploads\/2022\/10\/tirilogo3.png\",\"width\":200,\"height\":200,\"caption\":\"Tirito\"},\"image\":{\"@id\":\"https:\/\/www.tirito.com.ar\/webwp\/#\/schema\/logo\/image\/\"}}]}<\/script>\n<!-- \/ Yoast SEO plugin. -->","yoast_head_json":{"title":"6752 - Escopeta Akkar Churchill 206 Trap - Tirito","robots":{"index":"index","follow":"follow","max-snippet":"max-snippet:-1","max-image-preview":"max-image-preview:large","max-video-preview":"max-video-preview:-1"},"canonical":"https:\/\/www.tirito.com.ar\/webwp\/producto\/escopeta-akkar-churchill-206-trap\/","og_locale":"es_ES","og_type":"article","og_title":"6752 - Escopeta Akkar Churchill 206 Trap - Tirito","og_description":"Escopeta Akkar Churchill 206 Trap Calibre: 12 UAB Culata de Nogal Seleccionado (carrillera regulable) Terminaci\u00f3n pav\u00f3n brillante. (Leer abajo para mas informaci\u00f3n)  Codigo: 6752","og_url":"https:\/\/www.tirito.com.ar\/webwp\/producto\/escopeta-akkar-churchill-206-trap\/","og_site_name":"Tirito","article_modified_time":"2023-06-08T12:49:25+00:00","og_image":[{"width":2500,"height":2500,"url":"https:\/\/www.tirito.com.ar\/webwp\/wp-content\/uploads\/2022\/11\/Akkar-Churchill-206_1_6752.jpg","type":"image\/jpeg"}],"twitter_card":"summary_large_image","twitter_misc":{"Tiempo de lectura":"1 minuto"},"schema":{"@context":"https:\/\/schema.org","@graph":[{"@type":"WebPage","@id":"https:\/\/www.tirito.com.ar\/webwp\/producto\/escopeta-akkar-churchill-206-trap\/","url":"https:\/\/www.tirito.com.ar\/webwp\/producto\/escopeta-akkar-churchill-206-trap\/","name":"6752 - Escopeta Akkar Churchill 206 Trap - Tirito","isPartOf":{"@id":"https:\/\/www.tirito.com.ar\/webwp\/#website"},"datePublished":"2022-11-04T18:44:31+00:00","dateModified":"2023-06-08T12:49:25+00:00","breadcrumb":{"@id":"https:\/\/www.tirito.com.ar\/webwp\/producto\/escopeta-akkar-churchill-206-trap\/#breadcrumb"},"inLanguage":"es-AR","potentialAction":[{"@type":"ReadAction","target":["https:\/\/www.tirito.com.ar\/webwp\/producto\/escopeta-akkar-churchill-206-trap\/"]}]},{"@type":"BreadcrumbList","@id":"https:\/\/www.tirito.com.ar\/webwp\/producto\/escopeta-akkar-churchill-206-trap\/#breadcrumb","itemListElement":[{"@type":"ListItem","position":1,"name":"Inicio","item":"https:\/\/www.tirito.com.ar\/webwp\/"},{"@type":"ListItem","position":2,"name":"Tienda","item":"https:\/\/www.tirito.com.ar\/webwp\/tienda\/"},{"@type":"ListItem","position":3,"name":"6752 &#8211; Escopeta Akkar Churchill 206 Trap"}]},{"@type":"WebSite","@id":"https:\/\/www.tirito.com.ar\/webwp\/#website","url":"https:\/\/www.tirito.com.ar\/webwp\/","name":"Tirito","description":"Armeria","publisher":{"@id":"https:\/\/www.tirito.com.ar\/webwp\/#organization"},"potentialAction":[{"@type":"SearchAction","target":{"@type":"EntryPoint","urlTemplate":"https:\/\/www.tirito.com.ar\/webwp\/?s={search_term_string}"},"query-input":"required name=search_term_string"}],"inLanguage":"es-AR"},{"@type":"Organization","@id":"https:\/\/www.tirito.com.ar\/webwp\/#organization","name":"Tirito","url":"https:\/\/www.tirito.com.ar\/webwp\/","sameAs":[],"logo":{"@type":"ImageObject","inLanguage":"es-AR","@id":"https:\/\/www.tirito.com.ar\/webwp\/#\/schema\/logo\/image\/","url":"http:\/\/www.tirito.com.ar\/webwp\/wp-content\/uploads\/2022\/10\/tirilogo3.png","contentUrl":"http:\/\/www.tirito.com.ar\/webwp\/wp-content\/uploads\/2022\/10\/tirilogo3.png","width":200,"height":200,"caption":"Tirito"},"image":{"@id":"https:\/\/www.tirito.com.ar\/webwp\/#\/schema\/logo\/image\/"}}]}},"_links":{"self":[{"href":"https:\/\/www.tirito.com.ar\/webwp\/wp-json\/wp\/v2\/product\/6554"}],"collection":[{"href":"https:\/\/www.tirito.com.ar\/webwp\/wp-json\/wp\/v2\/product"}],"about":[{"href":"https:\/\/www.tirito.com.ar\/webwp\/wp-json\/wp\/v2\/types\/product"}],"wp:featuredmedia":[{"embeddable":true,"href":"https:\/\/www.tirito.com.ar\/webwp\/wp-json\/wp\/v2\/media\/6557"}],"wp:attachment":[{"href":"https:\/\/www.tirito.com.ar\/webwp\/wp-json\/wp\/v2\/media?parent=6554"}],"wp:term":[{"taxonomy":"product_cat","embeddable":true,"href":"https:\/\/www.tirito.com.ar\/webwp\/wp-json\/wp\/v2\/product_cat?post=6554"},{"taxonomy":"product_tag","embeddable":true,"href":"https:\/\/www.tirito.com.ar\/webwp\/wp-json\/wp\/v2\/product_tag?post=6554"}],"curies":[{"name":"wp","href":"https:\/\/api.w.org\/{rel}","templated":true}]}}