{"id":601,"date":"2025-11-28T14:45:29","date_gmt":"2025-11-28T17:45:29","guid":{"rendered":"http:\/\/www.tirito.com.ar\/webwp\/?post_type=product&#038;p=601"},"modified":"2026-03-20T20:40:12","modified_gmt":"2026-03-20T23:40:12","slug":"tiri-bolso-para-tiro-nacional-garantizado","status":"publish","type":"product","link":"https:\/\/www.tirito.com.ar\/webwp\/producto\/tiri-bolso-para-tiro-nacional-garantizado\/","title":{"rendered":"Tiri-Bolso para Tiro &#8211; Nacional Garantizado &#8211; Volvieron a Ingresar !!! Colores NUEVOS !!!"},"content":{"rendered":"","protected":false},"excerpt":{"rendered":"<h5>TIRI-Bolso para tiro, de fabricaci\u00f3n nacional 100% Garantizado!<\/h5>\n<h5>Cinco Bolsillos Externos (Botella, Celular y Billetera, Protectores Auditivos y Visuales, Malla porta objetos), Anclajes para colgar Junta Vainas, Porta Cargador interno para 5 Desmontable con Velcro, Tres bolsillos internos.<br \/>\nHechos con cordura importada de 600&#215;600, cierres de primera calidad, hebillas que aguantan hasta 100kg, patitas de calidad y base y paredes r\u00edgidas.<br \/>\nIncluye de regalo un estuche para arma corta del mismo color del bolso.<\/h5>\n<h5>Con Capacidad para llevar dos Bolsos Portamuniciones completos adentro.<br \/>\nMedidas: 45cm x 27cm x 23cm<\/h5>\n<p>(Bolso Portamuniciones y Cajas no incluidas en esta publicaci\u00f3n, imagen a t\u00edtulo ilustrativo \u00fanicamente)<\/p>\n<p>&nbsp;<\/p>\n","protected":false},"featured_media":15202,"template":"","meta":{"_ti_tpc_template_sync":false,"_ti_tpc_template_id":""},"product_cat":[25,22],"product_tag":[285,293,34],"yoast_head":"<!-- This site is optimized with the Yoast SEO plugin v19.8 - https:\/\/yoast.com\/wordpress\/plugins\/seo\/ -->\n<title>Tiri-Bolso para Tiro - Nacional Garantizado - Volvieron a Ingresar !!! Colores NUEVOS !!! - Tirito<\/title>\n<meta name=\"robots\" content=\"index, follow, max-snippet:-1, max-image-preview:large, max-video-preview:-1\" \/>\n<link rel=\"canonical\" href=\"https:\/\/www.tirito.com.ar\/webwp\/producto\/tiri-bolso-para-tiro-nacional-garantizado\/\" \/>\n<meta property=\"og:locale\" content=\"es_ES\" \/>\n<meta property=\"og:type\" content=\"article\" \/>\n<meta property=\"og:title\" content=\"Tiri-Bolso para Tiro - Nacional Garantizado - Volvieron a Ingresar !!! Colores NUEVOS !!! - Tirito\" \/>\n<meta property=\"og:description\" content=\"TIRI-Bolso para tiro, de fabricaci\u00f3n nacional 100% Garantizado! Cinco Bolsillos Externos (Botella, Celular y Billetera, Protectores Auditivos y Visuales, Malla porta objetos), Anclajes para colgar Junta Vainas, Porta Cargador interno para 5 Desmontable con Velcro, Tres bolsillos internos. Hechos con cordura importada de 600x600, cierres de primera calidad, hebillas que aguantan hasta 100kg, patitas de calidad y base y paredes r\u00edgidas. Incluye de regalo un estuche para arma corta del mismo color del bolso. Con Capacidad para llevar dos Bolsos Portamuniciones completos adentro. Medidas: 45cm x 27cm x 23cm (Bolso Portamuniciones y Cajas no incluidas en esta publicaci\u00f3n, imagen a t\u00edtulo ilustrativo \u00fanicamente)  &nbsp;\" \/>\n<meta property=\"og:url\" content=\"https:\/\/www.tirito.com.ar\/webwp\/producto\/tiri-bolso-para-tiro-nacional-garantizado\/\" \/>\n<meta property=\"og:site_name\" content=\"Tirito\" \/>\n<meta property=\"article:modified_time\" content=\"2026-03-20T23:40:12+00:00\" \/>\n<meta property=\"og:image\" content=\"http:\/\/www.tirito.com.ar\/webwp\/wp-content\/uploads\/2025\/11\/20251125_194416-Photoroom-tile.jpg\" \/>\n\t<meta property=\"og:image:width\" content=\"2000\" \/>\n\t<meta property=\"og:image:height\" content=\"2000\" \/>\n\t<meta property=\"og:image:type\" content=\"image\/jpeg\" \/>\n<meta name=\"twitter:card\" content=\"summary_large_image\" \/>\n<script type=\"application\/ld+json\" class=\"yoast-schema-graph\">{\"@context\":\"https:\/\/schema.org\",\"@graph\":[{\"@type\":\"WebPage\",\"@id\":\"https:\/\/www.tirito.com.ar\/webwp\/producto\/tiri-bolso-para-tiro-nacional-garantizado\/\",\"url\":\"https:\/\/www.tirito.com.ar\/webwp\/producto\/tiri-bolso-para-tiro-nacional-garantizado\/\",\"name\":\"Tiri-Bolso para Tiro - Nacional Garantizado - Volvieron a Ingresar !!! Colores NUEVOS !!! - Tirito\",\"isPartOf\":{\"@id\":\"https:\/\/www.tirito.com.ar\/webwp\/#website\"},\"datePublished\":\"2025-11-28T17:45:29+00:00\",\"dateModified\":\"2026-03-20T23:40:12+00:00\",\"breadcrumb\":{\"@id\":\"https:\/\/www.tirito.com.ar\/webwp\/producto\/tiri-bolso-para-tiro-nacional-garantizado\/#breadcrumb\"},\"inLanguage\":\"es-AR\",\"potentialAction\":[{\"@type\":\"ReadAction\",\"target\":[\"https:\/\/www.tirito.com.ar\/webwp\/producto\/tiri-bolso-para-tiro-nacional-garantizado\/\"]}]},{\"@type\":\"BreadcrumbList\",\"@id\":\"https:\/\/www.tirito.com.ar\/webwp\/producto\/tiri-bolso-para-tiro-nacional-garantizado\/#breadcrumb\",\"itemListElement\":[{\"@type\":\"ListItem\",\"position\":1,\"name\":\"Inicio\",\"item\":\"https:\/\/www.tirito.com.ar\/webwp\/\"},{\"@type\":\"ListItem\",\"position\":2,\"name\":\"Tienda\",\"item\":\"https:\/\/www.tirito.com.ar\/webwp\/tienda\/\"},{\"@type\":\"ListItem\",\"position\":3,\"name\":\"Tiri-Bolso para Tiro &#8211; Nacional Garantizado &#8211; Volvieron a Ingresar !!! Colores NUEVOS !!!\"}]},{\"@type\":\"WebSite\",\"@id\":\"https:\/\/www.tirito.com.ar\/webwp\/#website\",\"url\":\"https:\/\/www.tirito.com.ar\/webwp\/\",\"name\":\"Tirito\",\"description\":\"Armeria\",\"publisher\":{\"@id\":\"https:\/\/www.tirito.com.ar\/webwp\/#organization\"},\"potentialAction\":[{\"@type\":\"SearchAction\",\"target\":{\"@type\":\"EntryPoint\",\"urlTemplate\":\"https:\/\/www.tirito.com.ar\/webwp\/?s={search_term_string}\"},\"query-input\":\"required name=search_term_string\"}],\"inLanguage\":\"es-AR\"},{\"@type\":\"Organization\",\"@id\":\"https:\/\/www.tirito.com.ar\/webwp\/#organization\",\"name\":\"Tirito\",\"url\":\"https:\/\/www.tirito.com.ar\/webwp\/\",\"sameAs\":[],\"logo\":{\"@type\":\"ImageObject\",\"inLanguage\":\"es-AR\",\"@id\":\"https:\/\/www.tirito.com.ar\/webwp\/#\/schema\/logo\/image\/\",\"url\":\"http:\/\/www.tirito.com.ar\/webwp\/wp-content\/uploads\/2022\/10\/tirilogo3.png\",\"contentUrl\":\"http:\/\/www.tirito.com.ar\/webwp\/wp-content\/uploads\/2022\/10\/tirilogo3.png\",\"width\":200,\"height\":200,\"caption\":\"Tirito\"},\"image\":{\"@id\":\"https:\/\/www.tirito.com.ar\/webwp\/#\/schema\/logo\/image\/\"}}]}<\/script>\n<!-- \/ Yoast SEO plugin. -->","yoast_head_json":{"title":"Tiri-Bolso para Tiro - Nacional Garantizado - Volvieron a Ingresar !!! Colores NUEVOS !!! - Tirito","robots":{"index":"index","follow":"follow","max-snippet":"max-snippet:-1","max-image-preview":"max-image-preview:large","max-video-preview":"max-video-preview:-1"},"canonical":"https:\/\/www.tirito.com.ar\/webwp\/producto\/tiri-bolso-para-tiro-nacional-garantizado\/","og_locale":"es_ES","og_type":"article","og_title":"Tiri-Bolso para Tiro - Nacional Garantizado - Volvieron a Ingresar !!! Colores NUEVOS !!! - Tirito","og_description":"TIRI-Bolso para tiro, de fabricaci\u00f3n nacional 100% Garantizado! Cinco Bolsillos Externos (Botella, Celular y Billetera, Protectores Auditivos y Visuales, Malla porta objetos), Anclajes para colgar Junta Vainas, Porta Cargador interno para 5 Desmontable con Velcro, Tres bolsillos internos. Hechos con cordura importada de 600x600, cierres de primera calidad, hebillas que aguantan hasta 100kg, patitas de calidad y base y paredes r\u00edgidas. Incluye de regalo un estuche para arma corta del mismo color del bolso. Con Capacidad para llevar dos Bolsos Portamuniciones completos adentro. Medidas: 45cm x 27cm x 23cm (Bolso Portamuniciones y Cajas no incluidas en esta publicaci\u00f3n, imagen a t\u00edtulo ilustrativo \u00fanicamente)  &nbsp;","og_url":"https:\/\/www.tirito.com.ar\/webwp\/producto\/tiri-bolso-para-tiro-nacional-garantizado\/","og_site_name":"Tirito","article_modified_time":"2026-03-20T23:40:12+00:00","og_image":[{"width":2000,"height":2000,"url":"http:\/\/www.tirito.com.ar\/webwp\/wp-content\/uploads\/2025\/11\/20251125_194416-Photoroom-tile.jpg","type":"image\/jpeg"}],"twitter_card":"summary_large_image","schema":{"@context":"https:\/\/schema.org","@graph":[{"@type":"WebPage","@id":"https:\/\/www.tirito.com.ar\/webwp\/producto\/tiri-bolso-para-tiro-nacional-garantizado\/","url":"https:\/\/www.tirito.com.ar\/webwp\/producto\/tiri-bolso-para-tiro-nacional-garantizado\/","name":"Tiri-Bolso para Tiro - Nacional Garantizado - Volvieron a Ingresar !!! Colores NUEVOS !!! - Tirito","isPartOf":{"@id":"https:\/\/www.tirito.com.ar\/webwp\/#website"},"datePublished":"2025-11-28T17:45:29+00:00","dateModified":"2026-03-20T23:40:12+00:00","breadcrumb":{"@id":"https:\/\/www.tirito.com.ar\/webwp\/producto\/tiri-bolso-para-tiro-nacional-garantizado\/#breadcrumb"},"inLanguage":"es-AR","potentialAction":[{"@type":"ReadAction","target":["https:\/\/www.tirito.com.ar\/webwp\/producto\/tiri-bolso-para-tiro-nacional-garantizado\/"]}]},{"@type":"BreadcrumbList","@id":"https:\/\/www.tirito.com.ar\/webwp\/producto\/tiri-bolso-para-tiro-nacional-garantizado\/#breadcrumb","itemListElement":[{"@type":"ListItem","position":1,"name":"Inicio","item":"https:\/\/www.tirito.com.ar\/webwp\/"},{"@type":"ListItem","position":2,"name":"Tienda","item":"https:\/\/www.tirito.com.ar\/webwp\/tienda\/"},{"@type":"ListItem","position":3,"name":"Tiri-Bolso para Tiro &#8211; Nacional Garantizado &#8211; Volvieron a Ingresar !!! Colores NUEVOS !!!"}]},{"@type":"WebSite","@id":"https:\/\/www.tirito.com.ar\/webwp\/#website","url":"https:\/\/www.tirito.com.ar\/webwp\/","name":"Tirito","description":"Armeria","publisher":{"@id":"https:\/\/www.tirito.com.ar\/webwp\/#organization"},"potentialAction":[{"@type":"SearchAction","target":{"@type":"EntryPoint","urlTemplate":"https:\/\/www.tirito.com.ar\/webwp\/?s={search_term_string}"},"query-input":"required name=search_term_string"}],"inLanguage":"es-AR"},{"@type":"Organization","@id":"https:\/\/www.tirito.com.ar\/webwp\/#organization","name":"Tirito","url":"https:\/\/www.tirito.com.ar\/webwp\/","sameAs":[],"logo":{"@type":"ImageObject","inLanguage":"es-AR","@id":"https:\/\/www.tirito.com.ar\/webwp\/#\/schema\/logo\/image\/","url":"http:\/\/www.tirito.com.ar\/webwp\/wp-content\/uploads\/2022\/10\/tirilogo3.png","contentUrl":"http:\/\/www.tirito.com.ar\/webwp\/wp-content\/uploads\/2022\/10\/tirilogo3.png","width":200,"height":200,"caption":"Tirito"},"image":{"@id":"https:\/\/www.tirito.com.ar\/webwp\/#\/schema\/logo\/image\/"}}]}},"_links":{"self":[{"href":"https:\/\/www.tirito.com.ar\/webwp\/wp-json\/wp\/v2\/product\/601"}],"collection":[{"href":"https:\/\/www.tirito.com.ar\/webwp\/wp-json\/wp\/v2\/product"}],"about":[{"href":"https:\/\/www.tirito.com.ar\/webwp\/wp-json\/wp\/v2\/types\/product"}],"wp:featuredmedia":[{"embeddable":true,"href":"https:\/\/www.tirito.com.ar\/webwp\/wp-json\/wp\/v2\/media\/15202"}],"wp:attachment":[{"href":"https:\/\/www.tirito.com.ar\/webwp\/wp-json\/wp\/v2\/media?parent=601"}],"wp:term":[{"taxonomy":"product_cat","embeddable":true,"href":"https:\/\/www.tirito.com.ar\/webwp\/wp-json\/wp\/v2\/product_cat?post=601"},{"taxonomy":"product_tag","embeddable":true,"href":"https:\/\/www.tirito.com.ar\/webwp\/wp-json\/wp\/v2\/product_tag?post=601"}],"curies":[{"name":"wp","href":"https:\/\/api.w.org\/{rel}","templated":true}]}}