{"id":4454,"date":"2024-05-31T11:50:24","date_gmt":"2024-05-31T14:50:24","guid":{"rendered":"http:\/\/www.tirito.com.ar\/webwp\/?post_type=product&#038;p=4454"},"modified":"2026-04-07T23:40:26","modified_gmt":"2026-04-08T02:40:26","slug":"aerosol-boro-desengrasante-limpiador-naranja","status":"publish","type":"product","link":"https:\/\/www.tirito.com.ar\/webwp\/producto\/aerosol-boro-desengrasante-limpiador-naranja\/","title":{"rendered":"Aerosol Boro &#8220;Desengrasante Limpiador&#8221; (Naranja)"},"content":{"rendered":"","protected":false},"excerpt":{"rendered":"<p>Limpiador desengrasante para armas. Indicado para limpiar mecanismos y acciones en armas de fuego.<\/p>\n<ul>\n<li>Remueve los dep\u00f3sitos grasos de todas las partes met\u00e1licas.<\/li>\n<li>Elimina los vestigios de suciedad en los sistemas de acci\u00f3n, sin necesidad de desarme.<\/li>\n<li>Seca totalmente en pocos segundos, dejando las superficies met\u00e1licas perfectamente limpias.<\/li>\n<\/ul>\n<p><em>Contenido Neto: 150g\/200cm3<\/em><\/p>\n","protected":false},"featured_media":4455,"template":"","meta":{"_ti_tpc_template_sync":false,"_ti_tpc_template_id":""},"product_cat":[24],"product_tag":[],"yoast_head":"<!-- This site is optimized with the Yoast SEO plugin v19.8 - https:\/\/yoast.com\/wordpress\/plugins\/seo\/ -->\n<title>Aerosol Boro &quot;Desengrasante Limpiador&quot; (Naranja) - Tirito<\/title>\n<meta name=\"robots\" content=\"index, follow, max-snippet:-1, max-image-preview:large, max-video-preview:-1\" \/>\n<link rel=\"canonical\" href=\"https:\/\/www.tirito.com.ar\/webwp\/producto\/aerosol-boro-desengrasante-limpiador-naranja\/\" \/>\n<meta property=\"og:locale\" content=\"es_ES\" \/>\n<meta property=\"og:type\" content=\"article\" \/>\n<meta property=\"og:title\" content=\"Aerosol Boro &quot;Desengrasante Limpiador&quot; (Naranja) - Tirito\" \/>\n<meta property=\"og:description\" content=\"Limpiador desengrasante para armas. Indicado para limpiar mecanismos y acciones en armas de fuego.   Remueve los dep\u00f3sitos grasos de todas las partes met\u00e1licas.  Elimina los vestigios de suciedad en los sistemas de acci\u00f3n, sin necesidad de desarme.  Seca totalmente en pocos segundos, dejando las superficies met\u00e1licas perfectamente limpias.  Contenido Neto: 150g\/200cm3\" \/>\n<meta property=\"og:url\" content=\"https:\/\/www.tirito.com.ar\/webwp\/producto\/aerosol-boro-desengrasante-limpiador-naranja\/\" \/>\n<meta property=\"og:site_name\" content=\"Tirito\" \/>\n<meta property=\"article:modified_time\" content=\"2026-04-08T02:40:26+00:00\" \/>\n<meta property=\"og:image\" content=\"http:\/\/www.tirito.com.ar\/webwp\/wp-content\/uploads\/2022\/08\/Boro-DesengrasanteLimpiador.jpg\" \/>\n\t<meta property=\"og:image:width\" content=\"516\" \/>\n\t<meta property=\"og:image:height\" content=\"516\" \/>\n\t<meta property=\"og:image:type\" content=\"image\/jpeg\" \/>\n<meta name=\"twitter:card\" content=\"summary_large_image\" \/>\n<script type=\"application\/ld+json\" class=\"yoast-schema-graph\">{\"@context\":\"https:\/\/schema.org\",\"@graph\":[{\"@type\":\"WebPage\",\"@id\":\"https:\/\/www.tirito.com.ar\/webwp\/producto\/aerosol-boro-desengrasante-limpiador-naranja\/\",\"url\":\"https:\/\/www.tirito.com.ar\/webwp\/producto\/aerosol-boro-desengrasante-limpiador-naranja\/\",\"name\":\"Aerosol Boro \\\"Desengrasante Limpiador\\\" (Naranja) - Tirito\",\"isPartOf\":{\"@id\":\"https:\/\/www.tirito.com.ar\/webwp\/#website\"},\"datePublished\":\"2024-05-31T14:50:24+00:00\",\"dateModified\":\"2026-04-08T02:40:26+00:00\",\"breadcrumb\":{\"@id\":\"https:\/\/www.tirito.com.ar\/webwp\/producto\/aerosol-boro-desengrasante-limpiador-naranja\/#breadcrumb\"},\"inLanguage\":\"es-AR\",\"potentialAction\":[{\"@type\":\"ReadAction\",\"target\":[\"https:\/\/www.tirito.com.ar\/webwp\/producto\/aerosol-boro-desengrasante-limpiador-naranja\/\"]}]},{\"@type\":\"BreadcrumbList\",\"@id\":\"https:\/\/www.tirito.com.ar\/webwp\/producto\/aerosol-boro-desengrasante-limpiador-naranja\/#breadcrumb\",\"itemListElement\":[{\"@type\":\"ListItem\",\"position\":1,\"name\":\"Inicio\",\"item\":\"https:\/\/www.tirito.com.ar\/webwp\/\"},{\"@type\":\"ListItem\",\"position\":2,\"name\":\"Tienda\",\"item\":\"https:\/\/www.tirito.com.ar\/webwp\/tienda\/\"},{\"@type\":\"ListItem\",\"position\":3,\"name\":\"Aerosol Boro &#8220;Desengrasante Limpiador&#8221; (Naranja)\"}]},{\"@type\":\"WebSite\",\"@id\":\"https:\/\/www.tirito.com.ar\/webwp\/#website\",\"url\":\"https:\/\/www.tirito.com.ar\/webwp\/\",\"name\":\"Tirito\",\"description\":\"Armeria\",\"publisher\":{\"@id\":\"https:\/\/www.tirito.com.ar\/webwp\/#organization\"},\"potentialAction\":[{\"@type\":\"SearchAction\",\"target\":{\"@type\":\"EntryPoint\",\"urlTemplate\":\"https:\/\/www.tirito.com.ar\/webwp\/?s={search_term_string}\"},\"query-input\":\"required name=search_term_string\"}],\"inLanguage\":\"es-AR\"},{\"@type\":\"Organization\",\"@id\":\"https:\/\/www.tirito.com.ar\/webwp\/#organization\",\"name\":\"Tirito\",\"url\":\"https:\/\/www.tirito.com.ar\/webwp\/\",\"sameAs\":[],\"logo\":{\"@type\":\"ImageObject\",\"inLanguage\":\"es-AR\",\"@id\":\"https:\/\/www.tirito.com.ar\/webwp\/#\/schema\/logo\/image\/\",\"url\":\"http:\/\/www.tirito.com.ar\/webwp\/wp-content\/uploads\/2022\/10\/tirilogo3.png\",\"contentUrl\":\"http:\/\/www.tirito.com.ar\/webwp\/wp-content\/uploads\/2022\/10\/tirilogo3.png\",\"width\":200,\"height\":200,\"caption\":\"Tirito\"},\"image\":{\"@id\":\"https:\/\/www.tirito.com.ar\/webwp\/#\/schema\/logo\/image\/\"}}]}<\/script>\n<!-- \/ Yoast SEO plugin. -->","yoast_head_json":{"title":"Aerosol Boro \"Desengrasante Limpiador\" (Naranja) - Tirito","robots":{"index":"index","follow":"follow","max-snippet":"max-snippet:-1","max-image-preview":"max-image-preview:large","max-video-preview":"max-video-preview:-1"},"canonical":"https:\/\/www.tirito.com.ar\/webwp\/producto\/aerosol-boro-desengrasante-limpiador-naranja\/","og_locale":"es_ES","og_type":"article","og_title":"Aerosol Boro \"Desengrasante Limpiador\" (Naranja) - Tirito","og_description":"Limpiador desengrasante para armas. Indicado para limpiar mecanismos y acciones en armas de fuego.   Remueve los dep\u00f3sitos grasos de todas las partes met\u00e1licas.  Elimina los vestigios de suciedad en los sistemas de acci\u00f3n, sin necesidad de desarme.  Seca totalmente en pocos segundos, dejando las superficies met\u00e1licas perfectamente limpias.  Contenido Neto: 150g\/200cm3","og_url":"https:\/\/www.tirito.com.ar\/webwp\/producto\/aerosol-boro-desengrasante-limpiador-naranja\/","og_site_name":"Tirito","article_modified_time":"2026-04-08T02:40:26+00:00","og_image":[{"width":516,"height":516,"url":"http:\/\/www.tirito.com.ar\/webwp\/wp-content\/uploads\/2022\/08\/Boro-DesengrasanteLimpiador.jpg","type":"image\/jpeg"}],"twitter_card":"summary_large_image","schema":{"@context":"https:\/\/schema.org","@graph":[{"@type":"WebPage","@id":"https:\/\/www.tirito.com.ar\/webwp\/producto\/aerosol-boro-desengrasante-limpiador-naranja\/","url":"https:\/\/www.tirito.com.ar\/webwp\/producto\/aerosol-boro-desengrasante-limpiador-naranja\/","name":"Aerosol Boro \"Desengrasante Limpiador\" (Naranja) - Tirito","isPartOf":{"@id":"https:\/\/www.tirito.com.ar\/webwp\/#website"},"datePublished":"2024-05-31T14:50:24+00:00","dateModified":"2026-04-08T02:40:26+00:00","breadcrumb":{"@id":"https:\/\/www.tirito.com.ar\/webwp\/producto\/aerosol-boro-desengrasante-limpiador-naranja\/#breadcrumb"},"inLanguage":"es-AR","potentialAction":[{"@type":"ReadAction","target":["https:\/\/www.tirito.com.ar\/webwp\/producto\/aerosol-boro-desengrasante-limpiador-naranja\/"]}]},{"@type":"BreadcrumbList","@id":"https:\/\/www.tirito.com.ar\/webwp\/producto\/aerosol-boro-desengrasante-limpiador-naranja\/#breadcrumb","itemListElement":[{"@type":"ListItem","position":1,"name":"Inicio","item":"https:\/\/www.tirito.com.ar\/webwp\/"},{"@type":"ListItem","position":2,"name":"Tienda","item":"https:\/\/www.tirito.com.ar\/webwp\/tienda\/"},{"@type":"ListItem","position":3,"name":"Aerosol Boro &#8220;Desengrasante Limpiador&#8221; (Naranja)"}]},{"@type":"WebSite","@id":"https:\/\/www.tirito.com.ar\/webwp\/#website","url":"https:\/\/www.tirito.com.ar\/webwp\/","name":"Tirito","description":"Armeria","publisher":{"@id":"https:\/\/www.tirito.com.ar\/webwp\/#organization"},"potentialAction":[{"@type":"SearchAction","target":{"@type":"EntryPoint","urlTemplate":"https:\/\/www.tirito.com.ar\/webwp\/?s={search_term_string}"},"query-input":"required name=search_term_string"}],"inLanguage":"es-AR"},{"@type":"Organization","@id":"https:\/\/www.tirito.com.ar\/webwp\/#organization","name":"Tirito","url":"https:\/\/www.tirito.com.ar\/webwp\/","sameAs":[],"logo":{"@type":"ImageObject","inLanguage":"es-AR","@id":"https:\/\/www.tirito.com.ar\/webwp\/#\/schema\/logo\/image\/","url":"http:\/\/www.tirito.com.ar\/webwp\/wp-content\/uploads\/2022\/10\/tirilogo3.png","contentUrl":"http:\/\/www.tirito.com.ar\/webwp\/wp-content\/uploads\/2022\/10\/tirilogo3.png","width":200,"height":200,"caption":"Tirito"},"image":{"@id":"https:\/\/www.tirito.com.ar\/webwp\/#\/schema\/logo\/image\/"}}]}},"_links":{"self":[{"href":"https:\/\/www.tirito.com.ar\/webwp\/wp-json\/wp\/v2\/product\/4454"}],"collection":[{"href":"https:\/\/www.tirito.com.ar\/webwp\/wp-json\/wp\/v2\/product"}],"about":[{"href":"https:\/\/www.tirito.com.ar\/webwp\/wp-json\/wp\/v2\/types\/product"}],"wp:featuredmedia":[{"embeddable":true,"href":"https:\/\/www.tirito.com.ar\/webwp\/wp-json\/wp\/v2\/media\/4455"}],"wp:attachment":[{"href":"https:\/\/www.tirito.com.ar\/webwp\/wp-json\/wp\/v2\/media?parent=4454"}],"wp:term":[{"taxonomy":"product_cat","embeddable":true,"href":"https:\/\/www.tirito.com.ar\/webwp\/wp-json\/wp\/v2\/product_cat?post=4454"},{"taxonomy":"product_tag","embeddable":true,"href":"https:\/\/www.tirito.com.ar\/webwp\/wp-json\/wp\/v2\/product_tag?post=4454"}],"curies":[{"name":"wp","href":"https:\/\/api.w.org\/{rel}","templated":true}]}}