{"id":3776,"date":"2022-06-15T10:34:40","date_gmt":"2022-06-15T13:34:40","guid":{"rendered":"http:\/\/www.tirito.com.ar\/webwp\/?post_type=product&#038;p=3776"},"modified":"2024-11-21T20:56:18","modified_gmt":"2024-11-21T23:56:18","slug":"sabatti-urban-sniper-cal-308-win","status":"publish","type":"product","link":"https:\/\/www.tirito.com.ar\/webwp\/producto\/sabatti-urban-sniper-cal-308-win\/","title":{"rendered":"Sabatti Urban Sniper &#8211; Cal 308 Win. (1201140)"},"content":{"rendered":"","protected":false},"excerpt":{"rendered":"<p>Sabatti Urban Sniper &#8211; 0 km<\/p>\n<p>Calibre: 308 Win<br \/>\nCapacidad: 7 tiros<br \/>\nLargo de Ca\u00f1\u00f3n: 510 mm<\/p>\n<p>El Sabatti Urban Sniper es un rifle de precisi\u00f3n vers\u00e1til dise\u00f1ado como una herramienta multiprop\u00f3sito, capaz de cubrir todos los segmentos, desde tiro deportivo de precisi\u00f3n hasta aplicaciones t\u00e1cticas en terrenos urbanos.<br \/>\nEl ca\u00f1\u00f3n pesado cuenta con el excelente y galardonado estriado multirradial MRR de Sabatti, as\u00ed como un freno de boca intercambiable. La culata estilo &#8220;Thumbhole&#8221; esta fabricada con nailon reforzado con fibra de vidrio para una rigidez y una absorci\u00f3n de vibraciones de primera; el dise\u00f1o lo hace perfecto para operar tanto desde una posici\u00f3n est\u00e1tica como en movimiento. La culata tambi\u00e9n cuanta con carrilera regulable, un juego de espaciadores de fabrica para extender la longitud y anillos de eslinga est\u00e1ndar y de desmontaje r\u00e1pido.<br \/>\nEl Sabatti Urban Sniper se alimenta a trav\u00e9s de cargadores desmontables y viene de fabrica con dos rieles Picatinny: uno sobre el receptor para la \u00f3ptica y otro mas corto debajo del guardamanos para un bipode.<\/p>\n<p><strong>C\u00f3digo: 1201140<\/strong><\/p>\n<p><strong>AL MEJOR VALOR DEL MERCADO COMO SIEMPRE\u2026<\/strong><br \/>\n<strong>LLAMANOS AL (011)4203-8236 Y TE PASAMOS EL PRECIO\u2026!!!<\/strong><\/p>\n<p><strong>ADEMAS DE ESO TE PRESENTAMOS EL TRAMITE \u201cSIN GASTO DE GESTION\u201d<\/strong><\/p>\n","protected":false},"featured_media":3780,"template":"","meta":{"_ti_tpc_template_sync":false,"_ti_tpc_template_id":""},"product_cat":[1318],"product_tag":[338,116,551],"yoast_head":"<!-- This site is optimized with the Yoast SEO plugin v19.8 - https:\/\/yoast.com\/wordpress\/plugins\/seo\/ -->\n<title>Sabatti Urban Sniper - Cal 308 Win. (1201140) - Tirito<\/title>\n<meta name=\"robots\" content=\"index, follow, max-snippet:-1, max-image-preview:large, max-video-preview:-1\" \/>\n<link rel=\"canonical\" href=\"https:\/\/www.tirito.com.ar\/webwp\/producto\/sabatti-urban-sniper-cal-308-win\/\" \/>\n<meta property=\"og:locale\" content=\"es_ES\" \/>\n<meta property=\"og:type\" content=\"article\" \/>\n<meta property=\"og:title\" content=\"Sabatti Urban Sniper - Cal 308 Win. (1201140) - Tirito\" \/>\n<meta property=\"og:description\" content=\"Sabatti Urban Sniper - 0 km  Calibre: 308 Win Capacidad: 7 tiros Largo de Ca\u00f1\u00f3n: 510 mm  El Sabatti Urban Sniper es un rifle de precisi\u00f3n vers\u00e1til dise\u00f1ado como una herramienta multiprop\u00f3sito, capaz de cubrir todos los segmentos, desde tiro deportivo de precisi\u00f3n hasta aplicaciones t\u00e1cticas en terrenos urbanos. El ca\u00f1\u00f3n pesado cuenta con el excelente y galardonado estriado multirradial MRR de Sabatti, as\u00ed como un freno de boca intercambiable. La culata estilo &quot;Thumbhole&quot; esta fabricada con nailon reforzado con fibra de vidrio para una rigidez y una absorci\u00f3n de vibraciones de primera; el dise\u00f1o lo hace perfecto para operar tanto desde una posici\u00f3n est\u00e1tica como en movimiento. La culata tambi\u00e9n cuanta con carrilera regulable, un juego de espaciadores de fabrica para extender la longitud y anillos de eslinga est\u00e1ndar y de desmontaje r\u00e1pido. El Sabatti Urban Sniper se alimenta a trav\u00e9s de cargadores desmontables y viene de fabrica con dos rieles Picatinny: uno sobre el receptor para la \u00f3ptica y otro mas corto debajo del guardamanos para un bipode.  C\u00f3digo: 1201140  AL MEJOR VALOR DEL MERCADO COMO SIEMPRE\u2026 LLAMANOS AL (011)4203-8236 Y TE PASAMOS EL PRECIO\u2026!!!  ADEMAS DE ESO TE PRESENTAMOS EL TRAMITE \u201cSIN GASTO DE GESTION\u201d\" \/>\n<meta property=\"og:url\" content=\"https:\/\/www.tirito.com.ar\/webwp\/producto\/sabatti-urban-sniper-cal-308-win\/\" \/>\n<meta property=\"og:site_name\" content=\"Tirito\" \/>\n<meta property=\"article:modified_time\" content=\"2024-11-21T23:56:18+00:00\" \/>\n<meta property=\"og:image\" content=\"https:\/\/www.tirito.com.ar\/webwp\/wp-content\/uploads\/2022\/06\/1201140-Sabatti-Urban-Sniper_6.jpg\" \/>\n\t<meta property=\"og:image:width\" content=\"1200\" \/>\n\t<meta property=\"og:image:height\" content=\"1200\" \/>\n\t<meta property=\"og:image:type\" content=\"image\/jpeg\" \/>\n<meta name=\"twitter:card\" content=\"summary_large_image\" \/>\n<script type=\"application\/ld+json\" class=\"yoast-schema-graph\">{\"@context\":\"https:\/\/schema.org\",\"@graph\":[{\"@type\":\"WebPage\",\"@id\":\"https:\/\/www.tirito.com.ar\/webwp\/producto\/sabatti-urban-sniper-cal-308-win\/\",\"url\":\"https:\/\/www.tirito.com.ar\/webwp\/producto\/sabatti-urban-sniper-cal-308-win\/\",\"name\":\"Sabatti Urban Sniper - Cal 308 Win. (1201140) - Tirito\",\"isPartOf\":{\"@id\":\"https:\/\/www.tirito.com.ar\/webwp\/#website\"},\"datePublished\":\"2022-06-15T13:34:40+00:00\",\"dateModified\":\"2024-11-21T23:56:18+00:00\",\"breadcrumb\":{\"@id\":\"https:\/\/www.tirito.com.ar\/webwp\/producto\/sabatti-urban-sniper-cal-308-win\/#breadcrumb\"},\"inLanguage\":\"es-AR\",\"potentialAction\":[{\"@type\":\"ReadAction\",\"target\":[\"https:\/\/www.tirito.com.ar\/webwp\/producto\/sabatti-urban-sniper-cal-308-win\/\"]}]},{\"@type\":\"BreadcrumbList\",\"@id\":\"https:\/\/www.tirito.com.ar\/webwp\/producto\/sabatti-urban-sniper-cal-308-win\/#breadcrumb\",\"itemListElement\":[{\"@type\":\"ListItem\",\"position\":1,\"name\":\"Inicio\",\"item\":\"https:\/\/www.tirito.com.ar\/webwp\/\"},{\"@type\":\"ListItem\",\"position\":2,\"name\":\"Tienda\",\"item\":\"https:\/\/www.tirito.com.ar\/webwp\/tienda\/\"},{\"@type\":\"ListItem\",\"position\":3,\"name\":\"Sabatti Urban Sniper &#8211; Cal 308 Win. (1201140)\"}]},{\"@type\":\"WebSite\",\"@id\":\"https:\/\/www.tirito.com.ar\/webwp\/#website\",\"url\":\"https:\/\/www.tirito.com.ar\/webwp\/\",\"name\":\"Tirito\",\"description\":\"Armeria\",\"publisher\":{\"@id\":\"https:\/\/www.tirito.com.ar\/webwp\/#organization\"},\"potentialAction\":[{\"@type\":\"SearchAction\",\"target\":{\"@type\":\"EntryPoint\",\"urlTemplate\":\"https:\/\/www.tirito.com.ar\/webwp\/?s={search_term_string}\"},\"query-input\":\"required name=search_term_string\"}],\"inLanguage\":\"es-AR\"},{\"@type\":\"Organization\",\"@id\":\"https:\/\/www.tirito.com.ar\/webwp\/#organization\",\"name\":\"Tirito\",\"url\":\"https:\/\/www.tirito.com.ar\/webwp\/\",\"sameAs\":[],\"logo\":{\"@type\":\"ImageObject\",\"inLanguage\":\"es-AR\",\"@id\":\"https:\/\/www.tirito.com.ar\/webwp\/#\/schema\/logo\/image\/\",\"url\":\"http:\/\/www.tirito.com.ar\/webwp\/wp-content\/uploads\/2022\/10\/tirilogo3.png\",\"contentUrl\":\"http:\/\/www.tirito.com.ar\/webwp\/wp-content\/uploads\/2022\/10\/tirilogo3.png\",\"width\":200,\"height\":200,\"caption\":\"Tirito\"},\"image\":{\"@id\":\"https:\/\/www.tirito.com.ar\/webwp\/#\/schema\/logo\/image\/\"}}]}<\/script>\n<!-- \/ Yoast SEO plugin. -->","yoast_head_json":{"title":"Sabatti Urban Sniper - Cal 308 Win. (1201140) - Tirito","robots":{"index":"index","follow":"follow","max-snippet":"max-snippet:-1","max-image-preview":"max-image-preview:large","max-video-preview":"max-video-preview:-1"},"canonical":"https:\/\/www.tirito.com.ar\/webwp\/producto\/sabatti-urban-sniper-cal-308-win\/","og_locale":"es_ES","og_type":"article","og_title":"Sabatti Urban Sniper - Cal 308 Win. (1201140) - Tirito","og_description":"Sabatti Urban Sniper - 0 km  Calibre: 308 Win Capacidad: 7 tiros Largo de Ca\u00f1\u00f3n: 510 mm  El Sabatti Urban Sniper es un rifle de precisi\u00f3n vers\u00e1til dise\u00f1ado como una herramienta multiprop\u00f3sito, capaz de cubrir todos los segmentos, desde tiro deportivo de precisi\u00f3n hasta aplicaciones t\u00e1cticas en terrenos urbanos. El ca\u00f1\u00f3n pesado cuenta con el excelente y galardonado estriado multirradial MRR de Sabatti, as\u00ed como un freno de boca intercambiable. La culata estilo \"Thumbhole\" esta fabricada con nailon reforzado con fibra de vidrio para una rigidez y una absorci\u00f3n de vibraciones de primera; el dise\u00f1o lo hace perfecto para operar tanto desde una posici\u00f3n est\u00e1tica como en movimiento. La culata tambi\u00e9n cuanta con carrilera regulable, un juego de espaciadores de fabrica para extender la longitud y anillos de eslinga est\u00e1ndar y de desmontaje r\u00e1pido. El Sabatti Urban Sniper se alimenta a trav\u00e9s de cargadores desmontables y viene de fabrica con dos rieles Picatinny: uno sobre el receptor para la \u00f3ptica y otro mas corto debajo del guardamanos para un bipode.  C\u00f3digo: 1201140  AL MEJOR VALOR DEL MERCADO COMO SIEMPRE\u2026 LLAMANOS AL (011)4203-8236 Y TE PASAMOS EL PRECIO\u2026!!!  ADEMAS DE ESO TE PRESENTAMOS EL TRAMITE \u201cSIN GASTO DE GESTION\u201d","og_url":"https:\/\/www.tirito.com.ar\/webwp\/producto\/sabatti-urban-sniper-cal-308-win\/","og_site_name":"Tirito","article_modified_time":"2024-11-21T23:56:18+00:00","og_image":[{"width":1200,"height":1200,"url":"https:\/\/www.tirito.com.ar\/webwp\/wp-content\/uploads\/2022\/06\/1201140-Sabatti-Urban-Sniper_6.jpg","type":"image\/jpeg"}],"twitter_card":"summary_large_image","schema":{"@context":"https:\/\/schema.org","@graph":[{"@type":"WebPage","@id":"https:\/\/www.tirito.com.ar\/webwp\/producto\/sabatti-urban-sniper-cal-308-win\/","url":"https:\/\/www.tirito.com.ar\/webwp\/producto\/sabatti-urban-sniper-cal-308-win\/","name":"Sabatti Urban Sniper - Cal 308 Win. (1201140) - Tirito","isPartOf":{"@id":"https:\/\/www.tirito.com.ar\/webwp\/#website"},"datePublished":"2022-06-15T13:34:40+00:00","dateModified":"2024-11-21T23:56:18+00:00","breadcrumb":{"@id":"https:\/\/www.tirito.com.ar\/webwp\/producto\/sabatti-urban-sniper-cal-308-win\/#breadcrumb"},"inLanguage":"es-AR","potentialAction":[{"@type":"ReadAction","target":["https:\/\/www.tirito.com.ar\/webwp\/producto\/sabatti-urban-sniper-cal-308-win\/"]}]},{"@type":"BreadcrumbList","@id":"https:\/\/www.tirito.com.ar\/webwp\/producto\/sabatti-urban-sniper-cal-308-win\/#breadcrumb","itemListElement":[{"@type":"ListItem","position":1,"name":"Inicio","item":"https:\/\/www.tirito.com.ar\/webwp\/"},{"@type":"ListItem","position":2,"name":"Tienda","item":"https:\/\/www.tirito.com.ar\/webwp\/tienda\/"},{"@type":"ListItem","position":3,"name":"Sabatti Urban Sniper &#8211; Cal 308 Win. (1201140)"}]},{"@type":"WebSite","@id":"https:\/\/www.tirito.com.ar\/webwp\/#website","url":"https:\/\/www.tirito.com.ar\/webwp\/","name":"Tirito","description":"Armeria","publisher":{"@id":"https:\/\/www.tirito.com.ar\/webwp\/#organization"},"potentialAction":[{"@type":"SearchAction","target":{"@type":"EntryPoint","urlTemplate":"https:\/\/www.tirito.com.ar\/webwp\/?s={search_term_string}"},"query-input":"required name=search_term_string"}],"inLanguage":"es-AR"},{"@type":"Organization","@id":"https:\/\/www.tirito.com.ar\/webwp\/#organization","name":"Tirito","url":"https:\/\/www.tirito.com.ar\/webwp\/","sameAs":[],"logo":{"@type":"ImageObject","inLanguage":"es-AR","@id":"https:\/\/www.tirito.com.ar\/webwp\/#\/schema\/logo\/image\/","url":"http:\/\/www.tirito.com.ar\/webwp\/wp-content\/uploads\/2022\/10\/tirilogo3.png","contentUrl":"http:\/\/www.tirito.com.ar\/webwp\/wp-content\/uploads\/2022\/10\/tirilogo3.png","width":200,"height":200,"caption":"Tirito"},"image":{"@id":"https:\/\/www.tirito.com.ar\/webwp\/#\/schema\/logo\/image\/"}}]}},"_links":{"self":[{"href":"https:\/\/www.tirito.com.ar\/webwp\/wp-json\/wp\/v2\/product\/3776"}],"collection":[{"href":"https:\/\/www.tirito.com.ar\/webwp\/wp-json\/wp\/v2\/product"}],"about":[{"href":"https:\/\/www.tirito.com.ar\/webwp\/wp-json\/wp\/v2\/types\/product"}],"wp:featuredmedia":[{"embeddable":true,"href":"https:\/\/www.tirito.com.ar\/webwp\/wp-json\/wp\/v2\/media\/3780"}],"wp:attachment":[{"href":"https:\/\/www.tirito.com.ar\/webwp\/wp-json\/wp\/v2\/media?parent=3776"}],"wp:term":[{"taxonomy":"product_cat","embeddable":true,"href":"https:\/\/www.tirito.com.ar\/webwp\/wp-json\/wp\/v2\/product_cat?post=3776"},{"taxonomy":"product_tag","embeddable":true,"href":"https:\/\/www.tirito.com.ar\/webwp\/wp-json\/wp\/v2\/product_tag?post=3776"}],"curies":[{"name":"wp","href":"https:\/\/api.w.org\/{rel}","templated":true}]}}