{"id":3666,"date":"2022-05-24T16:35:41","date_gmt":"2022-05-24T19:35:41","guid":{"rendered":"http:\/\/www.tirito.com.ar\/webwp\/?post_type=product&#038;p=3666"},"modified":"2024-11-21T17:37:02","modified_gmt":"2024-11-21T20:37:02","slug":"remington-700-sps-camo-cal-270-rem","status":"publish","type":"product","link":"https:\/\/www.tirito.com.ar\/webwp\/producto\/remington-700-sps-camo-cal-270-rem\/","title":{"rendered":"Remington 700 SPS Camo &#8211; Cal. 270 Rem. (84185)"},"content":{"rendered":"","protected":false},"excerpt":{"rendered":"<p>Remington 700 SPS Camo &#8211; 0 km<\/p>\n<p>Calibre: 270 Rem<br \/>\nCapacidad: 4 tiros<br \/>\nCa\u00f1o de 559 mm<\/p>\n<p>El modelo 700 SPS Camo ofrece todo lo que nos gusta del legendario modelo 700. Las caracteristicas incluyen una culata sint\u00e9tica camuflada mejorada, dise\u00f1ada ergon\u00f3micamente con paneles de agarre para mayor estabilidad y adherencia, ca\u00f1\u00f3n de acero al carbono, cantonera supercell que reduce considerablemente el impacto del retroceso. Trae anilla para porta-correa y gatillo regulable X-Pro.<\/p>\n<p><strong>C\u00f3digo: 84185<\/strong><\/p>\n<p><strong>AL MEJOR VALOR DEL MERCADO COMO SIEMPRE\u2026<\/strong><br \/>\n<strong>LLAMANOS AL (011)4203-8236 Y TE PASAMOS EL PRECIO\u2026!!!<\/strong><\/p>\n<p><strong>ADEMAS DE ESO TE PRESENTAMOS EL TRAMITE \u201cSIN GASTO DE GESTION\u201d<\/strong><\/p>\n","protected":false},"featured_media":3667,"template":"","meta":{"_ti_tpc_template_sync":false,"_ti_tpc_template_id":""},"product_cat":[1317],"product_tag":[552,116,147],"yoast_head":"<!-- This site is optimized with the Yoast SEO plugin v19.8 - https:\/\/yoast.com\/wordpress\/plugins\/seo\/ -->\n<title>Remington 700 SPS Camo - Cal. 270 Rem. (84185) - Tirito<\/title>\n<meta name=\"robots\" content=\"index, follow, max-snippet:-1, max-image-preview:large, max-video-preview:-1\" \/>\n<link rel=\"canonical\" href=\"https:\/\/www.tirito.com.ar\/webwp\/producto\/remington-700-sps-camo-cal-270-rem\/\" \/>\n<meta property=\"og:locale\" content=\"es_ES\" \/>\n<meta property=\"og:type\" content=\"article\" \/>\n<meta property=\"og:title\" content=\"Remington 700 SPS Camo - Cal. 270 Rem. (84185) - Tirito\" \/>\n<meta property=\"og:description\" content=\"Remington 700 SPS Camo - 0 km  Calibre: 270 Rem Capacidad: 4 tiros Ca\u00f1o de 559 mm  El modelo 700 SPS Camo ofrece todo lo que nos gusta del legendario modelo 700. Las caracteristicas incluyen una culata sint\u00e9tica camuflada mejorada, dise\u00f1ada ergon\u00f3micamente con paneles de agarre para mayor estabilidad y adherencia, ca\u00f1\u00f3n de acero al carbono, cantonera supercell que reduce considerablemente el impacto del retroceso. Trae anilla para porta-correa y gatillo regulable X-Pro.  C\u00f3digo: 84185  AL MEJOR VALOR DEL MERCADO COMO SIEMPRE\u2026 LLAMANOS AL (011)4203-8236 Y TE PASAMOS EL PRECIO\u2026!!!  ADEMAS DE ESO TE PRESENTAMOS EL TRAMITE \u201cSIN GASTO DE GESTION\u201d\" \/>\n<meta property=\"og:url\" content=\"https:\/\/www.tirito.com.ar\/webwp\/producto\/remington-700-sps-camo-cal-270-rem\/\" \/>\n<meta property=\"og:site_name\" content=\"Tirito\" \/>\n<meta property=\"article:modified_time\" content=\"2024-11-21T20:37:02+00:00\" \/>\n<meta property=\"og:image\" content=\"https:\/\/www.tirito.com.ar\/webwp\/wp-content\/uploads\/2022\/05\/Rem700-SPS-Camo_1_84185.jpg\" \/>\n\t<meta property=\"og:image:width\" content=\"1200\" \/>\n\t<meta property=\"og:image:height\" content=\"1200\" \/>\n\t<meta property=\"og:image:type\" content=\"image\/jpeg\" \/>\n<meta name=\"twitter:card\" content=\"summary_large_image\" \/>\n<script type=\"application\/ld+json\" class=\"yoast-schema-graph\">{\"@context\":\"https:\/\/schema.org\",\"@graph\":[{\"@type\":\"WebPage\",\"@id\":\"https:\/\/www.tirito.com.ar\/webwp\/producto\/remington-700-sps-camo-cal-270-rem\/\",\"url\":\"https:\/\/www.tirito.com.ar\/webwp\/producto\/remington-700-sps-camo-cal-270-rem\/\",\"name\":\"Remington 700 SPS Camo - Cal. 270 Rem. (84185) - Tirito\",\"isPartOf\":{\"@id\":\"https:\/\/www.tirito.com.ar\/webwp\/#website\"},\"datePublished\":\"2022-05-24T19:35:41+00:00\",\"dateModified\":\"2024-11-21T20:37:02+00:00\",\"breadcrumb\":{\"@id\":\"https:\/\/www.tirito.com.ar\/webwp\/producto\/remington-700-sps-camo-cal-270-rem\/#breadcrumb\"},\"inLanguage\":\"es-AR\",\"potentialAction\":[{\"@type\":\"ReadAction\",\"target\":[\"https:\/\/www.tirito.com.ar\/webwp\/producto\/remington-700-sps-camo-cal-270-rem\/\"]}]},{\"@type\":\"BreadcrumbList\",\"@id\":\"https:\/\/www.tirito.com.ar\/webwp\/producto\/remington-700-sps-camo-cal-270-rem\/#breadcrumb\",\"itemListElement\":[{\"@type\":\"ListItem\",\"position\":1,\"name\":\"Inicio\",\"item\":\"https:\/\/www.tirito.com.ar\/webwp\/\"},{\"@type\":\"ListItem\",\"position\":2,\"name\":\"Tienda\",\"item\":\"https:\/\/www.tirito.com.ar\/webwp\/tienda\/\"},{\"@type\":\"ListItem\",\"position\":3,\"name\":\"Remington 700 SPS Camo &#8211; Cal. 270 Rem. (84185)\"}]},{\"@type\":\"WebSite\",\"@id\":\"https:\/\/www.tirito.com.ar\/webwp\/#website\",\"url\":\"https:\/\/www.tirito.com.ar\/webwp\/\",\"name\":\"Tirito\",\"description\":\"Armeria\",\"publisher\":{\"@id\":\"https:\/\/www.tirito.com.ar\/webwp\/#organization\"},\"potentialAction\":[{\"@type\":\"SearchAction\",\"target\":{\"@type\":\"EntryPoint\",\"urlTemplate\":\"https:\/\/www.tirito.com.ar\/webwp\/?s={search_term_string}\"},\"query-input\":\"required name=search_term_string\"}],\"inLanguage\":\"es-AR\"},{\"@type\":\"Organization\",\"@id\":\"https:\/\/www.tirito.com.ar\/webwp\/#organization\",\"name\":\"Tirito\",\"url\":\"https:\/\/www.tirito.com.ar\/webwp\/\",\"sameAs\":[],\"logo\":{\"@type\":\"ImageObject\",\"inLanguage\":\"es-AR\",\"@id\":\"https:\/\/www.tirito.com.ar\/webwp\/#\/schema\/logo\/image\/\",\"url\":\"http:\/\/www.tirito.com.ar\/webwp\/wp-content\/uploads\/2022\/10\/tirilogo3.png\",\"contentUrl\":\"http:\/\/www.tirito.com.ar\/webwp\/wp-content\/uploads\/2022\/10\/tirilogo3.png\",\"width\":200,\"height\":200,\"caption\":\"Tirito\"},\"image\":{\"@id\":\"https:\/\/www.tirito.com.ar\/webwp\/#\/schema\/logo\/image\/\"}}]}<\/script>\n<!-- \/ Yoast SEO plugin. -->","yoast_head_json":{"title":"Remington 700 SPS Camo - Cal. 270 Rem. (84185) - Tirito","robots":{"index":"index","follow":"follow","max-snippet":"max-snippet:-1","max-image-preview":"max-image-preview:large","max-video-preview":"max-video-preview:-1"},"canonical":"https:\/\/www.tirito.com.ar\/webwp\/producto\/remington-700-sps-camo-cal-270-rem\/","og_locale":"es_ES","og_type":"article","og_title":"Remington 700 SPS Camo - Cal. 270 Rem. (84185) - Tirito","og_description":"Remington 700 SPS Camo - 0 km  Calibre: 270 Rem Capacidad: 4 tiros Ca\u00f1o de 559 mm  El modelo 700 SPS Camo ofrece todo lo que nos gusta del legendario modelo 700. Las caracteristicas incluyen una culata sint\u00e9tica camuflada mejorada, dise\u00f1ada ergon\u00f3micamente con paneles de agarre para mayor estabilidad y adherencia, ca\u00f1\u00f3n de acero al carbono, cantonera supercell que reduce considerablemente el impacto del retroceso. Trae anilla para porta-correa y gatillo regulable X-Pro.  C\u00f3digo: 84185  AL MEJOR VALOR DEL MERCADO COMO SIEMPRE\u2026 LLAMANOS AL (011)4203-8236 Y TE PASAMOS EL PRECIO\u2026!!!  ADEMAS DE ESO TE PRESENTAMOS EL TRAMITE \u201cSIN GASTO DE GESTION\u201d","og_url":"https:\/\/www.tirito.com.ar\/webwp\/producto\/remington-700-sps-camo-cal-270-rem\/","og_site_name":"Tirito","article_modified_time":"2024-11-21T20:37:02+00:00","og_image":[{"width":1200,"height":1200,"url":"https:\/\/www.tirito.com.ar\/webwp\/wp-content\/uploads\/2022\/05\/Rem700-SPS-Camo_1_84185.jpg","type":"image\/jpeg"}],"twitter_card":"summary_large_image","schema":{"@context":"https:\/\/schema.org","@graph":[{"@type":"WebPage","@id":"https:\/\/www.tirito.com.ar\/webwp\/producto\/remington-700-sps-camo-cal-270-rem\/","url":"https:\/\/www.tirito.com.ar\/webwp\/producto\/remington-700-sps-camo-cal-270-rem\/","name":"Remington 700 SPS Camo - Cal. 270 Rem. (84185) - Tirito","isPartOf":{"@id":"https:\/\/www.tirito.com.ar\/webwp\/#website"},"datePublished":"2022-05-24T19:35:41+00:00","dateModified":"2024-11-21T20:37:02+00:00","breadcrumb":{"@id":"https:\/\/www.tirito.com.ar\/webwp\/producto\/remington-700-sps-camo-cal-270-rem\/#breadcrumb"},"inLanguage":"es-AR","potentialAction":[{"@type":"ReadAction","target":["https:\/\/www.tirito.com.ar\/webwp\/producto\/remington-700-sps-camo-cal-270-rem\/"]}]},{"@type":"BreadcrumbList","@id":"https:\/\/www.tirito.com.ar\/webwp\/producto\/remington-700-sps-camo-cal-270-rem\/#breadcrumb","itemListElement":[{"@type":"ListItem","position":1,"name":"Inicio","item":"https:\/\/www.tirito.com.ar\/webwp\/"},{"@type":"ListItem","position":2,"name":"Tienda","item":"https:\/\/www.tirito.com.ar\/webwp\/tienda\/"},{"@type":"ListItem","position":3,"name":"Remington 700 SPS Camo &#8211; Cal. 270 Rem. (84185)"}]},{"@type":"WebSite","@id":"https:\/\/www.tirito.com.ar\/webwp\/#website","url":"https:\/\/www.tirito.com.ar\/webwp\/","name":"Tirito","description":"Armeria","publisher":{"@id":"https:\/\/www.tirito.com.ar\/webwp\/#organization"},"potentialAction":[{"@type":"SearchAction","target":{"@type":"EntryPoint","urlTemplate":"https:\/\/www.tirito.com.ar\/webwp\/?s={search_term_string}"},"query-input":"required name=search_term_string"}],"inLanguage":"es-AR"},{"@type":"Organization","@id":"https:\/\/www.tirito.com.ar\/webwp\/#organization","name":"Tirito","url":"https:\/\/www.tirito.com.ar\/webwp\/","sameAs":[],"logo":{"@type":"ImageObject","inLanguage":"es-AR","@id":"https:\/\/www.tirito.com.ar\/webwp\/#\/schema\/logo\/image\/","url":"http:\/\/www.tirito.com.ar\/webwp\/wp-content\/uploads\/2022\/10\/tirilogo3.png","contentUrl":"http:\/\/www.tirito.com.ar\/webwp\/wp-content\/uploads\/2022\/10\/tirilogo3.png","width":200,"height":200,"caption":"Tirito"},"image":{"@id":"https:\/\/www.tirito.com.ar\/webwp\/#\/schema\/logo\/image\/"}}]}},"_links":{"self":[{"href":"https:\/\/www.tirito.com.ar\/webwp\/wp-json\/wp\/v2\/product\/3666"}],"collection":[{"href":"https:\/\/www.tirito.com.ar\/webwp\/wp-json\/wp\/v2\/product"}],"about":[{"href":"https:\/\/www.tirito.com.ar\/webwp\/wp-json\/wp\/v2\/types\/product"}],"wp:featuredmedia":[{"embeddable":true,"href":"https:\/\/www.tirito.com.ar\/webwp\/wp-json\/wp\/v2\/media\/3667"}],"wp:attachment":[{"href":"https:\/\/www.tirito.com.ar\/webwp\/wp-json\/wp\/v2\/media?parent=3666"}],"wp:term":[{"taxonomy":"product_cat","embeddable":true,"href":"https:\/\/www.tirito.com.ar\/webwp\/wp-json\/wp\/v2\/product_cat?post=3666"},{"taxonomy":"product_tag","embeddable":true,"href":"https:\/\/www.tirito.com.ar\/webwp\/wp-json\/wp\/v2\/product_tag?post=3666"}],"curies":[{"name":"wp","href":"https:\/\/api.w.org\/{rel}","templated":true}]}}