{"id":3656,"date":"2022-05-23T18:10:14","date_gmt":"2022-05-23T21:10:14","guid":{"rendered":"http:\/\/www.tirito.com.ar\/webwp\/?post_type=product&#038;p=3656"},"modified":"2024-11-21T20:57:51","modified_gmt":"2024-11-21T23:57:51","slug":"sabatti-rover-870-synthetic-cal-30-06-spr","status":"publish","type":"product","link":"https:\/\/www.tirito.com.ar\/webwp\/producto\/sabatti-rover-870-synthetic-cal-30-06-spr\/","title":{"rendered":"Sabatti Rover 870 Synthetic &#8211; Cal 30-06 Spr. (1201232)"},"content":{"rendered":"","protected":false},"excerpt":{"rendered":"<p>Sabatti Rover 870 Synthetic &#8211; Nuevo 0 km<\/p>\n<p>Calibre: 30-06 Springfield<br \/>\nCapacidad: 3 tiros<br \/>\nLargo de Ca\u00f1on: 610 mm<\/p>\n<p>El Sabatti Rover es el rifle de cerrojo mas tradicional fabricado por Sabatti, constituido para la caza selectiva y el juego de media a larga distancia.<br \/>\nLa acci\u00f3n esta fabricada en acero de aleaci\u00f3n de alta resistencia, su ca\u00f1\u00f3n es forjado a martillo en frio (la alta calidad de acero y la mano de obra garantizan un alto nivel de precisi\u00f3n del estriado y una vida \u00fatil prologada) y tiene colocadas alza regulable y guion delantero elevado, aunque la acci\u00f3n tambi\u00e9n esta preparada para montar \u00f3pticas.<br \/>\nSu culata es de pol\u00edmero sint\u00e9tico, modelo Monte Carlo<\/p>\n<p><strong>C\u00f3digo: 1201232<\/strong><\/p>\n<p><strong>AL MEJOR VALOR DEL MERCADO COMO SIEMPRE\u2026<\/strong><br \/>\n<strong>LLAMANOS AL (011)4203-8236 Y TE PASAMOS EL PRECIO\u2026!!!<\/strong><\/p>\n<p><strong>ADEMAS DE ESO TE PRESENTAMOS EL TRAMITE \u201cSIN GASTO DE GESTION\u201d<\/strong><\/p>\n","protected":false},"featured_media":3657,"template":"","meta":{"_ti_tpc_template_sync":false,"_ti_tpc_template_id":""},"product_cat":[1318],"product_tag":[335,116,551],"yoast_head":"<!-- This site is optimized with the Yoast SEO plugin v19.8 - https:\/\/yoast.com\/wordpress\/plugins\/seo\/ -->\n<title>Sabatti Rover 870 Synthetic - Cal 30-06 Spr. (1201232) - Tirito<\/title>\n<meta name=\"robots\" content=\"index, follow, max-snippet:-1, max-image-preview:large, max-video-preview:-1\" \/>\n<link rel=\"canonical\" href=\"https:\/\/www.tirito.com.ar\/webwp\/producto\/sabatti-rover-870-synthetic-cal-30-06-spr\/\" \/>\n<meta property=\"og:locale\" content=\"es_ES\" \/>\n<meta property=\"og:type\" content=\"article\" \/>\n<meta property=\"og:title\" content=\"Sabatti Rover 870 Synthetic - Cal 30-06 Spr. (1201232) - Tirito\" \/>\n<meta property=\"og:description\" content=\"Sabatti Rover 870 Synthetic - Nuevo 0 km  Calibre: 30-06 Springfield Capacidad: 3 tiros Largo de Ca\u00f1on: 610 mm  El Sabatti Rover es el rifle de cerrojo mas tradicional fabricado por Sabatti, constituido para la caza selectiva y el juego de media a larga distancia. La acci\u00f3n esta fabricada en acero de aleaci\u00f3n de alta resistencia, su ca\u00f1\u00f3n es forjado a martillo en frio (la alta calidad de acero y la mano de obra garantizan un alto nivel de precisi\u00f3n del estriado y una vida \u00fatil prologada) y tiene colocadas alza regulable y guion delantero elevado, aunque la acci\u00f3n tambi\u00e9n esta preparada para montar \u00f3pticas. Su culata es de pol\u00edmero sint\u00e9tico, modelo Monte Carlo  C\u00f3digo: 1201232  AL MEJOR VALOR DEL MERCADO COMO SIEMPRE\u2026 LLAMANOS AL (011)4203-8236 Y TE PASAMOS EL PRECIO\u2026!!!  ADEMAS DE ESO TE PRESENTAMOS EL TRAMITE \u201cSIN GASTO DE GESTION\u201d\" \/>\n<meta property=\"og:url\" content=\"https:\/\/www.tirito.com.ar\/webwp\/producto\/sabatti-rover-870-synthetic-cal-30-06-spr\/\" \/>\n<meta property=\"og:site_name\" content=\"Tirito\" \/>\n<meta property=\"article:modified_time\" content=\"2024-11-21T23:57:51+00:00\" \/>\n<meta property=\"og:image\" content=\"https:\/\/www.tirito.com.ar\/webwp\/wp-content\/uploads\/2022\/05\/1201232-Sabatti-Rover870-Sintetico_2.jpg\" \/>\n\t<meta property=\"og:image:width\" content=\"1200\" \/>\n\t<meta property=\"og:image:height\" content=\"1200\" \/>\n\t<meta property=\"og:image:type\" content=\"image\/jpeg\" \/>\n<meta name=\"twitter:card\" content=\"summary_large_image\" \/>\n<script type=\"application\/ld+json\" class=\"yoast-schema-graph\">{\"@context\":\"https:\/\/schema.org\",\"@graph\":[{\"@type\":\"WebPage\",\"@id\":\"https:\/\/www.tirito.com.ar\/webwp\/producto\/sabatti-rover-870-synthetic-cal-30-06-spr\/\",\"url\":\"https:\/\/www.tirito.com.ar\/webwp\/producto\/sabatti-rover-870-synthetic-cal-30-06-spr\/\",\"name\":\"Sabatti Rover 870 Synthetic - Cal 30-06 Spr. (1201232) - Tirito\",\"isPartOf\":{\"@id\":\"https:\/\/www.tirito.com.ar\/webwp\/#website\"},\"datePublished\":\"2022-05-23T21:10:14+00:00\",\"dateModified\":\"2024-11-21T23:57:51+00:00\",\"breadcrumb\":{\"@id\":\"https:\/\/www.tirito.com.ar\/webwp\/producto\/sabatti-rover-870-synthetic-cal-30-06-spr\/#breadcrumb\"},\"inLanguage\":\"es-AR\",\"potentialAction\":[{\"@type\":\"ReadAction\",\"target\":[\"https:\/\/www.tirito.com.ar\/webwp\/producto\/sabatti-rover-870-synthetic-cal-30-06-spr\/\"]}]},{\"@type\":\"BreadcrumbList\",\"@id\":\"https:\/\/www.tirito.com.ar\/webwp\/producto\/sabatti-rover-870-synthetic-cal-30-06-spr\/#breadcrumb\",\"itemListElement\":[{\"@type\":\"ListItem\",\"position\":1,\"name\":\"Inicio\",\"item\":\"https:\/\/www.tirito.com.ar\/webwp\/\"},{\"@type\":\"ListItem\",\"position\":2,\"name\":\"Tienda\",\"item\":\"https:\/\/www.tirito.com.ar\/webwp\/tienda\/\"},{\"@type\":\"ListItem\",\"position\":3,\"name\":\"Sabatti Rover 870 Synthetic &#8211; Cal 30-06 Spr. (1201232)\"}]},{\"@type\":\"WebSite\",\"@id\":\"https:\/\/www.tirito.com.ar\/webwp\/#website\",\"url\":\"https:\/\/www.tirito.com.ar\/webwp\/\",\"name\":\"Tirito\",\"description\":\"Armeria\",\"publisher\":{\"@id\":\"https:\/\/www.tirito.com.ar\/webwp\/#organization\"},\"potentialAction\":[{\"@type\":\"SearchAction\",\"target\":{\"@type\":\"EntryPoint\",\"urlTemplate\":\"https:\/\/www.tirito.com.ar\/webwp\/?s={search_term_string}\"},\"query-input\":\"required name=search_term_string\"}],\"inLanguage\":\"es-AR\"},{\"@type\":\"Organization\",\"@id\":\"https:\/\/www.tirito.com.ar\/webwp\/#organization\",\"name\":\"Tirito\",\"url\":\"https:\/\/www.tirito.com.ar\/webwp\/\",\"sameAs\":[],\"logo\":{\"@type\":\"ImageObject\",\"inLanguage\":\"es-AR\",\"@id\":\"https:\/\/www.tirito.com.ar\/webwp\/#\/schema\/logo\/image\/\",\"url\":\"http:\/\/www.tirito.com.ar\/webwp\/wp-content\/uploads\/2022\/10\/tirilogo3.png\",\"contentUrl\":\"http:\/\/www.tirito.com.ar\/webwp\/wp-content\/uploads\/2022\/10\/tirilogo3.png\",\"width\":200,\"height\":200,\"caption\":\"Tirito\"},\"image\":{\"@id\":\"https:\/\/www.tirito.com.ar\/webwp\/#\/schema\/logo\/image\/\"}}]}<\/script>\n<!-- \/ Yoast SEO plugin. -->","yoast_head_json":{"title":"Sabatti Rover 870 Synthetic - Cal 30-06 Spr. (1201232) - Tirito","robots":{"index":"index","follow":"follow","max-snippet":"max-snippet:-1","max-image-preview":"max-image-preview:large","max-video-preview":"max-video-preview:-1"},"canonical":"https:\/\/www.tirito.com.ar\/webwp\/producto\/sabatti-rover-870-synthetic-cal-30-06-spr\/","og_locale":"es_ES","og_type":"article","og_title":"Sabatti Rover 870 Synthetic - Cal 30-06 Spr. (1201232) - Tirito","og_description":"Sabatti Rover 870 Synthetic - Nuevo 0 km  Calibre: 30-06 Springfield Capacidad: 3 tiros Largo de Ca\u00f1on: 610 mm  El Sabatti Rover es el rifle de cerrojo mas tradicional fabricado por Sabatti, constituido para la caza selectiva y el juego de media a larga distancia. La acci\u00f3n esta fabricada en acero de aleaci\u00f3n de alta resistencia, su ca\u00f1\u00f3n es forjado a martillo en frio (la alta calidad de acero y la mano de obra garantizan un alto nivel de precisi\u00f3n del estriado y una vida \u00fatil prologada) y tiene colocadas alza regulable y guion delantero elevado, aunque la acci\u00f3n tambi\u00e9n esta preparada para montar \u00f3pticas. Su culata es de pol\u00edmero sint\u00e9tico, modelo Monte Carlo  C\u00f3digo: 1201232  AL MEJOR VALOR DEL MERCADO COMO SIEMPRE\u2026 LLAMANOS AL (011)4203-8236 Y TE PASAMOS EL PRECIO\u2026!!!  ADEMAS DE ESO TE PRESENTAMOS EL TRAMITE \u201cSIN GASTO DE GESTION\u201d","og_url":"https:\/\/www.tirito.com.ar\/webwp\/producto\/sabatti-rover-870-synthetic-cal-30-06-spr\/","og_site_name":"Tirito","article_modified_time":"2024-11-21T23:57:51+00:00","og_image":[{"width":1200,"height":1200,"url":"https:\/\/www.tirito.com.ar\/webwp\/wp-content\/uploads\/2022\/05\/1201232-Sabatti-Rover870-Sintetico_2.jpg","type":"image\/jpeg"}],"twitter_card":"summary_large_image","schema":{"@context":"https:\/\/schema.org","@graph":[{"@type":"WebPage","@id":"https:\/\/www.tirito.com.ar\/webwp\/producto\/sabatti-rover-870-synthetic-cal-30-06-spr\/","url":"https:\/\/www.tirito.com.ar\/webwp\/producto\/sabatti-rover-870-synthetic-cal-30-06-spr\/","name":"Sabatti Rover 870 Synthetic - Cal 30-06 Spr. (1201232) - Tirito","isPartOf":{"@id":"https:\/\/www.tirito.com.ar\/webwp\/#website"},"datePublished":"2022-05-23T21:10:14+00:00","dateModified":"2024-11-21T23:57:51+00:00","breadcrumb":{"@id":"https:\/\/www.tirito.com.ar\/webwp\/producto\/sabatti-rover-870-synthetic-cal-30-06-spr\/#breadcrumb"},"inLanguage":"es-AR","potentialAction":[{"@type":"ReadAction","target":["https:\/\/www.tirito.com.ar\/webwp\/producto\/sabatti-rover-870-synthetic-cal-30-06-spr\/"]}]},{"@type":"BreadcrumbList","@id":"https:\/\/www.tirito.com.ar\/webwp\/producto\/sabatti-rover-870-synthetic-cal-30-06-spr\/#breadcrumb","itemListElement":[{"@type":"ListItem","position":1,"name":"Inicio","item":"https:\/\/www.tirito.com.ar\/webwp\/"},{"@type":"ListItem","position":2,"name":"Tienda","item":"https:\/\/www.tirito.com.ar\/webwp\/tienda\/"},{"@type":"ListItem","position":3,"name":"Sabatti Rover 870 Synthetic &#8211; Cal 30-06 Spr. (1201232)"}]},{"@type":"WebSite","@id":"https:\/\/www.tirito.com.ar\/webwp\/#website","url":"https:\/\/www.tirito.com.ar\/webwp\/","name":"Tirito","description":"Armeria","publisher":{"@id":"https:\/\/www.tirito.com.ar\/webwp\/#organization"},"potentialAction":[{"@type":"SearchAction","target":{"@type":"EntryPoint","urlTemplate":"https:\/\/www.tirito.com.ar\/webwp\/?s={search_term_string}"},"query-input":"required name=search_term_string"}],"inLanguage":"es-AR"},{"@type":"Organization","@id":"https:\/\/www.tirito.com.ar\/webwp\/#organization","name":"Tirito","url":"https:\/\/www.tirito.com.ar\/webwp\/","sameAs":[],"logo":{"@type":"ImageObject","inLanguage":"es-AR","@id":"https:\/\/www.tirito.com.ar\/webwp\/#\/schema\/logo\/image\/","url":"http:\/\/www.tirito.com.ar\/webwp\/wp-content\/uploads\/2022\/10\/tirilogo3.png","contentUrl":"http:\/\/www.tirito.com.ar\/webwp\/wp-content\/uploads\/2022\/10\/tirilogo3.png","width":200,"height":200,"caption":"Tirito"},"image":{"@id":"https:\/\/www.tirito.com.ar\/webwp\/#\/schema\/logo\/image\/"}}]}},"_links":{"self":[{"href":"https:\/\/www.tirito.com.ar\/webwp\/wp-json\/wp\/v2\/product\/3656"}],"collection":[{"href":"https:\/\/www.tirito.com.ar\/webwp\/wp-json\/wp\/v2\/product"}],"about":[{"href":"https:\/\/www.tirito.com.ar\/webwp\/wp-json\/wp\/v2\/types\/product"}],"wp:featuredmedia":[{"embeddable":true,"href":"https:\/\/www.tirito.com.ar\/webwp\/wp-json\/wp\/v2\/media\/3657"}],"wp:attachment":[{"href":"https:\/\/www.tirito.com.ar\/webwp\/wp-json\/wp\/v2\/media?parent=3656"}],"wp:term":[{"taxonomy":"product_cat","embeddable":true,"href":"https:\/\/www.tirito.com.ar\/webwp\/wp-json\/wp\/v2\/product_cat?post=3656"},{"taxonomy":"product_tag","embeddable":true,"href":"https:\/\/www.tirito.com.ar\/webwp\/wp-json\/wp\/v2\/product_tag?post=3656"}],"curies":[{"name":"wp","href":"https:\/\/api.w.org\/{rel}","templated":true}]}}