{"id":3647,"date":"2022-05-23T11:57:08","date_gmt":"2022-05-23T14:57:08","guid":{"rendered":"http:\/\/www.tirito.com.ar\/webwp\/?post_type=product&#038;p=3647"},"modified":"2024-11-21T17:38:29","modified_gmt":"2024-11-21T20:38:29","slug":"remington-700-sps-cal-30-06-spr","status":"publish","type":"product","link":"https:\/\/www.tirito.com.ar\/webwp\/producto\/remington-700-sps-cal-30-06-spr\/","title":{"rendered":"Remington 700 SPS &#8211; Cal 30-06 Spr. (27363)"},"content":{"rendered":"","protected":false},"excerpt":{"rendered":"<p>Remington 700 SPS &#8211; 0 km<\/p>\n<p>Calibre: 30-06 Springfield<\/p>\n<p>Detalles generales: ca\u00f1o de 610 mm de acero al carbono, culata sint\u00e9tica con dise\u00f1o ergon\u00f3mico y paneles de agarre para mayor estabilidad y adherencia.<\/p>\n<p><strong>C\u00f3digo: 27363<\/strong><\/p>\n<p><strong>AL MEJOR VALOR DEL MERCADO COMO SIEMPRE\u2026<\/strong><br \/>\n<strong>LLAMANOS AL (011)4203-8236 Y TE PASAMOS EL PRECIO\u2026!!!<\/strong><\/p>\n<p><strong>ADEMAS DE ESO TE PRESENTAMOS EL TRAMITE \u201cSIN GASTO DE GESTION\u201d<\/strong><\/p>\n","protected":false},"featured_media":3648,"template":"","meta":{"_ti_tpc_template_sync":false,"_ti_tpc_template_id":""},"product_cat":[1317],"product_tag":[335,116,147],"yoast_head":"<!-- This site is optimized with the Yoast SEO plugin v19.8 - https:\/\/yoast.com\/wordpress\/plugins\/seo\/ -->\n<title>Remington 700 SPS - Cal 30-06 Spr. (27363) - Tirito<\/title>\n<meta name=\"robots\" content=\"index, follow, max-snippet:-1, max-image-preview:large, max-video-preview:-1\" \/>\n<link rel=\"canonical\" href=\"https:\/\/www.tirito.com.ar\/webwp\/producto\/remington-700-sps-cal-30-06-spr\/\" \/>\n<meta property=\"og:locale\" content=\"es_ES\" \/>\n<meta property=\"og:type\" content=\"article\" \/>\n<meta property=\"og:title\" content=\"Remington 700 SPS - Cal 30-06 Spr. (27363) - Tirito\" \/>\n<meta property=\"og:description\" content=\"Remington 700 SPS - 0 km  Calibre: 30-06 Springfield  Detalles generales: ca\u00f1o de 610 mm de acero al carbono, culata sint\u00e9tica con dise\u00f1o ergon\u00f3mico y paneles de agarre para mayor estabilidad y adherencia.  C\u00f3digo: 27363  AL MEJOR VALOR DEL MERCADO COMO SIEMPRE\u2026 LLAMANOS AL (011)4203-8236 Y TE PASAMOS EL PRECIO\u2026!!!  ADEMAS DE ESO TE PRESENTAMOS EL TRAMITE \u201cSIN GASTO DE GESTION\u201d\" \/>\n<meta property=\"og:url\" content=\"https:\/\/www.tirito.com.ar\/webwp\/producto\/remington-700-sps-cal-30-06-spr\/\" \/>\n<meta property=\"og:site_name\" content=\"Tirito\" \/>\n<meta property=\"article:modified_time\" content=\"2024-11-21T20:38:29+00:00\" \/>\n<meta property=\"og:image\" content=\"https:\/\/www.tirito.com.ar\/webwp\/wp-content\/uploads\/2022\/05\/27363-Remington-700-SPS_Tiri.jpg\" \/>\n\t<meta property=\"og:image:width\" content=\"1200\" \/>\n\t<meta property=\"og:image:height\" content=\"1200\" \/>\n\t<meta property=\"og:image:type\" content=\"image\/jpeg\" \/>\n<meta name=\"twitter:card\" content=\"summary_large_image\" \/>\n<script type=\"application\/ld+json\" class=\"yoast-schema-graph\">{\"@context\":\"https:\/\/schema.org\",\"@graph\":[{\"@type\":\"WebPage\",\"@id\":\"https:\/\/www.tirito.com.ar\/webwp\/producto\/remington-700-sps-cal-30-06-spr\/\",\"url\":\"https:\/\/www.tirito.com.ar\/webwp\/producto\/remington-700-sps-cal-30-06-spr\/\",\"name\":\"Remington 700 SPS - Cal 30-06 Spr. (27363) - Tirito\",\"isPartOf\":{\"@id\":\"https:\/\/www.tirito.com.ar\/webwp\/#website\"},\"datePublished\":\"2022-05-23T14:57:08+00:00\",\"dateModified\":\"2024-11-21T20:38:29+00:00\",\"breadcrumb\":{\"@id\":\"https:\/\/www.tirito.com.ar\/webwp\/producto\/remington-700-sps-cal-30-06-spr\/#breadcrumb\"},\"inLanguage\":\"es-AR\",\"potentialAction\":[{\"@type\":\"ReadAction\",\"target\":[\"https:\/\/www.tirito.com.ar\/webwp\/producto\/remington-700-sps-cal-30-06-spr\/\"]}]},{\"@type\":\"BreadcrumbList\",\"@id\":\"https:\/\/www.tirito.com.ar\/webwp\/producto\/remington-700-sps-cal-30-06-spr\/#breadcrumb\",\"itemListElement\":[{\"@type\":\"ListItem\",\"position\":1,\"name\":\"Inicio\",\"item\":\"https:\/\/www.tirito.com.ar\/webwp\/\"},{\"@type\":\"ListItem\",\"position\":2,\"name\":\"Tienda\",\"item\":\"https:\/\/www.tirito.com.ar\/webwp\/tienda\/\"},{\"@type\":\"ListItem\",\"position\":3,\"name\":\"Remington 700 SPS &#8211; Cal 30-06 Spr. (27363)\"}]},{\"@type\":\"WebSite\",\"@id\":\"https:\/\/www.tirito.com.ar\/webwp\/#website\",\"url\":\"https:\/\/www.tirito.com.ar\/webwp\/\",\"name\":\"Tirito\",\"description\":\"Armeria\",\"publisher\":{\"@id\":\"https:\/\/www.tirito.com.ar\/webwp\/#organization\"},\"potentialAction\":[{\"@type\":\"SearchAction\",\"target\":{\"@type\":\"EntryPoint\",\"urlTemplate\":\"https:\/\/www.tirito.com.ar\/webwp\/?s={search_term_string}\"},\"query-input\":\"required name=search_term_string\"}],\"inLanguage\":\"es-AR\"},{\"@type\":\"Organization\",\"@id\":\"https:\/\/www.tirito.com.ar\/webwp\/#organization\",\"name\":\"Tirito\",\"url\":\"https:\/\/www.tirito.com.ar\/webwp\/\",\"sameAs\":[],\"logo\":{\"@type\":\"ImageObject\",\"inLanguage\":\"es-AR\",\"@id\":\"https:\/\/www.tirito.com.ar\/webwp\/#\/schema\/logo\/image\/\",\"url\":\"http:\/\/www.tirito.com.ar\/webwp\/wp-content\/uploads\/2022\/10\/tirilogo3.png\",\"contentUrl\":\"http:\/\/www.tirito.com.ar\/webwp\/wp-content\/uploads\/2022\/10\/tirilogo3.png\",\"width\":200,\"height\":200,\"caption\":\"Tirito\"},\"image\":{\"@id\":\"https:\/\/www.tirito.com.ar\/webwp\/#\/schema\/logo\/image\/\"}}]}<\/script>\n<!-- \/ Yoast SEO plugin. -->","yoast_head_json":{"title":"Remington 700 SPS - Cal 30-06 Spr. (27363) - Tirito","robots":{"index":"index","follow":"follow","max-snippet":"max-snippet:-1","max-image-preview":"max-image-preview:large","max-video-preview":"max-video-preview:-1"},"canonical":"https:\/\/www.tirito.com.ar\/webwp\/producto\/remington-700-sps-cal-30-06-spr\/","og_locale":"es_ES","og_type":"article","og_title":"Remington 700 SPS - Cal 30-06 Spr. (27363) - Tirito","og_description":"Remington 700 SPS - 0 km  Calibre: 30-06 Springfield  Detalles generales: ca\u00f1o de 610 mm de acero al carbono, culata sint\u00e9tica con dise\u00f1o ergon\u00f3mico y paneles de agarre para mayor estabilidad y adherencia.  C\u00f3digo: 27363  AL MEJOR VALOR DEL MERCADO COMO SIEMPRE\u2026 LLAMANOS AL (011)4203-8236 Y TE PASAMOS EL PRECIO\u2026!!!  ADEMAS DE ESO TE PRESENTAMOS EL TRAMITE \u201cSIN GASTO DE GESTION\u201d","og_url":"https:\/\/www.tirito.com.ar\/webwp\/producto\/remington-700-sps-cal-30-06-spr\/","og_site_name":"Tirito","article_modified_time":"2024-11-21T20:38:29+00:00","og_image":[{"width":1200,"height":1200,"url":"https:\/\/www.tirito.com.ar\/webwp\/wp-content\/uploads\/2022\/05\/27363-Remington-700-SPS_Tiri.jpg","type":"image\/jpeg"}],"twitter_card":"summary_large_image","schema":{"@context":"https:\/\/schema.org","@graph":[{"@type":"WebPage","@id":"https:\/\/www.tirito.com.ar\/webwp\/producto\/remington-700-sps-cal-30-06-spr\/","url":"https:\/\/www.tirito.com.ar\/webwp\/producto\/remington-700-sps-cal-30-06-spr\/","name":"Remington 700 SPS - Cal 30-06 Spr. (27363) - Tirito","isPartOf":{"@id":"https:\/\/www.tirito.com.ar\/webwp\/#website"},"datePublished":"2022-05-23T14:57:08+00:00","dateModified":"2024-11-21T20:38:29+00:00","breadcrumb":{"@id":"https:\/\/www.tirito.com.ar\/webwp\/producto\/remington-700-sps-cal-30-06-spr\/#breadcrumb"},"inLanguage":"es-AR","potentialAction":[{"@type":"ReadAction","target":["https:\/\/www.tirito.com.ar\/webwp\/producto\/remington-700-sps-cal-30-06-spr\/"]}]},{"@type":"BreadcrumbList","@id":"https:\/\/www.tirito.com.ar\/webwp\/producto\/remington-700-sps-cal-30-06-spr\/#breadcrumb","itemListElement":[{"@type":"ListItem","position":1,"name":"Inicio","item":"https:\/\/www.tirito.com.ar\/webwp\/"},{"@type":"ListItem","position":2,"name":"Tienda","item":"https:\/\/www.tirito.com.ar\/webwp\/tienda\/"},{"@type":"ListItem","position":3,"name":"Remington 700 SPS &#8211; Cal 30-06 Spr. (27363)"}]},{"@type":"WebSite","@id":"https:\/\/www.tirito.com.ar\/webwp\/#website","url":"https:\/\/www.tirito.com.ar\/webwp\/","name":"Tirito","description":"Armeria","publisher":{"@id":"https:\/\/www.tirito.com.ar\/webwp\/#organization"},"potentialAction":[{"@type":"SearchAction","target":{"@type":"EntryPoint","urlTemplate":"https:\/\/www.tirito.com.ar\/webwp\/?s={search_term_string}"},"query-input":"required name=search_term_string"}],"inLanguage":"es-AR"},{"@type":"Organization","@id":"https:\/\/www.tirito.com.ar\/webwp\/#organization","name":"Tirito","url":"https:\/\/www.tirito.com.ar\/webwp\/","sameAs":[],"logo":{"@type":"ImageObject","inLanguage":"es-AR","@id":"https:\/\/www.tirito.com.ar\/webwp\/#\/schema\/logo\/image\/","url":"http:\/\/www.tirito.com.ar\/webwp\/wp-content\/uploads\/2022\/10\/tirilogo3.png","contentUrl":"http:\/\/www.tirito.com.ar\/webwp\/wp-content\/uploads\/2022\/10\/tirilogo3.png","width":200,"height":200,"caption":"Tirito"},"image":{"@id":"https:\/\/www.tirito.com.ar\/webwp\/#\/schema\/logo\/image\/"}}]}},"_links":{"self":[{"href":"https:\/\/www.tirito.com.ar\/webwp\/wp-json\/wp\/v2\/product\/3647"}],"collection":[{"href":"https:\/\/www.tirito.com.ar\/webwp\/wp-json\/wp\/v2\/product"}],"about":[{"href":"https:\/\/www.tirito.com.ar\/webwp\/wp-json\/wp\/v2\/types\/product"}],"wp:featuredmedia":[{"embeddable":true,"href":"https:\/\/www.tirito.com.ar\/webwp\/wp-json\/wp\/v2\/media\/3648"}],"wp:attachment":[{"href":"https:\/\/www.tirito.com.ar\/webwp\/wp-json\/wp\/v2\/media?parent=3647"}],"wp:term":[{"taxonomy":"product_cat","embeddable":true,"href":"https:\/\/www.tirito.com.ar\/webwp\/wp-json\/wp\/v2\/product_cat?post=3647"},{"taxonomy":"product_tag","embeddable":true,"href":"https:\/\/www.tirito.com.ar\/webwp\/wp-json\/wp\/v2\/product_tag?post=3647"}],"curies":[{"name":"wp","href":"https:\/\/api.w.org\/{rel}","templated":true}]}}