{"id":3624,"date":"2022-05-10T18:54:09","date_gmt":"2022-05-10T21:54:09","guid":{"rendered":"http:\/\/www.tirito.com.ar\/webwp\/?post_type=product&#038;p=3624"},"modified":"2024-11-21T17:40:32","modified_gmt":"2024-11-21T20:40:32","slug":"remington-700-mtc-cal-300-win-mag","status":"publish","type":"product","link":"https:\/\/www.tirito.com.ar\/webwp\/producto\/remington-700-mtc-cal-300-win-mag\/","title":{"rendered":"Remington 700 MTC &#8211; Cal 300 Win. Mag. (84475)"},"content":{"rendered":"","protected":false},"excerpt":{"rendered":"<p>Remington 700 MTC &#8211; 0 km<\/p>\n<p>Calibre 300 Win Mag<br \/>\nCapacidad: 5 tiros<\/p>\n<p>El rifle t\u00e1ctico por excelencia sin igual en precisi\u00f3n, confiabilidad y versatilidad. Equipado con un chasis MDT TAC21, su dise\u00f1o ergon\u00f3mico sirve como base para agregar f\u00e1cilmente los componentes deseados. El ca\u00f1\u00f3n flotante brinda una precisi\u00f3n superior mientras que la culata Magpul totalmente ajustable y la empu\u00f1adura aseguran la consistencia de disparo a disparo para cualquier tirador. Tiene freno de boca, gu\u00eda picatinny superior y un cargador desmontable.<\/p>\n<p><strong>C\u00f3digo: 84475<\/strong><\/p>\n<p><strong>AL MEJOR VALOR DEL MERCADO COMO SIEMPRE\u2026<\/strong><br \/>\n<strong>LLAMANOS AL (011)4203-8236 Y TE PASAMOS EL PRECIO\u2026!!!<\/strong><\/p>\n<p><strong>ADEMAS DE ESO TE PRESENTAMOS EL TRAMITE \u201cSIN GASTO DE GESTION\u201d<\/strong><\/p>\n","protected":false},"featured_media":3625,"template":"","meta":{"_ti_tpc_template_sync":false,"_ti_tpc_template_id":""},"product_cat":[1317],"product_tag":[334,116,147],"yoast_head":"<!-- This site is optimized with the Yoast SEO plugin v19.8 - https:\/\/yoast.com\/wordpress\/plugins\/seo\/ -->\n<title>Remington 700 MTC - Cal 300 Win. Mag. (84475) - Tirito<\/title>\n<meta name=\"robots\" content=\"index, follow, max-snippet:-1, max-image-preview:large, max-video-preview:-1\" \/>\n<link rel=\"canonical\" href=\"https:\/\/www.tirito.com.ar\/webwp\/producto\/remington-700-mtc-cal-300-win-mag\/\" \/>\n<meta property=\"og:locale\" content=\"es_ES\" \/>\n<meta property=\"og:type\" content=\"article\" \/>\n<meta property=\"og:title\" content=\"Remington 700 MTC - Cal 300 Win. Mag. (84475) - Tirito\" \/>\n<meta property=\"og:description\" content=\"Remington 700 MTC - 0 km  Calibre 300 Win Mag Capacidad: 5 tiros  El rifle t\u00e1ctico por excelencia sin igual en precisi\u00f3n, confiabilidad y versatilidad. Equipado con un chasis MDT TAC21, su dise\u00f1o ergon\u00f3mico sirve como base para agregar f\u00e1cilmente los componentes deseados. El ca\u00f1\u00f3n flotante brinda una precisi\u00f3n superior mientras que la culata Magpul totalmente ajustable y la empu\u00f1adura aseguran la consistencia de disparo a disparo para cualquier tirador. Tiene freno de boca, gu\u00eda picatinny superior y un cargador desmontable.  C\u00f3digo: 84475  AL MEJOR VALOR DEL MERCADO COMO SIEMPRE\u2026 LLAMANOS AL (011)4203-8236 Y TE PASAMOS EL PRECIO\u2026!!!  ADEMAS DE ESO TE PRESENTAMOS EL TRAMITE \u201cSIN GASTO DE GESTION\u201d\" \/>\n<meta property=\"og:url\" content=\"https:\/\/www.tirito.com.ar\/webwp\/producto\/remington-700-mtc-cal-300-win-mag\/\" \/>\n<meta property=\"og:site_name\" content=\"Tirito\" \/>\n<meta property=\"article:modified_time\" content=\"2024-11-21T20:40:32+00:00\" \/>\n<meta property=\"og:image\" content=\"https:\/\/www.tirito.com.ar\/webwp\/wp-content\/uploads\/2022\/05\/84475-Remington700-MTC.jpg\" \/>\n\t<meta property=\"og:image:width\" content=\"1500\" \/>\n\t<meta property=\"og:image:height\" content=\"1500\" \/>\n\t<meta property=\"og:image:type\" content=\"image\/jpeg\" \/>\n<meta name=\"twitter:card\" content=\"summary_large_image\" \/>\n<script type=\"application\/ld+json\" class=\"yoast-schema-graph\">{\"@context\":\"https:\/\/schema.org\",\"@graph\":[{\"@type\":\"WebPage\",\"@id\":\"https:\/\/www.tirito.com.ar\/webwp\/producto\/remington-700-mtc-cal-300-win-mag\/\",\"url\":\"https:\/\/www.tirito.com.ar\/webwp\/producto\/remington-700-mtc-cal-300-win-mag\/\",\"name\":\"Remington 700 MTC - Cal 300 Win. Mag. (84475) - Tirito\",\"isPartOf\":{\"@id\":\"https:\/\/www.tirito.com.ar\/webwp\/#website\"},\"datePublished\":\"2022-05-10T21:54:09+00:00\",\"dateModified\":\"2024-11-21T20:40:32+00:00\",\"breadcrumb\":{\"@id\":\"https:\/\/www.tirito.com.ar\/webwp\/producto\/remington-700-mtc-cal-300-win-mag\/#breadcrumb\"},\"inLanguage\":\"es-AR\",\"potentialAction\":[{\"@type\":\"ReadAction\",\"target\":[\"https:\/\/www.tirito.com.ar\/webwp\/producto\/remington-700-mtc-cal-300-win-mag\/\"]}]},{\"@type\":\"BreadcrumbList\",\"@id\":\"https:\/\/www.tirito.com.ar\/webwp\/producto\/remington-700-mtc-cal-300-win-mag\/#breadcrumb\",\"itemListElement\":[{\"@type\":\"ListItem\",\"position\":1,\"name\":\"Inicio\",\"item\":\"https:\/\/www.tirito.com.ar\/webwp\/\"},{\"@type\":\"ListItem\",\"position\":2,\"name\":\"Tienda\",\"item\":\"https:\/\/www.tirito.com.ar\/webwp\/tienda\/\"},{\"@type\":\"ListItem\",\"position\":3,\"name\":\"Remington 700 MTC &#8211; Cal 300 Win. Mag. (84475)\"}]},{\"@type\":\"WebSite\",\"@id\":\"https:\/\/www.tirito.com.ar\/webwp\/#website\",\"url\":\"https:\/\/www.tirito.com.ar\/webwp\/\",\"name\":\"Tirito\",\"description\":\"Armeria\",\"publisher\":{\"@id\":\"https:\/\/www.tirito.com.ar\/webwp\/#organization\"},\"potentialAction\":[{\"@type\":\"SearchAction\",\"target\":{\"@type\":\"EntryPoint\",\"urlTemplate\":\"https:\/\/www.tirito.com.ar\/webwp\/?s={search_term_string}\"},\"query-input\":\"required name=search_term_string\"}],\"inLanguage\":\"es-AR\"},{\"@type\":\"Organization\",\"@id\":\"https:\/\/www.tirito.com.ar\/webwp\/#organization\",\"name\":\"Tirito\",\"url\":\"https:\/\/www.tirito.com.ar\/webwp\/\",\"sameAs\":[],\"logo\":{\"@type\":\"ImageObject\",\"inLanguage\":\"es-AR\",\"@id\":\"https:\/\/www.tirito.com.ar\/webwp\/#\/schema\/logo\/image\/\",\"url\":\"http:\/\/www.tirito.com.ar\/webwp\/wp-content\/uploads\/2022\/10\/tirilogo3.png\",\"contentUrl\":\"http:\/\/www.tirito.com.ar\/webwp\/wp-content\/uploads\/2022\/10\/tirilogo3.png\",\"width\":200,\"height\":200,\"caption\":\"Tirito\"},\"image\":{\"@id\":\"https:\/\/www.tirito.com.ar\/webwp\/#\/schema\/logo\/image\/\"}}]}<\/script>\n<!-- \/ Yoast SEO plugin. -->","yoast_head_json":{"title":"Remington 700 MTC - Cal 300 Win. Mag. (84475) - Tirito","robots":{"index":"index","follow":"follow","max-snippet":"max-snippet:-1","max-image-preview":"max-image-preview:large","max-video-preview":"max-video-preview:-1"},"canonical":"https:\/\/www.tirito.com.ar\/webwp\/producto\/remington-700-mtc-cal-300-win-mag\/","og_locale":"es_ES","og_type":"article","og_title":"Remington 700 MTC - Cal 300 Win. Mag. (84475) - Tirito","og_description":"Remington 700 MTC - 0 km  Calibre 300 Win Mag Capacidad: 5 tiros  El rifle t\u00e1ctico por excelencia sin igual en precisi\u00f3n, confiabilidad y versatilidad. Equipado con un chasis MDT TAC21, su dise\u00f1o ergon\u00f3mico sirve como base para agregar f\u00e1cilmente los componentes deseados. El ca\u00f1\u00f3n flotante brinda una precisi\u00f3n superior mientras que la culata Magpul totalmente ajustable y la empu\u00f1adura aseguran la consistencia de disparo a disparo para cualquier tirador. Tiene freno de boca, gu\u00eda picatinny superior y un cargador desmontable.  C\u00f3digo: 84475  AL MEJOR VALOR DEL MERCADO COMO SIEMPRE\u2026 LLAMANOS AL (011)4203-8236 Y TE PASAMOS EL PRECIO\u2026!!!  ADEMAS DE ESO TE PRESENTAMOS EL TRAMITE \u201cSIN GASTO DE GESTION\u201d","og_url":"https:\/\/www.tirito.com.ar\/webwp\/producto\/remington-700-mtc-cal-300-win-mag\/","og_site_name":"Tirito","article_modified_time":"2024-11-21T20:40:32+00:00","og_image":[{"width":1500,"height":1500,"url":"https:\/\/www.tirito.com.ar\/webwp\/wp-content\/uploads\/2022\/05\/84475-Remington700-MTC.jpg","type":"image\/jpeg"}],"twitter_card":"summary_large_image","schema":{"@context":"https:\/\/schema.org","@graph":[{"@type":"WebPage","@id":"https:\/\/www.tirito.com.ar\/webwp\/producto\/remington-700-mtc-cal-300-win-mag\/","url":"https:\/\/www.tirito.com.ar\/webwp\/producto\/remington-700-mtc-cal-300-win-mag\/","name":"Remington 700 MTC - Cal 300 Win. Mag. (84475) - Tirito","isPartOf":{"@id":"https:\/\/www.tirito.com.ar\/webwp\/#website"},"datePublished":"2022-05-10T21:54:09+00:00","dateModified":"2024-11-21T20:40:32+00:00","breadcrumb":{"@id":"https:\/\/www.tirito.com.ar\/webwp\/producto\/remington-700-mtc-cal-300-win-mag\/#breadcrumb"},"inLanguage":"es-AR","potentialAction":[{"@type":"ReadAction","target":["https:\/\/www.tirito.com.ar\/webwp\/producto\/remington-700-mtc-cal-300-win-mag\/"]}]},{"@type":"BreadcrumbList","@id":"https:\/\/www.tirito.com.ar\/webwp\/producto\/remington-700-mtc-cal-300-win-mag\/#breadcrumb","itemListElement":[{"@type":"ListItem","position":1,"name":"Inicio","item":"https:\/\/www.tirito.com.ar\/webwp\/"},{"@type":"ListItem","position":2,"name":"Tienda","item":"https:\/\/www.tirito.com.ar\/webwp\/tienda\/"},{"@type":"ListItem","position":3,"name":"Remington 700 MTC &#8211; Cal 300 Win. Mag. (84475)"}]},{"@type":"WebSite","@id":"https:\/\/www.tirito.com.ar\/webwp\/#website","url":"https:\/\/www.tirito.com.ar\/webwp\/","name":"Tirito","description":"Armeria","publisher":{"@id":"https:\/\/www.tirito.com.ar\/webwp\/#organization"},"potentialAction":[{"@type":"SearchAction","target":{"@type":"EntryPoint","urlTemplate":"https:\/\/www.tirito.com.ar\/webwp\/?s={search_term_string}"},"query-input":"required name=search_term_string"}],"inLanguage":"es-AR"},{"@type":"Organization","@id":"https:\/\/www.tirito.com.ar\/webwp\/#organization","name":"Tirito","url":"https:\/\/www.tirito.com.ar\/webwp\/","sameAs":[],"logo":{"@type":"ImageObject","inLanguage":"es-AR","@id":"https:\/\/www.tirito.com.ar\/webwp\/#\/schema\/logo\/image\/","url":"http:\/\/www.tirito.com.ar\/webwp\/wp-content\/uploads\/2022\/10\/tirilogo3.png","contentUrl":"http:\/\/www.tirito.com.ar\/webwp\/wp-content\/uploads\/2022\/10\/tirilogo3.png","width":200,"height":200,"caption":"Tirito"},"image":{"@id":"https:\/\/www.tirito.com.ar\/webwp\/#\/schema\/logo\/image\/"}}]}},"_links":{"self":[{"href":"https:\/\/www.tirito.com.ar\/webwp\/wp-json\/wp\/v2\/product\/3624"}],"collection":[{"href":"https:\/\/www.tirito.com.ar\/webwp\/wp-json\/wp\/v2\/product"}],"about":[{"href":"https:\/\/www.tirito.com.ar\/webwp\/wp-json\/wp\/v2\/types\/product"}],"wp:featuredmedia":[{"embeddable":true,"href":"https:\/\/www.tirito.com.ar\/webwp\/wp-json\/wp\/v2\/media\/3625"}],"wp:attachment":[{"href":"https:\/\/www.tirito.com.ar\/webwp\/wp-json\/wp\/v2\/media?parent=3624"}],"wp:term":[{"taxonomy":"product_cat","embeddable":true,"href":"https:\/\/www.tirito.com.ar\/webwp\/wp-json\/wp\/v2\/product_cat?post=3624"},{"taxonomy":"product_tag","embeddable":true,"href":"https:\/\/www.tirito.com.ar\/webwp\/wp-json\/wp\/v2\/product_tag?post=3624"}],"curies":[{"name":"wp","href":"https:\/\/api.w.org\/{rel}","templated":true}]}}