{"id":3621,"date":"2022-05-10T18:49:49","date_gmt":"2022-05-10T21:49:49","guid":{"rendered":"http:\/\/www.tirito.com.ar\/webwp\/?post_type=product&#038;p=3621"},"modified":"2024-11-21T20:58:39","modified_gmt":"2024-11-21T23:58:39","slug":"sabatti-str-desert-cal-300-win-mag","status":"publish","type":"product","link":"https:\/\/www.tirito.com.ar\/webwp\/producto\/sabatti-str-desert-cal-300-win-mag\/","title":{"rendered":"Sabatti STR Desert &#8211; Cal 300 Win. Mag. (1201108)"},"content":{"rendered":"","protected":false},"excerpt":{"rendered":"<p>Sabatti STR Desert &#8211; 0km<\/p>\n<p>Calibre 300 Win Mag<br \/>\nCapacidad: 5 tiros<br \/>\nLargo de ca\u00f1on: 660mm<\/p>\n<p>Se entrega con 2 cargadores, freno de boca y 4 lomos para modificar el tama\u00f1o del Pistol Grip. El modelo STR Desert cuenta con una aplicacion de Cerakote Mcmillan TAN H\/203 de la mas alta resistencia, usada en varios componentes para dar su terminacion &#8220;Desert&#8221;. El ca\u00f1on tiene un diametro de 0.8&#8243; y estrias de 1\/12 con freno de boca ya incluido con orificios radiales, dise\u00f1ado para un tiro de precision. La culata es completamente ajustable y puede ser plegada a una menor tama\u00f1o para el traslado. El ca\u00f1on MRR posee un guardamano<\/p>\n<p><strong>C\u00f3digo: 1201108<\/strong><\/p>\n<p><strong>AL MEJOR VALOR DEL MERCADO COMO SIEMPRE\u2026<\/strong><br \/>\n<strong>LLAMANOS AL (011)4203-8236 Y TE PASAMOS EL PRECIO\u2026!!!<\/strong><\/p>\n<p><strong>ADEMAS DE ESO TE PRESENTAMOS EL TRAMITE \u201cSIN GASTO DE GESTION\u201d<\/strong><\/p>\n","protected":false},"featured_media":3623,"template":"","meta":{"_ti_tpc_template_sync":false,"_ti_tpc_template_id":""},"product_cat":[1318],"product_tag":[334,116,551],"yoast_head":"<!-- This site is optimized with the Yoast SEO plugin v19.8 - https:\/\/yoast.com\/wordpress\/plugins\/seo\/ -->\n<title>Sabatti STR Desert - Cal 300 Win. Mag. (1201108) - Tirito<\/title>\n<meta name=\"robots\" content=\"index, follow, max-snippet:-1, max-image-preview:large, max-video-preview:-1\" \/>\n<link rel=\"canonical\" href=\"https:\/\/www.tirito.com.ar\/webwp\/producto\/sabatti-str-desert-cal-300-win-mag\/\" \/>\n<meta property=\"og:locale\" content=\"es_ES\" \/>\n<meta property=\"og:type\" content=\"article\" \/>\n<meta property=\"og:title\" content=\"Sabatti STR Desert - Cal 300 Win. Mag. (1201108) - Tirito\" \/>\n<meta property=\"og:description\" content=\"Sabatti STR Desert - 0km  Calibre 300 Win Mag Capacidad: 5 tiros Largo de ca\u00f1on: 660mm  Se entrega con 2 cargadores, freno de boca y 4 lomos para modificar el tama\u00f1o del Pistol Grip. El modelo STR Desert cuenta con una aplicacion de Cerakote Mcmillan TAN H\/203 de la mas alta resistencia, usada en varios componentes para dar su terminacion &quot;Desert&quot;. El ca\u00f1on tiene un diametro de 0.8&quot; y estrias de 1\/12 con freno de boca ya incluido con orificios radiales, dise\u00f1ado para un tiro de precision. La culata es completamente ajustable y puede ser plegada a una menor tama\u00f1o para el traslado. El ca\u00f1on MRR posee un guardamano  C\u00f3digo: 1201108  AL MEJOR VALOR DEL MERCADO COMO SIEMPRE\u2026 LLAMANOS AL (011)4203-8236 Y TE PASAMOS EL PRECIO\u2026!!!  ADEMAS DE ESO TE PRESENTAMOS EL TRAMITE \u201cSIN GASTO DE GESTION\u201d\" \/>\n<meta property=\"og:url\" content=\"https:\/\/www.tirito.com.ar\/webwp\/producto\/sabatti-str-desert-cal-300-win-mag\/\" \/>\n<meta property=\"og:site_name\" content=\"Tirito\" \/>\n<meta property=\"article:modified_time\" content=\"2024-11-21T23:58:39+00:00\" \/>\n<meta property=\"og:image\" content=\"http:\/\/www.tirito.com.ar\/webwp\/wp-content\/uploads\/2022\/05\/1201108_Sabatti-STR-Desert_Tiri.jpg\" \/>\n\t<meta property=\"og:image:width\" content=\"1200\" \/>\n\t<meta property=\"og:image:height\" content=\"1200\" \/>\n\t<meta property=\"og:image:type\" content=\"image\/jpeg\" \/>\n<meta name=\"twitter:card\" content=\"summary_large_image\" \/>\n<script type=\"application\/ld+json\" class=\"yoast-schema-graph\">{\"@context\":\"https:\/\/schema.org\",\"@graph\":[{\"@type\":\"WebPage\",\"@id\":\"https:\/\/www.tirito.com.ar\/webwp\/producto\/sabatti-str-desert-cal-300-win-mag\/\",\"url\":\"https:\/\/www.tirito.com.ar\/webwp\/producto\/sabatti-str-desert-cal-300-win-mag\/\",\"name\":\"Sabatti STR Desert - Cal 300 Win. Mag. (1201108) - Tirito\",\"isPartOf\":{\"@id\":\"https:\/\/www.tirito.com.ar\/webwp\/#website\"},\"datePublished\":\"2022-05-10T21:49:49+00:00\",\"dateModified\":\"2024-11-21T23:58:39+00:00\",\"breadcrumb\":{\"@id\":\"https:\/\/www.tirito.com.ar\/webwp\/producto\/sabatti-str-desert-cal-300-win-mag\/#breadcrumb\"},\"inLanguage\":\"es-AR\",\"potentialAction\":[{\"@type\":\"ReadAction\",\"target\":[\"https:\/\/www.tirito.com.ar\/webwp\/producto\/sabatti-str-desert-cal-300-win-mag\/\"]}]},{\"@type\":\"BreadcrumbList\",\"@id\":\"https:\/\/www.tirito.com.ar\/webwp\/producto\/sabatti-str-desert-cal-300-win-mag\/#breadcrumb\",\"itemListElement\":[{\"@type\":\"ListItem\",\"position\":1,\"name\":\"Inicio\",\"item\":\"https:\/\/www.tirito.com.ar\/webwp\/\"},{\"@type\":\"ListItem\",\"position\":2,\"name\":\"Tienda\",\"item\":\"https:\/\/www.tirito.com.ar\/webwp\/tienda\/\"},{\"@type\":\"ListItem\",\"position\":3,\"name\":\"Sabatti STR Desert &#8211; Cal 300 Win. Mag. (1201108)\"}]},{\"@type\":\"WebSite\",\"@id\":\"https:\/\/www.tirito.com.ar\/webwp\/#website\",\"url\":\"https:\/\/www.tirito.com.ar\/webwp\/\",\"name\":\"Tirito\",\"description\":\"Armeria\",\"publisher\":{\"@id\":\"https:\/\/www.tirito.com.ar\/webwp\/#organization\"},\"potentialAction\":[{\"@type\":\"SearchAction\",\"target\":{\"@type\":\"EntryPoint\",\"urlTemplate\":\"https:\/\/www.tirito.com.ar\/webwp\/?s={search_term_string}\"},\"query-input\":\"required name=search_term_string\"}],\"inLanguage\":\"es-AR\"},{\"@type\":\"Organization\",\"@id\":\"https:\/\/www.tirito.com.ar\/webwp\/#organization\",\"name\":\"Tirito\",\"url\":\"https:\/\/www.tirito.com.ar\/webwp\/\",\"sameAs\":[],\"logo\":{\"@type\":\"ImageObject\",\"inLanguage\":\"es-AR\",\"@id\":\"https:\/\/www.tirito.com.ar\/webwp\/#\/schema\/logo\/image\/\",\"url\":\"http:\/\/www.tirito.com.ar\/webwp\/wp-content\/uploads\/2022\/10\/tirilogo3.png\",\"contentUrl\":\"http:\/\/www.tirito.com.ar\/webwp\/wp-content\/uploads\/2022\/10\/tirilogo3.png\",\"width\":200,\"height\":200,\"caption\":\"Tirito\"},\"image\":{\"@id\":\"https:\/\/www.tirito.com.ar\/webwp\/#\/schema\/logo\/image\/\"}}]}<\/script>\n<!-- \/ Yoast SEO plugin. -->","yoast_head_json":{"title":"Sabatti STR Desert - Cal 300 Win. Mag. (1201108) - Tirito","robots":{"index":"index","follow":"follow","max-snippet":"max-snippet:-1","max-image-preview":"max-image-preview:large","max-video-preview":"max-video-preview:-1"},"canonical":"https:\/\/www.tirito.com.ar\/webwp\/producto\/sabatti-str-desert-cal-300-win-mag\/","og_locale":"es_ES","og_type":"article","og_title":"Sabatti STR Desert - Cal 300 Win. Mag. (1201108) - Tirito","og_description":"Sabatti STR Desert - 0km  Calibre 300 Win Mag Capacidad: 5 tiros Largo de ca\u00f1on: 660mm  Se entrega con 2 cargadores, freno de boca y 4 lomos para modificar el tama\u00f1o del Pistol Grip. El modelo STR Desert cuenta con una aplicacion de Cerakote Mcmillan TAN H\/203 de la mas alta resistencia, usada en varios componentes para dar su terminacion \"Desert\". El ca\u00f1on tiene un diametro de 0.8\" y estrias de 1\/12 con freno de boca ya incluido con orificios radiales, dise\u00f1ado para un tiro de precision. La culata es completamente ajustable y puede ser plegada a una menor tama\u00f1o para el traslado. El ca\u00f1on MRR posee un guardamano  C\u00f3digo: 1201108  AL MEJOR VALOR DEL MERCADO COMO SIEMPRE\u2026 LLAMANOS AL (011)4203-8236 Y TE PASAMOS EL PRECIO\u2026!!!  ADEMAS DE ESO TE PRESENTAMOS EL TRAMITE \u201cSIN GASTO DE GESTION\u201d","og_url":"https:\/\/www.tirito.com.ar\/webwp\/producto\/sabatti-str-desert-cal-300-win-mag\/","og_site_name":"Tirito","article_modified_time":"2024-11-21T23:58:39+00:00","og_image":[{"width":1200,"height":1200,"url":"http:\/\/www.tirito.com.ar\/webwp\/wp-content\/uploads\/2022\/05\/1201108_Sabatti-STR-Desert_Tiri.jpg","type":"image\/jpeg"}],"twitter_card":"summary_large_image","schema":{"@context":"https:\/\/schema.org","@graph":[{"@type":"WebPage","@id":"https:\/\/www.tirito.com.ar\/webwp\/producto\/sabatti-str-desert-cal-300-win-mag\/","url":"https:\/\/www.tirito.com.ar\/webwp\/producto\/sabatti-str-desert-cal-300-win-mag\/","name":"Sabatti STR Desert - Cal 300 Win. Mag. (1201108) - Tirito","isPartOf":{"@id":"https:\/\/www.tirito.com.ar\/webwp\/#website"},"datePublished":"2022-05-10T21:49:49+00:00","dateModified":"2024-11-21T23:58:39+00:00","breadcrumb":{"@id":"https:\/\/www.tirito.com.ar\/webwp\/producto\/sabatti-str-desert-cal-300-win-mag\/#breadcrumb"},"inLanguage":"es-AR","potentialAction":[{"@type":"ReadAction","target":["https:\/\/www.tirito.com.ar\/webwp\/producto\/sabatti-str-desert-cal-300-win-mag\/"]}]},{"@type":"BreadcrumbList","@id":"https:\/\/www.tirito.com.ar\/webwp\/producto\/sabatti-str-desert-cal-300-win-mag\/#breadcrumb","itemListElement":[{"@type":"ListItem","position":1,"name":"Inicio","item":"https:\/\/www.tirito.com.ar\/webwp\/"},{"@type":"ListItem","position":2,"name":"Tienda","item":"https:\/\/www.tirito.com.ar\/webwp\/tienda\/"},{"@type":"ListItem","position":3,"name":"Sabatti STR Desert &#8211; Cal 300 Win. Mag. (1201108)"}]},{"@type":"WebSite","@id":"https:\/\/www.tirito.com.ar\/webwp\/#website","url":"https:\/\/www.tirito.com.ar\/webwp\/","name":"Tirito","description":"Armeria","publisher":{"@id":"https:\/\/www.tirito.com.ar\/webwp\/#organization"},"potentialAction":[{"@type":"SearchAction","target":{"@type":"EntryPoint","urlTemplate":"https:\/\/www.tirito.com.ar\/webwp\/?s={search_term_string}"},"query-input":"required name=search_term_string"}],"inLanguage":"es-AR"},{"@type":"Organization","@id":"https:\/\/www.tirito.com.ar\/webwp\/#organization","name":"Tirito","url":"https:\/\/www.tirito.com.ar\/webwp\/","sameAs":[],"logo":{"@type":"ImageObject","inLanguage":"es-AR","@id":"https:\/\/www.tirito.com.ar\/webwp\/#\/schema\/logo\/image\/","url":"http:\/\/www.tirito.com.ar\/webwp\/wp-content\/uploads\/2022\/10\/tirilogo3.png","contentUrl":"http:\/\/www.tirito.com.ar\/webwp\/wp-content\/uploads\/2022\/10\/tirilogo3.png","width":200,"height":200,"caption":"Tirito"},"image":{"@id":"https:\/\/www.tirito.com.ar\/webwp\/#\/schema\/logo\/image\/"}}]}},"_links":{"self":[{"href":"https:\/\/www.tirito.com.ar\/webwp\/wp-json\/wp\/v2\/product\/3621"}],"collection":[{"href":"https:\/\/www.tirito.com.ar\/webwp\/wp-json\/wp\/v2\/product"}],"about":[{"href":"https:\/\/www.tirito.com.ar\/webwp\/wp-json\/wp\/v2\/types\/product"}],"wp:featuredmedia":[{"embeddable":true,"href":"https:\/\/www.tirito.com.ar\/webwp\/wp-json\/wp\/v2\/media\/3623"}],"wp:attachment":[{"href":"https:\/\/www.tirito.com.ar\/webwp\/wp-json\/wp\/v2\/media?parent=3621"}],"wp:term":[{"taxonomy":"product_cat","embeddable":true,"href":"https:\/\/www.tirito.com.ar\/webwp\/wp-json\/wp\/v2\/product_cat?post=3621"},{"taxonomy":"product_tag","embeddable":true,"href":"https:\/\/www.tirito.com.ar\/webwp\/wp-json\/wp\/v2\/product_tag?post=3621"}],"curies":[{"name":"wp","href":"https:\/\/api.w.org\/{rel}","templated":true}]}}