{"id":3619,"date":"2022-05-10T18:44:07","date_gmt":"2022-05-10T21:44:07","guid":{"rendered":"http:\/\/www.tirito.com.ar\/webwp\/?post_type=product&#038;p=3619"},"modified":"2024-11-21T20:58:52","modified_gmt":"2024-11-21T23:58:52","slug":"sabatti-tactical-hunter-0-km","status":"publish","type":"product","link":"https:\/\/www.tirito.com.ar\/webwp\/producto\/sabatti-tactical-hunter-0-km\/","title":{"rendered":"Sabatti Tactical Hunter Cal. 300 Win. Mag. (1201113)"},"content":{"rendered":"","protected":false},"excerpt":{"rendered":"<p>Sabatti Tactical Hunter &#8211; 0 km<\/p>\n<p>Calibre 300 Win Mag<br \/>\nCapacidad: 3 tiros<br \/>\nLargo de Ca\u00f1\u00f3n: 710 mm<\/p>\n<p>Se entrega con 2 cargadores cortos y freno de boca. El modelo Tactical Hunter es un rifle de caza de larga distancia de precisi\u00f3n. El material de Nylon de alta resistencia esta relleno de fibra de vidrio para aumentar la resistencia y reducir el riesgo de rotura. No se deforma a medida que va subiendo la temperatura del ca\u00f1\u00f3n. Ca\u00f1\u00f3n MMR recubierto en fibra de carbono para reducir el peso, lograr una mejor estabilidad y un mejor rendimiento bal\u00edstico.<\/p>\n<p><strong>C\u00f3digo: 1201113<\/strong><\/p>\n<p><strong>AL MEJOR VALOR DEL MERCADO COMO SIEMPRE\u2026<\/strong><br \/>\n<strong>LLAMANOS AL (011)4203-8236 Y TE PASAMOS EL PRECIO\u2026!!!<\/strong><\/p>\n<p><strong>ADEMAS DE ESO TE PRESENTAMOS EL TRAMITE \u201cSIN GASTO DE GESTION\u201d<\/strong><\/p>\n","protected":false},"featured_media":3620,"template":"","meta":{"_ti_tpc_template_sync":false,"_ti_tpc_template_id":""},"product_cat":[1318],"product_tag":[334,116,551],"yoast_head":"<!-- This site is optimized with the Yoast SEO plugin v19.8 - https:\/\/yoast.com\/wordpress\/plugins\/seo\/ -->\n<title>Sabatti Tactical Hunter Cal. 300 Win. Mag. (1201113) - Tirito<\/title>\n<meta name=\"robots\" content=\"index, follow, max-snippet:-1, max-image-preview:large, max-video-preview:-1\" \/>\n<link rel=\"canonical\" href=\"https:\/\/www.tirito.com.ar\/webwp\/producto\/sabatti-tactical-hunter-0-km\/\" \/>\n<meta property=\"og:locale\" content=\"es_ES\" \/>\n<meta property=\"og:type\" content=\"article\" \/>\n<meta property=\"og:title\" content=\"Sabatti Tactical Hunter Cal. 300 Win. Mag. (1201113) - Tirito\" \/>\n<meta property=\"og:description\" content=\"Sabatti Tactical Hunter - 0 km  Calibre 300 Win Mag Capacidad: 3 tiros Largo de Ca\u00f1\u00f3n: 710 mm  Se entrega con 2 cargadores cortos y freno de boca. El modelo Tactical Hunter es un rifle de caza de larga distancia de precisi\u00f3n. El material de Nylon de alta resistencia esta relleno de fibra de vidrio para aumentar la resistencia y reducir el riesgo de rotura. No se deforma a medida que va subiendo la temperatura del ca\u00f1\u00f3n. Ca\u00f1\u00f3n MMR recubierto en fibra de carbono para reducir el peso, lograr una mejor estabilidad y un mejor rendimiento bal\u00edstico.  C\u00f3digo: 1201113  AL MEJOR VALOR DEL MERCADO COMO SIEMPRE\u2026 LLAMANOS AL (011)4203-8236 Y TE PASAMOS EL PRECIO\u2026!!!  ADEMAS DE ESO TE PRESENTAMOS EL TRAMITE \u201cSIN GASTO DE GESTION\u201d\" \/>\n<meta property=\"og:url\" content=\"https:\/\/www.tirito.com.ar\/webwp\/producto\/sabatti-tactical-hunter-0-km\/\" \/>\n<meta property=\"og:site_name\" content=\"Tirito\" \/>\n<meta property=\"article:modified_time\" content=\"2024-11-21T23:58:52+00:00\" \/>\n<meta property=\"og:image\" content=\"https:\/\/www.tirito.com.ar\/webwp\/wp-content\/uploads\/2022\/05\/1201113-SabattiTacticalHunter_Tiri.jpg\" \/>\n\t<meta property=\"og:image:width\" content=\"1200\" \/>\n\t<meta property=\"og:image:height\" content=\"1200\" \/>\n\t<meta property=\"og:image:type\" content=\"image\/jpeg\" \/>\n<meta name=\"twitter:card\" content=\"summary_large_image\" \/>\n<script type=\"application\/ld+json\" class=\"yoast-schema-graph\">{\"@context\":\"https:\/\/schema.org\",\"@graph\":[{\"@type\":\"WebPage\",\"@id\":\"https:\/\/www.tirito.com.ar\/webwp\/producto\/sabatti-tactical-hunter-0-km\/\",\"url\":\"https:\/\/www.tirito.com.ar\/webwp\/producto\/sabatti-tactical-hunter-0-km\/\",\"name\":\"Sabatti Tactical Hunter Cal. 300 Win. Mag. (1201113) - Tirito\",\"isPartOf\":{\"@id\":\"https:\/\/www.tirito.com.ar\/webwp\/#website\"},\"datePublished\":\"2022-05-10T21:44:07+00:00\",\"dateModified\":\"2024-11-21T23:58:52+00:00\",\"breadcrumb\":{\"@id\":\"https:\/\/www.tirito.com.ar\/webwp\/producto\/sabatti-tactical-hunter-0-km\/#breadcrumb\"},\"inLanguage\":\"es-AR\",\"potentialAction\":[{\"@type\":\"ReadAction\",\"target\":[\"https:\/\/www.tirito.com.ar\/webwp\/producto\/sabatti-tactical-hunter-0-km\/\"]}]},{\"@type\":\"BreadcrumbList\",\"@id\":\"https:\/\/www.tirito.com.ar\/webwp\/producto\/sabatti-tactical-hunter-0-km\/#breadcrumb\",\"itemListElement\":[{\"@type\":\"ListItem\",\"position\":1,\"name\":\"Inicio\",\"item\":\"https:\/\/www.tirito.com.ar\/webwp\/\"},{\"@type\":\"ListItem\",\"position\":2,\"name\":\"Tienda\",\"item\":\"https:\/\/www.tirito.com.ar\/webwp\/tienda\/\"},{\"@type\":\"ListItem\",\"position\":3,\"name\":\"Sabatti Tactical Hunter Cal. 300 Win. Mag. (1201113)\"}]},{\"@type\":\"WebSite\",\"@id\":\"https:\/\/www.tirito.com.ar\/webwp\/#website\",\"url\":\"https:\/\/www.tirito.com.ar\/webwp\/\",\"name\":\"Tirito\",\"description\":\"Armeria\",\"publisher\":{\"@id\":\"https:\/\/www.tirito.com.ar\/webwp\/#organization\"},\"potentialAction\":[{\"@type\":\"SearchAction\",\"target\":{\"@type\":\"EntryPoint\",\"urlTemplate\":\"https:\/\/www.tirito.com.ar\/webwp\/?s={search_term_string}\"},\"query-input\":\"required name=search_term_string\"}],\"inLanguage\":\"es-AR\"},{\"@type\":\"Organization\",\"@id\":\"https:\/\/www.tirito.com.ar\/webwp\/#organization\",\"name\":\"Tirito\",\"url\":\"https:\/\/www.tirito.com.ar\/webwp\/\",\"sameAs\":[],\"logo\":{\"@type\":\"ImageObject\",\"inLanguage\":\"es-AR\",\"@id\":\"https:\/\/www.tirito.com.ar\/webwp\/#\/schema\/logo\/image\/\",\"url\":\"http:\/\/www.tirito.com.ar\/webwp\/wp-content\/uploads\/2022\/10\/tirilogo3.png\",\"contentUrl\":\"http:\/\/www.tirito.com.ar\/webwp\/wp-content\/uploads\/2022\/10\/tirilogo3.png\",\"width\":200,\"height\":200,\"caption\":\"Tirito\"},\"image\":{\"@id\":\"https:\/\/www.tirito.com.ar\/webwp\/#\/schema\/logo\/image\/\"}}]}<\/script>\n<!-- \/ Yoast SEO plugin. -->","yoast_head_json":{"title":"Sabatti Tactical Hunter Cal. 300 Win. Mag. (1201113) - Tirito","robots":{"index":"index","follow":"follow","max-snippet":"max-snippet:-1","max-image-preview":"max-image-preview:large","max-video-preview":"max-video-preview:-1"},"canonical":"https:\/\/www.tirito.com.ar\/webwp\/producto\/sabatti-tactical-hunter-0-km\/","og_locale":"es_ES","og_type":"article","og_title":"Sabatti Tactical Hunter Cal. 300 Win. Mag. (1201113) - Tirito","og_description":"Sabatti Tactical Hunter - 0 km  Calibre 300 Win Mag Capacidad: 3 tiros Largo de Ca\u00f1\u00f3n: 710 mm  Se entrega con 2 cargadores cortos y freno de boca. El modelo Tactical Hunter es un rifle de caza de larga distancia de precisi\u00f3n. El material de Nylon de alta resistencia esta relleno de fibra de vidrio para aumentar la resistencia y reducir el riesgo de rotura. No se deforma a medida que va subiendo la temperatura del ca\u00f1\u00f3n. Ca\u00f1\u00f3n MMR recubierto en fibra de carbono para reducir el peso, lograr una mejor estabilidad y un mejor rendimiento bal\u00edstico.  C\u00f3digo: 1201113  AL MEJOR VALOR DEL MERCADO COMO SIEMPRE\u2026 LLAMANOS AL (011)4203-8236 Y TE PASAMOS EL PRECIO\u2026!!!  ADEMAS DE ESO TE PRESENTAMOS EL TRAMITE \u201cSIN GASTO DE GESTION\u201d","og_url":"https:\/\/www.tirito.com.ar\/webwp\/producto\/sabatti-tactical-hunter-0-km\/","og_site_name":"Tirito","article_modified_time":"2024-11-21T23:58:52+00:00","og_image":[{"width":1200,"height":1200,"url":"https:\/\/www.tirito.com.ar\/webwp\/wp-content\/uploads\/2022\/05\/1201113-SabattiTacticalHunter_Tiri.jpg","type":"image\/jpeg"}],"twitter_card":"summary_large_image","schema":{"@context":"https:\/\/schema.org","@graph":[{"@type":"WebPage","@id":"https:\/\/www.tirito.com.ar\/webwp\/producto\/sabatti-tactical-hunter-0-km\/","url":"https:\/\/www.tirito.com.ar\/webwp\/producto\/sabatti-tactical-hunter-0-km\/","name":"Sabatti Tactical Hunter Cal. 300 Win. Mag. (1201113) - Tirito","isPartOf":{"@id":"https:\/\/www.tirito.com.ar\/webwp\/#website"},"datePublished":"2022-05-10T21:44:07+00:00","dateModified":"2024-11-21T23:58:52+00:00","breadcrumb":{"@id":"https:\/\/www.tirito.com.ar\/webwp\/producto\/sabatti-tactical-hunter-0-km\/#breadcrumb"},"inLanguage":"es-AR","potentialAction":[{"@type":"ReadAction","target":["https:\/\/www.tirito.com.ar\/webwp\/producto\/sabatti-tactical-hunter-0-km\/"]}]},{"@type":"BreadcrumbList","@id":"https:\/\/www.tirito.com.ar\/webwp\/producto\/sabatti-tactical-hunter-0-km\/#breadcrumb","itemListElement":[{"@type":"ListItem","position":1,"name":"Inicio","item":"https:\/\/www.tirito.com.ar\/webwp\/"},{"@type":"ListItem","position":2,"name":"Tienda","item":"https:\/\/www.tirito.com.ar\/webwp\/tienda\/"},{"@type":"ListItem","position":3,"name":"Sabatti Tactical Hunter Cal. 300 Win. Mag. (1201113)"}]},{"@type":"WebSite","@id":"https:\/\/www.tirito.com.ar\/webwp\/#website","url":"https:\/\/www.tirito.com.ar\/webwp\/","name":"Tirito","description":"Armeria","publisher":{"@id":"https:\/\/www.tirito.com.ar\/webwp\/#organization"},"potentialAction":[{"@type":"SearchAction","target":{"@type":"EntryPoint","urlTemplate":"https:\/\/www.tirito.com.ar\/webwp\/?s={search_term_string}"},"query-input":"required name=search_term_string"}],"inLanguage":"es-AR"},{"@type":"Organization","@id":"https:\/\/www.tirito.com.ar\/webwp\/#organization","name":"Tirito","url":"https:\/\/www.tirito.com.ar\/webwp\/","sameAs":[],"logo":{"@type":"ImageObject","inLanguage":"es-AR","@id":"https:\/\/www.tirito.com.ar\/webwp\/#\/schema\/logo\/image\/","url":"http:\/\/www.tirito.com.ar\/webwp\/wp-content\/uploads\/2022\/10\/tirilogo3.png","contentUrl":"http:\/\/www.tirito.com.ar\/webwp\/wp-content\/uploads\/2022\/10\/tirilogo3.png","width":200,"height":200,"caption":"Tirito"},"image":{"@id":"https:\/\/www.tirito.com.ar\/webwp\/#\/schema\/logo\/image\/"}}]}},"_links":{"self":[{"href":"https:\/\/www.tirito.com.ar\/webwp\/wp-json\/wp\/v2\/product\/3619"}],"collection":[{"href":"https:\/\/www.tirito.com.ar\/webwp\/wp-json\/wp\/v2\/product"}],"about":[{"href":"https:\/\/www.tirito.com.ar\/webwp\/wp-json\/wp\/v2\/types\/product"}],"wp:featuredmedia":[{"embeddable":true,"href":"https:\/\/www.tirito.com.ar\/webwp\/wp-json\/wp\/v2\/media\/3620"}],"wp:attachment":[{"href":"https:\/\/www.tirito.com.ar\/webwp\/wp-json\/wp\/v2\/media?parent=3619"}],"wp:term":[{"taxonomy":"product_cat","embeddable":true,"href":"https:\/\/www.tirito.com.ar\/webwp\/wp-json\/wp\/v2\/product_cat?post=3619"},{"taxonomy":"product_tag","embeddable":true,"href":"https:\/\/www.tirito.com.ar\/webwp\/wp-json\/wp\/v2\/product_tag?post=3619"}],"curies":[{"name":"wp","href":"https:\/\/api.w.org\/{rel}","templated":true}]}}