{"id":3611,"date":"2022-05-04T12:41:10","date_gmt":"2022-05-04T15:41:10","guid":{"rendered":"http:\/\/www.tirito.com.ar\/webwp\/?post_type=product&#038;p=3611"},"modified":"2024-11-21T17:41:02","modified_gmt":"2024-11-21T20:41:02","slug":"remington-700-sps-ss","status":"publish","type":"product","link":"https:\/\/www.tirito.com.ar\/webwp\/producto\/remington-700-sps-ss\/","title":{"rendered":"Remington 700 SPS SS Cal. 300 Win. Mag. (27273)"},"content":{"rendered":"","protected":false},"excerpt":{"rendered":"<p>Remington 700 SPS SS &#8211; 0 km<\/p>\n<p>Calibre 300 win mag<br \/>\nCapacidad: 3 tiros<\/p>\n<p>Detalles: ca\u00f1o de 660mm, culata sint\u00e9tica, inoxidable.<br \/>\nEl modelo 700 SPS SS (Special Purpose Synthetic Stainless Steel) ofrece todo lo que nos gusta del legendario modelo 700. Las caracteristicas incluyen una culata mejorada, dise\u00f1ada ergon\u00f3micamente con paneles de agarre para mayor estabilidad y adherencia, ca\u00f1\u00f3n de acero inoxidable, cantonera que reduce considerablemente el impacto del retroceso respecto de las cantoneras est\u00e1ndar.<\/p>\n<p><strong>C\u00f3digo: 27273<\/strong><\/p>\n<p><strong>AL MEJOR VALOR DEL MERCADO COMO SIEMPRE\u2026<\/strong><br \/>\n<strong>LLAMANOS AL (011)4203-8236 Y TE PASAMOS EL PRECIO\u2026!!!<\/strong><\/p>\n<p><strong>ADEMAS DE ESO TE PRESENTAMOS EL TRAMITE \u201cSIN GASTO DE GESTION\u201d<\/strong><\/p>\n","protected":false},"featured_media":3612,"template":"","meta":{"_ti_tpc_template_sync":false,"_ti_tpc_template_id":""},"product_cat":[1317],"product_tag":[334,116,147],"yoast_head":"<!-- This site is optimized with the Yoast SEO plugin v19.8 - https:\/\/yoast.com\/wordpress\/plugins\/seo\/ -->\n<title>Remington 700 SPS SS Cal. 300 Win. Mag. (27273) - Tirito<\/title>\n<meta name=\"robots\" content=\"index, follow, max-snippet:-1, max-image-preview:large, max-video-preview:-1\" \/>\n<link rel=\"canonical\" href=\"https:\/\/www.tirito.com.ar\/webwp\/producto\/remington-700-sps-ss\/\" \/>\n<meta property=\"og:locale\" content=\"es_ES\" \/>\n<meta property=\"og:type\" content=\"article\" \/>\n<meta property=\"og:title\" content=\"Remington 700 SPS SS Cal. 300 Win. Mag. (27273) - Tirito\" \/>\n<meta property=\"og:description\" content=\"Remington 700 SPS SS - 0 km  Calibre 300 win mag Capacidad: 3 tiros  Detalles: ca\u00f1o de 660mm, culata sint\u00e9tica, inoxidable. El modelo 700 SPS SS (Special Purpose Synthetic Stainless Steel) ofrece todo lo que nos gusta del legendario modelo 700. Las caracteristicas incluyen una culata mejorada, dise\u00f1ada ergon\u00f3micamente con paneles de agarre para mayor estabilidad y adherencia, ca\u00f1\u00f3n de acero inoxidable, cantonera que reduce considerablemente el impacto del retroceso respecto de las cantoneras est\u00e1ndar.  C\u00f3digo: 27273  AL MEJOR VALOR DEL MERCADO COMO SIEMPRE\u2026 LLAMANOS AL (011)4203-8236 Y TE PASAMOS EL PRECIO\u2026!!!  ADEMAS DE ESO TE PRESENTAMOS EL TRAMITE \u201cSIN GASTO DE GESTION\u201d\" \/>\n<meta property=\"og:url\" content=\"https:\/\/www.tirito.com.ar\/webwp\/producto\/remington-700-sps-ss\/\" \/>\n<meta property=\"og:site_name\" content=\"Tirito\" \/>\n<meta property=\"article:modified_time\" content=\"2024-11-21T20:41:02+00:00\" \/>\n<meta property=\"og:image\" content=\"https:\/\/www.tirito.com.ar\/webwp\/wp-content\/uploads\/2022\/05\/27273_Rem700-SPS-SS_1.jpg\" \/>\n\t<meta property=\"og:image:width\" content=\"1200\" \/>\n\t<meta property=\"og:image:height\" content=\"1200\" \/>\n\t<meta property=\"og:image:type\" content=\"image\/jpeg\" \/>\n<meta name=\"twitter:card\" content=\"summary_large_image\" \/>\n<script type=\"application\/ld+json\" class=\"yoast-schema-graph\">{\"@context\":\"https:\/\/schema.org\",\"@graph\":[{\"@type\":\"WebPage\",\"@id\":\"https:\/\/www.tirito.com.ar\/webwp\/producto\/remington-700-sps-ss\/\",\"url\":\"https:\/\/www.tirito.com.ar\/webwp\/producto\/remington-700-sps-ss\/\",\"name\":\"Remington 700 SPS SS Cal. 300 Win. Mag. (27273) - Tirito\",\"isPartOf\":{\"@id\":\"https:\/\/www.tirito.com.ar\/webwp\/#website\"},\"datePublished\":\"2022-05-04T15:41:10+00:00\",\"dateModified\":\"2024-11-21T20:41:02+00:00\",\"breadcrumb\":{\"@id\":\"https:\/\/www.tirito.com.ar\/webwp\/producto\/remington-700-sps-ss\/#breadcrumb\"},\"inLanguage\":\"es-AR\",\"potentialAction\":[{\"@type\":\"ReadAction\",\"target\":[\"https:\/\/www.tirito.com.ar\/webwp\/producto\/remington-700-sps-ss\/\"]}]},{\"@type\":\"BreadcrumbList\",\"@id\":\"https:\/\/www.tirito.com.ar\/webwp\/producto\/remington-700-sps-ss\/#breadcrumb\",\"itemListElement\":[{\"@type\":\"ListItem\",\"position\":1,\"name\":\"Inicio\",\"item\":\"https:\/\/www.tirito.com.ar\/webwp\/\"},{\"@type\":\"ListItem\",\"position\":2,\"name\":\"Tienda\",\"item\":\"https:\/\/www.tirito.com.ar\/webwp\/tienda\/\"},{\"@type\":\"ListItem\",\"position\":3,\"name\":\"Remington 700 SPS SS Cal. 300 Win. Mag. (27273)\"}]},{\"@type\":\"WebSite\",\"@id\":\"https:\/\/www.tirito.com.ar\/webwp\/#website\",\"url\":\"https:\/\/www.tirito.com.ar\/webwp\/\",\"name\":\"Tirito\",\"description\":\"Armeria\",\"publisher\":{\"@id\":\"https:\/\/www.tirito.com.ar\/webwp\/#organization\"},\"potentialAction\":[{\"@type\":\"SearchAction\",\"target\":{\"@type\":\"EntryPoint\",\"urlTemplate\":\"https:\/\/www.tirito.com.ar\/webwp\/?s={search_term_string}\"},\"query-input\":\"required name=search_term_string\"}],\"inLanguage\":\"es-AR\"},{\"@type\":\"Organization\",\"@id\":\"https:\/\/www.tirito.com.ar\/webwp\/#organization\",\"name\":\"Tirito\",\"url\":\"https:\/\/www.tirito.com.ar\/webwp\/\",\"sameAs\":[],\"logo\":{\"@type\":\"ImageObject\",\"inLanguage\":\"es-AR\",\"@id\":\"https:\/\/www.tirito.com.ar\/webwp\/#\/schema\/logo\/image\/\",\"url\":\"http:\/\/www.tirito.com.ar\/webwp\/wp-content\/uploads\/2022\/10\/tirilogo3.png\",\"contentUrl\":\"http:\/\/www.tirito.com.ar\/webwp\/wp-content\/uploads\/2022\/10\/tirilogo3.png\",\"width\":200,\"height\":200,\"caption\":\"Tirito\"},\"image\":{\"@id\":\"https:\/\/www.tirito.com.ar\/webwp\/#\/schema\/logo\/image\/\"}}]}<\/script>\n<!-- \/ Yoast SEO plugin. -->","yoast_head_json":{"title":"Remington 700 SPS SS Cal. 300 Win. Mag. (27273) - Tirito","robots":{"index":"index","follow":"follow","max-snippet":"max-snippet:-1","max-image-preview":"max-image-preview:large","max-video-preview":"max-video-preview:-1"},"canonical":"https:\/\/www.tirito.com.ar\/webwp\/producto\/remington-700-sps-ss\/","og_locale":"es_ES","og_type":"article","og_title":"Remington 700 SPS SS Cal. 300 Win. Mag. (27273) - Tirito","og_description":"Remington 700 SPS SS - 0 km  Calibre 300 win mag Capacidad: 3 tiros  Detalles: ca\u00f1o de 660mm, culata sint\u00e9tica, inoxidable. El modelo 700 SPS SS (Special Purpose Synthetic Stainless Steel) ofrece todo lo que nos gusta del legendario modelo 700. Las caracteristicas incluyen una culata mejorada, dise\u00f1ada ergon\u00f3micamente con paneles de agarre para mayor estabilidad y adherencia, ca\u00f1\u00f3n de acero inoxidable, cantonera que reduce considerablemente el impacto del retroceso respecto de las cantoneras est\u00e1ndar.  C\u00f3digo: 27273  AL MEJOR VALOR DEL MERCADO COMO SIEMPRE\u2026 LLAMANOS AL (011)4203-8236 Y TE PASAMOS EL PRECIO\u2026!!!  ADEMAS DE ESO TE PRESENTAMOS EL TRAMITE \u201cSIN GASTO DE GESTION\u201d","og_url":"https:\/\/www.tirito.com.ar\/webwp\/producto\/remington-700-sps-ss\/","og_site_name":"Tirito","article_modified_time":"2024-11-21T20:41:02+00:00","og_image":[{"width":1200,"height":1200,"url":"https:\/\/www.tirito.com.ar\/webwp\/wp-content\/uploads\/2022\/05\/27273_Rem700-SPS-SS_1.jpg","type":"image\/jpeg"}],"twitter_card":"summary_large_image","schema":{"@context":"https:\/\/schema.org","@graph":[{"@type":"WebPage","@id":"https:\/\/www.tirito.com.ar\/webwp\/producto\/remington-700-sps-ss\/","url":"https:\/\/www.tirito.com.ar\/webwp\/producto\/remington-700-sps-ss\/","name":"Remington 700 SPS SS Cal. 300 Win. Mag. (27273) - Tirito","isPartOf":{"@id":"https:\/\/www.tirito.com.ar\/webwp\/#website"},"datePublished":"2022-05-04T15:41:10+00:00","dateModified":"2024-11-21T20:41:02+00:00","breadcrumb":{"@id":"https:\/\/www.tirito.com.ar\/webwp\/producto\/remington-700-sps-ss\/#breadcrumb"},"inLanguage":"es-AR","potentialAction":[{"@type":"ReadAction","target":["https:\/\/www.tirito.com.ar\/webwp\/producto\/remington-700-sps-ss\/"]}]},{"@type":"BreadcrumbList","@id":"https:\/\/www.tirito.com.ar\/webwp\/producto\/remington-700-sps-ss\/#breadcrumb","itemListElement":[{"@type":"ListItem","position":1,"name":"Inicio","item":"https:\/\/www.tirito.com.ar\/webwp\/"},{"@type":"ListItem","position":2,"name":"Tienda","item":"https:\/\/www.tirito.com.ar\/webwp\/tienda\/"},{"@type":"ListItem","position":3,"name":"Remington 700 SPS SS Cal. 300 Win. Mag. (27273)"}]},{"@type":"WebSite","@id":"https:\/\/www.tirito.com.ar\/webwp\/#website","url":"https:\/\/www.tirito.com.ar\/webwp\/","name":"Tirito","description":"Armeria","publisher":{"@id":"https:\/\/www.tirito.com.ar\/webwp\/#organization"},"potentialAction":[{"@type":"SearchAction","target":{"@type":"EntryPoint","urlTemplate":"https:\/\/www.tirito.com.ar\/webwp\/?s={search_term_string}"},"query-input":"required name=search_term_string"}],"inLanguage":"es-AR"},{"@type":"Organization","@id":"https:\/\/www.tirito.com.ar\/webwp\/#organization","name":"Tirito","url":"https:\/\/www.tirito.com.ar\/webwp\/","sameAs":[],"logo":{"@type":"ImageObject","inLanguage":"es-AR","@id":"https:\/\/www.tirito.com.ar\/webwp\/#\/schema\/logo\/image\/","url":"http:\/\/www.tirito.com.ar\/webwp\/wp-content\/uploads\/2022\/10\/tirilogo3.png","contentUrl":"http:\/\/www.tirito.com.ar\/webwp\/wp-content\/uploads\/2022\/10\/tirilogo3.png","width":200,"height":200,"caption":"Tirito"},"image":{"@id":"https:\/\/www.tirito.com.ar\/webwp\/#\/schema\/logo\/image\/"}}]}},"_links":{"self":[{"href":"https:\/\/www.tirito.com.ar\/webwp\/wp-json\/wp\/v2\/product\/3611"}],"collection":[{"href":"https:\/\/www.tirito.com.ar\/webwp\/wp-json\/wp\/v2\/product"}],"about":[{"href":"https:\/\/www.tirito.com.ar\/webwp\/wp-json\/wp\/v2\/types\/product"}],"wp:featuredmedia":[{"embeddable":true,"href":"https:\/\/www.tirito.com.ar\/webwp\/wp-json\/wp\/v2\/media\/3612"}],"wp:attachment":[{"href":"https:\/\/www.tirito.com.ar\/webwp\/wp-json\/wp\/v2\/media?parent=3611"}],"wp:term":[{"taxonomy":"product_cat","embeddable":true,"href":"https:\/\/www.tirito.com.ar\/webwp\/wp-json\/wp\/v2\/product_cat?post=3611"},{"taxonomy":"product_tag","embeddable":true,"href":"https:\/\/www.tirito.com.ar\/webwp\/wp-json\/wp\/v2\/product_tag?post=3611"}],"curies":[{"name":"wp","href":"https:\/\/api.w.org\/{rel}","templated":true}]}}