{"id":3361,"date":"2022-03-09T11:42:25","date_gmt":"2022-03-09T14:42:25","guid":{"rendered":"http:\/\/www.tirito.com.ar\/webwp\/?post_type=product&#038;p=3361"},"modified":"2022-11-07T15:58:50","modified_gmt":"2022-11-07T18:58:50","slug":"remington-870-express-synthetic-tactical","status":"publish","type":"product","link":"https:\/\/www.tirito.com.ar\/webwp\/producto\/remington-870-express-synthetic-tactical\/","title":{"rendered":"Escopeta Remington 870 Express Synthetic Tactical"},"content":{"rendered":"<p>La escopeta Remington 870 Express Synthetic Tactical es una escopeta de defensa ya que su ca\u00f1\u00f3n corto permite un manejo r\u00e1pido en lugares reducidos. Cuenta con extensor de cargador, la culata es sint\u00e9tica y el acabado del ca\u00f1\u00f3n pav\u00f3n blue mate.<\/p>\n<p><img decoding=\"async\" loading=\"lazy\" class=\"size-full wp-image-6470 aligncenter\" src=\"http:\/\/www.tirito.com.ar\/webwp\/wp-content\/uploads\/2022\/06\/MejorValor-e1667396339493.jpg\" alt=\"\" width=\"400\" height=\"200\" srcset=\"https:\/\/www.tirito.com.ar\/webwp\/wp-content\/uploads\/2022\/06\/MejorValor-e1667396339493.jpg 400w, https:\/\/www.tirito.com.ar\/webwp\/wp-content\/uploads\/2022\/06\/MejorValor-e1667396339493-300x150.jpg 300w, https:\/\/www.tirito.com.ar\/webwp\/wp-content\/uploads\/2022\/06\/MejorValor-e1667396339493-64x32.jpg 64w\" sizes=\"(max-width: 400px) 100vw, 400px\" \/><\/p>\n","protected":false},"excerpt":{"rendered":"<p><strong>Escopeta Remington 870 Express Synthetic Tactical<br \/>\n<\/strong>Calibre: 12\/76 (de repetici\u00f3n)<br \/>\nLargo de Ca\u00f1\u00f3n: 470mm<br \/>\nCapacidad: 6+1<\/p>\n<p><strong>Codigo: 25077<\/strong><\/p>\n<p><img decoding=\"async\" loading=\"lazy\" class=\"alignnone size-full wp-image-6470\" src=\"http:\/\/www.tirito.com.ar\/webwp\/wp-content\/uploads\/2022\/06\/MejorValor-e1667396339493.jpg\" alt=\"\" width=\"400\" height=\"200\" srcset=\"https:\/\/www.tirito.com.ar\/webwp\/wp-content\/uploads\/2022\/06\/MejorValor-e1667396339493.jpg 400w, https:\/\/www.tirito.com.ar\/webwp\/wp-content\/uploads\/2022\/06\/MejorValor-e1667396339493-300x150.jpg 300w, https:\/\/www.tirito.com.ar\/webwp\/wp-content\/uploads\/2022\/06\/MejorValor-e1667396339493-64x32.jpg 64w\" sizes=\"(max-width: 400px) 100vw, 400px\" \/><\/p>\n","protected":false},"featured_media":3362,"template":"","meta":{"_ti_tpc_template_sync":false,"_ti_tpc_template_id":""},"product_cat":[518],"product_tag":[527,525,147],"yoast_head":"<!-- This site is optimized with the Yoast SEO plugin v19.8 - https:\/\/yoast.com\/wordpress\/plugins\/seo\/ -->\n<title>Escopeta Remington 870 Express Synthetic Tactical - Tirito<\/title>\n<meta name=\"robots\" content=\"index, follow, max-snippet:-1, max-image-preview:large, max-video-preview:-1\" \/>\n<link rel=\"canonical\" href=\"https:\/\/www.tirito.com.ar\/webwp\/producto\/remington-870-express-synthetic-tactical\/\" \/>\n<meta property=\"og:locale\" content=\"es_ES\" \/>\n<meta property=\"og:type\" content=\"article\" \/>\n<meta property=\"og:title\" content=\"Escopeta Remington 870 Express Synthetic Tactical - Tirito\" \/>\n<meta property=\"og:description\" content=\"Escopeta Remington 870 Express Synthetic Tactical Calibre: 12\/76 (de repetici\u00f3n) Largo de Ca\u00f1\u00f3n: 470mm Capacidad: 6+1  Codigo: 25077\" \/>\n<meta property=\"og:url\" content=\"https:\/\/www.tirito.com.ar\/webwp\/producto\/remington-870-express-synthetic-tactical\/\" \/>\n<meta property=\"og:site_name\" content=\"Tirito\" \/>\n<meta property=\"article:modified_time\" content=\"2022-11-07T18:58:50+00:00\" \/>\n<meta property=\"og:image\" content=\"https:\/\/www.tirito.com.ar\/webwp\/wp-content\/uploads\/2022\/03\/Rem870-Express-Synthetic-Tactical_Tiri_25077.jpg\" \/>\n\t<meta property=\"og:image:width\" content=\"1000\" \/>\n\t<meta property=\"og:image:height\" content=\"1000\" \/>\n\t<meta property=\"og:image:type\" content=\"image\/jpeg\" \/>\n<meta name=\"twitter:card\" content=\"summary_large_image\" \/>\n<meta name=\"twitter:label1\" content=\"Tiempo de lectura\" \/>\n\t<meta name=\"twitter:data1\" content=\"1 minuto\" \/>\n<script type=\"application\/ld+json\" class=\"yoast-schema-graph\">{\"@context\":\"https:\/\/schema.org\",\"@graph\":[{\"@type\":\"WebPage\",\"@id\":\"https:\/\/www.tirito.com.ar\/webwp\/producto\/remington-870-express-synthetic-tactical\/\",\"url\":\"https:\/\/www.tirito.com.ar\/webwp\/producto\/remington-870-express-synthetic-tactical\/\",\"name\":\"Escopeta Remington 870 Express Synthetic Tactical - Tirito\",\"isPartOf\":{\"@id\":\"https:\/\/www.tirito.com.ar\/webwp\/#website\"},\"datePublished\":\"2022-03-09T14:42:25+00:00\",\"dateModified\":\"2022-11-07T18:58:50+00:00\",\"breadcrumb\":{\"@id\":\"https:\/\/www.tirito.com.ar\/webwp\/producto\/remington-870-express-synthetic-tactical\/#breadcrumb\"},\"inLanguage\":\"es-AR\",\"potentialAction\":[{\"@type\":\"ReadAction\",\"target\":[\"https:\/\/www.tirito.com.ar\/webwp\/producto\/remington-870-express-synthetic-tactical\/\"]}]},{\"@type\":\"BreadcrumbList\",\"@id\":\"https:\/\/www.tirito.com.ar\/webwp\/producto\/remington-870-express-synthetic-tactical\/#breadcrumb\",\"itemListElement\":[{\"@type\":\"ListItem\",\"position\":1,\"name\":\"Inicio\",\"item\":\"https:\/\/www.tirito.com.ar\/webwp\/\"},{\"@type\":\"ListItem\",\"position\":2,\"name\":\"Tienda\",\"item\":\"https:\/\/www.tirito.com.ar\/webwp\/tienda\/\"},{\"@type\":\"ListItem\",\"position\":3,\"name\":\"Escopeta Remington 870 Express Synthetic Tactical\"}]},{\"@type\":\"WebSite\",\"@id\":\"https:\/\/www.tirito.com.ar\/webwp\/#website\",\"url\":\"https:\/\/www.tirito.com.ar\/webwp\/\",\"name\":\"Tirito\",\"description\":\"Armeria\",\"publisher\":{\"@id\":\"https:\/\/www.tirito.com.ar\/webwp\/#organization\"},\"potentialAction\":[{\"@type\":\"SearchAction\",\"target\":{\"@type\":\"EntryPoint\",\"urlTemplate\":\"https:\/\/www.tirito.com.ar\/webwp\/?s={search_term_string}\"},\"query-input\":\"required name=search_term_string\"}],\"inLanguage\":\"es-AR\"},{\"@type\":\"Organization\",\"@id\":\"https:\/\/www.tirito.com.ar\/webwp\/#organization\",\"name\":\"Tirito\",\"url\":\"https:\/\/www.tirito.com.ar\/webwp\/\",\"sameAs\":[],\"logo\":{\"@type\":\"ImageObject\",\"inLanguage\":\"es-AR\",\"@id\":\"https:\/\/www.tirito.com.ar\/webwp\/#\/schema\/logo\/image\/\",\"url\":\"http:\/\/www.tirito.com.ar\/webwp\/wp-content\/uploads\/2022\/10\/tirilogo3.png\",\"contentUrl\":\"http:\/\/www.tirito.com.ar\/webwp\/wp-content\/uploads\/2022\/10\/tirilogo3.png\",\"width\":200,\"height\":200,\"caption\":\"Tirito\"},\"image\":{\"@id\":\"https:\/\/www.tirito.com.ar\/webwp\/#\/schema\/logo\/image\/\"}}]}<\/script>\n<!-- \/ Yoast SEO plugin. -->","yoast_head_json":{"title":"Escopeta Remington 870 Express Synthetic Tactical - Tirito","robots":{"index":"index","follow":"follow","max-snippet":"max-snippet:-1","max-image-preview":"max-image-preview:large","max-video-preview":"max-video-preview:-1"},"canonical":"https:\/\/www.tirito.com.ar\/webwp\/producto\/remington-870-express-synthetic-tactical\/","og_locale":"es_ES","og_type":"article","og_title":"Escopeta Remington 870 Express Synthetic Tactical - Tirito","og_description":"Escopeta Remington 870 Express Synthetic Tactical Calibre: 12\/76 (de repetici\u00f3n) Largo de Ca\u00f1\u00f3n: 470mm Capacidad: 6+1  Codigo: 25077","og_url":"https:\/\/www.tirito.com.ar\/webwp\/producto\/remington-870-express-synthetic-tactical\/","og_site_name":"Tirito","article_modified_time":"2022-11-07T18:58:50+00:00","og_image":[{"width":1000,"height":1000,"url":"https:\/\/www.tirito.com.ar\/webwp\/wp-content\/uploads\/2022\/03\/Rem870-Express-Synthetic-Tactical_Tiri_25077.jpg","type":"image\/jpeg"}],"twitter_card":"summary_large_image","twitter_misc":{"Tiempo de lectura":"1 minuto"},"schema":{"@context":"https:\/\/schema.org","@graph":[{"@type":"WebPage","@id":"https:\/\/www.tirito.com.ar\/webwp\/producto\/remington-870-express-synthetic-tactical\/","url":"https:\/\/www.tirito.com.ar\/webwp\/producto\/remington-870-express-synthetic-tactical\/","name":"Escopeta Remington 870 Express Synthetic Tactical - Tirito","isPartOf":{"@id":"https:\/\/www.tirito.com.ar\/webwp\/#website"},"datePublished":"2022-03-09T14:42:25+00:00","dateModified":"2022-11-07T18:58:50+00:00","breadcrumb":{"@id":"https:\/\/www.tirito.com.ar\/webwp\/producto\/remington-870-express-synthetic-tactical\/#breadcrumb"},"inLanguage":"es-AR","potentialAction":[{"@type":"ReadAction","target":["https:\/\/www.tirito.com.ar\/webwp\/producto\/remington-870-express-synthetic-tactical\/"]}]},{"@type":"BreadcrumbList","@id":"https:\/\/www.tirito.com.ar\/webwp\/producto\/remington-870-express-synthetic-tactical\/#breadcrumb","itemListElement":[{"@type":"ListItem","position":1,"name":"Inicio","item":"https:\/\/www.tirito.com.ar\/webwp\/"},{"@type":"ListItem","position":2,"name":"Tienda","item":"https:\/\/www.tirito.com.ar\/webwp\/tienda\/"},{"@type":"ListItem","position":3,"name":"Escopeta Remington 870 Express Synthetic Tactical"}]},{"@type":"WebSite","@id":"https:\/\/www.tirito.com.ar\/webwp\/#website","url":"https:\/\/www.tirito.com.ar\/webwp\/","name":"Tirito","description":"Armeria","publisher":{"@id":"https:\/\/www.tirito.com.ar\/webwp\/#organization"},"potentialAction":[{"@type":"SearchAction","target":{"@type":"EntryPoint","urlTemplate":"https:\/\/www.tirito.com.ar\/webwp\/?s={search_term_string}"},"query-input":"required name=search_term_string"}],"inLanguage":"es-AR"},{"@type":"Organization","@id":"https:\/\/www.tirito.com.ar\/webwp\/#organization","name":"Tirito","url":"https:\/\/www.tirito.com.ar\/webwp\/","sameAs":[],"logo":{"@type":"ImageObject","inLanguage":"es-AR","@id":"https:\/\/www.tirito.com.ar\/webwp\/#\/schema\/logo\/image\/","url":"http:\/\/www.tirito.com.ar\/webwp\/wp-content\/uploads\/2022\/10\/tirilogo3.png","contentUrl":"http:\/\/www.tirito.com.ar\/webwp\/wp-content\/uploads\/2022\/10\/tirilogo3.png","width":200,"height":200,"caption":"Tirito"},"image":{"@id":"https:\/\/www.tirito.com.ar\/webwp\/#\/schema\/logo\/image\/"}}]}},"_links":{"self":[{"href":"https:\/\/www.tirito.com.ar\/webwp\/wp-json\/wp\/v2\/product\/3361"}],"collection":[{"href":"https:\/\/www.tirito.com.ar\/webwp\/wp-json\/wp\/v2\/product"}],"about":[{"href":"https:\/\/www.tirito.com.ar\/webwp\/wp-json\/wp\/v2\/types\/product"}],"wp:featuredmedia":[{"embeddable":true,"href":"https:\/\/www.tirito.com.ar\/webwp\/wp-json\/wp\/v2\/media\/3362"}],"wp:attachment":[{"href":"https:\/\/www.tirito.com.ar\/webwp\/wp-json\/wp\/v2\/media?parent=3361"}],"wp:term":[{"taxonomy":"product_cat","embeddable":true,"href":"https:\/\/www.tirito.com.ar\/webwp\/wp-json\/wp\/v2\/product_cat?post=3361"},{"taxonomy":"product_tag","embeddable":true,"href":"https:\/\/www.tirito.com.ar\/webwp\/wp-json\/wp\/v2\/product_tag?post=3361"}],"curies":[{"name":"wp","href":"https:\/\/api.w.org\/{rel}","templated":true}]}}