{"id":3355,"date":"2022-03-09T11:29:52","date_gmt":"2022-03-09T14:29:52","guid":{"rendered":"http:\/\/www.tirito.com.ar\/webwp\/?post_type=product&#038;p=3355"},"modified":"2023-01-26T15:38:57","modified_gmt":"2023-01-26T18:38:57","slug":"remington-870-home-defense","status":"publish","type":"product","link":"https:\/\/www.tirito.com.ar\/webwp\/producto\/remington-870-home-defense\/","title":{"rendered":"Escopeta Remington 870 Home Defense"},"content":{"rendered":"<p>La escopeta Remington 870 Home Defense es una escopeta de defensa ya que su ca\u00f1\u00f3n corto permite un manejo r\u00e1pido en lugares reducidos. Cuenta con culata sint\u00e9tica, acabado de ca\u00f1\u00f3n pav\u00f3n blue mate y extensor de cargador.<\/p>\n<p><img decoding=\"async\" loading=\"lazy\" class=\"size-full wp-image-6470 aligncenter\" src=\"http:\/\/www.tirito.com.ar\/webwp\/wp-content\/uploads\/2022\/06\/MejorValor-e1667396339493.jpg\" alt=\"\" width=\"400\" height=\"200\" srcset=\"https:\/\/www.tirito.com.ar\/webwp\/wp-content\/uploads\/2022\/06\/MejorValor-e1667396339493.jpg 400w, https:\/\/www.tirito.com.ar\/webwp\/wp-content\/uploads\/2022\/06\/MejorValor-e1667396339493-300x150.jpg 300w, https:\/\/www.tirito.com.ar\/webwp\/wp-content\/uploads\/2022\/06\/MejorValor-e1667396339493-64x32.jpg 64w\" sizes=\"(max-width: 400px) 100vw, 400px\" \/><\/p>\n","protected":false},"excerpt":{"rendered":"<p><strong>Escopeta Remington 870 Home Defense<br \/>\n<\/strong>Calibre: 12\/76 (De repetici\u00f3n)<br \/>\nLargo de Ca\u00f1\u00f3n: 470mm<br \/>\nCapacidad: 4+1<br \/>\n<em>(Leer abajo para mas informaci\u00f3n)<\/em><\/p>\n<p><strong>Codigo: 25549<\/strong><\/p>\n<p><img decoding=\"async\" loading=\"lazy\" class=\"alignnone size-full wp-image-6470\" src=\"http:\/\/www.tirito.com.ar\/webwp\/wp-content\/uploads\/2022\/06\/MejorValor-e1667396339493.jpg\" alt=\"\" width=\"400\" height=\"200\" srcset=\"https:\/\/www.tirito.com.ar\/webwp\/wp-content\/uploads\/2022\/06\/MejorValor-e1667396339493.jpg 400w, https:\/\/www.tirito.com.ar\/webwp\/wp-content\/uploads\/2022\/06\/MejorValor-e1667396339493-300x150.jpg 300w, https:\/\/www.tirito.com.ar\/webwp\/wp-content\/uploads\/2022\/06\/MejorValor-e1667396339493-64x32.jpg 64w\" sizes=\"(max-width: 400px) 100vw, 400px\" \/><\/p>\n","protected":false},"featured_media":3356,"template":"","meta":{"_ti_tpc_template_sync":false,"_ti_tpc_template_id":""},"product_cat":[518],"product_tag":[527,525,147],"yoast_head":"<!-- This site is optimized with the Yoast SEO plugin v19.8 - https:\/\/yoast.com\/wordpress\/plugins\/seo\/ -->\n<title>Escopeta Remington 870 Home Defense - Tirito<\/title>\n<meta name=\"robots\" content=\"index, follow, max-snippet:-1, max-image-preview:large, max-video-preview:-1\" \/>\n<link rel=\"canonical\" href=\"http:\/\/www.tirito.com.ar\/webwp\/producto\/remington-870-home-defense\/\" \/>\n<meta property=\"og:locale\" content=\"es_ES\" \/>\n<meta property=\"og:type\" content=\"article\" \/>\n<meta property=\"og:title\" content=\"Escopeta Remington 870 Home Defense - Tirito\" \/>\n<meta property=\"og:description\" content=\"Escopeta Remington 870 Home Defense Calibre: 12\/76 (De repetici\u00f3n) Largo de Ca\u00f1\u00f3n: 470mm Capacidad: 4+1 (Leer abajo para mas informaci\u00f3n)  Codigo: 25549\" \/>\n<meta property=\"og:url\" content=\"http:\/\/www.tirito.com.ar\/webwp\/producto\/remington-870-home-defense\/\" \/>\n<meta property=\"og:site_name\" content=\"Tirito\" \/>\n<meta property=\"article:modified_time\" content=\"2023-01-26T18:38:57+00:00\" \/>\n<meta property=\"og:image\" content=\"http:\/\/www.tirito.com.ar\/webwp\/wp-content\/uploads\/2022\/03\/Remington-870-Home-Defense_25549.jpg\" \/>\n\t<meta property=\"og:image:width\" content=\"1000\" \/>\n\t<meta property=\"og:image:height\" content=\"1000\" \/>\n\t<meta property=\"og:image:type\" content=\"image\/jpeg\" \/>\n<meta name=\"twitter:card\" content=\"summary_large_image\" \/>\n<meta name=\"twitter:label1\" content=\"Tiempo de lectura\" \/>\n\t<meta name=\"twitter:data1\" content=\"1 minuto\" \/>\n<script type=\"application\/ld+json\" class=\"yoast-schema-graph\">{\"@context\":\"https:\/\/schema.org\",\"@graph\":[{\"@type\":\"WebPage\",\"@id\":\"http:\/\/www.tirito.com.ar\/webwp\/producto\/remington-870-home-defense\/\",\"url\":\"http:\/\/www.tirito.com.ar\/webwp\/producto\/remington-870-home-defense\/\",\"name\":\"Escopeta Remington 870 Home Defense - Tirito\",\"isPartOf\":{\"@id\":\"https:\/\/www.tirito.com.ar\/webwp\/#website\"},\"datePublished\":\"2022-03-09T14:29:52+00:00\",\"dateModified\":\"2023-01-26T18:38:57+00:00\",\"breadcrumb\":{\"@id\":\"http:\/\/www.tirito.com.ar\/webwp\/producto\/remington-870-home-defense\/#breadcrumb\"},\"inLanguage\":\"es-AR\",\"potentialAction\":[{\"@type\":\"ReadAction\",\"target\":[\"http:\/\/www.tirito.com.ar\/webwp\/producto\/remington-870-home-defense\/\"]}]},{\"@type\":\"BreadcrumbList\",\"@id\":\"http:\/\/www.tirito.com.ar\/webwp\/producto\/remington-870-home-defense\/#breadcrumb\",\"itemListElement\":[{\"@type\":\"ListItem\",\"position\":1,\"name\":\"Inicio\",\"item\":\"https:\/\/www.tirito.com.ar\/webwp\/\"},{\"@type\":\"ListItem\",\"position\":2,\"name\":\"Tienda\",\"item\":\"https:\/\/www.tirito.com.ar\/webwp\/tienda\/\"},{\"@type\":\"ListItem\",\"position\":3,\"name\":\"Escopeta Remington 870 Home Defense\"}]},{\"@type\":\"WebSite\",\"@id\":\"https:\/\/www.tirito.com.ar\/webwp\/#website\",\"url\":\"https:\/\/www.tirito.com.ar\/webwp\/\",\"name\":\"Tirito\",\"description\":\"Armeria\",\"publisher\":{\"@id\":\"https:\/\/www.tirito.com.ar\/webwp\/#organization\"},\"potentialAction\":[{\"@type\":\"SearchAction\",\"target\":{\"@type\":\"EntryPoint\",\"urlTemplate\":\"https:\/\/www.tirito.com.ar\/webwp\/?s={search_term_string}\"},\"query-input\":\"required name=search_term_string\"}],\"inLanguage\":\"es-AR\"},{\"@type\":\"Organization\",\"@id\":\"https:\/\/www.tirito.com.ar\/webwp\/#organization\",\"name\":\"Tirito\",\"url\":\"https:\/\/www.tirito.com.ar\/webwp\/\",\"sameAs\":[],\"logo\":{\"@type\":\"ImageObject\",\"inLanguage\":\"es-AR\",\"@id\":\"https:\/\/www.tirito.com.ar\/webwp\/#\/schema\/logo\/image\/\",\"url\":\"http:\/\/www.tirito.com.ar\/webwp\/wp-content\/uploads\/2022\/10\/tirilogo3.png\",\"contentUrl\":\"http:\/\/www.tirito.com.ar\/webwp\/wp-content\/uploads\/2022\/10\/tirilogo3.png\",\"width\":200,\"height\":200,\"caption\":\"Tirito\"},\"image\":{\"@id\":\"https:\/\/www.tirito.com.ar\/webwp\/#\/schema\/logo\/image\/\"}}]}<\/script>\n<!-- \/ Yoast SEO plugin. -->","yoast_head_json":{"title":"Escopeta Remington 870 Home Defense - Tirito","robots":{"index":"index","follow":"follow","max-snippet":"max-snippet:-1","max-image-preview":"max-image-preview:large","max-video-preview":"max-video-preview:-1"},"canonical":"http:\/\/www.tirito.com.ar\/webwp\/producto\/remington-870-home-defense\/","og_locale":"es_ES","og_type":"article","og_title":"Escopeta Remington 870 Home Defense - Tirito","og_description":"Escopeta Remington 870 Home Defense Calibre: 12\/76 (De repetici\u00f3n) Largo de Ca\u00f1\u00f3n: 470mm Capacidad: 4+1 (Leer abajo para mas informaci\u00f3n)  Codigo: 25549","og_url":"http:\/\/www.tirito.com.ar\/webwp\/producto\/remington-870-home-defense\/","og_site_name":"Tirito","article_modified_time":"2023-01-26T18:38:57+00:00","og_image":[{"width":1000,"height":1000,"url":"http:\/\/www.tirito.com.ar\/webwp\/wp-content\/uploads\/2022\/03\/Remington-870-Home-Defense_25549.jpg","type":"image\/jpeg"}],"twitter_card":"summary_large_image","twitter_misc":{"Tiempo de lectura":"1 minuto"},"schema":{"@context":"https:\/\/schema.org","@graph":[{"@type":"WebPage","@id":"http:\/\/www.tirito.com.ar\/webwp\/producto\/remington-870-home-defense\/","url":"http:\/\/www.tirito.com.ar\/webwp\/producto\/remington-870-home-defense\/","name":"Escopeta Remington 870 Home Defense - Tirito","isPartOf":{"@id":"https:\/\/www.tirito.com.ar\/webwp\/#website"},"datePublished":"2022-03-09T14:29:52+00:00","dateModified":"2023-01-26T18:38:57+00:00","breadcrumb":{"@id":"http:\/\/www.tirito.com.ar\/webwp\/producto\/remington-870-home-defense\/#breadcrumb"},"inLanguage":"es-AR","potentialAction":[{"@type":"ReadAction","target":["http:\/\/www.tirito.com.ar\/webwp\/producto\/remington-870-home-defense\/"]}]},{"@type":"BreadcrumbList","@id":"http:\/\/www.tirito.com.ar\/webwp\/producto\/remington-870-home-defense\/#breadcrumb","itemListElement":[{"@type":"ListItem","position":1,"name":"Inicio","item":"https:\/\/www.tirito.com.ar\/webwp\/"},{"@type":"ListItem","position":2,"name":"Tienda","item":"https:\/\/www.tirito.com.ar\/webwp\/tienda\/"},{"@type":"ListItem","position":3,"name":"Escopeta Remington 870 Home Defense"}]},{"@type":"WebSite","@id":"https:\/\/www.tirito.com.ar\/webwp\/#website","url":"https:\/\/www.tirito.com.ar\/webwp\/","name":"Tirito","description":"Armeria","publisher":{"@id":"https:\/\/www.tirito.com.ar\/webwp\/#organization"},"potentialAction":[{"@type":"SearchAction","target":{"@type":"EntryPoint","urlTemplate":"https:\/\/www.tirito.com.ar\/webwp\/?s={search_term_string}"},"query-input":"required name=search_term_string"}],"inLanguage":"es-AR"},{"@type":"Organization","@id":"https:\/\/www.tirito.com.ar\/webwp\/#organization","name":"Tirito","url":"https:\/\/www.tirito.com.ar\/webwp\/","sameAs":[],"logo":{"@type":"ImageObject","inLanguage":"es-AR","@id":"https:\/\/www.tirito.com.ar\/webwp\/#\/schema\/logo\/image\/","url":"http:\/\/www.tirito.com.ar\/webwp\/wp-content\/uploads\/2022\/10\/tirilogo3.png","contentUrl":"http:\/\/www.tirito.com.ar\/webwp\/wp-content\/uploads\/2022\/10\/tirilogo3.png","width":200,"height":200,"caption":"Tirito"},"image":{"@id":"https:\/\/www.tirito.com.ar\/webwp\/#\/schema\/logo\/image\/"}}]}},"_links":{"self":[{"href":"https:\/\/www.tirito.com.ar\/webwp\/wp-json\/wp\/v2\/product\/3355"}],"collection":[{"href":"https:\/\/www.tirito.com.ar\/webwp\/wp-json\/wp\/v2\/product"}],"about":[{"href":"https:\/\/www.tirito.com.ar\/webwp\/wp-json\/wp\/v2\/types\/product"}],"wp:featuredmedia":[{"embeddable":true,"href":"https:\/\/www.tirito.com.ar\/webwp\/wp-json\/wp\/v2\/media\/3356"}],"wp:attachment":[{"href":"https:\/\/www.tirito.com.ar\/webwp\/wp-json\/wp\/v2\/media?parent=3355"}],"wp:term":[{"taxonomy":"product_cat","embeddable":true,"href":"https:\/\/www.tirito.com.ar\/webwp\/wp-json\/wp\/v2\/product_cat?post=3355"},{"taxonomy":"product_tag","embeddable":true,"href":"https:\/\/www.tirito.com.ar\/webwp\/wp-json\/wp\/v2\/product_tag?post=3355"}],"curies":[{"name":"wp","href":"https:\/\/api.w.org\/{rel}","templated":true}]}}