{"id":3332,"date":"2022-03-07T12:28:24","date_gmt":"2022-03-07T15:28:24","guid":{"rendered":"http:\/\/www.tirito.com.ar\/webwp\/?post_type=product&#038;p=3332"},"modified":"2023-06-08T09:51:24","modified_gmt":"2023-06-08T12:51:24","slug":"akkar-stoppin-power-camo-digital","status":"publish","type":"product","link":"https:\/\/www.tirito.com.ar\/webwp\/producto\/akkar-stoppin-power-camo-digital\/","title":{"rendered":"6660 &#8211; Escopeta Akkar Stoppin Power Camo Digital"},"content":{"rendered":"<p>La escopeta Akkar Stopping Power Camo Digital es una escopeta ideal para espacios reducidos, viene con alza regulable, un riel picatinny integrado, guion de fibra \u00f3ptica y la culata es sint\u00e9tica &#8220;camuflada digital&#8221; con pistol grip. Cuenta con tres choques adicionales y uno puesto. El acabado del ca\u00f1\u00f3n y de la caja de mecanismo tambi\u00e9n es &#8220;camuflado digital&#8221;.<\/p>\n<p><img decoding=\"async\" loading=\"lazy\" class=\"size-full wp-image-6470 aligncenter\" src=\"http:\/\/www.tirito.com.ar\/webwp\/wp-content\/uploads\/2022\/06\/MejorValor-e1667396339493.jpg\" alt=\"\" width=\"400\" height=\"200\" srcset=\"https:\/\/www.tirito.com.ar\/webwp\/wp-content\/uploads\/2022\/06\/MejorValor-e1667396339493.jpg 400w, https:\/\/www.tirito.com.ar\/webwp\/wp-content\/uploads\/2022\/06\/MejorValor-e1667396339493-300x150.jpg 300w, https:\/\/www.tirito.com.ar\/webwp\/wp-content\/uploads\/2022\/06\/MejorValor-e1667396339493-64x32.jpg 64w\" sizes=\"(max-width: 400px) 100vw, 400px\" \/><\/p>\n","protected":false},"excerpt":{"rendered":"<p><strong>Escopeta Akkar Stopping Power Camo Digital<br \/>\n<\/strong>Calibre: 12\/76 (Semiautom\u00e1tica)<br \/>\nLargo de Ca\u00f1\u00f3n: 470mm<br \/>\nCapacidad: 5+1<\/p>\n<p><strong>Codigo: 6660<\/strong><\/p>\n<p><img decoding=\"async\" loading=\"lazy\" class=\"alignnone size-full wp-image-6470\" src=\"http:\/\/www.tirito.com.ar\/webwp\/wp-content\/uploads\/2022\/06\/MejorValor-e1667396339493.jpg\" alt=\"\" width=\"400\" height=\"200\" srcset=\"https:\/\/www.tirito.com.ar\/webwp\/wp-content\/uploads\/2022\/06\/MejorValor-e1667396339493.jpg 400w, https:\/\/www.tirito.com.ar\/webwp\/wp-content\/uploads\/2022\/06\/MejorValor-e1667396339493-300x150.jpg 300w, https:\/\/www.tirito.com.ar\/webwp\/wp-content\/uploads\/2022\/06\/MejorValor-e1667396339493-64x32.jpg 64w\" sizes=\"(max-width: 400px) 100vw, 400px\" \/><\/p>\n","protected":false},"featured_media":3333,"template":"","meta":{"_ti_tpc_template_sync":false,"_ti_tpc_template_id":""},"product_cat":[518],"product_tag":[527,526,525,460],"yoast_head":"<!-- This site is optimized with the Yoast SEO plugin v19.8 - https:\/\/yoast.com\/wordpress\/plugins\/seo\/ -->\n<title>6660 - Escopeta Akkar Stoppin Power Camo Digital - Tirito<\/title>\n<meta name=\"robots\" content=\"index, follow, max-snippet:-1, max-image-preview:large, max-video-preview:-1\" \/>\n<link rel=\"canonical\" href=\"https:\/\/www.tirito.com.ar\/webwp\/producto\/akkar-stoppin-power-camo-digital\/\" \/>\n<meta property=\"og:locale\" content=\"es_ES\" \/>\n<meta property=\"og:type\" content=\"article\" \/>\n<meta property=\"og:title\" content=\"6660 - Escopeta Akkar Stoppin Power Camo Digital - Tirito\" \/>\n<meta property=\"og:description\" content=\"Escopeta Akkar Stopping Power Camo Digital Calibre: 12\/76 (Semiautom\u00e1tica) Largo de Ca\u00f1\u00f3n: 470mm Capacidad: 5+1  Codigo: 6660\" \/>\n<meta property=\"og:url\" content=\"https:\/\/www.tirito.com.ar\/webwp\/producto\/akkar-stoppin-power-camo-digital\/\" \/>\n<meta property=\"og:site_name\" content=\"Tirito\" \/>\n<meta property=\"article:modified_time\" content=\"2023-06-08T12:51:24+00:00\" \/>\n<meta property=\"og:image\" content=\"https:\/\/www.tirito.com.ar\/webwp\/wp-content\/uploads\/2022\/03\/Akkar-Semiauto-CamoDigital_6660.jpg\" \/>\n\t<meta property=\"og:image:width\" content=\"1000\" \/>\n\t<meta property=\"og:image:height\" content=\"1000\" \/>\n\t<meta property=\"og:image:type\" content=\"image\/jpeg\" \/>\n<meta name=\"twitter:card\" content=\"summary_large_image\" \/>\n<meta name=\"twitter:label1\" content=\"Tiempo de lectura\" \/>\n\t<meta name=\"twitter:data1\" content=\"1 minuto\" \/>\n<script type=\"application\/ld+json\" class=\"yoast-schema-graph\">{\"@context\":\"https:\/\/schema.org\",\"@graph\":[{\"@type\":\"WebPage\",\"@id\":\"https:\/\/www.tirito.com.ar\/webwp\/producto\/akkar-stoppin-power-camo-digital\/\",\"url\":\"https:\/\/www.tirito.com.ar\/webwp\/producto\/akkar-stoppin-power-camo-digital\/\",\"name\":\"6660 - Escopeta Akkar Stoppin Power Camo Digital - Tirito\",\"isPartOf\":{\"@id\":\"https:\/\/www.tirito.com.ar\/webwp\/#website\"},\"datePublished\":\"2022-03-07T15:28:24+00:00\",\"dateModified\":\"2023-06-08T12:51:24+00:00\",\"breadcrumb\":{\"@id\":\"https:\/\/www.tirito.com.ar\/webwp\/producto\/akkar-stoppin-power-camo-digital\/#breadcrumb\"},\"inLanguage\":\"es-AR\",\"potentialAction\":[{\"@type\":\"ReadAction\",\"target\":[\"https:\/\/www.tirito.com.ar\/webwp\/producto\/akkar-stoppin-power-camo-digital\/\"]}]},{\"@type\":\"BreadcrumbList\",\"@id\":\"https:\/\/www.tirito.com.ar\/webwp\/producto\/akkar-stoppin-power-camo-digital\/#breadcrumb\",\"itemListElement\":[{\"@type\":\"ListItem\",\"position\":1,\"name\":\"Inicio\",\"item\":\"https:\/\/www.tirito.com.ar\/webwp\/\"},{\"@type\":\"ListItem\",\"position\":2,\"name\":\"Tienda\",\"item\":\"https:\/\/www.tirito.com.ar\/webwp\/tienda\/\"},{\"@type\":\"ListItem\",\"position\":3,\"name\":\"6660 &#8211; Escopeta Akkar Stoppin Power Camo Digital\"}]},{\"@type\":\"WebSite\",\"@id\":\"https:\/\/www.tirito.com.ar\/webwp\/#website\",\"url\":\"https:\/\/www.tirito.com.ar\/webwp\/\",\"name\":\"Tirito\",\"description\":\"Armeria\",\"publisher\":{\"@id\":\"https:\/\/www.tirito.com.ar\/webwp\/#organization\"},\"potentialAction\":[{\"@type\":\"SearchAction\",\"target\":{\"@type\":\"EntryPoint\",\"urlTemplate\":\"https:\/\/www.tirito.com.ar\/webwp\/?s={search_term_string}\"},\"query-input\":\"required name=search_term_string\"}],\"inLanguage\":\"es-AR\"},{\"@type\":\"Organization\",\"@id\":\"https:\/\/www.tirito.com.ar\/webwp\/#organization\",\"name\":\"Tirito\",\"url\":\"https:\/\/www.tirito.com.ar\/webwp\/\",\"sameAs\":[],\"logo\":{\"@type\":\"ImageObject\",\"inLanguage\":\"es-AR\",\"@id\":\"https:\/\/www.tirito.com.ar\/webwp\/#\/schema\/logo\/image\/\",\"url\":\"http:\/\/www.tirito.com.ar\/webwp\/wp-content\/uploads\/2022\/10\/tirilogo3.png\",\"contentUrl\":\"http:\/\/www.tirito.com.ar\/webwp\/wp-content\/uploads\/2022\/10\/tirilogo3.png\",\"width\":200,\"height\":200,\"caption\":\"Tirito\"},\"image\":{\"@id\":\"https:\/\/www.tirito.com.ar\/webwp\/#\/schema\/logo\/image\/\"}}]}<\/script>\n<!-- \/ Yoast SEO plugin. -->","yoast_head_json":{"title":"6660 - Escopeta Akkar Stoppin Power Camo Digital - Tirito","robots":{"index":"index","follow":"follow","max-snippet":"max-snippet:-1","max-image-preview":"max-image-preview:large","max-video-preview":"max-video-preview:-1"},"canonical":"https:\/\/www.tirito.com.ar\/webwp\/producto\/akkar-stoppin-power-camo-digital\/","og_locale":"es_ES","og_type":"article","og_title":"6660 - Escopeta Akkar Stoppin Power Camo Digital - Tirito","og_description":"Escopeta Akkar Stopping Power Camo Digital Calibre: 12\/76 (Semiautom\u00e1tica) Largo de Ca\u00f1\u00f3n: 470mm Capacidad: 5+1  Codigo: 6660","og_url":"https:\/\/www.tirito.com.ar\/webwp\/producto\/akkar-stoppin-power-camo-digital\/","og_site_name":"Tirito","article_modified_time":"2023-06-08T12:51:24+00:00","og_image":[{"width":1000,"height":1000,"url":"https:\/\/www.tirito.com.ar\/webwp\/wp-content\/uploads\/2022\/03\/Akkar-Semiauto-CamoDigital_6660.jpg","type":"image\/jpeg"}],"twitter_card":"summary_large_image","twitter_misc":{"Tiempo de lectura":"1 minuto"},"schema":{"@context":"https:\/\/schema.org","@graph":[{"@type":"WebPage","@id":"https:\/\/www.tirito.com.ar\/webwp\/producto\/akkar-stoppin-power-camo-digital\/","url":"https:\/\/www.tirito.com.ar\/webwp\/producto\/akkar-stoppin-power-camo-digital\/","name":"6660 - Escopeta Akkar Stoppin Power Camo Digital - Tirito","isPartOf":{"@id":"https:\/\/www.tirito.com.ar\/webwp\/#website"},"datePublished":"2022-03-07T15:28:24+00:00","dateModified":"2023-06-08T12:51:24+00:00","breadcrumb":{"@id":"https:\/\/www.tirito.com.ar\/webwp\/producto\/akkar-stoppin-power-camo-digital\/#breadcrumb"},"inLanguage":"es-AR","potentialAction":[{"@type":"ReadAction","target":["https:\/\/www.tirito.com.ar\/webwp\/producto\/akkar-stoppin-power-camo-digital\/"]}]},{"@type":"BreadcrumbList","@id":"https:\/\/www.tirito.com.ar\/webwp\/producto\/akkar-stoppin-power-camo-digital\/#breadcrumb","itemListElement":[{"@type":"ListItem","position":1,"name":"Inicio","item":"https:\/\/www.tirito.com.ar\/webwp\/"},{"@type":"ListItem","position":2,"name":"Tienda","item":"https:\/\/www.tirito.com.ar\/webwp\/tienda\/"},{"@type":"ListItem","position":3,"name":"6660 &#8211; Escopeta Akkar Stoppin Power Camo Digital"}]},{"@type":"WebSite","@id":"https:\/\/www.tirito.com.ar\/webwp\/#website","url":"https:\/\/www.tirito.com.ar\/webwp\/","name":"Tirito","description":"Armeria","publisher":{"@id":"https:\/\/www.tirito.com.ar\/webwp\/#organization"},"potentialAction":[{"@type":"SearchAction","target":{"@type":"EntryPoint","urlTemplate":"https:\/\/www.tirito.com.ar\/webwp\/?s={search_term_string}"},"query-input":"required name=search_term_string"}],"inLanguage":"es-AR"},{"@type":"Organization","@id":"https:\/\/www.tirito.com.ar\/webwp\/#organization","name":"Tirito","url":"https:\/\/www.tirito.com.ar\/webwp\/","sameAs":[],"logo":{"@type":"ImageObject","inLanguage":"es-AR","@id":"https:\/\/www.tirito.com.ar\/webwp\/#\/schema\/logo\/image\/","url":"http:\/\/www.tirito.com.ar\/webwp\/wp-content\/uploads\/2022\/10\/tirilogo3.png","contentUrl":"http:\/\/www.tirito.com.ar\/webwp\/wp-content\/uploads\/2022\/10\/tirilogo3.png","width":200,"height":200,"caption":"Tirito"},"image":{"@id":"https:\/\/www.tirito.com.ar\/webwp\/#\/schema\/logo\/image\/"}}]}},"_links":{"self":[{"href":"https:\/\/www.tirito.com.ar\/webwp\/wp-json\/wp\/v2\/product\/3332"}],"collection":[{"href":"https:\/\/www.tirito.com.ar\/webwp\/wp-json\/wp\/v2\/product"}],"about":[{"href":"https:\/\/www.tirito.com.ar\/webwp\/wp-json\/wp\/v2\/types\/product"}],"wp:featuredmedia":[{"embeddable":true,"href":"https:\/\/www.tirito.com.ar\/webwp\/wp-json\/wp\/v2\/media\/3333"}],"wp:attachment":[{"href":"https:\/\/www.tirito.com.ar\/webwp\/wp-json\/wp\/v2\/media?parent=3332"}],"wp:term":[{"taxonomy":"product_cat","embeddable":true,"href":"https:\/\/www.tirito.com.ar\/webwp\/wp-json\/wp\/v2\/product_cat?post=3332"},{"taxonomy":"product_tag","embeddable":true,"href":"https:\/\/www.tirito.com.ar\/webwp\/wp-json\/wp\/v2\/product_tag?post=3332"}],"curies":[{"name":"wp","href":"https:\/\/api.w.org\/{rel}","templated":true}]}}