{"id":3218,"date":"2022-03-03T09:58:05","date_gmt":"2022-03-03T12:58:05","guid":{"rendered":"http:\/\/www.tirito.com.ar\/webwp\/?post_type=product&#038;p=3218"},"modified":"2023-03-30T12:34:14","modified_gmt":"2023-03-30T15:34:14","slug":"glock-19-gen-4-mos","status":"publish","type":"product","link":"https:\/\/www.tirito.com.ar\/webwp\/producto\/glock-19-gen-4-mos\/","title":{"rendered":"Glock 19 Gen 4 MOS"},"content":{"rendered":"","protected":false},"excerpt":{"rendered":"<p>A medida que las miras holograficas se abrieron paso hacia las pistolas defensivas, GLOCK desarroll\u00f3 la G19 Gen4 en configuraci\u00f3n MOS. Esto hace que el montar una mira r\u00e9flex en la corredera de la pistola no necesite de un sistema de montaje separado y sea r\u00e1pido y f\u00e1cil colocar el sistema de punteria. Adem\u00e1s de eso, el sistema modular back strap hace posible personalizar instant\u00e1neamente su agarre para adaptarse a cualquier tama\u00f1o de mano. El reten reversible la hace ideal para tiradores zurdos y diestros.<\/p>\n<p>&#8211; Calibre: 9 mm Luger<br \/>\n&#8211; Sistema: Safe Action<br \/>\n&#8211; Largo (Total): 185 mm<br \/>\n&#8211; Altura: 128 mm<br \/>\n&#8211; Ancho: 32 mm<br \/>\n&#8211; Long. de Ca\u00f1\u00f3n: 102 mm<br \/>\n&#8211; Peso Cargador Inclu\u00eddo: 670g<br \/>\n&#8211; Capacidad: Est\u00e1ndar 15<br \/>\n&#8211; Resistencia: 2,5 kg<\/p>\n<p><strong>AL MEJOR VALOR DEL MERCADO COMO SIEMPRE&#8230;<\/strong><br \/>\n<strong>LLAMANOS AL (011)4203-8236 Y TE PASAMOS EL PRECIO&#8230;!!!<\/strong><\/p>\n<p><strong>ADEMAS DE ESO TE PRESENTAMOS EL TRAMITE &#8220;SIN GASTO DE GESTION&#8221;<\/strong><\/p>\n","protected":false},"featured_media":3220,"template":"","meta":{"_ti_tpc_template_sync":false,"_ti_tpc_template_id":""},"product_cat":[44],"product_tag":[366,482,46,164,490],"yoast_head":"<!-- This site is optimized with the Yoast SEO plugin v19.8 - https:\/\/yoast.com\/wordpress\/plugins\/seo\/ -->\n<title>Glock 19 Gen 4 MOS - Tirito<\/title>\n<meta name=\"robots\" content=\"index, follow, max-snippet:-1, max-image-preview:large, max-video-preview:-1\" \/>\n<link rel=\"canonical\" href=\"https:\/\/www.tirito.com.ar\/webwp\/producto\/glock-19-gen-4-mos\/\" \/>\n<meta property=\"og:locale\" content=\"es_ES\" \/>\n<meta property=\"og:type\" content=\"article\" \/>\n<meta property=\"og:title\" content=\"Glock 19 Gen 4 MOS - Tirito\" \/>\n<meta property=\"og:description\" content=\"A medida que las miras holograficas se abrieron paso hacia las pistolas defensivas, GLOCK desarroll\u00f3 la G19 Gen4 en configuraci\u00f3n MOS. Esto hace que el montar una mira r\u00e9flex en la corredera de la pistola no necesite de un sistema de montaje separado y sea r\u00e1pido y f\u00e1cil colocar el sistema de punteria. Adem\u00e1s de eso, el sistema modular back strap hace posible personalizar instant\u00e1neamente su agarre para adaptarse a cualquier tama\u00f1o de mano. El reten reversible la hace ideal para tiradores zurdos y diestros.  - Calibre: 9 mm Luger - Sistema: Safe Action - Largo (Total): 185 mm - Altura: 128 mm - Ancho: 32 mm - Long. de Ca\u00f1\u00f3n: 102 mm - Peso Cargador Inclu\u00eddo: 670g - Capacidad: Est\u00e1ndar 15 - Resistencia: 2,5 kg  AL MEJOR VALOR DEL MERCADO COMO SIEMPRE... LLAMANOS AL (011)4203-8236 Y TE PASAMOS EL PRECIO...!!!  ADEMAS DE ESO TE PRESENTAMOS EL TRAMITE &quot;SIN GASTO DE GESTION&quot;\" \/>\n<meta property=\"og:url\" content=\"https:\/\/www.tirito.com.ar\/webwp\/producto\/glock-19-gen-4-mos\/\" \/>\n<meta property=\"og:site_name\" content=\"Tirito\" \/>\n<meta property=\"article:modified_time\" content=\"2023-03-30T15:34:14+00:00\" \/>\n<meta property=\"og:image\" content=\"http:\/\/www.tirito.com.ar\/webwp\/wp-content\/uploads\/2022\/03\/Glock-19-Gen4-MOS.jpg\" \/>\n\t<meta property=\"og:image:width\" content=\"700\" \/>\n\t<meta property=\"og:image:height\" content=\"700\" \/>\n\t<meta property=\"og:image:type\" content=\"image\/jpeg\" \/>\n<meta name=\"twitter:card\" content=\"summary_large_image\" \/>\n<script type=\"application\/ld+json\" class=\"yoast-schema-graph\">{\"@context\":\"https:\/\/schema.org\",\"@graph\":[{\"@type\":\"WebPage\",\"@id\":\"https:\/\/www.tirito.com.ar\/webwp\/producto\/glock-19-gen-4-mos\/\",\"url\":\"https:\/\/www.tirito.com.ar\/webwp\/producto\/glock-19-gen-4-mos\/\",\"name\":\"Glock 19 Gen 4 MOS - Tirito\",\"isPartOf\":{\"@id\":\"https:\/\/www.tirito.com.ar\/webwp\/#website\"},\"datePublished\":\"2022-03-03T12:58:05+00:00\",\"dateModified\":\"2023-03-30T15:34:14+00:00\",\"breadcrumb\":{\"@id\":\"https:\/\/www.tirito.com.ar\/webwp\/producto\/glock-19-gen-4-mos\/#breadcrumb\"},\"inLanguage\":\"es-AR\",\"potentialAction\":[{\"@type\":\"ReadAction\",\"target\":[\"https:\/\/www.tirito.com.ar\/webwp\/producto\/glock-19-gen-4-mos\/\"]}]},{\"@type\":\"BreadcrumbList\",\"@id\":\"https:\/\/www.tirito.com.ar\/webwp\/producto\/glock-19-gen-4-mos\/#breadcrumb\",\"itemListElement\":[{\"@type\":\"ListItem\",\"position\":1,\"name\":\"Inicio\",\"item\":\"https:\/\/www.tirito.com.ar\/webwp\/\"},{\"@type\":\"ListItem\",\"position\":2,\"name\":\"Tienda\",\"item\":\"https:\/\/www.tirito.com.ar\/webwp\/tienda\/\"},{\"@type\":\"ListItem\",\"position\":3,\"name\":\"Glock 19 Gen 4 MOS\"}]},{\"@type\":\"WebSite\",\"@id\":\"https:\/\/www.tirito.com.ar\/webwp\/#website\",\"url\":\"https:\/\/www.tirito.com.ar\/webwp\/\",\"name\":\"Tirito\",\"description\":\"Armeria\",\"publisher\":{\"@id\":\"https:\/\/www.tirito.com.ar\/webwp\/#organization\"},\"potentialAction\":[{\"@type\":\"SearchAction\",\"target\":{\"@type\":\"EntryPoint\",\"urlTemplate\":\"https:\/\/www.tirito.com.ar\/webwp\/?s={search_term_string}\"},\"query-input\":\"required name=search_term_string\"}],\"inLanguage\":\"es-AR\"},{\"@type\":\"Organization\",\"@id\":\"https:\/\/www.tirito.com.ar\/webwp\/#organization\",\"name\":\"Tirito\",\"url\":\"https:\/\/www.tirito.com.ar\/webwp\/\",\"sameAs\":[],\"logo\":{\"@type\":\"ImageObject\",\"inLanguage\":\"es-AR\",\"@id\":\"https:\/\/www.tirito.com.ar\/webwp\/#\/schema\/logo\/image\/\",\"url\":\"http:\/\/www.tirito.com.ar\/webwp\/wp-content\/uploads\/2022\/10\/tirilogo3.png\",\"contentUrl\":\"http:\/\/www.tirito.com.ar\/webwp\/wp-content\/uploads\/2022\/10\/tirilogo3.png\",\"width\":200,\"height\":200,\"caption\":\"Tirito\"},\"image\":{\"@id\":\"https:\/\/www.tirito.com.ar\/webwp\/#\/schema\/logo\/image\/\"}}]}<\/script>\n<!-- \/ Yoast SEO plugin. -->","yoast_head_json":{"title":"Glock 19 Gen 4 MOS - Tirito","robots":{"index":"index","follow":"follow","max-snippet":"max-snippet:-1","max-image-preview":"max-image-preview:large","max-video-preview":"max-video-preview:-1"},"canonical":"https:\/\/www.tirito.com.ar\/webwp\/producto\/glock-19-gen-4-mos\/","og_locale":"es_ES","og_type":"article","og_title":"Glock 19 Gen 4 MOS - Tirito","og_description":"A medida que las miras holograficas se abrieron paso hacia las pistolas defensivas, GLOCK desarroll\u00f3 la G19 Gen4 en configuraci\u00f3n MOS. Esto hace que el montar una mira r\u00e9flex en la corredera de la pistola no necesite de un sistema de montaje separado y sea r\u00e1pido y f\u00e1cil colocar el sistema de punteria. Adem\u00e1s de eso, el sistema modular back strap hace posible personalizar instant\u00e1neamente su agarre para adaptarse a cualquier tama\u00f1o de mano. El reten reversible la hace ideal para tiradores zurdos y diestros.  - Calibre: 9 mm Luger - Sistema: Safe Action - Largo (Total): 185 mm - Altura: 128 mm - Ancho: 32 mm - Long. de Ca\u00f1\u00f3n: 102 mm - Peso Cargador Inclu\u00eddo: 670g - Capacidad: Est\u00e1ndar 15 - Resistencia: 2,5 kg  AL MEJOR VALOR DEL MERCADO COMO SIEMPRE... LLAMANOS AL (011)4203-8236 Y TE PASAMOS EL PRECIO...!!!  ADEMAS DE ESO TE PRESENTAMOS EL TRAMITE \"SIN GASTO DE GESTION\"","og_url":"https:\/\/www.tirito.com.ar\/webwp\/producto\/glock-19-gen-4-mos\/","og_site_name":"Tirito","article_modified_time":"2023-03-30T15:34:14+00:00","og_image":[{"width":700,"height":700,"url":"http:\/\/www.tirito.com.ar\/webwp\/wp-content\/uploads\/2022\/03\/Glock-19-Gen4-MOS.jpg","type":"image\/jpeg"}],"twitter_card":"summary_large_image","schema":{"@context":"https:\/\/schema.org","@graph":[{"@type":"WebPage","@id":"https:\/\/www.tirito.com.ar\/webwp\/producto\/glock-19-gen-4-mos\/","url":"https:\/\/www.tirito.com.ar\/webwp\/producto\/glock-19-gen-4-mos\/","name":"Glock 19 Gen 4 MOS - Tirito","isPartOf":{"@id":"https:\/\/www.tirito.com.ar\/webwp\/#website"},"datePublished":"2022-03-03T12:58:05+00:00","dateModified":"2023-03-30T15:34:14+00:00","breadcrumb":{"@id":"https:\/\/www.tirito.com.ar\/webwp\/producto\/glock-19-gen-4-mos\/#breadcrumb"},"inLanguage":"es-AR","potentialAction":[{"@type":"ReadAction","target":["https:\/\/www.tirito.com.ar\/webwp\/producto\/glock-19-gen-4-mos\/"]}]},{"@type":"BreadcrumbList","@id":"https:\/\/www.tirito.com.ar\/webwp\/producto\/glock-19-gen-4-mos\/#breadcrumb","itemListElement":[{"@type":"ListItem","position":1,"name":"Inicio","item":"https:\/\/www.tirito.com.ar\/webwp\/"},{"@type":"ListItem","position":2,"name":"Tienda","item":"https:\/\/www.tirito.com.ar\/webwp\/tienda\/"},{"@type":"ListItem","position":3,"name":"Glock 19 Gen 4 MOS"}]},{"@type":"WebSite","@id":"https:\/\/www.tirito.com.ar\/webwp\/#website","url":"https:\/\/www.tirito.com.ar\/webwp\/","name":"Tirito","description":"Armeria","publisher":{"@id":"https:\/\/www.tirito.com.ar\/webwp\/#organization"},"potentialAction":[{"@type":"SearchAction","target":{"@type":"EntryPoint","urlTemplate":"https:\/\/www.tirito.com.ar\/webwp\/?s={search_term_string}"},"query-input":"required name=search_term_string"}],"inLanguage":"es-AR"},{"@type":"Organization","@id":"https:\/\/www.tirito.com.ar\/webwp\/#organization","name":"Tirito","url":"https:\/\/www.tirito.com.ar\/webwp\/","sameAs":[],"logo":{"@type":"ImageObject","inLanguage":"es-AR","@id":"https:\/\/www.tirito.com.ar\/webwp\/#\/schema\/logo\/image\/","url":"http:\/\/www.tirito.com.ar\/webwp\/wp-content\/uploads\/2022\/10\/tirilogo3.png","contentUrl":"http:\/\/www.tirito.com.ar\/webwp\/wp-content\/uploads\/2022\/10\/tirilogo3.png","width":200,"height":200,"caption":"Tirito"},"image":{"@id":"https:\/\/www.tirito.com.ar\/webwp\/#\/schema\/logo\/image\/"}}]}},"_links":{"self":[{"href":"https:\/\/www.tirito.com.ar\/webwp\/wp-json\/wp\/v2\/product\/3218"}],"collection":[{"href":"https:\/\/www.tirito.com.ar\/webwp\/wp-json\/wp\/v2\/product"}],"about":[{"href":"https:\/\/www.tirito.com.ar\/webwp\/wp-json\/wp\/v2\/types\/product"}],"wp:featuredmedia":[{"embeddable":true,"href":"https:\/\/www.tirito.com.ar\/webwp\/wp-json\/wp\/v2\/media\/3220"}],"wp:attachment":[{"href":"https:\/\/www.tirito.com.ar\/webwp\/wp-json\/wp\/v2\/media?parent=3218"}],"wp:term":[{"taxonomy":"product_cat","embeddable":true,"href":"https:\/\/www.tirito.com.ar\/webwp\/wp-json\/wp\/v2\/product_cat?post=3218"},{"taxonomy":"product_tag","embeddable":true,"href":"https:\/\/www.tirito.com.ar\/webwp\/wp-json\/wp\/v2\/product_tag?post=3218"}],"curies":[{"name":"wp","href":"https:\/\/api.w.org\/{rel}","templated":true}]}}