{"id":3159,"date":"2022-03-02T12:43:13","date_gmt":"2022-03-02T15:43:13","guid":{"rendered":"http:\/\/www.tirito.com.ar\/webwp\/?post_type=product&#038;p=3159"},"modified":"2023-03-30T12:40:47","modified_gmt":"2023-03-30T15:40:47","slug":"glock-26-gen-4","status":"publish","type":"product","link":"https:\/\/www.tirito.com.ar\/webwp\/producto\/glock-26-gen-4\/","title":{"rendered":"Glock 26 Gen 4"},"content":{"rendered":"","protected":false},"excerpt":{"rendered":"<p>La GLOCK 26 Gen5 en 9 mm Luger es una de las pistolas ocultas m\u00e1s buscadas. La capacidad del cargador de 10 municiones es est\u00e1ndar y las caracter\u00edsticas de disparo altamente precisas explican por qu\u00e9 el G26 Gen5 es la opci\u00f3n de respaldo principal entre el personal de seguridad y las agencias de todo el mundo. Por supuesto, el G26 Gen5 viene con un reten de cargador reversible, reten de corredera ambidiestra, lomos intercambiables y texturas de empu\u00f1adura mejoradas para un control s\u00f3lido a pesar del tama\u00f1o de la pistola.<\/p>\n<p>&#8211; Calibre: 9&#215;19<br \/>\n&#8211; Sistema: Safe Action<br \/>\n&#8211; Largo (Total): 159 mm<br \/>\n&#8211; Altura: 106 mm<br \/>\n&#8211; Ancho: 32 mm<br \/>\n&#8211; Long. de Ca\u00f1\u00f3n: 87 mm<br \/>\n&#8211; Peso Cargador Inclu\u00eddo: 615 g<br \/>\n&#8211; Capacidad: Est\u00e1ndar 10<br \/>\n&#8211; Resistencia: 2,5 kg<br \/>\n&#8211; Perfil de Ca\u00f1\u00f3n: derecho, hexagonal<\/p>\n<p><strong>AL MEJOR VALOR DEL MERCADO COMO SIEMPRE&#8230;<\/strong><br \/>\n<strong>LLAMANOS AL (011)4203-8236 Y TE PASAMOS EL PRECIO&#8230;!!!<\/strong><\/p>\n<p><strong>ADEMAS DE ESO TE PRESENTAMOS EL TRAMITE &#8220;SIN GASTO DE GESTION&#8221;<\/strong><\/p>\n","protected":false},"featured_media":3160,"template":"","meta":{"_ti_tpc_template_sync":false,"_ti_tpc_template_id":""},"product_cat":[44],"product_tag":[366,482,46,159],"yoast_head":"<!-- This site is optimized with the Yoast SEO plugin v19.8 - https:\/\/yoast.com\/wordpress\/plugins\/seo\/ -->\n<title>Glock 26 Gen 4 - Tirito<\/title>\n<meta name=\"robots\" content=\"index, follow, max-snippet:-1, max-image-preview:large, max-video-preview:-1\" \/>\n<link rel=\"canonical\" href=\"https:\/\/www.tirito.com.ar\/webwp\/producto\/glock-26-gen-4\/\" \/>\n<meta property=\"og:locale\" content=\"es_ES\" \/>\n<meta property=\"og:type\" content=\"article\" \/>\n<meta property=\"og:title\" content=\"Glock 26 Gen 4 - Tirito\" \/>\n<meta property=\"og:description\" content=\"La GLOCK 26 Gen5 en 9 mm Luger es una de las pistolas ocultas m\u00e1s buscadas. La capacidad del cargador de 10 municiones es est\u00e1ndar y las caracter\u00edsticas de disparo altamente precisas explican por qu\u00e9 el G26 Gen5 es la opci\u00f3n de respaldo principal entre el personal de seguridad y las agencias de todo el mundo. Por supuesto, el G26 Gen5 viene con un reten de cargador reversible, reten de corredera ambidiestra, lomos intercambiables y texturas de empu\u00f1adura mejoradas para un control s\u00f3lido a pesar del tama\u00f1o de la pistola.  - Calibre: 9x19 - Sistema: Safe Action - Largo (Total): 159 mm - Altura: 106 mm - Ancho: 32 mm - Long. de Ca\u00f1\u00f3n: 87 mm - Peso Cargador Inclu\u00eddo: 615 g - Capacidad: Est\u00e1ndar 10 - Resistencia: 2,5 kg - Perfil de Ca\u00f1\u00f3n: derecho, hexagonal  AL MEJOR VALOR DEL MERCADO COMO SIEMPRE... LLAMANOS AL (011)4203-8236 Y TE PASAMOS EL PRECIO...!!!  ADEMAS DE ESO TE PRESENTAMOS EL TRAMITE &quot;SIN GASTO DE GESTION&quot;\" \/>\n<meta property=\"og:url\" content=\"https:\/\/www.tirito.com.ar\/webwp\/producto\/glock-26-gen-4\/\" \/>\n<meta property=\"og:site_name\" content=\"Tirito\" \/>\n<meta property=\"article:modified_time\" content=\"2023-03-30T15:40:47+00:00\" \/>\n<meta property=\"og:image\" content=\"http:\/\/www.tirito.com.ar\/webwp\/wp-content\/uploads\/2022\/03\/Glock-26-Gen4.jpg\" \/>\n\t<meta property=\"og:image:width\" content=\"600\" \/>\n\t<meta property=\"og:image:height\" content=\"600\" \/>\n\t<meta property=\"og:image:type\" content=\"image\/jpeg\" \/>\n<meta name=\"twitter:card\" content=\"summary_large_image\" \/>\n<script type=\"application\/ld+json\" class=\"yoast-schema-graph\">{\"@context\":\"https:\/\/schema.org\",\"@graph\":[{\"@type\":\"WebPage\",\"@id\":\"https:\/\/www.tirito.com.ar\/webwp\/producto\/glock-26-gen-4\/\",\"url\":\"https:\/\/www.tirito.com.ar\/webwp\/producto\/glock-26-gen-4\/\",\"name\":\"Glock 26 Gen 4 - Tirito\",\"isPartOf\":{\"@id\":\"https:\/\/www.tirito.com.ar\/webwp\/#website\"},\"datePublished\":\"2022-03-02T15:43:13+00:00\",\"dateModified\":\"2023-03-30T15:40:47+00:00\",\"breadcrumb\":{\"@id\":\"https:\/\/www.tirito.com.ar\/webwp\/producto\/glock-26-gen-4\/#breadcrumb\"},\"inLanguage\":\"es-AR\",\"potentialAction\":[{\"@type\":\"ReadAction\",\"target\":[\"https:\/\/www.tirito.com.ar\/webwp\/producto\/glock-26-gen-4\/\"]}]},{\"@type\":\"BreadcrumbList\",\"@id\":\"https:\/\/www.tirito.com.ar\/webwp\/producto\/glock-26-gen-4\/#breadcrumb\",\"itemListElement\":[{\"@type\":\"ListItem\",\"position\":1,\"name\":\"Inicio\",\"item\":\"https:\/\/www.tirito.com.ar\/webwp\/\"},{\"@type\":\"ListItem\",\"position\":2,\"name\":\"Tienda\",\"item\":\"https:\/\/www.tirito.com.ar\/webwp\/tienda\/\"},{\"@type\":\"ListItem\",\"position\":3,\"name\":\"Glock 26 Gen 4\"}]},{\"@type\":\"WebSite\",\"@id\":\"https:\/\/www.tirito.com.ar\/webwp\/#website\",\"url\":\"https:\/\/www.tirito.com.ar\/webwp\/\",\"name\":\"Tirito\",\"description\":\"Armeria\",\"publisher\":{\"@id\":\"https:\/\/www.tirito.com.ar\/webwp\/#organization\"},\"potentialAction\":[{\"@type\":\"SearchAction\",\"target\":{\"@type\":\"EntryPoint\",\"urlTemplate\":\"https:\/\/www.tirito.com.ar\/webwp\/?s={search_term_string}\"},\"query-input\":\"required name=search_term_string\"}],\"inLanguage\":\"es-AR\"},{\"@type\":\"Organization\",\"@id\":\"https:\/\/www.tirito.com.ar\/webwp\/#organization\",\"name\":\"Tirito\",\"url\":\"https:\/\/www.tirito.com.ar\/webwp\/\",\"sameAs\":[],\"logo\":{\"@type\":\"ImageObject\",\"inLanguage\":\"es-AR\",\"@id\":\"https:\/\/www.tirito.com.ar\/webwp\/#\/schema\/logo\/image\/\",\"url\":\"http:\/\/www.tirito.com.ar\/webwp\/wp-content\/uploads\/2022\/10\/tirilogo3.png\",\"contentUrl\":\"http:\/\/www.tirito.com.ar\/webwp\/wp-content\/uploads\/2022\/10\/tirilogo3.png\",\"width\":200,\"height\":200,\"caption\":\"Tirito\"},\"image\":{\"@id\":\"https:\/\/www.tirito.com.ar\/webwp\/#\/schema\/logo\/image\/\"}}]}<\/script>\n<!-- \/ Yoast SEO plugin. -->","yoast_head_json":{"title":"Glock 26 Gen 4 - Tirito","robots":{"index":"index","follow":"follow","max-snippet":"max-snippet:-1","max-image-preview":"max-image-preview:large","max-video-preview":"max-video-preview:-1"},"canonical":"https:\/\/www.tirito.com.ar\/webwp\/producto\/glock-26-gen-4\/","og_locale":"es_ES","og_type":"article","og_title":"Glock 26 Gen 4 - Tirito","og_description":"La GLOCK 26 Gen5 en 9 mm Luger es una de las pistolas ocultas m\u00e1s buscadas. La capacidad del cargador de 10 municiones es est\u00e1ndar y las caracter\u00edsticas de disparo altamente precisas explican por qu\u00e9 el G26 Gen5 es la opci\u00f3n de respaldo principal entre el personal de seguridad y las agencias de todo el mundo. Por supuesto, el G26 Gen5 viene con un reten de cargador reversible, reten de corredera ambidiestra, lomos intercambiables y texturas de empu\u00f1adura mejoradas para un control s\u00f3lido a pesar del tama\u00f1o de la pistola.  - Calibre: 9x19 - Sistema: Safe Action - Largo (Total): 159 mm - Altura: 106 mm - Ancho: 32 mm - Long. de Ca\u00f1\u00f3n: 87 mm - Peso Cargador Inclu\u00eddo: 615 g - Capacidad: Est\u00e1ndar 10 - Resistencia: 2,5 kg - Perfil de Ca\u00f1\u00f3n: derecho, hexagonal  AL MEJOR VALOR DEL MERCADO COMO SIEMPRE... LLAMANOS AL (011)4203-8236 Y TE PASAMOS EL PRECIO...!!!  ADEMAS DE ESO TE PRESENTAMOS EL TRAMITE \"SIN GASTO DE GESTION\"","og_url":"https:\/\/www.tirito.com.ar\/webwp\/producto\/glock-26-gen-4\/","og_site_name":"Tirito","article_modified_time":"2023-03-30T15:40:47+00:00","og_image":[{"width":600,"height":600,"url":"http:\/\/www.tirito.com.ar\/webwp\/wp-content\/uploads\/2022\/03\/Glock-26-Gen4.jpg","type":"image\/jpeg"}],"twitter_card":"summary_large_image","schema":{"@context":"https:\/\/schema.org","@graph":[{"@type":"WebPage","@id":"https:\/\/www.tirito.com.ar\/webwp\/producto\/glock-26-gen-4\/","url":"https:\/\/www.tirito.com.ar\/webwp\/producto\/glock-26-gen-4\/","name":"Glock 26 Gen 4 - Tirito","isPartOf":{"@id":"https:\/\/www.tirito.com.ar\/webwp\/#website"},"datePublished":"2022-03-02T15:43:13+00:00","dateModified":"2023-03-30T15:40:47+00:00","breadcrumb":{"@id":"https:\/\/www.tirito.com.ar\/webwp\/producto\/glock-26-gen-4\/#breadcrumb"},"inLanguage":"es-AR","potentialAction":[{"@type":"ReadAction","target":["https:\/\/www.tirito.com.ar\/webwp\/producto\/glock-26-gen-4\/"]}]},{"@type":"BreadcrumbList","@id":"https:\/\/www.tirito.com.ar\/webwp\/producto\/glock-26-gen-4\/#breadcrumb","itemListElement":[{"@type":"ListItem","position":1,"name":"Inicio","item":"https:\/\/www.tirito.com.ar\/webwp\/"},{"@type":"ListItem","position":2,"name":"Tienda","item":"https:\/\/www.tirito.com.ar\/webwp\/tienda\/"},{"@type":"ListItem","position":3,"name":"Glock 26 Gen 4"}]},{"@type":"WebSite","@id":"https:\/\/www.tirito.com.ar\/webwp\/#website","url":"https:\/\/www.tirito.com.ar\/webwp\/","name":"Tirito","description":"Armeria","publisher":{"@id":"https:\/\/www.tirito.com.ar\/webwp\/#organization"},"potentialAction":[{"@type":"SearchAction","target":{"@type":"EntryPoint","urlTemplate":"https:\/\/www.tirito.com.ar\/webwp\/?s={search_term_string}"},"query-input":"required name=search_term_string"}],"inLanguage":"es-AR"},{"@type":"Organization","@id":"https:\/\/www.tirito.com.ar\/webwp\/#organization","name":"Tirito","url":"https:\/\/www.tirito.com.ar\/webwp\/","sameAs":[],"logo":{"@type":"ImageObject","inLanguage":"es-AR","@id":"https:\/\/www.tirito.com.ar\/webwp\/#\/schema\/logo\/image\/","url":"http:\/\/www.tirito.com.ar\/webwp\/wp-content\/uploads\/2022\/10\/tirilogo3.png","contentUrl":"http:\/\/www.tirito.com.ar\/webwp\/wp-content\/uploads\/2022\/10\/tirilogo3.png","width":200,"height":200,"caption":"Tirito"},"image":{"@id":"https:\/\/www.tirito.com.ar\/webwp\/#\/schema\/logo\/image\/"}}]}},"_links":{"self":[{"href":"https:\/\/www.tirito.com.ar\/webwp\/wp-json\/wp\/v2\/product\/3159"}],"collection":[{"href":"https:\/\/www.tirito.com.ar\/webwp\/wp-json\/wp\/v2\/product"}],"about":[{"href":"https:\/\/www.tirito.com.ar\/webwp\/wp-json\/wp\/v2\/types\/product"}],"wp:featuredmedia":[{"embeddable":true,"href":"https:\/\/www.tirito.com.ar\/webwp\/wp-json\/wp\/v2\/media\/3160"}],"wp:attachment":[{"href":"https:\/\/www.tirito.com.ar\/webwp\/wp-json\/wp\/v2\/media?parent=3159"}],"wp:term":[{"taxonomy":"product_cat","embeddable":true,"href":"https:\/\/www.tirito.com.ar\/webwp\/wp-json\/wp\/v2\/product_cat?post=3159"},{"taxonomy":"product_tag","embeddable":true,"href":"https:\/\/www.tirito.com.ar\/webwp\/wp-json\/wp\/v2\/product_tag?post=3159"}],"curies":[{"name":"wp","href":"https:\/\/api.w.org\/{rel}","templated":true}]}}