{"id":3107,"date":"2022-03-02T10:07:39","date_gmt":"2022-03-02T13:07:39","guid":{"rendered":"http:\/\/www.tirito.com.ar\/webwp\/?post_type=product&#038;p=3107"},"modified":"2023-03-30T12:43:39","modified_gmt":"2023-03-30T15:43:39","slug":"glock-35-gen-4-mos","status":"publish","type":"product","link":"https:\/\/www.tirito.com.ar\/webwp\/producto\/glock-35-gen-4-mos\/","title":{"rendered":"Glock 35 Gen 4 MOS"},"content":{"rendered":"","protected":false},"excerpt":{"rendered":"<p>La GLOCK 35 Gen4 en configuraci\u00f3n MOS combina un ca\u00f1o extendido, corredera m\u00e1s largas y una distancia las miras excelente. Con el concepto MOS, lo que facilita el montaje de una mira r\u00e9flex en la corredera de la pistola sin la necesidad de un nuevo sistema de acople o montaje separado. El sistema de lomos traseros modular permite personalizar instant\u00e1neamente su agarre para adaptarse a cualquier tama\u00f1o de mano. El reten reversible del cargador lo hace ideal para tiradores zurdos y diestros.<\/p>\n<p>&#8211; Calibre: .40 Plg Smith &amp; Wesson Auto<br \/>\n&#8211; Sistema: Safe Action<br \/>\n&#8211; Largo (Total): 222 mm<br \/>\n&#8211; Altura: 139 mm<br \/>\n&#8211; Ancho: 33 mm<br \/>\n&#8211; Long. de Ca\u00f1\u00f3n: 135 mm<br \/>\n&#8211; Peso Cargador Inclu\u00eddo: 785g<br \/>\n&#8211; Capacidad: Est\u00e1ndar 15<br \/>\n&#8211; Resistencia: 2 kg<br \/>\n&#8211; Perfil de Ca\u00f1\u00f3n: derecho, hexagonal<\/p>\n<p><strong>AL MEJOR VALOR DEL MERCADO COMO SIEMPRE&#8230;<\/strong><br \/>\n<strong>LLAMANOS AL (011)4203-8236 Y TE PASAMOS EL PRECIO&#8230;!!!<\/strong><\/p>\n<p><strong>ADEMAS DE ESO TE PRESENTAMOS EL TRAMITE &#8220;SIN GASTO DE GESTION&#8221;<\/strong><\/p>\n","protected":false},"featured_media":3108,"template":"","meta":{"_ti_tpc_template_sync":false,"_ti_tpc_template_id":""},"product_cat":[44],"product_tag":[141,482,46,489,490],"yoast_head":"<!-- This site is optimized with the Yoast SEO plugin v19.8 - https:\/\/yoast.com\/wordpress\/plugins\/seo\/ -->\n<title>Glock 35 Gen 4 MOS - Tirito<\/title>\n<meta name=\"robots\" content=\"index, follow, max-snippet:-1, max-image-preview:large, max-video-preview:-1\" \/>\n<link rel=\"canonical\" href=\"https:\/\/www.tirito.com.ar\/webwp\/producto\/glock-35-gen-4-mos\/\" \/>\n<meta property=\"og:locale\" content=\"es_ES\" \/>\n<meta property=\"og:type\" content=\"article\" \/>\n<meta property=\"og:title\" content=\"Glock 35 Gen 4 MOS - Tirito\" \/>\n<meta property=\"og:description\" content=\"La GLOCK 35 Gen4 en configuraci\u00f3n MOS combina un ca\u00f1o extendido, corredera m\u00e1s largas y una distancia las miras excelente. Con el concepto MOS, lo que facilita el montaje de una mira r\u00e9flex en la corredera de la pistola sin la necesidad de un nuevo sistema de acople o montaje separado. El sistema de lomos traseros modular permite personalizar instant\u00e1neamente su agarre para adaptarse a cualquier tama\u00f1o de mano. El reten reversible del cargador lo hace ideal para tiradores zurdos y diestros.  - Calibre: .40 Plg Smith &amp; Wesson Auto - Sistema: Safe Action - Largo (Total): 222 mm - Altura: 139 mm - Ancho: 33 mm - Long. de Ca\u00f1\u00f3n: 135 mm - Peso Cargador Inclu\u00eddo: 785g - Capacidad: Est\u00e1ndar 15 - Resistencia: 2 kg - Perfil de Ca\u00f1\u00f3n: derecho, hexagonal  AL MEJOR VALOR DEL MERCADO COMO SIEMPRE... LLAMANOS AL (011)4203-8236 Y TE PASAMOS EL PRECIO...!!!  ADEMAS DE ESO TE PRESENTAMOS EL TRAMITE &quot;SIN GASTO DE GESTION&quot;\" \/>\n<meta property=\"og:url\" content=\"https:\/\/www.tirito.com.ar\/webwp\/producto\/glock-35-gen-4-mos\/\" \/>\n<meta property=\"og:site_name\" content=\"Tirito\" \/>\n<meta property=\"article:modified_time\" content=\"2023-03-30T15:43:39+00:00\" \/>\n<meta property=\"og:image\" content=\"https:\/\/www.tirito.com.ar\/webwp\/wp-content\/uploads\/2022\/03\/Glock-35-Gen4-MOS.jpg\" \/>\n\t<meta property=\"og:image:width\" content=\"700\" \/>\n\t<meta property=\"og:image:height\" content=\"700\" \/>\n\t<meta property=\"og:image:type\" content=\"image\/jpeg\" \/>\n<meta name=\"twitter:card\" content=\"summary_large_image\" \/>\n<script type=\"application\/ld+json\" class=\"yoast-schema-graph\">{\"@context\":\"https:\/\/schema.org\",\"@graph\":[{\"@type\":\"WebPage\",\"@id\":\"https:\/\/www.tirito.com.ar\/webwp\/producto\/glock-35-gen-4-mos\/\",\"url\":\"https:\/\/www.tirito.com.ar\/webwp\/producto\/glock-35-gen-4-mos\/\",\"name\":\"Glock 35 Gen 4 MOS - Tirito\",\"isPartOf\":{\"@id\":\"https:\/\/www.tirito.com.ar\/webwp\/#website\"},\"datePublished\":\"2022-03-02T13:07:39+00:00\",\"dateModified\":\"2023-03-30T15:43:39+00:00\",\"breadcrumb\":{\"@id\":\"https:\/\/www.tirito.com.ar\/webwp\/producto\/glock-35-gen-4-mos\/#breadcrumb\"},\"inLanguage\":\"es-AR\",\"potentialAction\":[{\"@type\":\"ReadAction\",\"target\":[\"https:\/\/www.tirito.com.ar\/webwp\/producto\/glock-35-gen-4-mos\/\"]}]},{\"@type\":\"BreadcrumbList\",\"@id\":\"https:\/\/www.tirito.com.ar\/webwp\/producto\/glock-35-gen-4-mos\/#breadcrumb\",\"itemListElement\":[{\"@type\":\"ListItem\",\"position\":1,\"name\":\"Inicio\",\"item\":\"https:\/\/www.tirito.com.ar\/webwp\/\"},{\"@type\":\"ListItem\",\"position\":2,\"name\":\"Tienda\",\"item\":\"https:\/\/www.tirito.com.ar\/webwp\/tienda\/\"},{\"@type\":\"ListItem\",\"position\":3,\"name\":\"Glock 35 Gen 4 MOS\"}]},{\"@type\":\"WebSite\",\"@id\":\"https:\/\/www.tirito.com.ar\/webwp\/#website\",\"url\":\"https:\/\/www.tirito.com.ar\/webwp\/\",\"name\":\"Tirito\",\"description\":\"Armeria\",\"publisher\":{\"@id\":\"https:\/\/www.tirito.com.ar\/webwp\/#organization\"},\"potentialAction\":[{\"@type\":\"SearchAction\",\"target\":{\"@type\":\"EntryPoint\",\"urlTemplate\":\"https:\/\/www.tirito.com.ar\/webwp\/?s={search_term_string}\"},\"query-input\":\"required name=search_term_string\"}],\"inLanguage\":\"es-AR\"},{\"@type\":\"Organization\",\"@id\":\"https:\/\/www.tirito.com.ar\/webwp\/#organization\",\"name\":\"Tirito\",\"url\":\"https:\/\/www.tirito.com.ar\/webwp\/\",\"sameAs\":[],\"logo\":{\"@type\":\"ImageObject\",\"inLanguage\":\"es-AR\",\"@id\":\"https:\/\/www.tirito.com.ar\/webwp\/#\/schema\/logo\/image\/\",\"url\":\"http:\/\/www.tirito.com.ar\/webwp\/wp-content\/uploads\/2022\/10\/tirilogo3.png\",\"contentUrl\":\"http:\/\/www.tirito.com.ar\/webwp\/wp-content\/uploads\/2022\/10\/tirilogo3.png\",\"width\":200,\"height\":200,\"caption\":\"Tirito\"},\"image\":{\"@id\":\"https:\/\/www.tirito.com.ar\/webwp\/#\/schema\/logo\/image\/\"}}]}<\/script>\n<!-- \/ Yoast SEO plugin. -->","yoast_head_json":{"title":"Glock 35 Gen 4 MOS - Tirito","robots":{"index":"index","follow":"follow","max-snippet":"max-snippet:-1","max-image-preview":"max-image-preview:large","max-video-preview":"max-video-preview:-1"},"canonical":"https:\/\/www.tirito.com.ar\/webwp\/producto\/glock-35-gen-4-mos\/","og_locale":"es_ES","og_type":"article","og_title":"Glock 35 Gen 4 MOS - Tirito","og_description":"La GLOCK 35 Gen4 en configuraci\u00f3n MOS combina un ca\u00f1o extendido, corredera m\u00e1s largas y una distancia las miras excelente. Con el concepto MOS, lo que facilita el montaje de una mira r\u00e9flex en la corredera de la pistola sin la necesidad de un nuevo sistema de acople o montaje separado. El sistema de lomos traseros modular permite personalizar instant\u00e1neamente su agarre para adaptarse a cualquier tama\u00f1o de mano. El reten reversible del cargador lo hace ideal para tiradores zurdos y diestros.  - Calibre: .40 Plg Smith &amp; Wesson Auto - Sistema: Safe Action - Largo (Total): 222 mm - Altura: 139 mm - Ancho: 33 mm - Long. de Ca\u00f1\u00f3n: 135 mm - Peso Cargador Inclu\u00eddo: 785g - Capacidad: Est\u00e1ndar 15 - Resistencia: 2 kg - Perfil de Ca\u00f1\u00f3n: derecho, hexagonal  AL MEJOR VALOR DEL MERCADO COMO SIEMPRE... LLAMANOS AL (011)4203-8236 Y TE PASAMOS EL PRECIO...!!!  ADEMAS DE ESO TE PRESENTAMOS EL TRAMITE \"SIN GASTO DE GESTION\"","og_url":"https:\/\/www.tirito.com.ar\/webwp\/producto\/glock-35-gen-4-mos\/","og_site_name":"Tirito","article_modified_time":"2023-03-30T15:43:39+00:00","og_image":[{"width":700,"height":700,"url":"https:\/\/www.tirito.com.ar\/webwp\/wp-content\/uploads\/2022\/03\/Glock-35-Gen4-MOS.jpg","type":"image\/jpeg"}],"twitter_card":"summary_large_image","schema":{"@context":"https:\/\/schema.org","@graph":[{"@type":"WebPage","@id":"https:\/\/www.tirito.com.ar\/webwp\/producto\/glock-35-gen-4-mos\/","url":"https:\/\/www.tirito.com.ar\/webwp\/producto\/glock-35-gen-4-mos\/","name":"Glock 35 Gen 4 MOS - Tirito","isPartOf":{"@id":"https:\/\/www.tirito.com.ar\/webwp\/#website"},"datePublished":"2022-03-02T13:07:39+00:00","dateModified":"2023-03-30T15:43:39+00:00","breadcrumb":{"@id":"https:\/\/www.tirito.com.ar\/webwp\/producto\/glock-35-gen-4-mos\/#breadcrumb"},"inLanguage":"es-AR","potentialAction":[{"@type":"ReadAction","target":["https:\/\/www.tirito.com.ar\/webwp\/producto\/glock-35-gen-4-mos\/"]}]},{"@type":"BreadcrumbList","@id":"https:\/\/www.tirito.com.ar\/webwp\/producto\/glock-35-gen-4-mos\/#breadcrumb","itemListElement":[{"@type":"ListItem","position":1,"name":"Inicio","item":"https:\/\/www.tirito.com.ar\/webwp\/"},{"@type":"ListItem","position":2,"name":"Tienda","item":"https:\/\/www.tirito.com.ar\/webwp\/tienda\/"},{"@type":"ListItem","position":3,"name":"Glock 35 Gen 4 MOS"}]},{"@type":"WebSite","@id":"https:\/\/www.tirito.com.ar\/webwp\/#website","url":"https:\/\/www.tirito.com.ar\/webwp\/","name":"Tirito","description":"Armeria","publisher":{"@id":"https:\/\/www.tirito.com.ar\/webwp\/#organization"},"potentialAction":[{"@type":"SearchAction","target":{"@type":"EntryPoint","urlTemplate":"https:\/\/www.tirito.com.ar\/webwp\/?s={search_term_string}"},"query-input":"required name=search_term_string"}],"inLanguage":"es-AR"},{"@type":"Organization","@id":"https:\/\/www.tirito.com.ar\/webwp\/#organization","name":"Tirito","url":"https:\/\/www.tirito.com.ar\/webwp\/","sameAs":[],"logo":{"@type":"ImageObject","inLanguage":"es-AR","@id":"https:\/\/www.tirito.com.ar\/webwp\/#\/schema\/logo\/image\/","url":"http:\/\/www.tirito.com.ar\/webwp\/wp-content\/uploads\/2022\/10\/tirilogo3.png","contentUrl":"http:\/\/www.tirito.com.ar\/webwp\/wp-content\/uploads\/2022\/10\/tirilogo3.png","width":200,"height":200,"caption":"Tirito"},"image":{"@id":"https:\/\/www.tirito.com.ar\/webwp\/#\/schema\/logo\/image\/"}}]}},"_links":{"self":[{"href":"https:\/\/www.tirito.com.ar\/webwp\/wp-json\/wp\/v2\/product\/3107"}],"collection":[{"href":"https:\/\/www.tirito.com.ar\/webwp\/wp-json\/wp\/v2\/product"}],"about":[{"href":"https:\/\/www.tirito.com.ar\/webwp\/wp-json\/wp\/v2\/types\/product"}],"wp:featuredmedia":[{"embeddable":true,"href":"https:\/\/www.tirito.com.ar\/webwp\/wp-json\/wp\/v2\/media\/3108"}],"wp:attachment":[{"href":"https:\/\/www.tirito.com.ar\/webwp\/wp-json\/wp\/v2\/media?parent=3107"}],"wp:term":[{"taxonomy":"product_cat","embeddable":true,"href":"https:\/\/www.tirito.com.ar\/webwp\/wp-json\/wp\/v2\/product_cat?post=3107"},{"taxonomy":"product_tag","embeddable":true,"href":"https:\/\/www.tirito.com.ar\/webwp\/wp-json\/wp\/v2\/product_tag?post=3107"}],"curies":[{"name":"wp","href":"https:\/\/api.w.org\/{rel}","templated":true}]}}