{"id":3097,"date":"2022-03-02T09:43:47","date_gmt":"2022-03-02T12:43:47","guid":{"rendered":"http:\/\/www.tirito.com.ar\/webwp\/?post_type=product&#038;p=3097"},"modified":"2023-03-30T12:44:19","modified_gmt":"2023-03-30T15:44:19","slug":"glock-42-gen-4","status":"publish","type":"product","link":"https:\/\/www.tirito.com.ar\/webwp\/producto\/glock-42-gen-4\/","title":{"rendered":"Glock 42 Gen 4"},"content":{"rendered":"","protected":false},"excerpt":{"rendered":"<p>Para los tiradores m\u00e1s exigentes que deseaban el GLOCK m\u00e1s peque\u00f1o posible, la compa\u00f1\u00eda respondi\u00f3 con el ahora popular G42 en 380 AUTO con dimensiones ultra compactas y caracter\u00edsticas f\u00e1ciles de disparar. La G42 incluye todas las caracter\u00edsticas que los clientes de GLOCK han llegado a apreciar, desde el sistema GLOCK SAFE ACTION con sus m\u00faltiples caracter\u00edsticas de seguridad integradas hasta la confiabilidad y durabilidad comprobadas de la marca.<\/p>\n<p>&#8211; Calibre: .380 Plg ACP<br \/>\n&#8211; Sistema: Safe Action<br \/>\n&#8211; Largo (Total): 151 mm<br \/>\n&#8211; Altura: 105 mm<br \/>\n&#8211; Ancho: 25 mm<br \/>\n&#8211; Long. de Ca\u00f1\u00f3n: 82.5 mm<br \/>\n&#8211; Peso Cargador Inclu\u00eddo: 390 g<br \/>\n&#8211; Capacidad: Est\u00e1ndar 6<br \/>\n&#8211; Resistencia: 2 kg<br \/>\n&#8211; Perfil de Ca\u00f1\u00f3n: derecho, hexagonal<\/p>\n<p><strong>AL MEJOR VALOR DEL MERCADO COMO SIEMPRE&#8230;<\/strong><br \/>\n<strong>LLAMANOS AL (011)4203-8236 Y TE PASAMOS EL PRECIO&#8230;!!!<\/strong><\/p>\n<p><strong>ADEMAS DE ESO TE PRESENTAMOS EL TRAMITE &#8220;SIN GASTO DE GESTION&#8221;<\/strong><\/p>\n","protected":false},"featured_media":3098,"template":"","meta":{"_ti_tpc_template_sync":false,"_ti_tpc_template_id":""},"product_cat":[44],"product_tag":[136,482,46,483],"yoast_head":"<!-- This site is optimized with the Yoast SEO plugin v19.8 - https:\/\/yoast.com\/wordpress\/plugins\/seo\/ -->\n<title>Glock 42 Gen 4 - Tirito<\/title>\n<meta name=\"robots\" content=\"index, follow, max-snippet:-1, max-image-preview:large, max-video-preview:-1\" \/>\n<link rel=\"canonical\" href=\"https:\/\/www.tirito.com.ar\/webwp\/producto\/glock-42-gen-4\/\" \/>\n<meta property=\"og:locale\" content=\"es_ES\" \/>\n<meta property=\"og:type\" content=\"article\" \/>\n<meta property=\"og:title\" content=\"Glock 42 Gen 4 - Tirito\" \/>\n<meta property=\"og:description\" content=\"Para los tiradores m\u00e1s exigentes que deseaban el GLOCK m\u00e1s peque\u00f1o posible, la compa\u00f1\u00eda respondi\u00f3 con el ahora popular G42 en 380 AUTO con dimensiones ultra compactas y caracter\u00edsticas f\u00e1ciles de disparar. La G42 incluye todas las caracter\u00edsticas que los clientes de GLOCK han llegado a apreciar, desde el sistema GLOCK SAFE ACTION con sus m\u00faltiples caracter\u00edsticas de seguridad integradas hasta la confiabilidad y durabilidad comprobadas de la marca.  - Calibre: .380 Plg ACP - Sistema: Safe Action - Largo (Total): 151 mm - Altura: 105 mm - Ancho: 25 mm - Long. de Ca\u00f1\u00f3n: 82.5 mm - Peso Cargador Inclu\u00eddo: 390 g - Capacidad: Est\u00e1ndar 6 - Resistencia: 2 kg - Perfil de Ca\u00f1\u00f3n: derecho, hexagonal  AL MEJOR VALOR DEL MERCADO COMO SIEMPRE... LLAMANOS AL (011)4203-8236 Y TE PASAMOS EL PRECIO...!!!  ADEMAS DE ESO TE PRESENTAMOS EL TRAMITE &quot;SIN GASTO DE GESTION&quot;\" \/>\n<meta property=\"og:url\" content=\"https:\/\/www.tirito.com.ar\/webwp\/producto\/glock-42-gen-4\/\" \/>\n<meta property=\"og:site_name\" content=\"Tirito\" \/>\n<meta property=\"article:modified_time\" content=\"2023-03-30T15:44:19+00:00\" \/>\n<meta property=\"og:image\" content=\"https:\/\/www.tirito.com.ar\/webwp\/wp-content\/uploads\/2022\/03\/Glock42_new.jpg\" \/>\n\t<meta property=\"og:image:width\" content=\"405\" \/>\n\t<meta property=\"og:image:height\" content=\"405\" \/>\n\t<meta property=\"og:image:type\" content=\"image\/jpeg\" \/>\n<meta name=\"twitter:card\" content=\"summary_large_image\" \/>\n<script type=\"application\/ld+json\" class=\"yoast-schema-graph\">{\"@context\":\"https:\/\/schema.org\",\"@graph\":[{\"@type\":\"WebPage\",\"@id\":\"https:\/\/www.tirito.com.ar\/webwp\/producto\/glock-42-gen-4\/\",\"url\":\"https:\/\/www.tirito.com.ar\/webwp\/producto\/glock-42-gen-4\/\",\"name\":\"Glock 42 Gen 4 - Tirito\",\"isPartOf\":{\"@id\":\"https:\/\/www.tirito.com.ar\/webwp\/#website\"},\"datePublished\":\"2022-03-02T12:43:47+00:00\",\"dateModified\":\"2023-03-30T15:44:19+00:00\",\"breadcrumb\":{\"@id\":\"https:\/\/www.tirito.com.ar\/webwp\/producto\/glock-42-gen-4\/#breadcrumb\"},\"inLanguage\":\"es-AR\",\"potentialAction\":[{\"@type\":\"ReadAction\",\"target\":[\"https:\/\/www.tirito.com.ar\/webwp\/producto\/glock-42-gen-4\/\"]}]},{\"@type\":\"BreadcrumbList\",\"@id\":\"https:\/\/www.tirito.com.ar\/webwp\/producto\/glock-42-gen-4\/#breadcrumb\",\"itemListElement\":[{\"@type\":\"ListItem\",\"position\":1,\"name\":\"Inicio\",\"item\":\"https:\/\/www.tirito.com.ar\/webwp\/\"},{\"@type\":\"ListItem\",\"position\":2,\"name\":\"Tienda\",\"item\":\"https:\/\/www.tirito.com.ar\/webwp\/tienda\/\"},{\"@type\":\"ListItem\",\"position\":3,\"name\":\"Glock 42 Gen 4\"}]},{\"@type\":\"WebSite\",\"@id\":\"https:\/\/www.tirito.com.ar\/webwp\/#website\",\"url\":\"https:\/\/www.tirito.com.ar\/webwp\/\",\"name\":\"Tirito\",\"description\":\"Armeria\",\"publisher\":{\"@id\":\"https:\/\/www.tirito.com.ar\/webwp\/#organization\"},\"potentialAction\":[{\"@type\":\"SearchAction\",\"target\":{\"@type\":\"EntryPoint\",\"urlTemplate\":\"https:\/\/www.tirito.com.ar\/webwp\/?s={search_term_string}\"},\"query-input\":\"required name=search_term_string\"}],\"inLanguage\":\"es-AR\"},{\"@type\":\"Organization\",\"@id\":\"https:\/\/www.tirito.com.ar\/webwp\/#organization\",\"name\":\"Tirito\",\"url\":\"https:\/\/www.tirito.com.ar\/webwp\/\",\"sameAs\":[],\"logo\":{\"@type\":\"ImageObject\",\"inLanguage\":\"es-AR\",\"@id\":\"https:\/\/www.tirito.com.ar\/webwp\/#\/schema\/logo\/image\/\",\"url\":\"http:\/\/www.tirito.com.ar\/webwp\/wp-content\/uploads\/2022\/10\/tirilogo3.png\",\"contentUrl\":\"http:\/\/www.tirito.com.ar\/webwp\/wp-content\/uploads\/2022\/10\/tirilogo3.png\",\"width\":200,\"height\":200,\"caption\":\"Tirito\"},\"image\":{\"@id\":\"https:\/\/www.tirito.com.ar\/webwp\/#\/schema\/logo\/image\/\"}}]}<\/script>\n<!-- \/ Yoast SEO plugin. -->","yoast_head_json":{"title":"Glock 42 Gen 4 - Tirito","robots":{"index":"index","follow":"follow","max-snippet":"max-snippet:-1","max-image-preview":"max-image-preview:large","max-video-preview":"max-video-preview:-1"},"canonical":"https:\/\/www.tirito.com.ar\/webwp\/producto\/glock-42-gen-4\/","og_locale":"es_ES","og_type":"article","og_title":"Glock 42 Gen 4 - Tirito","og_description":"Para los tiradores m\u00e1s exigentes que deseaban el GLOCK m\u00e1s peque\u00f1o posible, la compa\u00f1\u00eda respondi\u00f3 con el ahora popular G42 en 380 AUTO con dimensiones ultra compactas y caracter\u00edsticas f\u00e1ciles de disparar. La G42 incluye todas las caracter\u00edsticas que los clientes de GLOCK han llegado a apreciar, desde el sistema GLOCK SAFE ACTION con sus m\u00faltiples caracter\u00edsticas de seguridad integradas hasta la confiabilidad y durabilidad comprobadas de la marca.  - Calibre: .380 Plg ACP - Sistema: Safe Action - Largo (Total): 151 mm - Altura: 105 mm - Ancho: 25 mm - Long. de Ca\u00f1\u00f3n: 82.5 mm - Peso Cargador Inclu\u00eddo: 390 g - Capacidad: Est\u00e1ndar 6 - Resistencia: 2 kg - Perfil de Ca\u00f1\u00f3n: derecho, hexagonal  AL MEJOR VALOR DEL MERCADO COMO SIEMPRE... LLAMANOS AL (011)4203-8236 Y TE PASAMOS EL PRECIO...!!!  ADEMAS DE ESO TE PRESENTAMOS EL TRAMITE \"SIN GASTO DE GESTION\"","og_url":"https:\/\/www.tirito.com.ar\/webwp\/producto\/glock-42-gen-4\/","og_site_name":"Tirito","article_modified_time":"2023-03-30T15:44:19+00:00","og_image":[{"width":405,"height":405,"url":"https:\/\/www.tirito.com.ar\/webwp\/wp-content\/uploads\/2022\/03\/Glock42_new.jpg","type":"image\/jpeg"}],"twitter_card":"summary_large_image","schema":{"@context":"https:\/\/schema.org","@graph":[{"@type":"WebPage","@id":"https:\/\/www.tirito.com.ar\/webwp\/producto\/glock-42-gen-4\/","url":"https:\/\/www.tirito.com.ar\/webwp\/producto\/glock-42-gen-4\/","name":"Glock 42 Gen 4 - Tirito","isPartOf":{"@id":"https:\/\/www.tirito.com.ar\/webwp\/#website"},"datePublished":"2022-03-02T12:43:47+00:00","dateModified":"2023-03-30T15:44:19+00:00","breadcrumb":{"@id":"https:\/\/www.tirito.com.ar\/webwp\/producto\/glock-42-gen-4\/#breadcrumb"},"inLanguage":"es-AR","potentialAction":[{"@type":"ReadAction","target":["https:\/\/www.tirito.com.ar\/webwp\/producto\/glock-42-gen-4\/"]}]},{"@type":"BreadcrumbList","@id":"https:\/\/www.tirito.com.ar\/webwp\/producto\/glock-42-gen-4\/#breadcrumb","itemListElement":[{"@type":"ListItem","position":1,"name":"Inicio","item":"https:\/\/www.tirito.com.ar\/webwp\/"},{"@type":"ListItem","position":2,"name":"Tienda","item":"https:\/\/www.tirito.com.ar\/webwp\/tienda\/"},{"@type":"ListItem","position":3,"name":"Glock 42 Gen 4"}]},{"@type":"WebSite","@id":"https:\/\/www.tirito.com.ar\/webwp\/#website","url":"https:\/\/www.tirito.com.ar\/webwp\/","name":"Tirito","description":"Armeria","publisher":{"@id":"https:\/\/www.tirito.com.ar\/webwp\/#organization"},"potentialAction":[{"@type":"SearchAction","target":{"@type":"EntryPoint","urlTemplate":"https:\/\/www.tirito.com.ar\/webwp\/?s={search_term_string}"},"query-input":"required name=search_term_string"}],"inLanguage":"es-AR"},{"@type":"Organization","@id":"https:\/\/www.tirito.com.ar\/webwp\/#organization","name":"Tirito","url":"https:\/\/www.tirito.com.ar\/webwp\/","sameAs":[],"logo":{"@type":"ImageObject","inLanguage":"es-AR","@id":"https:\/\/www.tirito.com.ar\/webwp\/#\/schema\/logo\/image\/","url":"http:\/\/www.tirito.com.ar\/webwp\/wp-content\/uploads\/2022\/10\/tirilogo3.png","contentUrl":"http:\/\/www.tirito.com.ar\/webwp\/wp-content\/uploads\/2022\/10\/tirilogo3.png","width":200,"height":200,"caption":"Tirito"},"image":{"@id":"https:\/\/www.tirito.com.ar\/webwp\/#\/schema\/logo\/image\/"}}]}},"_links":{"self":[{"href":"https:\/\/www.tirito.com.ar\/webwp\/wp-json\/wp\/v2\/product\/3097"}],"collection":[{"href":"https:\/\/www.tirito.com.ar\/webwp\/wp-json\/wp\/v2\/product"}],"about":[{"href":"https:\/\/www.tirito.com.ar\/webwp\/wp-json\/wp\/v2\/types\/product"}],"wp:featuredmedia":[{"embeddable":true,"href":"https:\/\/www.tirito.com.ar\/webwp\/wp-json\/wp\/v2\/media\/3098"}],"wp:attachment":[{"href":"https:\/\/www.tirito.com.ar\/webwp\/wp-json\/wp\/v2\/media?parent=3097"}],"wp:term":[{"taxonomy":"product_cat","embeddable":true,"href":"https:\/\/www.tirito.com.ar\/webwp\/wp-json\/wp\/v2\/product_cat?post=3097"},{"taxonomy":"product_tag","embeddable":true,"href":"https:\/\/www.tirito.com.ar\/webwp\/wp-json\/wp\/v2\/product_tag?post=3097"}],"curies":[{"name":"wp","href":"https:\/\/api.w.org\/{rel}","templated":true}]}}