{"id":284,"date":"2021-01-11T17:49:28","date_gmt":"2021-01-11T20:49:28","guid":{"rendered":"http:\/\/www.tirito.com.ar\/webwp\/?post_type=product&#038;p=284"},"modified":"2023-08-25T11:43:46","modified_gmt":"2023-08-25T14:43:46","slug":"bersa-tpr9c-pavon-nueva-0km","status":"publish","type":"product","link":"https:\/\/www.tirito.com.ar\/webwp\/producto\/bersa-tpr9c-pavon-nueva-0km\/","title":{"rendered":"Pistola Bersa TPR9C Pavon &#8211; Nueva 0km"},"content":{"rendered":"","protected":false},"excerpt":{"rendered":"<p>Calibre: 9x19mm<br \/>\nCapacidad: 13 tiros<br \/>\nCa\u00f1o: 85mm<br \/>\nDetalles: Acabado pav\u00f3n mate, doble y simple acci\u00f3n con martillo externo, riel picatinny.<br \/>\nSe entrega en su caja plastica original, con manual y 2 cargadores.<\/p>\n<h6><strong>AL MEJOR VALOR DEL MERCADO COMO SIEMPRE\u2026<br \/>\nLLAMANOS AL (011)4203-8236 Y TE PASAMOS EL PRECIO\u2026!!!<\/strong><\/h6>\n","protected":false},"featured_media":286,"template":"","meta":{"_ti_tpc_template_sync":false,"_ti_tpc_template_id":""},"product_cat":[43],"product_tag":[664,39,41],"yoast_head":"<!-- This site is optimized with the Yoast SEO plugin v19.8 - https:\/\/yoast.com\/wordpress\/plugins\/seo\/ -->\n<title>Pistola Bersa TPR9C Pavon - Nueva 0km - Tirito<\/title>\n<meta name=\"robots\" content=\"index, follow, max-snippet:-1, max-image-preview:large, max-video-preview:-1\" \/>\n<link rel=\"canonical\" href=\"https:\/\/www.tirito.com.ar\/webwp\/producto\/bersa-tpr9c-pavon-nueva-0km\/\" \/>\n<meta property=\"og:locale\" content=\"es_ES\" \/>\n<meta property=\"og:type\" content=\"article\" \/>\n<meta property=\"og:title\" content=\"Pistola Bersa TPR9C Pavon - Nueva 0km - Tirito\" \/>\n<meta property=\"og:description\" content=\"Calibre: 9x19mm Capacidad: 13 tiros Ca\u00f1o: 85mm Detalles: Acabado pav\u00f3n mate, doble y simple acci\u00f3n con martillo externo, riel picatinny. Se entrega en su caja plastica original, con manual y 2 cargadores. AL MEJOR VALOR DEL MERCADO COMO SIEMPRE\u2026 LLAMANOS AL (011)4203-8236 Y TE PASAMOS EL PRECIO\u2026!!!\" \/>\n<meta property=\"og:url\" content=\"https:\/\/www.tirito.com.ar\/webwp\/producto\/bersa-tpr9c-pavon-nueva-0km\/\" \/>\n<meta property=\"og:site_name\" content=\"Tirito\" \/>\n<meta property=\"article:modified_time\" content=\"2023-08-25T14:43:46+00:00\" \/>\n<meta property=\"og:image\" content=\"https:\/\/www.tirito.com.ar\/webwp\/wp-content\/uploads\/2021\/01\/TPR9C_Pavon_1.jpg\" \/>\n\t<meta property=\"og:image:width\" content=\"577\" \/>\n\t<meta property=\"og:image:height\" content=\"577\" \/>\n\t<meta property=\"og:image:type\" content=\"image\/jpeg\" \/>\n<meta name=\"twitter:card\" content=\"summary_large_image\" \/>\n<script type=\"application\/ld+json\" class=\"yoast-schema-graph\">{\"@context\":\"https:\/\/schema.org\",\"@graph\":[{\"@type\":\"WebPage\",\"@id\":\"https:\/\/www.tirito.com.ar\/webwp\/producto\/bersa-tpr9c-pavon-nueva-0km\/\",\"url\":\"https:\/\/www.tirito.com.ar\/webwp\/producto\/bersa-tpr9c-pavon-nueva-0km\/\",\"name\":\"Pistola Bersa TPR9C Pavon - Nueva 0km - Tirito\",\"isPartOf\":{\"@id\":\"https:\/\/www.tirito.com.ar\/webwp\/#website\"},\"datePublished\":\"2021-01-11T20:49:28+00:00\",\"dateModified\":\"2023-08-25T14:43:46+00:00\",\"breadcrumb\":{\"@id\":\"https:\/\/www.tirito.com.ar\/webwp\/producto\/bersa-tpr9c-pavon-nueva-0km\/#breadcrumb\"},\"inLanguage\":\"es-AR\",\"potentialAction\":[{\"@type\":\"ReadAction\",\"target\":[\"https:\/\/www.tirito.com.ar\/webwp\/producto\/bersa-tpr9c-pavon-nueva-0km\/\"]}]},{\"@type\":\"BreadcrumbList\",\"@id\":\"https:\/\/www.tirito.com.ar\/webwp\/producto\/bersa-tpr9c-pavon-nueva-0km\/#breadcrumb\",\"itemListElement\":[{\"@type\":\"ListItem\",\"position\":1,\"name\":\"Inicio\",\"item\":\"https:\/\/www.tirito.com.ar\/webwp\/\"},{\"@type\":\"ListItem\",\"position\":2,\"name\":\"Tienda\",\"item\":\"https:\/\/www.tirito.com.ar\/webwp\/tienda\/\"},{\"@type\":\"ListItem\",\"position\":3,\"name\":\"Pistola Bersa TPR9C Pavon &#8211; Nueva 0km\"}]},{\"@type\":\"WebSite\",\"@id\":\"https:\/\/www.tirito.com.ar\/webwp\/#website\",\"url\":\"https:\/\/www.tirito.com.ar\/webwp\/\",\"name\":\"Tirito\",\"description\":\"Armeria\",\"publisher\":{\"@id\":\"https:\/\/www.tirito.com.ar\/webwp\/#organization\"},\"potentialAction\":[{\"@type\":\"SearchAction\",\"target\":{\"@type\":\"EntryPoint\",\"urlTemplate\":\"https:\/\/www.tirito.com.ar\/webwp\/?s={search_term_string}\"},\"query-input\":\"required name=search_term_string\"}],\"inLanguage\":\"es-AR\"},{\"@type\":\"Organization\",\"@id\":\"https:\/\/www.tirito.com.ar\/webwp\/#organization\",\"name\":\"Tirito\",\"url\":\"https:\/\/www.tirito.com.ar\/webwp\/\",\"sameAs\":[],\"logo\":{\"@type\":\"ImageObject\",\"inLanguage\":\"es-AR\",\"@id\":\"https:\/\/www.tirito.com.ar\/webwp\/#\/schema\/logo\/image\/\",\"url\":\"http:\/\/www.tirito.com.ar\/webwp\/wp-content\/uploads\/2022\/10\/tirilogo3.png\",\"contentUrl\":\"http:\/\/www.tirito.com.ar\/webwp\/wp-content\/uploads\/2022\/10\/tirilogo3.png\",\"width\":200,\"height\":200,\"caption\":\"Tirito\"},\"image\":{\"@id\":\"https:\/\/www.tirito.com.ar\/webwp\/#\/schema\/logo\/image\/\"}}]}<\/script>\n<!-- \/ Yoast SEO plugin. -->","yoast_head_json":{"title":"Pistola Bersa TPR9C Pavon - Nueva 0km - Tirito","robots":{"index":"index","follow":"follow","max-snippet":"max-snippet:-1","max-image-preview":"max-image-preview:large","max-video-preview":"max-video-preview:-1"},"canonical":"https:\/\/www.tirito.com.ar\/webwp\/producto\/bersa-tpr9c-pavon-nueva-0km\/","og_locale":"es_ES","og_type":"article","og_title":"Pistola Bersa TPR9C Pavon - Nueva 0km - Tirito","og_description":"Calibre: 9x19mm Capacidad: 13 tiros Ca\u00f1o: 85mm Detalles: Acabado pav\u00f3n mate, doble y simple acci\u00f3n con martillo externo, riel picatinny. Se entrega en su caja plastica original, con manual y 2 cargadores. AL MEJOR VALOR DEL MERCADO COMO SIEMPRE\u2026 LLAMANOS AL (011)4203-8236 Y TE PASAMOS EL PRECIO\u2026!!!","og_url":"https:\/\/www.tirito.com.ar\/webwp\/producto\/bersa-tpr9c-pavon-nueva-0km\/","og_site_name":"Tirito","article_modified_time":"2023-08-25T14:43:46+00:00","og_image":[{"width":577,"height":577,"url":"https:\/\/www.tirito.com.ar\/webwp\/wp-content\/uploads\/2021\/01\/TPR9C_Pavon_1.jpg","type":"image\/jpeg"}],"twitter_card":"summary_large_image","schema":{"@context":"https:\/\/schema.org","@graph":[{"@type":"WebPage","@id":"https:\/\/www.tirito.com.ar\/webwp\/producto\/bersa-tpr9c-pavon-nueva-0km\/","url":"https:\/\/www.tirito.com.ar\/webwp\/producto\/bersa-tpr9c-pavon-nueva-0km\/","name":"Pistola Bersa TPR9C Pavon - Nueva 0km - Tirito","isPartOf":{"@id":"https:\/\/www.tirito.com.ar\/webwp\/#website"},"datePublished":"2021-01-11T20:49:28+00:00","dateModified":"2023-08-25T14:43:46+00:00","breadcrumb":{"@id":"https:\/\/www.tirito.com.ar\/webwp\/producto\/bersa-tpr9c-pavon-nueva-0km\/#breadcrumb"},"inLanguage":"es-AR","potentialAction":[{"@type":"ReadAction","target":["https:\/\/www.tirito.com.ar\/webwp\/producto\/bersa-tpr9c-pavon-nueva-0km\/"]}]},{"@type":"BreadcrumbList","@id":"https:\/\/www.tirito.com.ar\/webwp\/producto\/bersa-tpr9c-pavon-nueva-0km\/#breadcrumb","itemListElement":[{"@type":"ListItem","position":1,"name":"Inicio","item":"https:\/\/www.tirito.com.ar\/webwp\/"},{"@type":"ListItem","position":2,"name":"Tienda","item":"https:\/\/www.tirito.com.ar\/webwp\/tienda\/"},{"@type":"ListItem","position":3,"name":"Pistola Bersa TPR9C Pavon &#8211; Nueva 0km"}]},{"@type":"WebSite","@id":"https:\/\/www.tirito.com.ar\/webwp\/#website","url":"https:\/\/www.tirito.com.ar\/webwp\/","name":"Tirito","description":"Armeria","publisher":{"@id":"https:\/\/www.tirito.com.ar\/webwp\/#organization"},"potentialAction":[{"@type":"SearchAction","target":{"@type":"EntryPoint","urlTemplate":"https:\/\/www.tirito.com.ar\/webwp\/?s={search_term_string}"},"query-input":"required name=search_term_string"}],"inLanguage":"es-AR"},{"@type":"Organization","@id":"https:\/\/www.tirito.com.ar\/webwp\/#organization","name":"Tirito","url":"https:\/\/www.tirito.com.ar\/webwp\/","sameAs":[],"logo":{"@type":"ImageObject","inLanguage":"es-AR","@id":"https:\/\/www.tirito.com.ar\/webwp\/#\/schema\/logo\/image\/","url":"http:\/\/www.tirito.com.ar\/webwp\/wp-content\/uploads\/2022\/10\/tirilogo3.png","contentUrl":"http:\/\/www.tirito.com.ar\/webwp\/wp-content\/uploads\/2022\/10\/tirilogo3.png","width":200,"height":200,"caption":"Tirito"},"image":{"@id":"https:\/\/www.tirito.com.ar\/webwp\/#\/schema\/logo\/image\/"}}]}},"_links":{"self":[{"href":"https:\/\/www.tirito.com.ar\/webwp\/wp-json\/wp\/v2\/product\/284"}],"collection":[{"href":"https:\/\/www.tirito.com.ar\/webwp\/wp-json\/wp\/v2\/product"}],"about":[{"href":"https:\/\/www.tirito.com.ar\/webwp\/wp-json\/wp\/v2\/types\/product"}],"wp:featuredmedia":[{"embeddable":true,"href":"https:\/\/www.tirito.com.ar\/webwp\/wp-json\/wp\/v2\/media\/286"}],"wp:attachment":[{"href":"https:\/\/www.tirito.com.ar\/webwp\/wp-json\/wp\/v2\/media?parent=284"}],"wp:term":[{"taxonomy":"product_cat","embeddable":true,"href":"https:\/\/www.tirito.com.ar\/webwp\/wp-json\/wp\/v2\/product_cat?post=284"},{"taxonomy":"product_tag","embeddable":true,"href":"https:\/\/www.tirito.com.ar\/webwp\/wp-json\/wp\/v2\/product_tag?post=284"}],"curies":[{"name":"wp","href":"https:\/\/api.w.org\/{rel}","templated":true}]}}