{"id":2172,"date":"2022-01-12T12:39:52","date_gmt":"2022-01-12T15:39:52","guid":{"rendered":"http:\/\/www.tirito.com.ar\/webwp\/?post_type=product&#038;p=2172"},"modified":"2026-03-06T00:18:15","modified_gmt":"2026-03-06T03:18:15","slug":"prensa-lyman-all-american-8","status":"publish","type":"product","link":"https:\/\/www.tirito.com.ar\/webwp\/producto\/prensa-lyman-all-american-8\/","title":{"rendered":"Maquina de Recarga Lyman All American 8"},"content":{"rendered":"<p><iframe loading=\"lazy\" title=\"First Look: Brass Smith All-American 8 Turret Press from Lyman\" width=\"1160\" height=\"653\" src=\"https:\/\/www.youtube.com\/embed\/n_aozotbvCA?start=4&#038;feature=oembed\" frameborder=\"0\" allow=\"accelerometer; autoplay; clipboard-write; encrypted-media; gyroscope; picture-in-picture; web-share\" referrerpolicy=\"strict-origin-when-cross-origin\" allowfullscreen><\/iframe><\/p>\n","protected":false},"excerpt":{"rendered":"<p><strong>Maquina de Recarga Lyman All American 8<br \/>\n<\/strong>La prensa de torreta m\u00e1s robusta y con m\u00e1s funciones del mercado.<br \/>\nLa torreta extra grande de 8 estaciones est\u00e1 maquinada en hierro fundido de alta resistencia y equipada con un perno que se quita f\u00e1cilmente, lo que facilita el cambio de las torretas.<br \/>\nEs la m\u00e1s grande disponible y puede contener dos juegos completos de 4 dies o hasta cuatro conjuntos de 2 dies y permite recargar incluso los cartuchos de rifle m\u00e1s largos.<br \/>\nA diferencia de muchas prensas, el nuevo dise\u00f1o viene con un colocador de fulminantes de l\u00ednea recta, con tubo grande y chico, haci\u00e9ndola completamente confiable y f\u00e1cil de usar.<\/p>\n<p><strong>Escribinos por Whatsapp al (011) 2301-1176 o llamanos al (011) 4203-8236 si te interesa este producto!<\/strong><\/p>\n","protected":false},"featured_media":2239,"template":"","meta":{"_ti_tpc_template_sync":false,"_ti_tpc_template_id":""},"product_cat":[27],"product_tag":[1898,1900,1901,1899,316,440,439,242,426],"yoast_head":"<!-- This site is optimized with the Yoast SEO plugin v19.8 - https:\/\/yoast.com\/wordpress\/plugins\/seo\/ -->\n<title>Maquina de Recarga Lyman All American 8 - Tirito<\/title>\n<meta name=\"robots\" content=\"index, follow, max-snippet:-1, max-image-preview:large, max-video-preview:-1\" \/>\n<link rel=\"canonical\" href=\"https:\/\/www.tirito.com.ar\/webwp\/producto\/prensa-lyman-all-american-8\/\" \/>\n<meta property=\"og:locale\" content=\"es_ES\" \/>\n<meta property=\"og:type\" content=\"article\" \/>\n<meta property=\"og:title\" content=\"Maquina de Recarga Lyman All American 8 - Tirito\" \/>\n<meta property=\"og:description\" content=\"Maquina de Recarga Lyman All American 8 La prensa de torreta m\u00e1s robusta y con m\u00e1s funciones del mercado. La torreta extra grande de 8 estaciones est\u00e1 maquinada en hierro fundido de alta resistencia y equipada con un perno que se quita f\u00e1cilmente, lo que facilita el cambio de las torretas. Es la m\u00e1s grande disponible y puede contener dos juegos completos de 4 dies o hasta cuatro conjuntos de 2 dies y permite recargar incluso los cartuchos de rifle m\u00e1s largos. A diferencia de muchas prensas, el nuevo dise\u00f1o viene con un colocador de fulminantes de l\u00ednea recta, con tubo grande y chico, haci\u00e9ndola completamente confiable y f\u00e1cil de usar.  Escribinos por Whatsapp al (011) 2301-1176 o llamanos al (011) 4203-8236 si te interesa este producto!\" \/>\n<meta property=\"og:url\" content=\"https:\/\/www.tirito.com.ar\/webwp\/producto\/prensa-lyman-all-american-8\/\" \/>\n<meta property=\"og:site_name\" content=\"Tirito\" \/>\n<meta property=\"article:modified_time\" content=\"2026-03-06T03:18:15+00:00\" \/>\n<meta property=\"og:image\" content=\"http:\/\/www.tirito.com.ar\/webwp\/wp-content\/uploads\/2022\/01\/Lyman_AllAmerican8.jpg\" \/>\n\t<meta property=\"og:image:width\" content=\"1280\" \/>\n\t<meta property=\"og:image:height\" content=\"1280\" \/>\n\t<meta property=\"og:image:type\" content=\"image\/jpeg\" \/>\n<meta name=\"twitter:card\" content=\"summary_large_image\" \/>\n<meta name=\"twitter:label1\" content=\"Tiempo de lectura\" \/>\n\t<meta name=\"twitter:data1\" content=\"1 minuto\" \/>\n<script type=\"application\/ld+json\" class=\"yoast-schema-graph\">{\"@context\":\"https:\/\/schema.org\",\"@graph\":[{\"@type\":\"WebPage\",\"@id\":\"https:\/\/www.tirito.com.ar\/webwp\/producto\/prensa-lyman-all-american-8\/\",\"url\":\"https:\/\/www.tirito.com.ar\/webwp\/producto\/prensa-lyman-all-american-8\/\",\"name\":\"Maquina de Recarga Lyman All American 8 - Tirito\",\"isPartOf\":{\"@id\":\"https:\/\/www.tirito.com.ar\/webwp\/#website\"},\"datePublished\":\"2022-01-12T15:39:52+00:00\",\"dateModified\":\"2026-03-06T03:18:15+00:00\",\"breadcrumb\":{\"@id\":\"https:\/\/www.tirito.com.ar\/webwp\/producto\/prensa-lyman-all-american-8\/#breadcrumb\"},\"inLanguage\":\"es-AR\",\"potentialAction\":[{\"@type\":\"ReadAction\",\"target\":[\"https:\/\/www.tirito.com.ar\/webwp\/producto\/prensa-lyman-all-american-8\/\"]}]},{\"@type\":\"BreadcrumbList\",\"@id\":\"https:\/\/www.tirito.com.ar\/webwp\/producto\/prensa-lyman-all-american-8\/#breadcrumb\",\"itemListElement\":[{\"@type\":\"ListItem\",\"position\":1,\"name\":\"Inicio\",\"item\":\"https:\/\/www.tirito.com.ar\/webwp\/\"},{\"@type\":\"ListItem\",\"position\":2,\"name\":\"Tienda\",\"item\":\"https:\/\/www.tirito.com.ar\/webwp\/tienda\/\"},{\"@type\":\"ListItem\",\"position\":3,\"name\":\"Maquina de Recarga Lyman All American 8\"}]},{\"@type\":\"WebSite\",\"@id\":\"https:\/\/www.tirito.com.ar\/webwp\/#website\",\"url\":\"https:\/\/www.tirito.com.ar\/webwp\/\",\"name\":\"Tirito\",\"description\":\"Armeria\",\"publisher\":{\"@id\":\"https:\/\/www.tirito.com.ar\/webwp\/#organization\"},\"potentialAction\":[{\"@type\":\"SearchAction\",\"target\":{\"@type\":\"EntryPoint\",\"urlTemplate\":\"https:\/\/www.tirito.com.ar\/webwp\/?s={search_term_string}\"},\"query-input\":\"required name=search_term_string\"}],\"inLanguage\":\"es-AR\"},{\"@type\":\"Organization\",\"@id\":\"https:\/\/www.tirito.com.ar\/webwp\/#organization\",\"name\":\"Tirito\",\"url\":\"https:\/\/www.tirito.com.ar\/webwp\/\",\"sameAs\":[],\"logo\":{\"@type\":\"ImageObject\",\"inLanguage\":\"es-AR\",\"@id\":\"https:\/\/www.tirito.com.ar\/webwp\/#\/schema\/logo\/image\/\",\"url\":\"http:\/\/www.tirito.com.ar\/webwp\/wp-content\/uploads\/2022\/10\/tirilogo3.png\",\"contentUrl\":\"http:\/\/www.tirito.com.ar\/webwp\/wp-content\/uploads\/2022\/10\/tirilogo3.png\",\"width\":200,\"height\":200,\"caption\":\"Tirito\"},\"image\":{\"@id\":\"https:\/\/www.tirito.com.ar\/webwp\/#\/schema\/logo\/image\/\"}}]}<\/script>\n<!-- \/ Yoast SEO plugin. -->","yoast_head_json":{"title":"Maquina de Recarga Lyman All American 8 - Tirito","robots":{"index":"index","follow":"follow","max-snippet":"max-snippet:-1","max-image-preview":"max-image-preview:large","max-video-preview":"max-video-preview:-1"},"canonical":"https:\/\/www.tirito.com.ar\/webwp\/producto\/prensa-lyman-all-american-8\/","og_locale":"es_ES","og_type":"article","og_title":"Maquina de Recarga Lyman All American 8 - Tirito","og_description":"Maquina de Recarga Lyman All American 8 La prensa de torreta m\u00e1s robusta y con m\u00e1s funciones del mercado. La torreta extra grande de 8 estaciones est\u00e1 maquinada en hierro fundido de alta resistencia y equipada con un perno que se quita f\u00e1cilmente, lo que facilita el cambio de las torretas. Es la m\u00e1s grande disponible y puede contener dos juegos completos de 4 dies o hasta cuatro conjuntos de 2 dies y permite recargar incluso los cartuchos de rifle m\u00e1s largos. A diferencia de muchas prensas, el nuevo dise\u00f1o viene con un colocador de fulminantes de l\u00ednea recta, con tubo grande y chico, haci\u00e9ndola completamente confiable y f\u00e1cil de usar.  Escribinos por Whatsapp al (011) 2301-1176 o llamanos al (011) 4203-8236 si te interesa este producto!","og_url":"https:\/\/www.tirito.com.ar\/webwp\/producto\/prensa-lyman-all-american-8\/","og_site_name":"Tirito","article_modified_time":"2026-03-06T03:18:15+00:00","og_image":[{"width":1280,"height":1280,"url":"http:\/\/www.tirito.com.ar\/webwp\/wp-content\/uploads\/2022\/01\/Lyman_AllAmerican8.jpg","type":"image\/jpeg"}],"twitter_card":"summary_large_image","twitter_misc":{"Tiempo de lectura":"1 minuto"},"schema":{"@context":"https:\/\/schema.org","@graph":[{"@type":"WebPage","@id":"https:\/\/www.tirito.com.ar\/webwp\/producto\/prensa-lyman-all-american-8\/","url":"https:\/\/www.tirito.com.ar\/webwp\/producto\/prensa-lyman-all-american-8\/","name":"Maquina de Recarga Lyman All American 8 - Tirito","isPartOf":{"@id":"https:\/\/www.tirito.com.ar\/webwp\/#website"},"datePublished":"2022-01-12T15:39:52+00:00","dateModified":"2026-03-06T03:18:15+00:00","breadcrumb":{"@id":"https:\/\/www.tirito.com.ar\/webwp\/producto\/prensa-lyman-all-american-8\/#breadcrumb"},"inLanguage":"es-AR","potentialAction":[{"@type":"ReadAction","target":["https:\/\/www.tirito.com.ar\/webwp\/producto\/prensa-lyman-all-american-8\/"]}]},{"@type":"BreadcrumbList","@id":"https:\/\/www.tirito.com.ar\/webwp\/producto\/prensa-lyman-all-american-8\/#breadcrumb","itemListElement":[{"@type":"ListItem","position":1,"name":"Inicio","item":"https:\/\/www.tirito.com.ar\/webwp\/"},{"@type":"ListItem","position":2,"name":"Tienda","item":"https:\/\/www.tirito.com.ar\/webwp\/tienda\/"},{"@type":"ListItem","position":3,"name":"Maquina de Recarga Lyman All American 8"}]},{"@type":"WebSite","@id":"https:\/\/www.tirito.com.ar\/webwp\/#website","url":"https:\/\/www.tirito.com.ar\/webwp\/","name":"Tirito","description":"Armeria","publisher":{"@id":"https:\/\/www.tirito.com.ar\/webwp\/#organization"},"potentialAction":[{"@type":"SearchAction","target":{"@type":"EntryPoint","urlTemplate":"https:\/\/www.tirito.com.ar\/webwp\/?s={search_term_string}"},"query-input":"required name=search_term_string"}],"inLanguage":"es-AR"},{"@type":"Organization","@id":"https:\/\/www.tirito.com.ar\/webwp\/#organization","name":"Tirito","url":"https:\/\/www.tirito.com.ar\/webwp\/","sameAs":[],"logo":{"@type":"ImageObject","inLanguage":"es-AR","@id":"https:\/\/www.tirito.com.ar\/webwp\/#\/schema\/logo\/image\/","url":"http:\/\/www.tirito.com.ar\/webwp\/wp-content\/uploads\/2022\/10\/tirilogo3.png","contentUrl":"http:\/\/www.tirito.com.ar\/webwp\/wp-content\/uploads\/2022\/10\/tirilogo3.png","width":200,"height":200,"caption":"Tirito"},"image":{"@id":"https:\/\/www.tirito.com.ar\/webwp\/#\/schema\/logo\/image\/"}}]}},"_links":{"self":[{"href":"https:\/\/www.tirito.com.ar\/webwp\/wp-json\/wp\/v2\/product\/2172"}],"collection":[{"href":"https:\/\/www.tirito.com.ar\/webwp\/wp-json\/wp\/v2\/product"}],"about":[{"href":"https:\/\/www.tirito.com.ar\/webwp\/wp-json\/wp\/v2\/types\/product"}],"wp:featuredmedia":[{"embeddable":true,"href":"https:\/\/www.tirito.com.ar\/webwp\/wp-json\/wp\/v2\/media\/2239"}],"wp:attachment":[{"href":"https:\/\/www.tirito.com.ar\/webwp\/wp-json\/wp\/v2\/media?parent=2172"}],"wp:term":[{"taxonomy":"product_cat","embeddable":true,"href":"https:\/\/www.tirito.com.ar\/webwp\/wp-json\/wp\/v2\/product_cat?post=2172"},{"taxonomy":"product_tag","embeddable":true,"href":"https:\/\/www.tirito.com.ar\/webwp\/wp-json\/wp\/v2\/product_tag?post=2172"}],"curies":[{"name":"wp","href":"https:\/\/api.w.org\/{rel}","templated":true}]}}