{"id":15781,"date":"2026-04-19T22:52:37","date_gmt":"2026-04-20T01:52:37","guid":{"rendered":"https:\/\/www.tirito.com.ar\/webwp\/?post_type=product&#038;p=15781"},"modified":"2026-04-19T22:53:49","modified_gmt":"2026-04-20T01:53:49","slug":"girsan-mc9s-barret-brown","status":"publish","type":"product","link":"https:\/\/www.tirito.com.ar\/webwp\/producto\/girsan-mc9s-barret-brown\/","title":{"rendered":"Girsan MC9S &#8211; Barret Brown"},"content":{"rendered":"","protected":false},"excerpt":{"rendered":"<p>Girsan MC9S, fabricada en acero y pol\u00edmero es una pistola de percutor lanzado con indicador de aguja montada estilo P99, orificio de inspecci\u00f3n de cartucho en rec\u00e1mara, lomos de empu\u00f1adura intercambiables, dos cargadores MecGar italianos de 17 tiros, ayuda cargador, kit de limpieza, caja de transporte y manual.<\/p>\n<p>Versi\u00f3n CON seguro de accionamiento manual, el mismo se puede accionar estando el percutor montado o desmontado, no es decocker.<\/p>\n<p>&#8211; Calibre: 9mm Para<br \/>\n&#8211; Sistema: Corto retroceso del ca\u00f1\u00f3n<br \/>\n&#8211; Largo (Total): 191mm<br \/>\n&#8211; Altura: 135mm<br \/>\n&#8211; Ancho: 33mm<br \/>\n&#8211; Long. de Ca\u00f1\u00f3n: 108mm<br \/>\n&#8211; Peso sin Cargador: 700 gramos<br \/>\n&#8211; Capacidad: 17 tiros<\/p>\n<p><strong>AL MEJOR VALOR DEL MERCADO COMO SIEMPRE&#8230;<\/strong><br \/>\n<strong>ESCRIBINOS X WHATSAPP (011)2301-1176 o\u00a0LLAMANOS AL (011)4203-8236 Y TE PASAMOS EL PRECIO&#8230;!!!<\/strong><\/p>\n","protected":false},"featured_media":15762,"template":"","meta":{"_ti_tpc_template_sync":false,"_ti_tpc_template_id":""},"product_cat":[2081],"product_tag":[664,1197,366,2082,2083,2085,41,2084],"yoast_head":"<!-- This site is optimized with the Yoast SEO plugin v19.8 - https:\/\/yoast.com\/wordpress\/plugins\/seo\/ -->\n<title>Girsan MC9S - Barret Brown - Tirito<\/title>\n<meta name=\"robots\" content=\"index, follow, max-snippet:-1, max-image-preview:large, max-video-preview:-1\" \/>\n<link rel=\"canonical\" href=\"https:\/\/www.tirito.com.ar\/webwp\/producto\/girsan-mc9s-barret-brown\/\" \/>\n<meta property=\"og:locale\" content=\"es_ES\" \/>\n<meta property=\"og:type\" content=\"article\" \/>\n<meta property=\"og:title\" content=\"Girsan MC9S - Barret Brown - Tirito\" \/>\n<meta property=\"og:description\" content=\"Girsan MC9S, fabricada en acero y pol\u00edmero es una pistola de percutor lanzado con indicador de aguja montada estilo P99, orificio de inspecci\u00f3n de cartucho en rec\u00e1mara, lomos de empu\u00f1adura intercambiables, dos cargadores MecGar italianos de 17 tiros, ayuda cargador, kit de limpieza, caja de transporte y manual.  Versi\u00f3n CON seguro de accionamiento manual, el mismo se puede accionar estando el percutor montado o desmontado, no es decocker.  - Calibre: 9mm Para - Sistema: Corto retroceso del ca\u00f1\u00f3n - Largo (Total): 191mm - Altura: 135mm - Ancho: 33mm - Long. de Ca\u00f1\u00f3n: 108mm - Peso sin Cargador: 700 gramos - Capacidad: 17 tiros  AL MEJOR VALOR DEL MERCADO COMO SIEMPRE... ESCRIBINOS X WHATSAPP (011)2301-1176 o\u00a0LLAMANOS AL (011)4203-8236 Y TE PASAMOS EL PRECIO...!!!\" \/>\n<meta property=\"og:url\" content=\"https:\/\/www.tirito.com.ar\/webwp\/producto\/girsan-mc9s-barret-brown\/\" \/>\n<meta property=\"og:site_name\" content=\"Tirito\" \/>\n<meta property=\"article:modified_time\" content=\"2026-04-20T01:53:49+00:00\" \/>\n<meta property=\"og:image\" content=\"http:\/\/www.tirito.com.ar\/webwp\/wp-content\/uploads\/2026\/04\/20260415_1448321.jpg\" \/>\n\t<meta property=\"og:image:width\" content=\"2000\" \/>\n\t<meta property=\"og:image:height\" content=\"2000\" \/>\n\t<meta property=\"og:image:type\" content=\"image\/jpeg\" \/>\n<meta name=\"twitter:card\" content=\"summary_large_image\" \/>\n<script type=\"application\/ld+json\" class=\"yoast-schema-graph\">{\"@context\":\"https:\/\/schema.org\",\"@graph\":[{\"@type\":\"WebPage\",\"@id\":\"https:\/\/www.tirito.com.ar\/webwp\/producto\/girsan-mc9s-barret-brown\/\",\"url\":\"https:\/\/www.tirito.com.ar\/webwp\/producto\/girsan-mc9s-barret-brown\/\",\"name\":\"Girsan MC9S - Barret Brown - Tirito\",\"isPartOf\":{\"@id\":\"https:\/\/www.tirito.com.ar\/webwp\/#website\"},\"datePublished\":\"2026-04-20T01:52:37+00:00\",\"dateModified\":\"2026-04-20T01:53:49+00:00\",\"breadcrumb\":{\"@id\":\"https:\/\/www.tirito.com.ar\/webwp\/producto\/girsan-mc9s-barret-brown\/#breadcrumb\"},\"inLanguage\":\"es-AR\",\"potentialAction\":[{\"@type\":\"ReadAction\",\"target\":[\"https:\/\/www.tirito.com.ar\/webwp\/producto\/girsan-mc9s-barret-brown\/\"]}]},{\"@type\":\"BreadcrumbList\",\"@id\":\"https:\/\/www.tirito.com.ar\/webwp\/producto\/girsan-mc9s-barret-brown\/#breadcrumb\",\"itemListElement\":[{\"@type\":\"ListItem\",\"position\":1,\"name\":\"Inicio\",\"item\":\"https:\/\/www.tirito.com.ar\/webwp\/\"},{\"@type\":\"ListItem\",\"position\":2,\"name\":\"Tienda\",\"item\":\"https:\/\/www.tirito.com.ar\/webwp\/tienda\/\"},{\"@type\":\"ListItem\",\"position\":3,\"name\":\"Girsan MC9S &#8211; Barret Brown\"}]},{\"@type\":\"WebSite\",\"@id\":\"https:\/\/www.tirito.com.ar\/webwp\/#website\",\"url\":\"https:\/\/www.tirito.com.ar\/webwp\/\",\"name\":\"Tirito\",\"description\":\"Armeria\",\"publisher\":{\"@id\":\"https:\/\/www.tirito.com.ar\/webwp\/#organization\"},\"potentialAction\":[{\"@type\":\"SearchAction\",\"target\":{\"@type\":\"EntryPoint\",\"urlTemplate\":\"https:\/\/www.tirito.com.ar\/webwp\/?s={search_term_string}\"},\"query-input\":\"required name=search_term_string\"}],\"inLanguage\":\"es-AR\"},{\"@type\":\"Organization\",\"@id\":\"https:\/\/www.tirito.com.ar\/webwp\/#organization\",\"name\":\"Tirito\",\"url\":\"https:\/\/www.tirito.com.ar\/webwp\/\",\"sameAs\":[],\"logo\":{\"@type\":\"ImageObject\",\"inLanguage\":\"es-AR\",\"@id\":\"https:\/\/www.tirito.com.ar\/webwp\/#\/schema\/logo\/image\/\",\"url\":\"http:\/\/www.tirito.com.ar\/webwp\/wp-content\/uploads\/2022\/10\/tirilogo3.png\",\"contentUrl\":\"http:\/\/www.tirito.com.ar\/webwp\/wp-content\/uploads\/2022\/10\/tirilogo3.png\",\"width\":200,\"height\":200,\"caption\":\"Tirito\"},\"image\":{\"@id\":\"https:\/\/www.tirito.com.ar\/webwp\/#\/schema\/logo\/image\/\"}}]}<\/script>\n<!-- \/ Yoast SEO plugin. -->","yoast_head_json":{"title":"Girsan MC9S - Barret Brown - Tirito","robots":{"index":"index","follow":"follow","max-snippet":"max-snippet:-1","max-image-preview":"max-image-preview:large","max-video-preview":"max-video-preview:-1"},"canonical":"https:\/\/www.tirito.com.ar\/webwp\/producto\/girsan-mc9s-barret-brown\/","og_locale":"es_ES","og_type":"article","og_title":"Girsan MC9S - Barret Brown - Tirito","og_description":"Girsan MC9S, fabricada en acero y pol\u00edmero es una pistola de percutor lanzado con indicador de aguja montada estilo P99, orificio de inspecci\u00f3n de cartucho en rec\u00e1mara, lomos de empu\u00f1adura intercambiables, dos cargadores MecGar italianos de 17 tiros, ayuda cargador, kit de limpieza, caja de transporte y manual.  Versi\u00f3n CON seguro de accionamiento manual, el mismo se puede accionar estando el percutor montado o desmontado, no es decocker.  - Calibre: 9mm Para - Sistema: Corto retroceso del ca\u00f1\u00f3n - Largo (Total): 191mm - Altura: 135mm - Ancho: 33mm - Long. de Ca\u00f1\u00f3n: 108mm - Peso sin Cargador: 700 gramos - Capacidad: 17 tiros  AL MEJOR VALOR DEL MERCADO COMO SIEMPRE... ESCRIBINOS X WHATSAPP (011)2301-1176 o\u00a0LLAMANOS AL (011)4203-8236 Y TE PASAMOS EL PRECIO...!!!","og_url":"https:\/\/www.tirito.com.ar\/webwp\/producto\/girsan-mc9s-barret-brown\/","og_site_name":"Tirito","article_modified_time":"2026-04-20T01:53:49+00:00","og_image":[{"width":2000,"height":2000,"url":"http:\/\/www.tirito.com.ar\/webwp\/wp-content\/uploads\/2026\/04\/20260415_1448321.jpg","type":"image\/jpeg"}],"twitter_card":"summary_large_image","schema":{"@context":"https:\/\/schema.org","@graph":[{"@type":"WebPage","@id":"https:\/\/www.tirito.com.ar\/webwp\/producto\/girsan-mc9s-barret-brown\/","url":"https:\/\/www.tirito.com.ar\/webwp\/producto\/girsan-mc9s-barret-brown\/","name":"Girsan MC9S - Barret Brown - Tirito","isPartOf":{"@id":"https:\/\/www.tirito.com.ar\/webwp\/#website"},"datePublished":"2026-04-20T01:52:37+00:00","dateModified":"2026-04-20T01:53:49+00:00","breadcrumb":{"@id":"https:\/\/www.tirito.com.ar\/webwp\/producto\/girsan-mc9s-barret-brown\/#breadcrumb"},"inLanguage":"es-AR","potentialAction":[{"@type":"ReadAction","target":["https:\/\/www.tirito.com.ar\/webwp\/producto\/girsan-mc9s-barret-brown\/"]}]},{"@type":"BreadcrumbList","@id":"https:\/\/www.tirito.com.ar\/webwp\/producto\/girsan-mc9s-barret-brown\/#breadcrumb","itemListElement":[{"@type":"ListItem","position":1,"name":"Inicio","item":"https:\/\/www.tirito.com.ar\/webwp\/"},{"@type":"ListItem","position":2,"name":"Tienda","item":"https:\/\/www.tirito.com.ar\/webwp\/tienda\/"},{"@type":"ListItem","position":3,"name":"Girsan MC9S &#8211; Barret Brown"}]},{"@type":"WebSite","@id":"https:\/\/www.tirito.com.ar\/webwp\/#website","url":"https:\/\/www.tirito.com.ar\/webwp\/","name":"Tirito","description":"Armeria","publisher":{"@id":"https:\/\/www.tirito.com.ar\/webwp\/#organization"},"potentialAction":[{"@type":"SearchAction","target":{"@type":"EntryPoint","urlTemplate":"https:\/\/www.tirito.com.ar\/webwp\/?s={search_term_string}"},"query-input":"required name=search_term_string"}],"inLanguage":"es-AR"},{"@type":"Organization","@id":"https:\/\/www.tirito.com.ar\/webwp\/#organization","name":"Tirito","url":"https:\/\/www.tirito.com.ar\/webwp\/","sameAs":[],"logo":{"@type":"ImageObject","inLanguage":"es-AR","@id":"https:\/\/www.tirito.com.ar\/webwp\/#\/schema\/logo\/image\/","url":"http:\/\/www.tirito.com.ar\/webwp\/wp-content\/uploads\/2022\/10\/tirilogo3.png","contentUrl":"http:\/\/www.tirito.com.ar\/webwp\/wp-content\/uploads\/2022\/10\/tirilogo3.png","width":200,"height":200,"caption":"Tirito"},"image":{"@id":"https:\/\/www.tirito.com.ar\/webwp\/#\/schema\/logo\/image\/"}}]}},"_links":{"self":[{"href":"https:\/\/www.tirito.com.ar\/webwp\/wp-json\/wp\/v2\/product\/15781"}],"collection":[{"href":"https:\/\/www.tirito.com.ar\/webwp\/wp-json\/wp\/v2\/product"}],"about":[{"href":"https:\/\/www.tirito.com.ar\/webwp\/wp-json\/wp\/v2\/types\/product"}],"wp:featuredmedia":[{"embeddable":true,"href":"https:\/\/www.tirito.com.ar\/webwp\/wp-json\/wp\/v2\/media\/15762"}],"wp:attachment":[{"href":"https:\/\/www.tirito.com.ar\/webwp\/wp-json\/wp\/v2\/media?parent=15781"}],"wp:term":[{"taxonomy":"product_cat","embeddable":true,"href":"https:\/\/www.tirito.com.ar\/webwp\/wp-json\/wp\/v2\/product_cat?post=15781"},{"taxonomy":"product_tag","embeddable":true,"href":"https:\/\/www.tirito.com.ar\/webwp\/wp-json\/wp\/v2\/product_tag?post=15781"}],"curies":[{"name":"wp","href":"https:\/\/api.w.org\/{rel}","templated":true}]}}