{"id":13660,"date":"2025-02-10T22:55:44","date_gmt":"2025-02-11T01:55:44","guid":{"rendered":"https:\/\/www.tirito.com.ar\/webwp\/?post_type=product&#038;p=13660"},"modified":"2026-03-10T14:47:04","modified_gmt":"2026-03-10T17:47:04","slug":"pistola-bersa-thunder-40-ultra-compact-pro-cal-40-sw-apenas-probada","status":"publish","type":"product","link":"https:\/\/www.tirito.com.ar\/webwp\/producto\/pistola-bersa-thunder-40-ultra-compact-pro-cal-40-sw-apenas-probada\/","title":{"rendered":"Pistola Bersa Thunder 40 Ultra Compact Pro &#8211; Cal. 40 S&#038;W &#8211; Apenas Probada"},"content":{"rendered":"","protected":false},"excerpt":{"rendered":"<p><strong>\u2013 Menos de una caja tirada \u2013<br \/>\nPistola Bersa Thunder 40 Ultra Compact Pro<br \/>\n<\/strong><\/p>\n<p>Calibre: .40 S&amp;W Auto<br \/>\nPav\u00f3n: 9,8<br \/>\nCa\u00f1\u00f3n: 9.9<br \/>\nDetalles: La pistola se entrega con dos cargadores y una funda interna.<\/p>\n","protected":false},"featured_media":13701,"template":"","meta":{"_ti_tpc_template_sync":false,"_ti_tpc_template_id":""},"product_cat":[688],"product_tag":[1199,141,39,41,646,189],"yoast_head":"<!-- This site is optimized with the Yoast SEO plugin v19.8 - https:\/\/yoast.com\/wordpress\/plugins\/seo\/ -->\n<title>Pistola Bersa Thunder 40 Ultra Compact Pro - Cal. 40 S&amp;W - Apenas Probada - Tirito<\/title>\n<meta name=\"robots\" content=\"index, follow, max-snippet:-1, max-image-preview:large, max-video-preview:-1\" \/>\n<link rel=\"canonical\" href=\"https:\/\/www.tirito.com.ar\/webwp\/producto\/pistola-bersa-thunder-40-ultra-compact-pro-cal-40-sw-apenas-probada\/\" \/>\n<meta property=\"og:locale\" content=\"es_ES\" \/>\n<meta property=\"og:type\" content=\"article\" \/>\n<meta property=\"og:title\" content=\"Pistola Bersa Thunder 40 Ultra Compact Pro - Cal. 40 S&amp;W - Apenas Probada - Tirito\" \/>\n<meta property=\"og:description\" content=\"\u2013 Menos de una caja tirada \u2013 Pistola Bersa Thunder 40 Ultra Compact Pro   Calibre: .40 S&amp;W Auto Pav\u00f3n: 9,8 Ca\u00f1\u00f3n: 9.9 Detalles: La pistola se entrega con dos cargadores y una funda interna.\" \/>\n<meta property=\"og:url\" content=\"https:\/\/www.tirito.com.ar\/webwp\/producto\/pistola-bersa-thunder-40-ultra-compact-pro-cal-40-sw-apenas-probada\/\" \/>\n<meta property=\"og:site_name\" content=\"Tirito\" \/>\n<meta property=\"article:modified_time\" content=\"2026-03-10T17:47:04+00:00\" \/>\n<meta property=\"og:image\" content=\"http:\/\/www.tirito.com.ar\/webwp\/wp-content\/uploads\/2025\/02\/20250127_175316-Photoroom-tile.jpg\" \/>\n\t<meta property=\"og:image:width\" content=\"2000\" \/>\n\t<meta property=\"og:image:height\" content=\"2000\" \/>\n\t<meta property=\"og:image:type\" content=\"image\/jpeg\" \/>\n<meta name=\"twitter:card\" content=\"summary_large_image\" \/>\n<script type=\"application\/ld+json\" class=\"yoast-schema-graph\">{\"@context\":\"https:\/\/schema.org\",\"@graph\":[{\"@type\":\"WebPage\",\"@id\":\"https:\/\/www.tirito.com.ar\/webwp\/producto\/pistola-bersa-thunder-40-ultra-compact-pro-cal-40-sw-apenas-probada\/\",\"url\":\"https:\/\/www.tirito.com.ar\/webwp\/producto\/pistola-bersa-thunder-40-ultra-compact-pro-cal-40-sw-apenas-probada\/\",\"name\":\"Pistola Bersa Thunder 40 Ultra Compact Pro - Cal. 40 S&W - Apenas Probada - Tirito\",\"isPartOf\":{\"@id\":\"https:\/\/www.tirito.com.ar\/webwp\/#website\"},\"datePublished\":\"2025-02-11T01:55:44+00:00\",\"dateModified\":\"2026-03-10T17:47:04+00:00\",\"breadcrumb\":{\"@id\":\"https:\/\/www.tirito.com.ar\/webwp\/producto\/pistola-bersa-thunder-40-ultra-compact-pro-cal-40-sw-apenas-probada\/#breadcrumb\"},\"inLanguage\":\"es-AR\",\"potentialAction\":[{\"@type\":\"ReadAction\",\"target\":[\"https:\/\/www.tirito.com.ar\/webwp\/producto\/pistola-bersa-thunder-40-ultra-compact-pro-cal-40-sw-apenas-probada\/\"]}]},{\"@type\":\"BreadcrumbList\",\"@id\":\"https:\/\/www.tirito.com.ar\/webwp\/producto\/pistola-bersa-thunder-40-ultra-compact-pro-cal-40-sw-apenas-probada\/#breadcrumb\",\"itemListElement\":[{\"@type\":\"ListItem\",\"position\":1,\"name\":\"Inicio\",\"item\":\"https:\/\/www.tirito.com.ar\/webwp\/\"},{\"@type\":\"ListItem\",\"position\":2,\"name\":\"Tienda\",\"item\":\"https:\/\/www.tirito.com.ar\/webwp\/tienda\/\"},{\"@type\":\"ListItem\",\"position\":3,\"name\":\"Pistola Bersa Thunder 40 Ultra Compact Pro &#8211; Cal. 40 S&#038;W &#8211; Apenas Probada\"}]},{\"@type\":\"WebSite\",\"@id\":\"https:\/\/www.tirito.com.ar\/webwp\/#website\",\"url\":\"https:\/\/www.tirito.com.ar\/webwp\/\",\"name\":\"Tirito\",\"description\":\"Armeria\",\"publisher\":{\"@id\":\"https:\/\/www.tirito.com.ar\/webwp\/#organization\"},\"potentialAction\":[{\"@type\":\"SearchAction\",\"target\":{\"@type\":\"EntryPoint\",\"urlTemplate\":\"https:\/\/www.tirito.com.ar\/webwp\/?s={search_term_string}\"},\"query-input\":\"required name=search_term_string\"}],\"inLanguage\":\"es-AR\"},{\"@type\":\"Organization\",\"@id\":\"https:\/\/www.tirito.com.ar\/webwp\/#organization\",\"name\":\"Tirito\",\"url\":\"https:\/\/www.tirito.com.ar\/webwp\/\",\"sameAs\":[],\"logo\":{\"@type\":\"ImageObject\",\"inLanguage\":\"es-AR\",\"@id\":\"https:\/\/www.tirito.com.ar\/webwp\/#\/schema\/logo\/image\/\",\"url\":\"http:\/\/www.tirito.com.ar\/webwp\/wp-content\/uploads\/2022\/10\/tirilogo3.png\",\"contentUrl\":\"http:\/\/www.tirito.com.ar\/webwp\/wp-content\/uploads\/2022\/10\/tirilogo3.png\",\"width\":200,\"height\":200,\"caption\":\"Tirito\"},\"image\":{\"@id\":\"https:\/\/www.tirito.com.ar\/webwp\/#\/schema\/logo\/image\/\"}}]}<\/script>\n<!-- \/ Yoast SEO plugin. -->","yoast_head_json":{"title":"Pistola Bersa Thunder 40 Ultra Compact Pro - Cal. 40 S&W - Apenas Probada - Tirito","robots":{"index":"index","follow":"follow","max-snippet":"max-snippet:-1","max-image-preview":"max-image-preview:large","max-video-preview":"max-video-preview:-1"},"canonical":"https:\/\/www.tirito.com.ar\/webwp\/producto\/pistola-bersa-thunder-40-ultra-compact-pro-cal-40-sw-apenas-probada\/","og_locale":"es_ES","og_type":"article","og_title":"Pistola Bersa Thunder 40 Ultra Compact Pro - Cal. 40 S&W - Apenas Probada - Tirito","og_description":"\u2013 Menos de una caja tirada \u2013 Pistola Bersa Thunder 40 Ultra Compact Pro   Calibre: .40 S&amp;W Auto Pav\u00f3n: 9,8 Ca\u00f1\u00f3n: 9.9 Detalles: La pistola se entrega con dos cargadores y una funda interna.","og_url":"https:\/\/www.tirito.com.ar\/webwp\/producto\/pistola-bersa-thunder-40-ultra-compact-pro-cal-40-sw-apenas-probada\/","og_site_name":"Tirito","article_modified_time":"2026-03-10T17:47:04+00:00","og_image":[{"width":2000,"height":2000,"url":"http:\/\/www.tirito.com.ar\/webwp\/wp-content\/uploads\/2025\/02\/20250127_175316-Photoroom-tile.jpg","type":"image\/jpeg"}],"twitter_card":"summary_large_image","schema":{"@context":"https:\/\/schema.org","@graph":[{"@type":"WebPage","@id":"https:\/\/www.tirito.com.ar\/webwp\/producto\/pistola-bersa-thunder-40-ultra-compact-pro-cal-40-sw-apenas-probada\/","url":"https:\/\/www.tirito.com.ar\/webwp\/producto\/pistola-bersa-thunder-40-ultra-compact-pro-cal-40-sw-apenas-probada\/","name":"Pistola Bersa Thunder 40 Ultra Compact Pro - Cal. 40 S&W - Apenas Probada - Tirito","isPartOf":{"@id":"https:\/\/www.tirito.com.ar\/webwp\/#website"},"datePublished":"2025-02-11T01:55:44+00:00","dateModified":"2026-03-10T17:47:04+00:00","breadcrumb":{"@id":"https:\/\/www.tirito.com.ar\/webwp\/producto\/pistola-bersa-thunder-40-ultra-compact-pro-cal-40-sw-apenas-probada\/#breadcrumb"},"inLanguage":"es-AR","potentialAction":[{"@type":"ReadAction","target":["https:\/\/www.tirito.com.ar\/webwp\/producto\/pistola-bersa-thunder-40-ultra-compact-pro-cal-40-sw-apenas-probada\/"]}]},{"@type":"BreadcrumbList","@id":"https:\/\/www.tirito.com.ar\/webwp\/producto\/pistola-bersa-thunder-40-ultra-compact-pro-cal-40-sw-apenas-probada\/#breadcrumb","itemListElement":[{"@type":"ListItem","position":1,"name":"Inicio","item":"https:\/\/www.tirito.com.ar\/webwp\/"},{"@type":"ListItem","position":2,"name":"Tienda","item":"https:\/\/www.tirito.com.ar\/webwp\/tienda\/"},{"@type":"ListItem","position":3,"name":"Pistola Bersa Thunder 40 Ultra Compact Pro &#8211; Cal. 40 S&#038;W &#8211; Apenas Probada"}]},{"@type":"WebSite","@id":"https:\/\/www.tirito.com.ar\/webwp\/#website","url":"https:\/\/www.tirito.com.ar\/webwp\/","name":"Tirito","description":"Armeria","publisher":{"@id":"https:\/\/www.tirito.com.ar\/webwp\/#organization"},"potentialAction":[{"@type":"SearchAction","target":{"@type":"EntryPoint","urlTemplate":"https:\/\/www.tirito.com.ar\/webwp\/?s={search_term_string}"},"query-input":"required name=search_term_string"}],"inLanguage":"es-AR"},{"@type":"Organization","@id":"https:\/\/www.tirito.com.ar\/webwp\/#organization","name":"Tirito","url":"https:\/\/www.tirito.com.ar\/webwp\/","sameAs":[],"logo":{"@type":"ImageObject","inLanguage":"es-AR","@id":"https:\/\/www.tirito.com.ar\/webwp\/#\/schema\/logo\/image\/","url":"http:\/\/www.tirito.com.ar\/webwp\/wp-content\/uploads\/2022\/10\/tirilogo3.png","contentUrl":"http:\/\/www.tirito.com.ar\/webwp\/wp-content\/uploads\/2022\/10\/tirilogo3.png","width":200,"height":200,"caption":"Tirito"},"image":{"@id":"https:\/\/www.tirito.com.ar\/webwp\/#\/schema\/logo\/image\/"}}]}},"_links":{"self":[{"href":"https:\/\/www.tirito.com.ar\/webwp\/wp-json\/wp\/v2\/product\/13660"}],"collection":[{"href":"https:\/\/www.tirito.com.ar\/webwp\/wp-json\/wp\/v2\/product"}],"about":[{"href":"https:\/\/www.tirito.com.ar\/webwp\/wp-json\/wp\/v2\/types\/product"}],"wp:featuredmedia":[{"embeddable":true,"href":"https:\/\/www.tirito.com.ar\/webwp\/wp-json\/wp\/v2\/media\/13701"}],"wp:attachment":[{"href":"https:\/\/www.tirito.com.ar\/webwp\/wp-json\/wp\/v2\/media?parent=13660"}],"wp:term":[{"taxonomy":"product_cat","embeddable":true,"href":"https:\/\/www.tirito.com.ar\/webwp\/wp-json\/wp\/v2\/product_cat?post=13660"},{"taxonomy":"product_tag","embeddable":true,"href":"https:\/\/www.tirito.com.ar\/webwp\/wp-json\/wp\/v2\/product_tag?post=13660"}],"curies":[{"name":"wp","href":"https:\/\/api.w.org\/{rel}","templated":true}]}}