{"id":13256,"date":"2024-12-10T19:42:51","date_gmt":"2024-12-10T22:42:51","guid":{"rendered":"https:\/\/www.tirito.com.ar\/webwp\/?post_type=product&#038;p=13256"},"modified":"2025-06-15T20:08:11","modified_gmt":"2025-06-15T23:08:11","slug":"polvora-stopping-power-imr-4064","status":"publish","type":"product","link":"https:\/\/www.tirito.com.ar\/webwp\/producto\/polvora-stopping-power-imr-4064\/","title":{"rendered":"P\u00f3lvora Stopping Power IMR 4064"},"content":{"rendered":"","protected":false},"excerpt":{"rendered":"<p><strong>Consulte por promociones en el local!<\/strong><\/p>\n<p>P\u00f3lvora IMR 4064 marca Stopping Power<\/p>\n<p>Un propelente de velocidad media de gran popularidad por su innumerable cantidad de usos posibles, mucha versatilidad manteniendo uniformidad y precisi\u00f3n.<\/p>\n<p>Producto de Canad\u00e1 fraccionado en Argentina.<\/p>\n<p>Cu\u00f1ete x 454 gramos \/ 1 Libra \/ 7000 Grains<\/p>\n","protected":false},"featured_media":13252,"template":"","meta":{"_ti_tpc_template_sync":false,"_ti_tpc_template_id":""},"product_cat":[1357],"product_tag":[1367,1361,1362,1368,431,1358,460],"yoast_head":"<!-- This site is optimized with the Yoast SEO plugin v19.8 - https:\/\/yoast.com\/wordpress\/plugins\/seo\/ -->\n<title>P\u00f3lvora Stopping Power IMR 4064 - Tirito<\/title>\n<meta name=\"robots\" content=\"index, follow, max-snippet:-1, max-image-preview:large, max-video-preview:-1\" \/>\n<link rel=\"canonical\" href=\"https:\/\/www.tirito.com.ar\/webwp\/producto\/polvora-stopping-power-imr-4064\/\" \/>\n<meta property=\"og:locale\" content=\"es_ES\" \/>\n<meta property=\"og:type\" content=\"article\" \/>\n<meta property=\"og:title\" content=\"P\u00f3lvora Stopping Power IMR 4064 - Tirito\" \/>\n<meta property=\"og:description\" content=\"Consulte por promociones en el local!  P\u00f3lvora IMR 4064 marca Stopping Power  Un propelente de velocidad media de gran popularidad por su innumerable cantidad de usos posibles, mucha versatilidad manteniendo uniformidad y precisi\u00f3n.  Producto de Canad\u00e1 fraccionado en Argentina.  Cu\u00f1ete x 454 gramos \/ 1 Libra \/ 7000 Grains\" \/>\n<meta property=\"og:url\" content=\"https:\/\/www.tirito.com.ar\/webwp\/producto\/polvora-stopping-power-imr-4064\/\" \/>\n<meta property=\"og:site_name\" content=\"Tirito\" \/>\n<meta property=\"article:modified_time\" content=\"2025-06-15T23:08:11+00:00\" \/>\n<meta property=\"og:image\" content=\"https:\/\/www.tirito.com.ar\/webwp\/wp-content\/uploads\/2024\/12\/20241209_153937-Photoroom-tile.jpg\" \/>\n\t<meta property=\"og:image:width\" content=\"2000\" \/>\n\t<meta property=\"og:image:height\" content=\"2000\" \/>\n\t<meta property=\"og:image:type\" content=\"image\/jpeg\" \/>\n<meta name=\"twitter:card\" content=\"summary_large_image\" \/>\n<script type=\"application\/ld+json\" class=\"yoast-schema-graph\">{\"@context\":\"https:\/\/schema.org\",\"@graph\":[{\"@type\":\"WebPage\",\"@id\":\"https:\/\/www.tirito.com.ar\/webwp\/producto\/polvora-stopping-power-imr-4064\/\",\"url\":\"https:\/\/www.tirito.com.ar\/webwp\/producto\/polvora-stopping-power-imr-4064\/\",\"name\":\"P\u00f3lvora Stopping Power IMR 4064 - Tirito\",\"isPartOf\":{\"@id\":\"https:\/\/www.tirito.com.ar\/webwp\/#website\"},\"datePublished\":\"2024-12-10T22:42:51+00:00\",\"dateModified\":\"2025-06-15T23:08:11+00:00\",\"breadcrumb\":{\"@id\":\"https:\/\/www.tirito.com.ar\/webwp\/producto\/polvora-stopping-power-imr-4064\/#breadcrumb\"},\"inLanguage\":\"es-AR\",\"potentialAction\":[{\"@type\":\"ReadAction\",\"target\":[\"https:\/\/www.tirito.com.ar\/webwp\/producto\/polvora-stopping-power-imr-4064\/\"]}]},{\"@type\":\"BreadcrumbList\",\"@id\":\"https:\/\/www.tirito.com.ar\/webwp\/producto\/polvora-stopping-power-imr-4064\/#breadcrumb\",\"itemListElement\":[{\"@type\":\"ListItem\",\"position\":1,\"name\":\"Inicio\",\"item\":\"https:\/\/www.tirito.com.ar\/webwp\/\"},{\"@type\":\"ListItem\",\"position\":2,\"name\":\"Tienda\",\"item\":\"https:\/\/www.tirito.com.ar\/webwp\/tienda\/\"},{\"@type\":\"ListItem\",\"position\":3,\"name\":\"P\u00f3lvora Stopping Power IMR 4064\"}]},{\"@type\":\"WebSite\",\"@id\":\"https:\/\/www.tirito.com.ar\/webwp\/#website\",\"url\":\"https:\/\/www.tirito.com.ar\/webwp\/\",\"name\":\"Tirito\",\"description\":\"Armeria\",\"publisher\":{\"@id\":\"https:\/\/www.tirito.com.ar\/webwp\/#organization\"},\"potentialAction\":[{\"@type\":\"SearchAction\",\"target\":{\"@type\":\"EntryPoint\",\"urlTemplate\":\"https:\/\/www.tirito.com.ar\/webwp\/?s={search_term_string}\"},\"query-input\":\"required name=search_term_string\"}],\"inLanguage\":\"es-AR\"},{\"@type\":\"Organization\",\"@id\":\"https:\/\/www.tirito.com.ar\/webwp\/#organization\",\"name\":\"Tirito\",\"url\":\"https:\/\/www.tirito.com.ar\/webwp\/\",\"sameAs\":[],\"logo\":{\"@type\":\"ImageObject\",\"inLanguage\":\"es-AR\",\"@id\":\"https:\/\/www.tirito.com.ar\/webwp\/#\/schema\/logo\/image\/\",\"url\":\"http:\/\/www.tirito.com.ar\/webwp\/wp-content\/uploads\/2022\/10\/tirilogo3.png\",\"contentUrl\":\"http:\/\/www.tirito.com.ar\/webwp\/wp-content\/uploads\/2022\/10\/tirilogo3.png\",\"width\":200,\"height\":200,\"caption\":\"Tirito\"},\"image\":{\"@id\":\"https:\/\/www.tirito.com.ar\/webwp\/#\/schema\/logo\/image\/\"}}]}<\/script>\n<!-- \/ Yoast SEO plugin. -->","yoast_head_json":{"title":"P\u00f3lvora Stopping Power IMR 4064 - Tirito","robots":{"index":"index","follow":"follow","max-snippet":"max-snippet:-1","max-image-preview":"max-image-preview:large","max-video-preview":"max-video-preview:-1"},"canonical":"https:\/\/www.tirito.com.ar\/webwp\/producto\/polvora-stopping-power-imr-4064\/","og_locale":"es_ES","og_type":"article","og_title":"P\u00f3lvora Stopping Power IMR 4064 - Tirito","og_description":"Consulte por promociones en el local!  P\u00f3lvora IMR 4064 marca Stopping Power  Un propelente de velocidad media de gran popularidad por su innumerable cantidad de usos posibles, mucha versatilidad manteniendo uniformidad y precisi\u00f3n.  Producto de Canad\u00e1 fraccionado en Argentina.  Cu\u00f1ete x 454 gramos \/ 1 Libra \/ 7000 Grains","og_url":"https:\/\/www.tirito.com.ar\/webwp\/producto\/polvora-stopping-power-imr-4064\/","og_site_name":"Tirito","article_modified_time":"2025-06-15T23:08:11+00:00","og_image":[{"width":2000,"height":2000,"url":"https:\/\/www.tirito.com.ar\/webwp\/wp-content\/uploads\/2024\/12\/20241209_153937-Photoroom-tile.jpg","type":"image\/jpeg"}],"twitter_card":"summary_large_image","schema":{"@context":"https:\/\/schema.org","@graph":[{"@type":"WebPage","@id":"https:\/\/www.tirito.com.ar\/webwp\/producto\/polvora-stopping-power-imr-4064\/","url":"https:\/\/www.tirito.com.ar\/webwp\/producto\/polvora-stopping-power-imr-4064\/","name":"P\u00f3lvora Stopping Power IMR 4064 - Tirito","isPartOf":{"@id":"https:\/\/www.tirito.com.ar\/webwp\/#website"},"datePublished":"2024-12-10T22:42:51+00:00","dateModified":"2025-06-15T23:08:11+00:00","breadcrumb":{"@id":"https:\/\/www.tirito.com.ar\/webwp\/producto\/polvora-stopping-power-imr-4064\/#breadcrumb"},"inLanguage":"es-AR","potentialAction":[{"@type":"ReadAction","target":["https:\/\/www.tirito.com.ar\/webwp\/producto\/polvora-stopping-power-imr-4064\/"]}]},{"@type":"BreadcrumbList","@id":"https:\/\/www.tirito.com.ar\/webwp\/producto\/polvora-stopping-power-imr-4064\/#breadcrumb","itemListElement":[{"@type":"ListItem","position":1,"name":"Inicio","item":"https:\/\/www.tirito.com.ar\/webwp\/"},{"@type":"ListItem","position":2,"name":"Tienda","item":"https:\/\/www.tirito.com.ar\/webwp\/tienda\/"},{"@type":"ListItem","position":3,"name":"P\u00f3lvora Stopping Power IMR 4064"}]},{"@type":"WebSite","@id":"https:\/\/www.tirito.com.ar\/webwp\/#website","url":"https:\/\/www.tirito.com.ar\/webwp\/","name":"Tirito","description":"Armeria","publisher":{"@id":"https:\/\/www.tirito.com.ar\/webwp\/#organization"},"potentialAction":[{"@type":"SearchAction","target":{"@type":"EntryPoint","urlTemplate":"https:\/\/www.tirito.com.ar\/webwp\/?s={search_term_string}"},"query-input":"required name=search_term_string"}],"inLanguage":"es-AR"},{"@type":"Organization","@id":"https:\/\/www.tirito.com.ar\/webwp\/#organization","name":"Tirito","url":"https:\/\/www.tirito.com.ar\/webwp\/","sameAs":[],"logo":{"@type":"ImageObject","inLanguage":"es-AR","@id":"https:\/\/www.tirito.com.ar\/webwp\/#\/schema\/logo\/image\/","url":"http:\/\/www.tirito.com.ar\/webwp\/wp-content\/uploads\/2022\/10\/tirilogo3.png","contentUrl":"http:\/\/www.tirito.com.ar\/webwp\/wp-content\/uploads\/2022\/10\/tirilogo3.png","width":200,"height":200,"caption":"Tirito"},"image":{"@id":"https:\/\/www.tirito.com.ar\/webwp\/#\/schema\/logo\/image\/"}}]}},"_links":{"self":[{"href":"https:\/\/www.tirito.com.ar\/webwp\/wp-json\/wp\/v2\/product\/13256"}],"collection":[{"href":"https:\/\/www.tirito.com.ar\/webwp\/wp-json\/wp\/v2\/product"}],"about":[{"href":"https:\/\/www.tirito.com.ar\/webwp\/wp-json\/wp\/v2\/types\/product"}],"wp:featuredmedia":[{"embeddable":true,"href":"https:\/\/www.tirito.com.ar\/webwp\/wp-json\/wp\/v2\/media\/13252"}],"wp:attachment":[{"href":"https:\/\/www.tirito.com.ar\/webwp\/wp-json\/wp\/v2\/media?parent=13256"}],"wp:term":[{"taxonomy":"product_cat","embeddable":true,"href":"https:\/\/www.tirito.com.ar\/webwp\/wp-json\/wp\/v2\/product_cat?post=13256"},{"taxonomy":"product_tag","embeddable":true,"href":"https:\/\/www.tirito.com.ar\/webwp\/wp-json\/wp\/v2\/product_tag?post=13256"}],"curies":[{"name":"wp","href":"https:\/\/api.w.org\/{rel}","templated":true}]}}