{"id":12717,"date":"2022-11-18T19:21:55","date_gmt":"2022-11-18T22:21:55","guid":{"rendered":"https:\/\/www.tirito.com.ar\/webwp\/?post_type=product&#038;p=12717"},"modified":"2024-11-18T19:22:52","modified_gmt":"2024-11-18T22:22:52","slug":"escopeta-hatsan-escort-bts12-fde","status":"publish","type":"product","link":"https:\/\/www.tirito.com.ar\/webwp\/producto\/escopeta-hatsan-escort-bts12-fde\/","title":{"rendered":"Escopeta Hatsan Escort BTS12 FDE"},"content":{"rendered":"","protected":false},"excerpt":{"rendered":"<p>Escopeta Semiautom\u00e1tica Hatsan Modelo Escort BTS12 FDE Cal. 12\/76<\/p>\n<p><b>Ca\u00f1\u00f3n de 20\u201d. Capacidad de 10 Tiros + 1. Riel Picatinny. Incluye 5 choques intercambiables. Culata tipo BullPup de pol\u00edmero regulable y empu\u00f1adura de pistola integrada. Rieles Picatinny laterales desmontables incluidos. Estuche r\u00edgido. Manija de transporte desmontable con aparatos de punter\u00eda regulables incorporados. Set de alza y guion rebatibles incluido.\u00a0<\/b><\/p>\n<p><b>Incluye tres cargadores: de 2, 5 y 10 tiros<\/b><\/p>\n<p>\u2013 Nueva 0 km \u2013<\/p>\n<p><strong>AL MEJOR VALOR DEL MERCADO COMO SIEMPRE\u2026<\/strong><br \/>\n<strong>LLAMANOS AL (011)4203-8236 Y TE PASAMOS EL PRECIO\u2026!!!<\/strong><\/p>\n<p><strong>ADEMAS DE ESO TE PRESENTAMOS EL TRAMITE \u201cSIN GASTO DE GESTION\u201d<\/strong><\/p>\n","protected":false},"featured_media":12689,"template":"","meta":{"_ti_tpc_template_sync":false,"_ti_tpc_template_id":""},"product_cat":[1278],"product_tag":[1290,525,1276,1289,636],"yoast_head":"<!-- This site is optimized with the Yoast SEO plugin v19.8 - https:\/\/yoast.com\/wordpress\/plugins\/seo\/ -->\n<title>Escopeta Hatsan Escort BTS12 FDE - Tirito<\/title>\n<meta name=\"robots\" content=\"index, follow, max-snippet:-1, max-image-preview:large, max-video-preview:-1\" \/>\n<link rel=\"canonical\" href=\"https:\/\/www.tirito.com.ar\/webwp\/producto\/escopeta-hatsan-escort-bts12-fde\/\" \/>\n<meta property=\"og:locale\" content=\"es_ES\" \/>\n<meta property=\"og:type\" content=\"article\" \/>\n<meta property=\"og:title\" content=\"Escopeta Hatsan Escort BTS12 FDE - Tirito\" \/>\n<meta property=\"og:description\" content=\"Escopeta Semiautom\u00e1tica Hatsan Modelo Escort BTS12 FDE Cal. 12\/76  Ca\u00f1\u00f3n de 20\u201d. Capacidad de 10 Tiros + 1. Riel Picatinny. Incluye 5 choques intercambiables. Culata tipo BullPup de pol\u00edmero regulable y empu\u00f1adura de pistola integrada. Rieles Picatinny laterales desmontables incluidos. Estuche r\u00edgido. Manija de transporte desmontable con aparatos de punter\u00eda regulables incorporados. Set de alza y guion rebatibles incluido.\u00a0  Incluye tres cargadores: de 2, 5 y 10 tiros  \u2013 Nueva 0 km \u2013  AL MEJOR VALOR DEL MERCADO COMO SIEMPRE\u2026 LLAMANOS AL (011)4203-8236 Y TE PASAMOS EL PRECIO\u2026!!!  ADEMAS DE ESO TE PRESENTAMOS EL TRAMITE \u201cSIN GASTO DE GESTION\u201d\" \/>\n<meta property=\"og:url\" content=\"https:\/\/www.tirito.com.ar\/webwp\/producto\/escopeta-hatsan-escort-bts12-fde\/\" \/>\n<meta property=\"og:site_name\" content=\"Tirito\" \/>\n<meta property=\"article:modified_time\" content=\"2024-11-18T22:22:52+00:00\" \/>\n<meta property=\"og:image\" content=\"http:\/\/www.tirito.com.ar\/webwp\/wp-content\/uploads\/2024\/11\/hbtsfde-tile.jpg\" \/>\n\t<meta property=\"og:image:width\" content=\"2000\" \/>\n\t<meta property=\"og:image:height\" content=\"2000\" \/>\n\t<meta property=\"og:image:type\" content=\"image\/jpeg\" \/>\n<meta name=\"twitter:card\" content=\"summary_large_image\" \/>\n<script type=\"application\/ld+json\" class=\"yoast-schema-graph\">{\"@context\":\"https:\/\/schema.org\",\"@graph\":[{\"@type\":\"WebPage\",\"@id\":\"https:\/\/www.tirito.com.ar\/webwp\/producto\/escopeta-hatsan-escort-bts12-fde\/\",\"url\":\"https:\/\/www.tirito.com.ar\/webwp\/producto\/escopeta-hatsan-escort-bts12-fde\/\",\"name\":\"Escopeta Hatsan Escort BTS12 FDE - Tirito\",\"isPartOf\":{\"@id\":\"https:\/\/www.tirito.com.ar\/webwp\/#website\"},\"datePublished\":\"2022-11-18T22:21:55+00:00\",\"dateModified\":\"2024-11-18T22:22:52+00:00\",\"breadcrumb\":{\"@id\":\"https:\/\/www.tirito.com.ar\/webwp\/producto\/escopeta-hatsan-escort-bts12-fde\/#breadcrumb\"},\"inLanguage\":\"es-AR\",\"potentialAction\":[{\"@type\":\"ReadAction\",\"target\":[\"https:\/\/www.tirito.com.ar\/webwp\/producto\/escopeta-hatsan-escort-bts12-fde\/\"]}]},{\"@type\":\"BreadcrumbList\",\"@id\":\"https:\/\/www.tirito.com.ar\/webwp\/producto\/escopeta-hatsan-escort-bts12-fde\/#breadcrumb\",\"itemListElement\":[{\"@type\":\"ListItem\",\"position\":1,\"name\":\"Inicio\",\"item\":\"https:\/\/www.tirito.com.ar\/webwp\/\"},{\"@type\":\"ListItem\",\"position\":2,\"name\":\"Tienda\",\"item\":\"https:\/\/www.tirito.com.ar\/webwp\/tienda\/\"},{\"@type\":\"ListItem\",\"position\":3,\"name\":\"Escopeta Hatsan Escort BTS12 FDE\"}]},{\"@type\":\"WebSite\",\"@id\":\"https:\/\/www.tirito.com.ar\/webwp\/#website\",\"url\":\"https:\/\/www.tirito.com.ar\/webwp\/\",\"name\":\"Tirito\",\"description\":\"Armeria\",\"publisher\":{\"@id\":\"https:\/\/www.tirito.com.ar\/webwp\/#organization\"},\"potentialAction\":[{\"@type\":\"SearchAction\",\"target\":{\"@type\":\"EntryPoint\",\"urlTemplate\":\"https:\/\/www.tirito.com.ar\/webwp\/?s={search_term_string}\"},\"query-input\":\"required name=search_term_string\"}],\"inLanguage\":\"es-AR\"},{\"@type\":\"Organization\",\"@id\":\"https:\/\/www.tirito.com.ar\/webwp\/#organization\",\"name\":\"Tirito\",\"url\":\"https:\/\/www.tirito.com.ar\/webwp\/\",\"sameAs\":[],\"logo\":{\"@type\":\"ImageObject\",\"inLanguage\":\"es-AR\",\"@id\":\"https:\/\/www.tirito.com.ar\/webwp\/#\/schema\/logo\/image\/\",\"url\":\"http:\/\/www.tirito.com.ar\/webwp\/wp-content\/uploads\/2022\/10\/tirilogo3.png\",\"contentUrl\":\"http:\/\/www.tirito.com.ar\/webwp\/wp-content\/uploads\/2022\/10\/tirilogo3.png\",\"width\":200,\"height\":200,\"caption\":\"Tirito\"},\"image\":{\"@id\":\"https:\/\/www.tirito.com.ar\/webwp\/#\/schema\/logo\/image\/\"}}]}<\/script>\n<!-- \/ Yoast SEO plugin. -->","yoast_head_json":{"title":"Escopeta Hatsan Escort BTS12 FDE - Tirito","robots":{"index":"index","follow":"follow","max-snippet":"max-snippet:-1","max-image-preview":"max-image-preview:large","max-video-preview":"max-video-preview:-1"},"canonical":"https:\/\/www.tirito.com.ar\/webwp\/producto\/escopeta-hatsan-escort-bts12-fde\/","og_locale":"es_ES","og_type":"article","og_title":"Escopeta Hatsan Escort BTS12 FDE - Tirito","og_description":"Escopeta Semiautom\u00e1tica Hatsan Modelo Escort BTS12 FDE Cal. 12\/76  Ca\u00f1\u00f3n de 20\u201d. Capacidad de 10 Tiros + 1. Riel Picatinny. Incluye 5 choques intercambiables. Culata tipo BullPup de pol\u00edmero regulable y empu\u00f1adura de pistola integrada. Rieles Picatinny laterales desmontables incluidos. Estuche r\u00edgido. Manija de transporte desmontable con aparatos de punter\u00eda regulables incorporados. Set de alza y guion rebatibles incluido.\u00a0  Incluye tres cargadores: de 2, 5 y 10 tiros  \u2013 Nueva 0 km \u2013  AL MEJOR VALOR DEL MERCADO COMO SIEMPRE\u2026 LLAMANOS AL (011)4203-8236 Y TE PASAMOS EL PRECIO\u2026!!!  ADEMAS DE ESO TE PRESENTAMOS EL TRAMITE \u201cSIN GASTO DE GESTION\u201d","og_url":"https:\/\/www.tirito.com.ar\/webwp\/producto\/escopeta-hatsan-escort-bts12-fde\/","og_site_name":"Tirito","article_modified_time":"2024-11-18T22:22:52+00:00","og_image":[{"width":2000,"height":2000,"url":"http:\/\/www.tirito.com.ar\/webwp\/wp-content\/uploads\/2024\/11\/hbtsfde-tile.jpg","type":"image\/jpeg"}],"twitter_card":"summary_large_image","schema":{"@context":"https:\/\/schema.org","@graph":[{"@type":"WebPage","@id":"https:\/\/www.tirito.com.ar\/webwp\/producto\/escopeta-hatsan-escort-bts12-fde\/","url":"https:\/\/www.tirito.com.ar\/webwp\/producto\/escopeta-hatsan-escort-bts12-fde\/","name":"Escopeta Hatsan Escort BTS12 FDE - Tirito","isPartOf":{"@id":"https:\/\/www.tirito.com.ar\/webwp\/#website"},"datePublished":"2022-11-18T22:21:55+00:00","dateModified":"2024-11-18T22:22:52+00:00","breadcrumb":{"@id":"https:\/\/www.tirito.com.ar\/webwp\/producto\/escopeta-hatsan-escort-bts12-fde\/#breadcrumb"},"inLanguage":"es-AR","potentialAction":[{"@type":"ReadAction","target":["https:\/\/www.tirito.com.ar\/webwp\/producto\/escopeta-hatsan-escort-bts12-fde\/"]}]},{"@type":"BreadcrumbList","@id":"https:\/\/www.tirito.com.ar\/webwp\/producto\/escopeta-hatsan-escort-bts12-fde\/#breadcrumb","itemListElement":[{"@type":"ListItem","position":1,"name":"Inicio","item":"https:\/\/www.tirito.com.ar\/webwp\/"},{"@type":"ListItem","position":2,"name":"Tienda","item":"https:\/\/www.tirito.com.ar\/webwp\/tienda\/"},{"@type":"ListItem","position":3,"name":"Escopeta Hatsan Escort BTS12 FDE"}]},{"@type":"WebSite","@id":"https:\/\/www.tirito.com.ar\/webwp\/#website","url":"https:\/\/www.tirito.com.ar\/webwp\/","name":"Tirito","description":"Armeria","publisher":{"@id":"https:\/\/www.tirito.com.ar\/webwp\/#organization"},"potentialAction":[{"@type":"SearchAction","target":{"@type":"EntryPoint","urlTemplate":"https:\/\/www.tirito.com.ar\/webwp\/?s={search_term_string}"},"query-input":"required name=search_term_string"}],"inLanguage":"es-AR"},{"@type":"Organization","@id":"https:\/\/www.tirito.com.ar\/webwp\/#organization","name":"Tirito","url":"https:\/\/www.tirito.com.ar\/webwp\/","sameAs":[],"logo":{"@type":"ImageObject","inLanguage":"es-AR","@id":"https:\/\/www.tirito.com.ar\/webwp\/#\/schema\/logo\/image\/","url":"http:\/\/www.tirito.com.ar\/webwp\/wp-content\/uploads\/2022\/10\/tirilogo3.png","contentUrl":"http:\/\/www.tirito.com.ar\/webwp\/wp-content\/uploads\/2022\/10\/tirilogo3.png","width":200,"height":200,"caption":"Tirito"},"image":{"@id":"https:\/\/www.tirito.com.ar\/webwp\/#\/schema\/logo\/image\/"}}]}},"_links":{"self":[{"href":"https:\/\/www.tirito.com.ar\/webwp\/wp-json\/wp\/v2\/product\/12717"}],"collection":[{"href":"https:\/\/www.tirito.com.ar\/webwp\/wp-json\/wp\/v2\/product"}],"about":[{"href":"https:\/\/www.tirito.com.ar\/webwp\/wp-json\/wp\/v2\/types\/product"}],"wp:featuredmedia":[{"embeddable":true,"href":"https:\/\/www.tirito.com.ar\/webwp\/wp-json\/wp\/v2\/media\/12689"}],"wp:attachment":[{"href":"https:\/\/www.tirito.com.ar\/webwp\/wp-json\/wp\/v2\/media?parent=12717"}],"wp:term":[{"taxonomy":"product_cat","embeddable":true,"href":"https:\/\/www.tirito.com.ar\/webwp\/wp-json\/wp\/v2\/product_cat?post=12717"},{"taxonomy":"product_tag","embeddable":true,"href":"https:\/\/www.tirito.com.ar\/webwp\/wp-json\/wp\/v2\/product_tag?post=12717"}],"curies":[{"name":"wp","href":"https:\/\/api.w.org\/{rel}","templated":true}]}}