{"id":12620,"date":"2025-10-30T22:42:08","date_gmt":"2025-10-31T01:42:08","guid":{"rendered":"https:\/\/www.tirito.com.ar\/webwp\/?post_type=product&#038;p=12620"},"modified":"2025-10-31T00:00:35","modified_gmt":"2025-10-31T03:00:35","slug":"glock-45-gen-5-mos","status":"publish","type":"product","link":"https:\/\/www.tirito.com.ar\/webwp\/producto\/glock-45-gen-5-mos\/","title":{"rendered":"Glock 45 Gen 5 MOS"},"content":{"rendered":"","protected":false},"excerpt":{"rendered":"<p>Glock 45 Gen 5 MOS<\/p>\n<p>La pistola crossover compacta G45 en 9&#215;19 mm combina una corredera compacta con un armazon de tama\u00f1o completo y tiene todos los beneficios de un modelo Gen5. El G45 incorpora elementos de la 5ta generaci\u00f3n de pistolas Glock, que incluyen un gatillo m\u00e1s suave, la textura del armazon mejorada para un manejo seguro, un reten de cargador reversible, reten de correder ambidiestro, el sistema modular de respaldo (MBS) para ajuste individual y la incre\u00edblemente precisa, Glock Marksman Barrel (GMB). El G45 tambi\u00e9n presenta estr\u00edas frontales que se muelen con precisi\u00f3n hacia adelante, tambien poseen segrinado vertical.<\/p>\n<p>&#8211; Calibre: 9mm Luger<br \/>\n&#8211; Sistema: Safe Action<br \/>\n&#8211; Largo (Total): 189 mm<br \/>\n&#8211; Altura: 139 mm<br \/>\n&#8211; Ancho: 34 mm<br \/>\n&#8211; Long. de Ca\u00f1\u00f3n: 102 mm<br \/>\n&#8211; Peso Cargador Inclu\u00eddo: 695 gramos<br \/>\n&#8211; Capacidad: 17 tiros<br \/>\n&#8211; Resistencia: 2 kg<br \/>\n&#8211; Perfil de Ca\u00f1\u00f3n: derecho, hexagonal<\/p>\n<p><strong>AL MEJOR VALOR DEL MERCADO COMO SIEMPRE&#8230;<\/strong><br \/>\n<strong>ESCRIBINOS X WHATSAPP (011)2301-1176 o\u00a0LLAMANOS AL (011)4203-8236 Y TE PASAMOS EL PRECIO&#8230;!!!<\/strong><\/p>\n","protected":false},"featured_media":12621,"template":"","meta":{"_ti_tpc_template_sync":false,"_ti_tpc_template_id":""},"product_cat":[44],"product_tag":[366,480,46,479,490],"yoast_head":"<!-- This site is optimized with the Yoast SEO plugin v19.8 - https:\/\/yoast.com\/wordpress\/plugins\/seo\/ -->\n<title>Glock 45 Gen 5 MOS - Tirito<\/title>\n<meta name=\"robots\" content=\"index, follow, max-snippet:-1, max-image-preview:large, max-video-preview:-1\" \/>\n<link rel=\"canonical\" href=\"https:\/\/www.tirito.com.ar\/webwp\/producto\/glock-45-gen-5-mos\/\" \/>\n<meta property=\"og:locale\" content=\"es_ES\" \/>\n<meta property=\"og:type\" content=\"article\" \/>\n<meta property=\"og:title\" content=\"Glock 45 Gen 5 MOS - Tirito\" \/>\n<meta property=\"og:description\" content=\"Glock 45 Gen 5 MOS  La pistola crossover compacta G45 en 9x19 mm combina una corredera compacta con un armazon de tama\u00f1o completo y tiene todos los beneficios de un modelo Gen5. El G45 incorpora elementos de la 5ta generaci\u00f3n de pistolas Glock, que incluyen un gatillo m\u00e1s suave, la textura del armazon mejorada para un manejo seguro, un reten de cargador reversible, reten de correder ambidiestro, el sistema modular de respaldo (MBS) para ajuste individual y la incre\u00edblemente precisa, Glock Marksman Barrel (GMB). El G45 tambi\u00e9n presenta estr\u00edas frontales que se muelen con precisi\u00f3n hacia adelante, tambien poseen segrinado vertical.  - Calibre: 9mm Luger - Sistema: Safe Action - Largo (Total): 189 mm - Altura: 139 mm - Ancho: 34 mm - Long. de Ca\u00f1\u00f3n: 102 mm - Peso Cargador Inclu\u00eddo: 695 gramos - Capacidad: 17 tiros - Resistencia: 2 kg - Perfil de Ca\u00f1\u00f3n: derecho, hexagonal  AL MEJOR VALOR DEL MERCADO COMO SIEMPRE... ESCRIBINOS X WHATSAPP (011)2301-1176 o\u00a0LLAMANOS AL (011)4203-8236 Y TE PASAMOS EL PRECIO...!!!\" \/>\n<meta property=\"og:url\" content=\"https:\/\/www.tirito.com.ar\/webwp\/producto\/glock-45-gen-5-mos\/\" \/>\n<meta property=\"og:site_name\" content=\"Tirito\" \/>\n<meta property=\"article:modified_time\" content=\"2025-10-31T03:00:35+00:00\" \/>\n<meta property=\"og:image\" content=\"http:\/\/www.tirito.com.ar\/webwp\/wp-content\/uploads\/2024\/11\/g45mos-tile.jpg\" \/>\n\t<meta property=\"og:image:width\" content=\"2000\" \/>\n\t<meta property=\"og:image:height\" content=\"2000\" \/>\n\t<meta property=\"og:image:type\" content=\"image\/jpeg\" \/>\n<meta name=\"twitter:card\" content=\"summary_large_image\" \/>\n<script type=\"application\/ld+json\" class=\"yoast-schema-graph\">{\"@context\":\"https:\/\/schema.org\",\"@graph\":[{\"@type\":\"WebPage\",\"@id\":\"https:\/\/www.tirito.com.ar\/webwp\/producto\/glock-45-gen-5-mos\/\",\"url\":\"https:\/\/www.tirito.com.ar\/webwp\/producto\/glock-45-gen-5-mos\/\",\"name\":\"Glock 45 Gen 5 MOS - Tirito\",\"isPartOf\":{\"@id\":\"https:\/\/www.tirito.com.ar\/webwp\/#website\"},\"datePublished\":\"2025-10-31T01:42:08+00:00\",\"dateModified\":\"2025-10-31T03:00:35+00:00\",\"breadcrumb\":{\"@id\":\"https:\/\/www.tirito.com.ar\/webwp\/producto\/glock-45-gen-5-mos\/#breadcrumb\"},\"inLanguage\":\"es-AR\",\"potentialAction\":[{\"@type\":\"ReadAction\",\"target\":[\"https:\/\/www.tirito.com.ar\/webwp\/producto\/glock-45-gen-5-mos\/\"]}]},{\"@type\":\"BreadcrumbList\",\"@id\":\"https:\/\/www.tirito.com.ar\/webwp\/producto\/glock-45-gen-5-mos\/#breadcrumb\",\"itemListElement\":[{\"@type\":\"ListItem\",\"position\":1,\"name\":\"Inicio\",\"item\":\"https:\/\/www.tirito.com.ar\/webwp\/\"},{\"@type\":\"ListItem\",\"position\":2,\"name\":\"Tienda\",\"item\":\"https:\/\/www.tirito.com.ar\/webwp\/tienda\/\"},{\"@type\":\"ListItem\",\"position\":3,\"name\":\"Glock 45 Gen 5 MOS\"}]},{\"@type\":\"WebSite\",\"@id\":\"https:\/\/www.tirito.com.ar\/webwp\/#website\",\"url\":\"https:\/\/www.tirito.com.ar\/webwp\/\",\"name\":\"Tirito\",\"description\":\"Armeria\",\"publisher\":{\"@id\":\"https:\/\/www.tirito.com.ar\/webwp\/#organization\"},\"potentialAction\":[{\"@type\":\"SearchAction\",\"target\":{\"@type\":\"EntryPoint\",\"urlTemplate\":\"https:\/\/www.tirito.com.ar\/webwp\/?s={search_term_string}\"},\"query-input\":\"required name=search_term_string\"}],\"inLanguage\":\"es-AR\"},{\"@type\":\"Organization\",\"@id\":\"https:\/\/www.tirito.com.ar\/webwp\/#organization\",\"name\":\"Tirito\",\"url\":\"https:\/\/www.tirito.com.ar\/webwp\/\",\"sameAs\":[],\"logo\":{\"@type\":\"ImageObject\",\"inLanguage\":\"es-AR\",\"@id\":\"https:\/\/www.tirito.com.ar\/webwp\/#\/schema\/logo\/image\/\",\"url\":\"http:\/\/www.tirito.com.ar\/webwp\/wp-content\/uploads\/2022\/10\/tirilogo3.png\",\"contentUrl\":\"http:\/\/www.tirito.com.ar\/webwp\/wp-content\/uploads\/2022\/10\/tirilogo3.png\",\"width\":200,\"height\":200,\"caption\":\"Tirito\"},\"image\":{\"@id\":\"https:\/\/www.tirito.com.ar\/webwp\/#\/schema\/logo\/image\/\"}}]}<\/script>\n<!-- \/ Yoast SEO plugin. -->","yoast_head_json":{"title":"Glock 45 Gen 5 MOS - Tirito","robots":{"index":"index","follow":"follow","max-snippet":"max-snippet:-1","max-image-preview":"max-image-preview:large","max-video-preview":"max-video-preview:-1"},"canonical":"https:\/\/www.tirito.com.ar\/webwp\/producto\/glock-45-gen-5-mos\/","og_locale":"es_ES","og_type":"article","og_title":"Glock 45 Gen 5 MOS - Tirito","og_description":"Glock 45 Gen 5 MOS  La pistola crossover compacta G45 en 9x19 mm combina una corredera compacta con un armazon de tama\u00f1o completo y tiene todos los beneficios de un modelo Gen5. El G45 incorpora elementos de la 5ta generaci\u00f3n de pistolas Glock, que incluyen un gatillo m\u00e1s suave, la textura del armazon mejorada para un manejo seguro, un reten de cargador reversible, reten de correder ambidiestro, el sistema modular de respaldo (MBS) para ajuste individual y la incre\u00edblemente precisa, Glock Marksman Barrel (GMB). El G45 tambi\u00e9n presenta estr\u00edas frontales que se muelen con precisi\u00f3n hacia adelante, tambien poseen segrinado vertical.  - Calibre: 9mm Luger - Sistema: Safe Action - Largo (Total): 189 mm - Altura: 139 mm - Ancho: 34 mm - Long. de Ca\u00f1\u00f3n: 102 mm - Peso Cargador Inclu\u00eddo: 695 gramos - Capacidad: 17 tiros - Resistencia: 2 kg - Perfil de Ca\u00f1\u00f3n: derecho, hexagonal  AL MEJOR VALOR DEL MERCADO COMO SIEMPRE... ESCRIBINOS X WHATSAPP (011)2301-1176 o\u00a0LLAMANOS AL (011)4203-8236 Y TE PASAMOS EL PRECIO...!!!","og_url":"https:\/\/www.tirito.com.ar\/webwp\/producto\/glock-45-gen-5-mos\/","og_site_name":"Tirito","article_modified_time":"2025-10-31T03:00:35+00:00","og_image":[{"width":2000,"height":2000,"url":"http:\/\/www.tirito.com.ar\/webwp\/wp-content\/uploads\/2024\/11\/g45mos-tile.jpg","type":"image\/jpeg"}],"twitter_card":"summary_large_image","schema":{"@context":"https:\/\/schema.org","@graph":[{"@type":"WebPage","@id":"https:\/\/www.tirito.com.ar\/webwp\/producto\/glock-45-gen-5-mos\/","url":"https:\/\/www.tirito.com.ar\/webwp\/producto\/glock-45-gen-5-mos\/","name":"Glock 45 Gen 5 MOS - Tirito","isPartOf":{"@id":"https:\/\/www.tirito.com.ar\/webwp\/#website"},"datePublished":"2025-10-31T01:42:08+00:00","dateModified":"2025-10-31T03:00:35+00:00","breadcrumb":{"@id":"https:\/\/www.tirito.com.ar\/webwp\/producto\/glock-45-gen-5-mos\/#breadcrumb"},"inLanguage":"es-AR","potentialAction":[{"@type":"ReadAction","target":["https:\/\/www.tirito.com.ar\/webwp\/producto\/glock-45-gen-5-mos\/"]}]},{"@type":"BreadcrumbList","@id":"https:\/\/www.tirito.com.ar\/webwp\/producto\/glock-45-gen-5-mos\/#breadcrumb","itemListElement":[{"@type":"ListItem","position":1,"name":"Inicio","item":"https:\/\/www.tirito.com.ar\/webwp\/"},{"@type":"ListItem","position":2,"name":"Tienda","item":"https:\/\/www.tirito.com.ar\/webwp\/tienda\/"},{"@type":"ListItem","position":3,"name":"Glock 45 Gen 5 MOS"}]},{"@type":"WebSite","@id":"https:\/\/www.tirito.com.ar\/webwp\/#website","url":"https:\/\/www.tirito.com.ar\/webwp\/","name":"Tirito","description":"Armeria","publisher":{"@id":"https:\/\/www.tirito.com.ar\/webwp\/#organization"},"potentialAction":[{"@type":"SearchAction","target":{"@type":"EntryPoint","urlTemplate":"https:\/\/www.tirito.com.ar\/webwp\/?s={search_term_string}"},"query-input":"required name=search_term_string"}],"inLanguage":"es-AR"},{"@type":"Organization","@id":"https:\/\/www.tirito.com.ar\/webwp\/#organization","name":"Tirito","url":"https:\/\/www.tirito.com.ar\/webwp\/","sameAs":[],"logo":{"@type":"ImageObject","inLanguage":"es-AR","@id":"https:\/\/www.tirito.com.ar\/webwp\/#\/schema\/logo\/image\/","url":"http:\/\/www.tirito.com.ar\/webwp\/wp-content\/uploads\/2022\/10\/tirilogo3.png","contentUrl":"http:\/\/www.tirito.com.ar\/webwp\/wp-content\/uploads\/2022\/10\/tirilogo3.png","width":200,"height":200,"caption":"Tirito"},"image":{"@id":"https:\/\/www.tirito.com.ar\/webwp\/#\/schema\/logo\/image\/"}}]}},"_links":{"self":[{"href":"https:\/\/www.tirito.com.ar\/webwp\/wp-json\/wp\/v2\/product\/12620"}],"collection":[{"href":"https:\/\/www.tirito.com.ar\/webwp\/wp-json\/wp\/v2\/product"}],"about":[{"href":"https:\/\/www.tirito.com.ar\/webwp\/wp-json\/wp\/v2\/types\/product"}],"wp:featuredmedia":[{"embeddable":true,"href":"https:\/\/www.tirito.com.ar\/webwp\/wp-json\/wp\/v2\/media\/12621"}],"wp:attachment":[{"href":"https:\/\/www.tirito.com.ar\/webwp\/wp-json\/wp\/v2\/media?parent=12620"}],"wp:term":[{"taxonomy":"product_cat","embeddable":true,"href":"https:\/\/www.tirito.com.ar\/webwp\/wp-json\/wp\/v2\/product_cat?post=12620"},{"taxonomy":"product_tag","embeddable":true,"href":"https:\/\/www.tirito.com.ar\/webwp\/wp-json\/wp\/v2\/product_tag?post=12620"}],"curies":[{"name":"wp","href":"https:\/\/api.w.org\/{rel}","templated":true}]}}