{"id":12604,"date":"2022-11-16T19:11:39","date_gmt":"2022-11-16T22:11:39","guid":{"rendered":"https:\/\/www.tirito.com.ar\/webwp\/?post_type=product&#038;p=12604"},"modified":"2025-10-30T22:45:41","modified_gmt":"2025-10-31T01:45:41","slug":"glock-17-gen-5-2","status":"publish","type":"product","link":"https:\/\/www.tirito.com.ar\/webwp\/producto\/glock-17-gen-5-2\/","title":{"rendered":"Glock 17 Gen 5"},"content":{"rendered":"","protected":false},"excerpt":{"rendered":"<p>El nuevo dise\u00f1o del armazon de la GLOCK 17 Gen5 elimin\u00f3 la forma de los dedos en la empu\u00f1adura para una mayor versatilidad, pero a\u00fan as\u00ed permite personalizar f\u00e1cilmente su agarre utilizando los diferentes lomos intercambiables, (back straps). El embudo y un recorte en la parte frontal de la empu\u00f1adura le dan al usuario m\u00e1s velocidad durante la recarga cuando las fracciones de segundo importan. El reten de cargador reversible, que se puede cambiar a la necesidad del usuario, as\u00ed como el reten de corredera ambidiestro se adaptan a los operadores diestros y zurdos. La estria poligonal y boca del ca\u00f1\u00f3n se modificaron ligeramente para aumentar la precisi\u00f3n.<\/p>\n<p>&#8211; Calibre: 9 mm Luger<br \/>\n&#8211; Sistema: Safe Action<br \/>\n&#8211; Largo (Total): 202 mm<br \/>\n&#8211; Altura: 139 mm<br \/>\n&#8211; Ancho: 34 mm<br \/>\n&#8211; Long. de Ca\u00f1\u00f3n: 114 mm<br \/>\n&#8211; Peso Cargador Inclu\u00eddo: 711 g<br \/>\n&#8211; Capacidad: Est\u00e1ndar 17<br \/>\n&#8211; Resistencia: 2,5 kg<\/p>\n<p><strong>AL MEJOR VALOR DEL MERCADO COMO SIEMPRE&#8230;<\/strong><br \/>\n<strong>LLAMANOS AL (011)4203-8236 Y TE PASAMOS EL PRECIO&#8230;!!!<\/strong><\/p>\n<p><strong>ADEMAS DE ESO TE PRESENTAMOS EL TRAMITE &#8220;SIN GASTO DE GESTION&#8221;<\/strong><\/p>\n<p>&nbsp;<\/p>\n","protected":false},"featured_media":12606,"template":"","meta":{"_ti_tpc_template_sync":false,"_ti_tpc_template_id":""},"product_cat":[44],"product_tag":[366,480,46,165],"yoast_head":"<!-- This site is optimized with the Yoast SEO plugin v19.8 - https:\/\/yoast.com\/wordpress\/plugins\/seo\/ -->\n<title>Glock 17 Gen 5 - Tirito<\/title>\n<meta name=\"robots\" content=\"index, follow, max-snippet:-1, max-image-preview:large, max-video-preview:-1\" \/>\n<link rel=\"canonical\" href=\"https:\/\/www.tirito.com.ar\/webwp\/producto\/glock-17-gen-5-2\/\" \/>\n<meta property=\"og:locale\" content=\"es_ES\" \/>\n<meta property=\"og:type\" content=\"article\" \/>\n<meta property=\"og:title\" content=\"Glock 17 Gen 5 - Tirito\" \/>\n<meta property=\"og:description\" content=\"El nuevo dise\u00f1o del armazon de la GLOCK 17 Gen5 elimin\u00f3 la forma de los dedos en la empu\u00f1adura para una mayor versatilidad, pero a\u00fan as\u00ed permite personalizar f\u00e1cilmente su agarre utilizando los diferentes lomos intercambiables, (back straps). El embudo y un recorte en la parte frontal de la empu\u00f1adura le dan al usuario m\u00e1s velocidad durante la recarga cuando las fracciones de segundo importan. El reten de cargador reversible, que se puede cambiar a la necesidad del usuario, as\u00ed como el reten de corredera ambidiestro se adaptan a los operadores diestros y zurdos. La estria poligonal y boca del ca\u00f1\u00f3n se modificaron ligeramente para aumentar la precisi\u00f3n.  - Calibre: 9 mm Luger - Sistema: Safe Action - Largo (Total): 202 mm - Altura: 139 mm - Ancho: 34 mm - Long. de Ca\u00f1\u00f3n: 114 mm - Peso Cargador Inclu\u00eddo: 711 g - Capacidad: Est\u00e1ndar 17 - Resistencia: 2,5 kg  AL MEJOR VALOR DEL MERCADO COMO SIEMPRE... LLAMANOS AL (011)4203-8236 Y TE PASAMOS EL PRECIO...!!!  ADEMAS DE ESO TE PRESENTAMOS EL TRAMITE &quot;SIN GASTO DE GESTION&quot;  &nbsp;\" \/>\n<meta property=\"og:url\" content=\"https:\/\/www.tirito.com.ar\/webwp\/producto\/glock-17-gen-5-2\/\" \/>\n<meta property=\"og:site_name\" content=\"Tirito\" \/>\n<meta property=\"article:modified_time\" content=\"2025-10-31T01:45:41+00:00\" \/>\n<meta property=\"og:image\" content=\"http:\/\/www.tirito.com.ar\/webwp\/wp-content\/uploads\/2024\/11\/17g5-tile.jpg\" \/>\n\t<meta property=\"og:image:width\" content=\"2000\" \/>\n\t<meta property=\"og:image:height\" content=\"2000\" \/>\n\t<meta property=\"og:image:type\" content=\"image\/jpeg\" \/>\n<meta name=\"twitter:card\" content=\"summary_large_image\" \/>\n<script type=\"application\/ld+json\" class=\"yoast-schema-graph\">{\"@context\":\"https:\/\/schema.org\",\"@graph\":[{\"@type\":\"WebPage\",\"@id\":\"https:\/\/www.tirito.com.ar\/webwp\/producto\/glock-17-gen-5-2\/\",\"url\":\"https:\/\/www.tirito.com.ar\/webwp\/producto\/glock-17-gen-5-2\/\",\"name\":\"Glock 17 Gen 5 - Tirito\",\"isPartOf\":{\"@id\":\"https:\/\/www.tirito.com.ar\/webwp\/#website\"},\"datePublished\":\"2022-11-16T22:11:39+00:00\",\"dateModified\":\"2025-10-31T01:45:41+00:00\",\"breadcrumb\":{\"@id\":\"https:\/\/www.tirito.com.ar\/webwp\/producto\/glock-17-gen-5-2\/#breadcrumb\"},\"inLanguage\":\"es-AR\",\"potentialAction\":[{\"@type\":\"ReadAction\",\"target\":[\"https:\/\/www.tirito.com.ar\/webwp\/producto\/glock-17-gen-5-2\/\"]}]},{\"@type\":\"BreadcrumbList\",\"@id\":\"https:\/\/www.tirito.com.ar\/webwp\/producto\/glock-17-gen-5-2\/#breadcrumb\",\"itemListElement\":[{\"@type\":\"ListItem\",\"position\":1,\"name\":\"Inicio\",\"item\":\"https:\/\/www.tirito.com.ar\/webwp\/\"},{\"@type\":\"ListItem\",\"position\":2,\"name\":\"Tienda\",\"item\":\"https:\/\/www.tirito.com.ar\/webwp\/tienda\/\"},{\"@type\":\"ListItem\",\"position\":3,\"name\":\"Glock 17 Gen 5\"}]},{\"@type\":\"WebSite\",\"@id\":\"https:\/\/www.tirito.com.ar\/webwp\/#website\",\"url\":\"https:\/\/www.tirito.com.ar\/webwp\/\",\"name\":\"Tirito\",\"description\":\"Armeria\",\"publisher\":{\"@id\":\"https:\/\/www.tirito.com.ar\/webwp\/#organization\"},\"potentialAction\":[{\"@type\":\"SearchAction\",\"target\":{\"@type\":\"EntryPoint\",\"urlTemplate\":\"https:\/\/www.tirito.com.ar\/webwp\/?s={search_term_string}\"},\"query-input\":\"required name=search_term_string\"}],\"inLanguage\":\"es-AR\"},{\"@type\":\"Organization\",\"@id\":\"https:\/\/www.tirito.com.ar\/webwp\/#organization\",\"name\":\"Tirito\",\"url\":\"https:\/\/www.tirito.com.ar\/webwp\/\",\"sameAs\":[],\"logo\":{\"@type\":\"ImageObject\",\"inLanguage\":\"es-AR\",\"@id\":\"https:\/\/www.tirito.com.ar\/webwp\/#\/schema\/logo\/image\/\",\"url\":\"http:\/\/www.tirito.com.ar\/webwp\/wp-content\/uploads\/2022\/10\/tirilogo3.png\",\"contentUrl\":\"http:\/\/www.tirito.com.ar\/webwp\/wp-content\/uploads\/2022\/10\/tirilogo3.png\",\"width\":200,\"height\":200,\"caption\":\"Tirito\"},\"image\":{\"@id\":\"https:\/\/www.tirito.com.ar\/webwp\/#\/schema\/logo\/image\/\"}}]}<\/script>\n<!-- \/ Yoast SEO plugin. -->","yoast_head_json":{"title":"Glock 17 Gen 5 - Tirito","robots":{"index":"index","follow":"follow","max-snippet":"max-snippet:-1","max-image-preview":"max-image-preview:large","max-video-preview":"max-video-preview:-1"},"canonical":"https:\/\/www.tirito.com.ar\/webwp\/producto\/glock-17-gen-5-2\/","og_locale":"es_ES","og_type":"article","og_title":"Glock 17 Gen 5 - Tirito","og_description":"El nuevo dise\u00f1o del armazon de la GLOCK 17 Gen5 elimin\u00f3 la forma de los dedos en la empu\u00f1adura para una mayor versatilidad, pero a\u00fan as\u00ed permite personalizar f\u00e1cilmente su agarre utilizando los diferentes lomos intercambiables, (back straps). El embudo y un recorte en la parte frontal de la empu\u00f1adura le dan al usuario m\u00e1s velocidad durante la recarga cuando las fracciones de segundo importan. El reten de cargador reversible, que se puede cambiar a la necesidad del usuario, as\u00ed como el reten de corredera ambidiestro se adaptan a los operadores diestros y zurdos. La estria poligonal y boca del ca\u00f1\u00f3n se modificaron ligeramente para aumentar la precisi\u00f3n.  - Calibre: 9 mm Luger - Sistema: Safe Action - Largo (Total): 202 mm - Altura: 139 mm - Ancho: 34 mm - Long. de Ca\u00f1\u00f3n: 114 mm - Peso Cargador Inclu\u00eddo: 711 g - Capacidad: Est\u00e1ndar 17 - Resistencia: 2,5 kg  AL MEJOR VALOR DEL MERCADO COMO SIEMPRE... LLAMANOS AL (011)4203-8236 Y TE PASAMOS EL PRECIO...!!!  ADEMAS DE ESO TE PRESENTAMOS EL TRAMITE \"SIN GASTO DE GESTION\"  &nbsp;","og_url":"https:\/\/www.tirito.com.ar\/webwp\/producto\/glock-17-gen-5-2\/","og_site_name":"Tirito","article_modified_time":"2025-10-31T01:45:41+00:00","og_image":[{"width":2000,"height":2000,"url":"http:\/\/www.tirito.com.ar\/webwp\/wp-content\/uploads\/2024\/11\/17g5-tile.jpg","type":"image\/jpeg"}],"twitter_card":"summary_large_image","schema":{"@context":"https:\/\/schema.org","@graph":[{"@type":"WebPage","@id":"https:\/\/www.tirito.com.ar\/webwp\/producto\/glock-17-gen-5-2\/","url":"https:\/\/www.tirito.com.ar\/webwp\/producto\/glock-17-gen-5-2\/","name":"Glock 17 Gen 5 - Tirito","isPartOf":{"@id":"https:\/\/www.tirito.com.ar\/webwp\/#website"},"datePublished":"2022-11-16T22:11:39+00:00","dateModified":"2025-10-31T01:45:41+00:00","breadcrumb":{"@id":"https:\/\/www.tirito.com.ar\/webwp\/producto\/glock-17-gen-5-2\/#breadcrumb"},"inLanguage":"es-AR","potentialAction":[{"@type":"ReadAction","target":["https:\/\/www.tirito.com.ar\/webwp\/producto\/glock-17-gen-5-2\/"]}]},{"@type":"BreadcrumbList","@id":"https:\/\/www.tirito.com.ar\/webwp\/producto\/glock-17-gen-5-2\/#breadcrumb","itemListElement":[{"@type":"ListItem","position":1,"name":"Inicio","item":"https:\/\/www.tirito.com.ar\/webwp\/"},{"@type":"ListItem","position":2,"name":"Tienda","item":"https:\/\/www.tirito.com.ar\/webwp\/tienda\/"},{"@type":"ListItem","position":3,"name":"Glock 17 Gen 5"}]},{"@type":"WebSite","@id":"https:\/\/www.tirito.com.ar\/webwp\/#website","url":"https:\/\/www.tirito.com.ar\/webwp\/","name":"Tirito","description":"Armeria","publisher":{"@id":"https:\/\/www.tirito.com.ar\/webwp\/#organization"},"potentialAction":[{"@type":"SearchAction","target":{"@type":"EntryPoint","urlTemplate":"https:\/\/www.tirito.com.ar\/webwp\/?s={search_term_string}"},"query-input":"required name=search_term_string"}],"inLanguage":"es-AR"},{"@type":"Organization","@id":"https:\/\/www.tirito.com.ar\/webwp\/#organization","name":"Tirito","url":"https:\/\/www.tirito.com.ar\/webwp\/","sameAs":[],"logo":{"@type":"ImageObject","inLanguage":"es-AR","@id":"https:\/\/www.tirito.com.ar\/webwp\/#\/schema\/logo\/image\/","url":"http:\/\/www.tirito.com.ar\/webwp\/wp-content\/uploads\/2022\/10\/tirilogo3.png","contentUrl":"http:\/\/www.tirito.com.ar\/webwp\/wp-content\/uploads\/2022\/10\/tirilogo3.png","width":200,"height":200,"caption":"Tirito"},"image":{"@id":"https:\/\/www.tirito.com.ar\/webwp\/#\/schema\/logo\/image\/"}}]}},"_links":{"self":[{"href":"https:\/\/www.tirito.com.ar\/webwp\/wp-json\/wp\/v2\/product\/12604"}],"collection":[{"href":"https:\/\/www.tirito.com.ar\/webwp\/wp-json\/wp\/v2\/product"}],"about":[{"href":"https:\/\/www.tirito.com.ar\/webwp\/wp-json\/wp\/v2\/types\/product"}],"wp:featuredmedia":[{"embeddable":true,"href":"https:\/\/www.tirito.com.ar\/webwp\/wp-json\/wp\/v2\/media\/12606"}],"wp:attachment":[{"href":"https:\/\/www.tirito.com.ar\/webwp\/wp-json\/wp\/v2\/media?parent=12604"}],"wp:term":[{"taxonomy":"product_cat","embeddable":true,"href":"https:\/\/www.tirito.com.ar\/webwp\/wp-json\/wp\/v2\/product_cat?post=12604"},{"taxonomy":"product_tag","embeddable":true,"href":"https:\/\/www.tirito.com.ar\/webwp\/wp-json\/wp\/v2\/product_tag?post=12604"}],"curies":[{"name":"wp","href":"https:\/\/api.w.org\/{rel}","templated":true}]}}