{"id":12403,"date":"2021-11-10T17:58:07","date_gmt":"2021-11-10T20:58:07","guid":{"rendered":"https:\/\/www.tirito.com.ar\/webwp\/?post_type=product&#038;p=12403"},"modified":"2024-11-10T18:06:13","modified_gmt":"2024-11-10T21:06:13","slug":"eje-de-articulacion-sh8-10p-usado","status":"publish","type":"product","link":"https:\/\/www.tirito.com.ar\/webwp\/producto\/eje-de-articulacion-sh8-10p-usado\/","title":{"rendered":"Eje de Articulaci\u00f3n &#8211; (SH8-10P) &#8211; USADO"},"content":{"rendered":"","protected":false},"excerpt":{"rendered":"<p>Eje de Articulaci\u00f3n &#8211; Smith &amp; Wesson &#8211; USADO<\/p>\n<p>Pav\u00f3n<\/p>\n<p>Compatible con los siguientes modelos:<\/p>\n<p>Double Action Cal. 32 Corto<\/p>\n<p>Safety Hammerless Cal. 32 Corto<\/p>\n<p>Single Action Cal. 32 Corto<\/p>\n<p>Double Action Cal. 38 Corto<\/p>\n<p>Double Action Perfected Cal. 38 Corto<\/p>\n<p>Safety Hammerless Cal. 38 Corto<\/p>\n<p>Single Action Cal. 38 Corto<\/p>\n<p><strong>C\u00f3digo: SH8-10P<\/strong><\/p>\n<p><img decoding=\"async\" loading=\"lazy\" class=\"alignnone size-full wp-image-6744\" src=\"http:\/\/www.tirito.com.ar\/webwp\/wp-content\/uploads\/2022\/08\/PorCodigo-e1669667774276.jpg\" alt=\"\" width=\"250\" height=\"100\" srcset=\"https:\/\/www.tirito.com.ar\/webwp\/wp-content\/uploads\/2022\/08\/PorCodigo-e1669667774276.jpg 250w, https:\/\/www.tirito.com.ar\/webwp\/wp-content\/uploads\/2022\/08\/PorCodigo-e1669667774276-64x26.jpg 64w\" sizes=\"(max-width: 250px) 100vw, 250px\" \/><\/p>\n","protected":false},"featured_media":12401,"template":"","meta":{"_ti_tpc_template_sync":false,"_ti_tpc_template_id":""},"product_cat":[1212,1211,1177,1210,1209,1213,1214],"product_tag":[1222,1223,1219,1225,1216,1020,1221,691,1224,1220,1227,1217,1226,1218,91],"yoast_head":"<!-- This site is optimized with the Yoast SEO plugin v19.8 - https:\/\/yoast.com\/wordpress\/plugins\/seo\/ -->\n<title>Eje de Articulaci\u00f3n - (SH8-10P) - USADO - Tirito<\/title>\n<meta name=\"robots\" content=\"index, follow, max-snippet:-1, max-image-preview:large, max-video-preview:-1\" \/>\n<link rel=\"canonical\" href=\"https:\/\/www.tirito.com.ar\/webwp\/producto\/eje-de-articulacion-sh8-10p-usado\/\" \/>\n<meta property=\"og:locale\" content=\"es_ES\" \/>\n<meta property=\"og:type\" content=\"article\" \/>\n<meta property=\"og:title\" content=\"Eje de Articulaci\u00f3n - (SH8-10P) - USADO - Tirito\" \/>\n<meta property=\"og:description\" content=\"Eje de Articulaci\u00f3n - Smith &amp; Wesson - USADO  Pav\u00f3n  Compatible con los siguientes modelos:  Double Action Cal. 32 Corto  Safety Hammerless Cal. 32 Corto  Single Action Cal. 32 Corto  Double Action Cal. 38 Corto  Double Action Perfected Cal. 38 Corto  Safety Hammerless Cal. 38 Corto  Single Action Cal. 38 Corto  C\u00f3digo: SH8-10P\" \/>\n<meta property=\"og:url\" content=\"https:\/\/www.tirito.com.ar\/webwp\/producto\/eje-de-articulacion-sh8-10p-usado\/\" \/>\n<meta property=\"og:site_name\" content=\"Tirito\" \/>\n<meta property=\"article:modified_time\" content=\"2024-11-10T21:06:13+00:00\" \/>\n<meta property=\"og:image\" content=\"https:\/\/www.tirito.com.ar\/webwp\/wp-content\/uploads\/2024\/11\/20241105_150146-Photoroom-tile.jpg\" \/>\n\t<meta property=\"og:image:width\" content=\"2000\" \/>\n\t<meta property=\"og:image:height\" content=\"2000\" \/>\n\t<meta property=\"og:image:type\" content=\"image\/jpeg\" \/>\n<meta name=\"twitter:card\" content=\"summary_large_image\" \/>\n<script type=\"application\/ld+json\" class=\"yoast-schema-graph\">{\"@context\":\"https:\/\/schema.org\",\"@graph\":[{\"@type\":\"WebPage\",\"@id\":\"https:\/\/www.tirito.com.ar\/webwp\/producto\/eje-de-articulacion-sh8-10p-usado\/\",\"url\":\"https:\/\/www.tirito.com.ar\/webwp\/producto\/eje-de-articulacion-sh8-10p-usado\/\",\"name\":\"Eje de Articulaci\u00f3n - (SH8-10P) - USADO - Tirito\",\"isPartOf\":{\"@id\":\"https:\/\/www.tirito.com.ar\/webwp\/#website\"},\"datePublished\":\"2021-11-10T20:58:07+00:00\",\"dateModified\":\"2024-11-10T21:06:13+00:00\",\"breadcrumb\":{\"@id\":\"https:\/\/www.tirito.com.ar\/webwp\/producto\/eje-de-articulacion-sh8-10p-usado\/#breadcrumb\"},\"inLanguage\":\"es-AR\",\"potentialAction\":[{\"@type\":\"ReadAction\",\"target\":[\"https:\/\/www.tirito.com.ar\/webwp\/producto\/eje-de-articulacion-sh8-10p-usado\/\"]}]},{\"@type\":\"BreadcrumbList\",\"@id\":\"https:\/\/www.tirito.com.ar\/webwp\/producto\/eje-de-articulacion-sh8-10p-usado\/#breadcrumb\",\"itemListElement\":[{\"@type\":\"ListItem\",\"position\":1,\"name\":\"Inicio\",\"item\":\"https:\/\/www.tirito.com.ar\/webwp\/\"},{\"@type\":\"ListItem\",\"position\":2,\"name\":\"Tienda\",\"item\":\"https:\/\/www.tirito.com.ar\/webwp\/tienda\/\"},{\"@type\":\"ListItem\",\"position\":3,\"name\":\"Eje de Articulaci\u00f3n &#8211; (SH8-10P) &#8211; USADO\"}]},{\"@type\":\"WebSite\",\"@id\":\"https:\/\/www.tirito.com.ar\/webwp\/#website\",\"url\":\"https:\/\/www.tirito.com.ar\/webwp\/\",\"name\":\"Tirito\",\"description\":\"Armeria\",\"publisher\":{\"@id\":\"https:\/\/www.tirito.com.ar\/webwp\/#organization\"},\"potentialAction\":[{\"@type\":\"SearchAction\",\"target\":{\"@type\":\"EntryPoint\",\"urlTemplate\":\"https:\/\/www.tirito.com.ar\/webwp\/?s={search_term_string}\"},\"query-input\":\"required name=search_term_string\"}],\"inLanguage\":\"es-AR\"},{\"@type\":\"Organization\",\"@id\":\"https:\/\/www.tirito.com.ar\/webwp\/#organization\",\"name\":\"Tirito\",\"url\":\"https:\/\/www.tirito.com.ar\/webwp\/\",\"sameAs\":[],\"logo\":{\"@type\":\"ImageObject\",\"inLanguage\":\"es-AR\",\"@id\":\"https:\/\/www.tirito.com.ar\/webwp\/#\/schema\/logo\/image\/\",\"url\":\"http:\/\/www.tirito.com.ar\/webwp\/wp-content\/uploads\/2022\/10\/tirilogo3.png\",\"contentUrl\":\"http:\/\/www.tirito.com.ar\/webwp\/wp-content\/uploads\/2022\/10\/tirilogo3.png\",\"width\":200,\"height\":200,\"caption\":\"Tirito\"},\"image\":{\"@id\":\"https:\/\/www.tirito.com.ar\/webwp\/#\/schema\/logo\/image\/\"}}]}<\/script>\n<!-- \/ Yoast SEO plugin. -->","yoast_head_json":{"title":"Eje de Articulaci\u00f3n - (SH8-10P) - USADO - Tirito","robots":{"index":"index","follow":"follow","max-snippet":"max-snippet:-1","max-image-preview":"max-image-preview:large","max-video-preview":"max-video-preview:-1"},"canonical":"https:\/\/www.tirito.com.ar\/webwp\/producto\/eje-de-articulacion-sh8-10p-usado\/","og_locale":"es_ES","og_type":"article","og_title":"Eje de Articulaci\u00f3n - (SH8-10P) - USADO - Tirito","og_description":"Eje de Articulaci\u00f3n - Smith &amp; Wesson - USADO  Pav\u00f3n  Compatible con los siguientes modelos:  Double Action Cal. 32 Corto  Safety Hammerless Cal. 32 Corto  Single Action Cal. 32 Corto  Double Action Cal. 38 Corto  Double Action Perfected Cal. 38 Corto  Safety Hammerless Cal. 38 Corto  Single Action Cal. 38 Corto  C\u00f3digo: SH8-10P","og_url":"https:\/\/www.tirito.com.ar\/webwp\/producto\/eje-de-articulacion-sh8-10p-usado\/","og_site_name":"Tirito","article_modified_time":"2024-11-10T21:06:13+00:00","og_image":[{"width":2000,"height":2000,"url":"https:\/\/www.tirito.com.ar\/webwp\/wp-content\/uploads\/2024\/11\/20241105_150146-Photoroom-tile.jpg","type":"image\/jpeg"}],"twitter_card":"summary_large_image","schema":{"@context":"https:\/\/schema.org","@graph":[{"@type":"WebPage","@id":"https:\/\/www.tirito.com.ar\/webwp\/producto\/eje-de-articulacion-sh8-10p-usado\/","url":"https:\/\/www.tirito.com.ar\/webwp\/producto\/eje-de-articulacion-sh8-10p-usado\/","name":"Eje de Articulaci\u00f3n - (SH8-10P) - USADO - Tirito","isPartOf":{"@id":"https:\/\/www.tirito.com.ar\/webwp\/#website"},"datePublished":"2021-11-10T20:58:07+00:00","dateModified":"2024-11-10T21:06:13+00:00","breadcrumb":{"@id":"https:\/\/www.tirito.com.ar\/webwp\/producto\/eje-de-articulacion-sh8-10p-usado\/#breadcrumb"},"inLanguage":"es-AR","potentialAction":[{"@type":"ReadAction","target":["https:\/\/www.tirito.com.ar\/webwp\/producto\/eje-de-articulacion-sh8-10p-usado\/"]}]},{"@type":"BreadcrumbList","@id":"https:\/\/www.tirito.com.ar\/webwp\/producto\/eje-de-articulacion-sh8-10p-usado\/#breadcrumb","itemListElement":[{"@type":"ListItem","position":1,"name":"Inicio","item":"https:\/\/www.tirito.com.ar\/webwp\/"},{"@type":"ListItem","position":2,"name":"Tienda","item":"https:\/\/www.tirito.com.ar\/webwp\/tienda\/"},{"@type":"ListItem","position":3,"name":"Eje de Articulaci\u00f3n &#8211; (SH8-10P) &#8211; USADO"}]},{"@type":"WebSite","@id":"https:\/\/www.tirito.com.ar\/webwp\/#website","url":"https:\/\/www.tirito.com.ar\/webwp\/","name":"Tirito","description":"Armeria","publisher":{"@id":"https:\/\/www.tirito.com.ar\/webwp\/#organization"},"potentialAction":[{"@type":"SearchAction","target":{"@type":"EntryPoint","urlTemplate":"https:\/\/www.tirito.com.ar\/webwp\/?s={search_term_string}"},"query-input":"required name=search_term_string"}],"inLanguage":"es-AR"},{"@type":"Organization","@id":"https:\/\/www.tirito.com.ar\/webwp\/#organization","name":"Tirito","url":"https:\/\/www.tirito.com.ar\/webwp\/","sameAs":[],"logo":{"@type":"ImageObject","inLanguage":"es-AR","@id":"https:\/\/www.tirito.com.ar\/webwp\/#\/schema\/logo\/image\/","url":"http:\/\/www.tirito.com.ar\/webwp\/wp-content\/uploads\/2022\/10\/tirilogo3.png","contentUrl":"http:\/\/www.tirito.com.ar\/webwp\/wp-content\/uploads\/2022\/10\/tirilogo3.png","width":200,"height":200,"caption":"Tirito"},"image":{"@id":"https:\/\/www.tirito.com.ar\/webwp\/#\/schema\/logo\/image\/"}}]}},"_links":{"self":[{"href":"https:\/\/www.tirito.com.ar\/webwp\/wp-json\/wp\/v2\/product\/12403"}],"collection":[{"href":"https:\/\/www.tirito.com.ar\/webwp\/wp-json\/wp\/v2\/product"}],"about":[{"href":"https:\/\/www.tirito.com.ar\/webwp\/wp-json\/wp\/v2\/types\/product"}],"wp:featuredmedia":[{"embeddable":true,"href":"https:\/\/www.tirito.com.ar\/webwp\/wp-json\/wp\/v2\/media\/12401"}],"wp:attachment":[{"href":"https:\/\/www.tirito.com.ar\/webwp\/wp-json\/wp\/v2\/media?parent=12403"}],"wp:term":[{"taxonomy":"product_cat","embeddable":true,"href":"https:\/\/www.tirito.com.ar\/webwp\/wp-json\/wp\/v2\/product_cat?post=12403"},{"taxonomy":"product_tag","embeddable":true,"href":"https:\/\/www.tirito.com.ar\/webwp\/wp-json\/wp\/v2\/product_tag?post=12403"}],"curies":[{"name":"wp","href":"https:\/\/api.w.org\/{rel}","templated":true}]}}